{"id":4751,"date":"2023-11-29T08:21:29","date_gmt":"2023-11-29T08:21:29","guid":{"rendered":"https:\/\/gobrowser.com\/what-is-my-ip"},"modified":"2024-01-19T15:13:07","modified_gmt":"2024-01-19T15:13:07","slug":"what-is-my-ip","status":"publish","type":"page","link":"https:\/\/gobrowser.com\/tr\/what-is-my-ip\/","title":{"rendered":"Yerel IP adresim nedir?"},"content":{"rendered":"<section class=\"l-section wpb_row us_custom_fa07e175 height_medium width_custom\" style=\"--site-content-width:880px;\"><div class=\"l-section-h i-cf\"><div class=\"g-cols vc_row via_grid cols_1 laptops-cols_inherit tablets-cols_inherit mobiles-cols_1 valign_top type_default stacking_default\"><div class=\"wpb_column vc_column_container\"><div class=\"vc_column-inner\"><h1 class=\"w-post-elm post_title us_custom_19737bc8 align_center entry-title color_link_inherit\">Yerel IP adresim nedir?<\/h1><h2 class=\"w-text us_custom_0af4ab6f has_text_color\"><span class=\"w-text-h\"><span class=\"w-text-value\">IP adresi gizlili\u011fini kontrol etmek i\u00e7in alternatif ara\u00e7lar<\/span><\/span><\/h2><\/div><\/div><\/div><\/div><\/section><section class=\"l-section wpb_row us_custom_74e68c3f height_medium\"><div class=\"l-section-h i-cf\"><div class=\"g-cols vc_row via_grid cols_1 laptops-cols_inherit tablets-cols_inherit mobiles-cols_1 valign_top type_default stacking_default\"><div class=\"wpb_column vc_column_container us_custom_7e4e2671\"><div class=\"vc_column-inner\">[vc_raw_html]PGlmcmFtZSBpZD0icGFnZWZyYW1lIiBjbGFzcz0iaXBoZXkiIHdpZHRoPSIxMDAlIiBzcmM9Imh0dHBzOi8vbXlpcC5saW5rIiBmcmFtZWJvcmRlcj0iMCI+PC9pZnJhbWU+[\/vc_raw_html]<\/div><\/div><\/div><\/div><\/section><section class=\"l-section wpb_row height_medium color_alternate\"><div class=\"l-section-h i-cf\"><div class=\"g-cols vc_row via_grid cols_1 laptops-cols_inherit tablets-cols_inherit mobiles-cols_1 valign_top type_default stacking_default\"><div class=\"wpb_column vc_column_container us_custom_85e5d920\"><div class=\"vc_column-inner\"><h2 class=\"w-text us_custom_f4bafe71\"><span class=\"w-text-h\"><span class=\"w-text-value\">IP Hakk\u0131nda S\u0131k\u00e7a Sorulan Sorular<\/span><\/span><\/h2><div class=\"w-tabs free-tools_faq_container style_default switch_click accordion has_scrolling\" style=\"--sections-title-size:inherit\"><div class=\"w-tabs-sections titles-align_none icon_plus cpos_right\"><div class=\"w-tabs-section\" id=\"i58e\"><button class=\"w-tabs-section-header\" aria-controls=\"content-i58e\" aria-expanded=\"false\"><h2 class=\"w-tabs-section-title\">IP Adresi Nedir?<\/h2><div class=\"w-tabs-section-control\"><\/div><\/button><div  class=\"w-tabs-section-content\" id=\"content-i58e\"><div class=\"w-tabs-section-content-h i-cf\"><div class=\"wpb_text_column\"><div class=\"wpb_wrapper\"><p><!-- START - Generated by https:\/\/a.pr-cy.ru --><\/p>\n<div>\n<h2>IP Adresi Nedir?<\/h2>\n<div>\n<div>IP adresi veya \u0130nternet Protokol adresi, internete ba\u011fl\u0131 her cihaza atanan benzersiz bir say\u0131sal tan\u0131mlay\u0131c\u0131d\u0131r. Cihaz\u0131 tan\u0131mlamak ve internet \u00fczerinden cihaz ile ileti\u015fim kurmak i\u00e7in kullan\u0131l\u0131r. IP adresleri, cihazlar\u0131n birbirlerini bulup ileti\u015fim kurmalar\u0131n\u0131 ve verilerin a\u011flar aras\u0131nda iletilmesini sa\u011flad\u0131klar\u0131 i\u00e7in internetin i\u015fleyi\u015fi i\u00e7in \u00e7ok \u00f6nemlidir.<\/div>\n<\/div>\n<\/div>\n<p><!-- END - Generated by https:\/\/a.pr-cy.ru --><\/p>\n<\/div><\/div><\/div><\/div><\/div><div class=\"w-tabs-section\" id=\"e6d1\"><button class=\"w-tabs-section-header\" aria-controls=\"content-e6d1\" aria-expanded=\"false\"><h2 class=\"w-tabs-section-title\">IPv4 ve IPv6 adresi nedir?<\/h2><div class=\"w-tabs-section-control\"><\/div><\/button><div  class=\"w-tabs-section-content\" id=\"content-e6d1\"><div class=\"w-tabs-section-content-h i-cf\"><div class=\"wpb_text_column\"><div class=\"wpb_wrapper\"><p><!-- START - Generated by https:\/\/a.pr-cy.ru --><\/p>\n<div>\n<div>\n<h2>IPv4 ve IPv6 adresi nedir?<\/h2>\n<div>\n<div>Bug\u00fcn kullan\u0131mda olan iki IP adresi s\u00fcr\u00fcm\u00fc vard\u0131r: 32 bit adres format\u0131 kullanan IPv4 ve 128 bit adres format\u0131 kullanan IPv6. IPv4 adresleri daha yayg\u0131n olarak kullan\u0131lmaktad\u0131r, ancak internetin b\u00fcy\u00fcmesi ve ona ba\u011flanan cihaz say\u0131s\u0131n\u0131n artmas\u0131yla IPv6 adresleri daha yayg\u0131n hale gelmektedir.<\/div>\n<\/div>\n<\/div>\n<\/div>\n<\/div><\/div><\/div><\/div><\/div><div class=\"w-tabs-section\" id=\"g8be\"><button class=\"w-tabs-section-header\" aria-controls=\"content-g8be\" aria-expanded=\"false\"><h2 class=\"w-tabs-section-title\">IP adresi tam olarak ne i\u00e7in kullan\u0131l\u0131r?<\/h2><div class=\"w-tabs-section-control\"><\/div><\/button><div  class=\"w-tabs-section-content\" id=\"content-g8be\"><div class=\"w-tabs-section-content-h i-cf\"><div class=\"wpb_text_column\"><div class=\"wpb_wrapper\"><p><!-- START - Generated by https:\/\/a.pr-cy.ru --><\/p>\n<div>\n<div>\n<h2>IP adresi tam olarak ne i\u00e7in kullan\u0131l\u0131r?<\/h2>\n<div>\n<div>\n<p>Bir IP adresi, internet \u00fczerinden bir cihaz\u0131 tan\u0131mlamak ve onunla ileti\u015fim kurmak i\u00e7in kullan\u0131l\u0131r. Cihazlar\u0131n birbirini bulmas\u0131n\u0131 ve internet \u00fczerinden veri al\u0131\u015fveri\u015fi yapmas\u0131n\u0131 sa\u011flar. IP adresleri, a\u015fa\u011f\u0131dakiler de dahil olmak \u00fczere \u00e7e\u015fitli ama\u00e7lar i\u00e7in kullan\u0131l\u0131r:<\/p>\n<ul>\n<li><strong>Y\u00f6nlendirme:<\/strong> IP adresleri, veri paketlerini internet \u00fczerindeki cihazlar aras\u0131nda y\u00f6nlendirmek i\u00e7in kullan\u0131l\u0131r. Bir cihaz ba\u015fka bir cihaza veri g\u00f6ndermek istedi\u011finde, d\u00fczg\u00fcn bir \u015fekilde y\u00f6nlendirilebilmesi i\u00e7in hedef cihaz\u0131n IP adresini bilmesi gerekir.<\/li>\n<li><strong>Tan\u0131mlama:<\/strong> IP adresleri internet \u00fczerindeki cihazlar\u0131 tan\u0131mlamak i\u00e7in kullan\u0131l\u0131r. \u0130nternete ba\u011fl\u0131 her cihaz\u0131n, cihaz\u0131 ve konumunu tan\u0131mlamak i\u00e7in kullan\u0131labilen benzersiz bir IP adresi vard\u0131r.<\/li>\n<li><strong>G\u00fcvenlik:<\/strong> IP adresleri g\u00fcvenlik sistemlerinde a\u011flara ve cihazlara eri\u015fimi kontrol etmek i\u00e7in kullan\u0131l\u0131r. IP adresleri belirli cihazlara veya a\u011flara eri\u015fimi engellemek veya izin vermek i\u00e7in kullan\u0131labilir.<\/li>\n<li><strong>Analizler:<\/strong> IP adresleri, ziyaret\u00e7i davran\u0131\u015f\u0131n\u0131 ve demografisini izlemek i\u00e7in web sitesi analizlerinde kullan\u0131l\u0131r. Web sitesi sahipleri, ziyaret\u00e7ilerinin co\u011frafi konumunu belirlemek i\u00e7in IP adreslerini kullanabilir ve bu da hedefli reklamc\u0131l\u0131k i\u00e7in yararl\u0131 olabilir.<\/li>\n<\/ul>\n<p>Genel olarak IP adresleri, cihazlar\u0131n birbirleriyle ileti\u015fim kurmas\u0131n\u0131 ve verilerin a\u011flar aras\u0131nda iletilmesini sa\u011flad\u0131klar\u0131 i\u00e7in internetin i\u015fleyi\u015fi i\u00e7in \u00e7ok \u00f6nemlidir.<\/p>\n<\/div>\n<\/div>\n<\/div>\n<\/div>\n<p><!-- END - Generated by https:\/\/a.pr-cy.ru --><\/p>\n<\/div><\/div><\/div><\/div><\/div><div class=\"w-tabs-section\" id=\"pb1b\"><button class=\"w-tabs-section-header\" aria-controls=\"content-pb1b\" aria-expanded=\"false\"><h2 class=\"w-tabs-section-title\">IP adresimi nas\u0131l bulabilirim?<\/h2><div class=\"w-tabs-section-control\"><\/div><\/button><div  class=\"w-tabs-section-content\" id=\"content-pb1b\"><div class=\"w-tabs-section-content-h i-cf\"><div class=\"wpb_text_column\"><div class=\"wpb_wrapper\"><p><!-- START - Generated by https:\/\/a.pr-cy.ru --><\/p>\n<div>\n<div>\n<h2>IP adresimi nas\u0131l bulabilirim?<\/h2>\n<div>\n<div>\n<h3>Bir Windows bilgisayarda:<\/h3>\n<ul>\n<li>Windows tu\u015fu + R tu\u015flar\u0131na basarak Komut \u0130stemi&#8217;ni a\u00e7\u0131n, ard\u0131ndan &#8220;cmd&#8221; yaz\u0131p Enter tu\u015funa bas\u0131n.<\/li>\n<li>&#8220;ipconfig&#8221; yaz\u0131n ve Enter tu\u015funa bas\u0131n.<\/li>\n<li>IP adresiniz &#8220;IPv4 Adresi &#8220;nin yan\u0131nda listelenecektir.<\/li>\n<\/ul>\n<h3>Mac&#8217;te:<\/h3>\n<ul>\n<li>Apple men\u00fcs\u00fcne t\u0131klay\u0131n ve &#8220;Sistem Tercihleri &#8220;ni se\u00e7in.<\/li>\n<li>&#8220;A\u011f&#8221; \u00fczerine t\u0131klay\u0131n.<\/li>\n<li>IP adresiniz &#8220;IP Adresi &#8220;nin yan\u0131nda listelenecektir.<br \/>\n<h3>Bir mobil cihazda:<\/h3>\n<\/li>\n<li>Cihaz\u0131n\u0131z\u0131n ayarlar\u0131na gidin.<\/li>\n<li>&#8220;Wi-Fi&#8221; veya &#8220;A\u011f&#8221; b\u00f6l\u00fcm\u00fcn\u00fc bulun.<\/li>\n<li>Ba\u011fl\u0131 a\u011fa t\u0131klay\u0131n.<\/li>\n<li>IP adresiniz &#8220;IP Adresi&#8221; veya &#8220;IPv4 Adresi&#8221; alt\u0131nda listelenecektir. Alternatif olarak, bir arama motoruna &#8220;IP adresim nedir&#8221; yazabilirsiniz ve herkese a\u00e7\u0131k IP adresiniz g\u00f6r\u00fcnt\u00fclenecektir.<\/li>\n<\/ul>\n<\/div>\n<\/div>\n<\/div>\n<\/div>\n<p><!-- END - Generated by https:\/\/a.pr-cy.ru --><\/p>\n<\/div><\/div><\/div><\/div><\/div><div class=\"w-tabs-section\" id=\"rcfe\"><button class=\"w-tabs-section-header\" aria-controls=\"content-rcfe\" aria-expanded=\"false\"><h2 class=\"w-tabs-section-title\">Yerel ip adresim nedir?<\/h2><div class=\"w-tabs-section-control\"><\/div><\/button><div  class=\"w-tabs-section-content\" id=\"content-rcfe\"><div class=\"w-tabs-section-content-h i-cf\"><div class=\"wpb_text_column\"><div class=\"wpb_wrapper\"><p><!-- START - Generated by https:\/\/a.pr-cy.ru --><\/p>\n<div>\n<div>\n<h2>Yerel ip adresim nedir?<\/h2>\n<div>\n<div>\n<p><strong>Bir Windows bilgisayarda yerel IP adresinizi bulmak i\u00e7in baz\u0131 genel ad\u0131mlar a\u015fa\u011f\u0131da verilmi\u015ftir:<\/strong><\/p>\n<ul>\n<li>\u00c7al\u0131\u015ft\u0131r ileti\u015fim kutusunu a\u00e7mak i\u00e7in Windows tu\u015fu + R tu\u015flar\u0131na bas\u0131n.<\/li>\n<li>Komut \u0130stemi&#8217;ni a\u00e7mak i\u00e7in &#8220;cmd&#8221; yaz\u0131n ve Enter tu\u015funa bas\u0131n.<\/li>\n<li>&#8220;ipconfig&#8221; yaz\u0131n ve Enter tu\u015funa bas\u0131n.<\/li>\n<li>Yerel IP adresinizi g\u00f6sterecek olan &#8220;IPv4 Adresi&#8221; veya &#8220;IPv6 Adresi&#8221; giri\u015fini aray\u0131n.<strong>Mac&#8217;te, a\u015fa\u011f\u0131daki ad\u0131mlar\u0131 iz<\/strong>leyerek yerel IP adresinizi bulabilirsiniz:<\/li>\n<li>Apple men\u00fcs\u00fcne t\u0131klay\u0131n ve &#8220;Sistem Tercihleri &#8220;ni se\u00e7in.<\/li>\n<li>&#8220;A\u011f&#8221; \u00fczerine t\u0131klay\u0131n.<\/li>\n<li>Sol taraftaki men\u00fcden etkin a\u011f ba\u011flant\u0131s\u0131n\u0131 se\u00e7in.<\/li>\n<li>Yerel IP adresiniz &#8220;IP Adresi &#8220;nin yan\u0131nda g\u00f6r\u00fcnt\u00fclenecektir.<\/li>\n<\/ul>\n<\/div>\n<\/div>\n<\/div>\n<\/div>\n<p><!-- END - Generated by https:\/\/a.pr-cy.ru --><\/p>\n<\/div><\/div><\/div><\/div><\/div><div class=\"w-tabs-section\" id=\"be95\"><button class=\"w-tabs-section-header\" aria-controls=\"content-be95\" aria-expanded=\"false\"><h2 class=\"w-tabs-section-title\">\u0130p adresimi nas\u0131l gizleyebilirim?<\/h2><div class=\"w-tabs-section-control\"><\/div><\/button><div  class=\"w-tabs-section-content\" id=\"content-be95\"><div class=\"w-tabs-section-content-h i-cf\"><div class=\"wpb_text_column\"><div class=\"wpb_wrapper\"><p><!-- START - Generated by https:\/\/a.pr-cy.ru --><\/p>\n<div>\n<h2>\u0130p adresimi nas\u0131l gizleyebilirim?<\/h2>\n<div>\n<p>IP adresinizi gizlemek ve \u00e7evrimi\u00e7i gizlili\u011finizi korumak i\u00e7in kullanabilece\u011finiz birka\u00e7 y\u00f6ntem vard\u0131r:<\/p>\n<ol>\n<li>Sanal \u00d6zel A\u011f (VPN) kullan\u0131n: VPN, internet trafi\u011finizi \u015fifrelemenize ve VPN sa\u011flay\u0131c\u0131s\u0131 taraf\u0131ndan i\u015fletilen bir sunucu \u00fczerinden y\u00f6nlendirmenize olanak tan\u0131r. Bu, IP adresinizi maskeler ve internete farkl\u0131 bir konumdan eri\u015fiyormu\u015fsunuz gibi g\u00f6r\u00fcnmenizi sa\u011flar.<\/li>\n<li>Antidetect taray\u0131c\u0131 Gologin&#8217;i kullan\u0131n: Gologin, kullan\u0131c\u0131lar\u0131n her biri kendi benzersiz IP adresine, taray\u0131c\u0131 parmak izine ve kullan\u0131c\u0131 arac\u0131s\u0131na sahip birden fazla kullan\u0131c\u0131 profili olu\u015fturmas\u0131na ve y\u00f6netmesine olanak tan\u0131yarak web kaz\u0131ma, \u00e7evrimi\u00e7i reklamc\u0131l\u0131k ve di\u011fer benzer etkinlikler i\u00e7in idealdir.<\/li>\n<li>Bir proxy sunucusu kullan\u0131n: Proxy sunucusu, cihaz\u0131n\u0131z ile internet aras\u0131nda bir arac\u0131 g\u00f6revi g\u00f6r\u00fcr. Trafi\u011finizi bir proxy sunucusu \u00fczerinden y\u00f6nlendirerek IP adresinizi gizleyebilir ve \u00e7evrimi\u00e7i etkinli\u011finizi maskeleyebilirsiniz.<\/li>\n<li>Herkese a\u00e7\u0131k bir Wi-Fi a\u011f\u0131 kullan\u0131n: Herkese a\u00e7\u0131k bir Wi-Fi a\u011f\u0131na ba\u011fland\u0131\u011f\u0131n\u0131zda, IP adresiniz a\u011f\u0131n genel IP adresinin arkas\u0131nda gizlenir. Ancak, bu y\u00f6ntem g\u00fcvenli de\u011fildir ve sizi di\u011fer g\u00fcvenlik risklerine maruz b\u0131rakabilir.<\/li>\n<\/ol>\n<\/div>\n<\/div>\n<\/div><\/div><\/div><\/div><\/div><div class=\"w-tabs-section\" id=\"afae\"><button class=\"w-tabs-section-header\" aria-controls=\"content-afae\" aria-expanded=\"false\"><h2 class=\"w-tabs-section-title\">IP adresinizi nas\u0131l kontrol edebilirsiniz?<\/h2><div class=\"w-tabs-section-control\"><\/div><\/button><div  class=\"w-tabs-section-content\" id=\"content-afae\"><div class=\"w-tabs-section-content-h i-cf\"><div class=\"wpb_text_column\"><div class=\"wpb_wrapper\"><p><span style=\"font-weight: 400;\">IP adresinizi kontrol etmek i\u00e7in cihaz\u0131n\u0131za ve i\u015fletim sisteminize ba\u011fl\u0131 olarak \u00e7e\u015fitli y\u00f6ntemler kullanabilirsiniz. \u0130\u015fte bunu yapman\u0131n baz\u0131 yayg\u0131n yollar\u0131:<\/span><\/p>\n<ol>\n<li style=\"font-weight: 400;\" aria-level=\"1\">Google&#8217;dan bak.<span style=\"font-weight: 400;\">: herhangi bir arama motorunu a\u00e7\u0131n ve &#8220;IP adresim nedir?&#8221; yaz\u0131n. Arama motoru genel IP adresinizi g\u00f6r\u00fcnt\u00fcleyecektir.<\/span><\/li>\n<li style=\"font-weight: 400;\" aria-level=\"1\">Komut \u0130stemi&#8217;ni kullan\u0131n:<span style=\"font-weight: 400;\">  Windows&#8217;ta, komut istemini a\u00e7\u0131n ve IP adresinizi g\u00f6r\u00fcnt\u00fclemek i\u00e7in &#8220;ipconfig&#8221; yaz\u0131n. Mac veya Linux&#8217;ta terminali a\u00e7\u0131n ve IP adresinizi g\u00f6r\u00fcnt\u00fclemek i\u00e7in &#8220;ifconfig&#8221; veya &#8220;ip addr show&#8221; komutunu \u00e7al\u0131\u015ft\u0131r\u0131n.<\/span><\/li>\n<li style=\"font-weight: 400;\" aria-level=\"1\">Bir Web Sitesini Ziyaret Edin<span style=\"font-weight: 400;\">: whatismyip.com veya https:\/\/iphey.com\/ gibi \u00e7e\u015fitli web siteleri, onlar\u0131 ziyaret etti\u011finizde genel IP adresinizi g\u00f6r\u00fcnt\u00fcleyebilir.<\/span><\/li>\n<\/ol>\n<p>Y\u00f6nlendiricinizin Y\u00f6netici Aray\u00fcz\u00fcn\u00fc Kontrol Edin<span style=\"font-weight: 400;\">: Y\u00f6nlendiricinizin y\u00f6netici aray\u00fcz\u00fcnde oturum a\u00e7\u0131n ve WAN veya \u0130nternet ayarlar\u0131n\u0131 aray\u0131n. Genel IP adresiniz orada g\u00f6r\u00fcnt\u00fclenmelidir.<\/span><\/p>\n<\/div><\/div><\/div><\/div><\/div><\/div><\/div><\/div><\/div><\/div><\/div><\/section>\n","protected":false},"excerpt":{"rendered":"Yerel IP adresim nedir?IP adresi gizlili\u011fini kontrol etmek i\u00e7in alternatif ara\u00e7lar[vc_raw_html]PGlmcmFtZSBpZD0icGFnZWZyYW1lIiBjbGFzcz0iaXBoZXkiIHdpZHRoPSIxMDAlIiBzcmM9Imh0dHBzOi8vbXlpcC5saW5rIiBmcmFtZWJvcmRlcj0iMCI+PC9pZnJhbWU+[\/vc_raw_html]IP Hakk\u0131nda S\u0131k\u00e7a Sorulan SorularIP Adresi Nedir? IP Adresi Nedir? IP adresi veya \u0130nternet Protokol adresi, internete ba\u011fl\u0131 her cihaza atanan benzersiz bir say\u0131sal tan\u0131mlay\u0131c\u0131d\u0131r. Cihaz\u0131 tan\u0131mlamak ve internet \u00fczerinden cihaz ile ileti\u015fim kurmak i\u00e7in kullan\u0131l\u0131r. IP adresleri, cihazlar\u0131n birbirlerini bulup ileti\u015fim kurmalar\u0131n\u0131 ve verilerin...","protected":false},"author":2,"featured_media":4626,"parent":0,"menu_order":0,"comment_status":"closed","ping_status":"closed","template":"","meta":{"footnotes":""},"class_list":["post-4751","page","type-page","status-publish","has-post-thumbnail","hentry"],"_links":{"self":[{"href":"https:\/\/gobrowser.com\/tr\/wp-json\/wp\/v2\/pages\/4751","targetHints":{"allow":["GET"]}}],"collection":[{"href":"https:\/\/gobrowser.com\/tr\/wp-json\/wp\/v2\/pages"}],"about":[{"href":"https:\/\/gobrowser.com\/tr\/wp-json\/wp\/v2\/types\/page"}],"author":[{"embeddable":true,"href":"https:\/\/gobrowser.com\/tr\/wp-json\/wp\/v2\/users\/2"}],"replies":[{"embeddable":true,"href":"https:\/\/gobrowser.com\/tr\/wp-json\/wp\/v2\/comments?post=4751"}],"version-history":[{"count":3,"href":"https:\/\/gobrowser.com\/tr\/wp-json\/wp\/v2\/pages\/4751\/revisions"}],"predecessor-version":[{"id":4754,"href":"https:\/\/gobrowser.com\/tr\/wp-json\/wp\/v2\/pages\/4751\/revisions\/4754"}],"wp:featuredmedia":[{"embeddable":true,"href":"https:\/\/gobrowser.com\/tr\/wp-json\/wp\/v2\/media\/4626"}],"wp:attachment":[{"href":"https:\/\/gobrowser.com\/tr\/wp-json\/wp\/v2\/media?parent=4751"}],"curies":[{"name":"wp","href":"https:\/\/api.w.org\/{rel}","templated":true}]}}