{"id":4741,"date":"2023-11-24T10:17:50","date_gmt":"2023-11-24T10:17:50","guid":{"rendered":"https:\/\/gobrowser.com\/use-cases"},"modified":"2024-02-01T17:07:03","modified_gmt":"2024-02-01T17:07:03","slug":"use-cases","status":"publish","type":"page","link":"https:\/\/gobrowser.com\/tr\/use-cases\/","title":{"rendered":"Kullan\u0131m \u00f6rnekleri"},"content":{"rendered":"<section class=\"l-section wpb_row us_custom_fa07e175 height_medium width_custom\" style=\"--site-content-width:880px;\"><div class=\"l-section-h i-cf\"><div class=\"g-cols vc_row via_grid cols_1 laptops-cols_inherit tablets-cols_inherit mobiles-cols_1 valign_top type_default stacking_default\"><div class=\"wpb_column vc_column_container\"><div class=\"vc_column-inner\"><h1 class=\"w-post-elm post_title us_custom_19737bc8 align_center entry-title color_link_inherit\">Kullan\u0131m \u00f6rnekleri<\/h1><div class=\"wpb_text_column us_custom_28434c15 has_text_color hide_on_default hide_on_laptops hide_on_tablets hide_on_mobiles\"><div class=\"wpb_wrapper\"><p style=\"text-align: center;\">GoBrowser, i\u015fletmeleri ve bireyleri ka\u011f\u0131ts\u0131z, \u00fcretken bir i\u015f hayat\u0131 s\u00fcrmeleri i\u00e7in g\u00fc\u00e7lendirir. M\u00fc\u015fterilerinizi mutlu etmek i\u00e7in g\u00fczel, etkili ve modern belgeler olu\u015fturman\u0131za yard\u0131mc\u0131 oluyoruz.<\/p>\n<\/div><\/div><div class=\"w-btn-wrapper align_center\"><a class=\"w-btn us-btn-style_4 us_custom_a1bfb9ed\" href=\"https:\/\/app.gobrowser.com\/#\/sign_up\"><span class=\"w-btn-label\">\u00dccretsiz kullan\u0131m<\/span><\/a><\/div><div class=\"w-text us_custom_98c75094 has_text_color\"><span class=\"w-text-h\"><span class=\"w-text-value\">Kredi kart\u0131 gerekmez<\/span><\/span><\/div><\/div><\/div><\/div><\/div><\/section><section class=\"l-section wpb_row us_custom_8f2db774 height_medium\"><div class=\"l-section-h i-cf\"><div class=\"g-cols vc_row via_grid cols_1 laptops-cols_inherit tablets-cols_inherit mobiles-cols_1 valign_top type_default stacking_default\"><div class=\"wpb_column vc_column_container us_custom_31b2b1a6\"><div class=\"vc_column-inner\"><div class=\"g-cols wpb_row us_custom_a315c135 inner-columns_container via_grid cols_2 laptops-cols_inherit tablets-cols_inherit mobiles-cols_1 valign_middle type_default stacking_default\" style=\"--gap:6.25rem;--laptops-gap:6.25rem;--tablets-gap:3rem;--mobiles-gap:1.2rem;\" id=\"e-commerce\"><div class=\"wpb_column vc_column_container\"><div class=\"vc_column-inner\"><div class=\"w-image us_custom_fc5473c6 align_none\"><div class=\"w-image-h\"><img fetchpriority=\"high\" decoding=\"async\" width=\"490\" height=\"330\" src=\"https:\/\/gobrowser.com\/wp-content\/uploads\/2023\/11\/use-cases-1.svg\" class=\"attachment-full size-full\" alt=\"\" \/><\/div><\/div><\/div><\/div><div class=\"wpb_column vc_column_container\"><div class=\"vc_column-inner\"><h3 class=\"w-text us_custom_fddc86fa\"><span class=\"w-text-h\"><span class=\"w-text-value\">E-ticaret<\/span><\/span><\/h3><div class=\"wpb_text_column us_custom_6a83d7c2 has_text_color\"><div class=\"wpb_wrapper\"><p>Birden fazla ma\u011fazay\u0131 kilitlenmeden y\u00f6netin. Rutin g\u00f6revleri otomatikle\u015ftirin ve profilleri d\u00fcnyan\u0131n her yerindeki ekiplerle payla\u015f\u0131n<\/p>\n<\/div><\/div><\/div><\/div><\/div><div class=\"g-cols wpb_row us_custom_fd6e34eb inner-columns_container via_grid cols_2 laptops-cols_inherit tablets-cols_inherit mobiles-cols_1 valign_middle type_default stacking_default\" style=\"--gap:6.25rem;--laptops-gap:6.25rem;--tablets-gap:3rem;--mobiles-gap:1.2rem;\" id=\"marketing-smm\"><div class=\"wpb_column vc_column_container reversed\"><div class=\"vc_column-inner\"><div class=\"w-image us_custom_fc5473c6 align_none\"><div class=\"w-image-h\"><img decoding=\"async\" width=\"490\" height=\"330\" src=\"https:\/\/gobrowser.com\/wp-content\/uploads\/2023\/11\/use-cases-2.svg\" class=\"attachment-full size-full\" alt=\"\" \/><\/div><\/div><\/div><\/div><div class=\"wpb_column vc_column_container\" id=\"marketing-smm\"><div class=\"vc_column-inner\"><h3 class=\"w-text us_custom_fddc86fa\"><span class=\"w-text-h\"><span class=\"w-text-value\">Pazarlama &amp; SMM Ajanslar\u0131<\/span><\/span><\/h3><div class=\"wpb_text_column us_custom_6a83d7c2 has_text_color\"><div class=\"wpb_wrapper\"><p>Birden fazla m\u00fc\u015fteri hesab\u0131n\u0131 g\u00fcvenli bir \u015fekilde y\u00f6netin, portf\u00f6y\u00fcn\u00fcz\u00fc b\u00fcy\u00fct\u00fcn, yasaklamalar\u0131 ve ask\u0131ya almalar\u0131 \u00f6nleyin, ekip \u00e7al\u0131\u015fmas\u0131n\u0131 geli\u015ftirin ve otomasyonla zahmetsizce \u00f6l\u00e7eklendirin<\/p>\n<\/div><\/div><\/div><\/div><\/div><div class=\"g-cols wpb_row us_custom_fd6e34eb inner-columns_container via_grid cols_2 laptops-cols_inherit tablets-cols_inherit mobiles-cols_1 valign_middle type_default stacking_default\" style=\"--gap:6.25rem;--laptops-gap:6.25rem;--tablets-gap:3rem;--mobiles-gap:1.2rem;\" id=\"adds\"><div class=\"wpb_column vc_column_container\"><div class=\"vc_column-inner\"><div class=\"w-image us_custom_fc5473c6 align_none\"><div class=\"w-image-h\"><img decoding=\"async\" width=\"490\" height=\"330\" src=\"https:\/\/gobrowser.com\/wp-content\/uploads\/2024\/01\/use-cases-3.jpg\" class=\"attachment-full size-full\" alt=\"\" srcset=\"https:\/\/gobrowser.com\/wp-content\/uploads\/2024\/01\/use-cases-3.jpg 490w, https:\/\/gobrowser.com\/wp-content\/uploads\/2024\/01\/use-cases-3-300x202.jpg 300w\" sizes=\"(max-width: 490px) 100vw, 490px\" \/><\/div><\/div><\/div><\/div><div class=\"wpb_column vc_column_container\"><div class=\"vc_column-inner\"><h3 class=\"w-text us_custom_fddc86fa\"><span class=\"w-text-h\"><span class=\"w-text-value\">Reklamlar ve Arbitraj<\/span><\/span><\/h3><div class=\"wpb_text_column us_custom_6a83d7c2 has_text_color\"><div class=\"wpb_wrapper\"><p>Binlerce FB\/Google\/Pinterest reklam hesab\u0131n\u0131 y\u00f6netin, ekibinizle kolayca \u00e7al\u0131\u015f\u0131n, reklam yerle\u015fimlerini b\u00fcy\u00fct\u00fcn, kampanyalar\u0131 kontrol edin ve t\u00fcm bunlar\u0131 yaparken yasaklardan ka\u00e7\u0131n\u0131n.<\/p>\n<\/div><\/div><\/div><\/div><\/div><div class=\"g-cols wpb_row us_custom_fd6e34eb inner-columns_container via_grid cols_2 laptops-cols_inherit tablets-cols_inherit mobiles-cols_1 valign_middle type_default stacking_default\" style=\"--gap:6.25rem;--laptops-gap:6.25rem;--tablets-gap:3rem;--mobiles-gap:1.2rem;\" id=\"leadgeneration\"><div class=\"wpb_column vc_column_container reversed\"><div class=\"vc_column-inner\"><div class=\"w-image us_custom_fc5473c6 align_none\"><div class=\"w-image-h\"><img loading=\"lazy\" decoding=\"async\" width=\"490\" height=\"330\" src=\"https:\/\/gobrowser.com\/wp-content\/uploads\/2024\/01\/use-cases-4.jpg\" class=\"attachment-full size-full\" alt=\"\" srcset=\"https:\/\/gobrowser.com\/wp-content\/uploads\/2024\/01\/use-cases-4.jpg 490w, https:\/\/gobrowser.com\/wp-content\/uploads\/2024\/01\/use-cases-4-300x202.jpg 300w\" sizes=\"(max-width: 490px) 100vw, 490px\" \/><\/div><\/div><\/div><\/div><div class=\"wpb_column vc_column_container\" id=\"leadgeneration\"><div class=\"vc_column-inner\"><h3 class=\"w-text us_custom_fddc86fa\"><span class=\"w-text-h\"><span class=\"w-text-value\">Leadgeneration<\/span><\/span><\/h3><div class=\"wpb_text_column us_custom_6a83d7c2 has_text_color\"><div class=\"wpb_wrapper\"><p>Birden fazla Linkedin hesab\u0131n\u0131 y\u00f6netin, hesaplar\u0131n ask\u0131ya al\u0131nmas\u0131n\u0131 en aza indirin, otomasyonla \u00f6l\u00e7eklendirin ve eri\u015fimi geni\u015fleterek sat\u0131\u015flar\u0131 art\u0131r\u0131n.<\/p>\n<\/div><\/div><\/div><\/div><\/div><div class=\"g-cols wpb_row us_custom_fd6e34eb inner-columns_container via_grid cols_2 laptops-cols_inherit tablets-cols_inherit mobiles-cols_1 valign_middle type_default stacking_default\" style=\"--gap:6.25rem;--laptops-gap:6.25rem;--tablets-gap:3rem;--mobiles-gap:1.2rem;\" id=\"scarping\"><div class=\"wpb_column vc_column_container\"><div class=\"vc_column-inner\"><div class=\"w-image us_custom_fc5473c6 align_none\"><div class=\"w-image-h\"><img loading=\"lazy\" decoding=\"async\" width=\"490\" height=\"330\" src=\"https:\/\/gobrowser.com\/wp-content\/uploads\/2024\/01\/use-cases-5.jpg\" class=\"attachment-full size-full\" alt=\"\" srcset=\"https:\/\/gobrowser.com\/wp-content\/uploads\/2024\/01\/use-cases-5.jpg 490w, https:\/\/gobrowser.com\/wp-content\/uploads\/2024\/01\/use-cases-5-300x202.jpg 300w\" sizes=\"(max-width: 490px) 100vw, 490px\" \/><\/div><\/div><\/div><\/div><div class=\"wpb_column vc_column_container\"><div class=\"vc_column-inner\"><h3 class=\"w-text us_custom_fddc86fa\"><span class=\"w-text-h\"><span class=\"w-text-value\">Scarping &amp; Otomasyon<\/span><\/span><\/h3><div class=\"wpb_text_column us_custom_6a83d7c2 has_text_color\"><div class=\"wpb_wrapper\"><p>Anti-detect Teknolojisi, Selenium, Puppeteer gibi geli\u015fmi\u015f s\u00fcr\u00fcc\u00fclerle kaz\u0131ma i\u015flemini verimli bir \u015fekilde \u00f6l\u00e7eklendirin, alg\u0131lamay\u0131 \u00f6nlerken zamandan ve paradan tasarruf edin.<\/p>\n<\/div><\/div><\/div><\/div><\/div><div class=\"g-cols wpb_row us_custom_5954db1f inner-columns_container via_grid cols_2 laptops-cols_inherit tablets-cols_inherit mobiles-cols_1 valign_middle type_default stacking_default\" style=\"--gap:6.25rem;--laptops-gap:6.25rem;--tablets-gap:3rem;--mobiles-gap:1.2rem;\" id=\"ticketing\"><div class=\"wpb_column vc_column_container reversed\"><div class=\"vc_column-inner\"><div class=\"w-image us_custom_fc5473c6 align_none\"><div class=\"w-image-h\"><img loading=\"lazy\" decoding=\"async\" width=\"490\" height=\"330\" src=\"https:\/\/gobrowser.com\/wp-content\/uploads\/2024\/01\/use-cases-6.jpg\" class=\"attachment-full size-full\" alt=\"\" srcset=\"https:\/\/gobrowser.com\/wp-content\/uploads\/2024\/01\/use-cases-6.jpg 490w, https:\/\/gobrowser.com\/wp-content\/uploads\/2024\/01\/use-cases-6-300x202.jpg 300w\" sizes=\"(max-width: 490px) 100vw, 490px\" \/><\/div><\/div><\/div><\/div><div class=\"wpb_column vc_column_container\"><div class=\"vc_column-inner\"><h3 class=\"w-text us_custom_fddc86fa\"><span class=\"w-text-h\"><span class=\"w-text-value\">Biletleme<\/span><\/span><\/h3><div class=\"wpb_text_column us_custom_6a83d7c2 has_text_color\"><div class=\"wpb_wrapper\"><p>Ticketmaster gibi platformlarda birden fazla hesab\u0131 y\u00f6netin, toplu bilet al\u0131mlar\u0131n\u0131 otomatikle\u015ftirin, altyap\u0131 yat\u0131r\u0131mlar\u0131 olmadan \u00f6l\u00e7eklendirin.<\/p>\n<\/div><\/div><\/div><\/div><\/div><\/div><\/div><\/div><\/div><\/section><section class=\"l-section wpb_row height_large color_footer-bottom\"><div class=\"l-section-overlay\" style=\"background:var(--color-content-bg-alt)\"><\/div><div class=\"l-section-h i-cf\"><div class=\"g-cols vc_row via_grid cols_1 laptops-cols_inherit tablets-cols_inherit mobiles-cols_1 valign_top type_default stacking_default\"><div class=\"wpb_column vc_column_container\"><div class=\"vc_column-inner\"><div class=\"w-vwrapper align_center valign_top\" style=\"--vwrapper-gap:1.875rem\"><h2 class=\"w-text us_custom_eb849559\"><span class=\"w-text-h\"><span class=\"w-text-value\">Gobrowser&apos;\u0131 bug\u00fcn kullanmaya ba\u015flay\u0131n<\/span><\/span><\/h2><div class=\"w-text us_custom_c96a8a09\"><span class=\"w-text-h\"><span class=\"w-text-value\">Kredi kart\u0131 gerekmez<\/span><\/span><\/div><div class=\"w-btn-wrapper align_center\"><a class=\"w-btn us-btn-style_4\" href=\"https:\/\/gobrowser.com\/tr\/download\"><span class=\"w-btn-label\">\u00dccretsiz kullan\u0131m<\/span><\/a><\/div><\/div><\/div><\/div><\/div><\/div><\/section>\n\n","protected":false},"excerpt":{"rendered":"Kullan\u0131m \u00f6rnekleriGoBrowser, i\u015fletmeleri ve bireyleri ka\u011f\u0131ts\u0131z, \u00fcretken bir i\u015f hayat\u0131 s\u00fcrmeleri i\u00e7in g\u00fc\u00e7lendirir. M\u00fc\u015fterilerinizi mutlu etmek i\u00e7in g\u00fczel, etkili ve modern belgeler olu\u015fturman\u0131za yard\u0131mc\u0131 oluyoruz. \u00dccretsiz kullan\u0131mKredi kart\u0131 gerekmezE-ticaretBirden fazla ma\u011fazay\u0131 kilitlenmeden y\u00f6netin. Rutin g\u00f6revleri otomatikle\u015ftirin ve profilleri d\u00fcnyan\u0131n her yerindeki ekiplerle payla\u015f\u0131n Pazarlama &amp; SMM Ajanslar\u0131Birden fazla m\u00fc\u015fteri hesab\u0131n\u0131 g\u00fcvenli bir \u015fekilde y\u00f6netin, portf\u00f6y\u00fcn\u00fcz\u00fc...","protected":false},"author":6,"featured_media":0,"parent":0,"menu_order":0,"comment_status":"closed","ping_status":"closed","template":"","meta":{"footnotes":""},"class_list":["post-4741","page","type-page","status-publish","hentry"],"_links":{"self":[{"href":"https:\/\/gobrowser.com\/tr\/wp-json\/wp\/v2\/pages\/4741","targetHints":{"allow":["GET"]}}],"collection":[{"href":"https:\/\/gobrowser.com\/tr\/wp-json\/wp\/v2\/pages"}],"about":[{"href":"https:\/\/gobrowser.com\/tr\/wp-json\/wp\/v2\/types\/page"}],"author":[{"embeddable":true,"href":"https:\/\/gobrowser.com\/tr\/wp-json\/wp\/v2\/users\/6"}],"replies":[{"embeddable":true,"href":"https:\/\/gobrowser.com\/tr\/wp-json\/wp\/v2\/comments?post=4741"}],"version-history":[{"count":5,"href":"https:\/\/gobrowser.com\/tr\/wp-json\/wp\/v2\/pages\/4741\/revisions"}],"predecessor-version":[{"id":5338,"href":"https:\/\/gobrowser.com\/tr\/wp-json\/wp\/v2\/pages\/4741\/revisions\/5338"}],"wp:attachment":[{"href":"https:\/\/gobrowser.com\/tr\/wp-json\/wp\/v2\/media?parent=4741"}],"curies":[{"name":"wp","href":"https:\/\/api.w.org\/{rel}","templated":true}]}}