{"id":4724,"date":"2023-11-08T09:46:51","date_gmt":"2023-11-08T09:46:51","guid":{"rendered":"https:\/\/gobrowser.com\/gizlilik"},"modified":"2024-01-19T14:56:00","modified_gmt":"2024-01-19T14:56:00","slug":"gizlilik","status":"publish","type":"page","link":"https:\/\/gobrowser.com\/tr\/gizlilik\/","title":{"rendered":"Gizlilik"},"content":{"rendered":"<section class=\"l-section wpb_row us_custom_586e6168 height_medium\"><div class=\"l-section-h i-cf\"><div class=\"g-cols vc_row via_grid cols_1 laptops-cols_inherit tablets-cols_inherit mobiles-cols_1 valign_top type_default stacking_default\"><div class=\"wpb_column vc_column_container\"><div class=\"vc_column-inner\"><h1 class=\"w-text us_custom_25ea1af9\"><span class=\"w-text-h\"><span class=\"w-text-value\">Gizlilik Bildirimi<\/span><\/span><\/h1><\/div><\/div><\/div><\/div><\/section><section class=\"l-section wpb_row us_custom_46af50d2 height_medium\"><div class=\"l-section-h i-cf\"><div class=\"g-cols vc_row via_grid cols_1 laptops-cols_inherit tablets-cols_inherit mobiles-cols_1 valign_top type_default stacking_default\"><div class=\"wpb_column vc_column_container\"><div class=\"vc_column-inner\"><div class=\"wpb_text_column us_custom_a545cdbd\"><div class=\"wpb_wrapper\"><p>Bu gizlilik bildirimi, GoBrowser Uygulamas\u0131 i\u00e7in gizlilik uygulamalar\u0131n\u0131 a\u00e7\u0131klar. Bu gizlilik bildirimi yaln\u0131zca bu web sitesi taraf\u0131ndan toplanan bilgiler i\u00e7in ge\u00e7erlidir. Sizi a\u015fa\u011f\u0131dakiler hakk\u0131nda bilgilendirecektir:<\/p>\n<ol>\n<li>Web sitesi arac\u0131l\u0131\u011f\u0131yla sizden hangi ki\u015fisel olarak tan\u0131mlanabilir bilgilerin topland\u0131\u011f\u0131, bunlar\u0131n nas\u0131l kullan\u0131ld\u0131\u011f\u0131 ve kimlerle payla\u015f\u0131labilece\u011fi.<\/li>\n<li>Verilerinizin kullan\u0131m\u0131na ili\u015fkin olarak hangi se\u00e7eneklere sahip oldu\u011funuz.<\/li>\n<li>Bilgilerinizin k\u00f6t\u00fcye kullan\u0131m\u0131n\u0131 korumak i\u00e7in uygulanan g\u00fcvenlik prosed\u00fcrleri.<\/li>\n<li>Bilgilerdeki yanl\u0131\u015fl\u0131klar\u0131 nas\u0131l d\u00fczeltebilece\u011finizi.<\/li>\n<\/ol>\n<p><strong>Bilgi Toplama, Kullanma ve Payla\u015fma<\/strong><\/p>\n<p>Bu web sitesini kullanmak i\u00e7in, bir kullan\u0131c\u0131 \u00f6ncelikle kay\u0131t formunu doldurmal\u0131d\u0131r. Kay\u0131t s\u0131ras\u0131nda kullan\u0131c\u0131n\u0131n belirli bilgileri (isim ve e-posta adresi gibi) vermesi gerekmektedir. Bu bilgiler, sitemizde ilgilendi\u011finizi belirtti\u011finiz \u00fcr\u00fcnler\/hizmetler hakk\u0131nda sizinle ileti\u015fime ge\u00e7mek i\u00e7in kullan\u0131l\u0131r. \u0130ste\u011finize ba\u011fl\u0131 olarak, kendiniz hakk\u0131nda demografik bilgiler (cinsiyet veya ya\u015f gibi) de sa\u011flayabilirsiniz, ancak bu zorunlu de\u011fildir.<\/p>\n<p>Bu sitede toplanan bilgilerin tek sahibi biziz. Yaln\u0131zca bize g\u00f6n\u00fcll\u00fc olarak e-posta veya sizden gelen di\u011fer do\u011frudan ileti\u015fim yoluyla verdi\u011finiz bilgileri toplama eri\u015fimimiz vard\u0131r. Bu bilgileri kimseye satmayacak veya kiralamayaca\u011f\u0131z.<\/p>\n<p>Bilgilerinizi, bizimle ileti\u015fime ge\u00e7me nedeninizle ilgili olarak size yan\u0131t vermek i\u00e7in kullanaca\u011f\u0131z. Bilgilerinizi, talebinizi yerine getirmek i\u00e7in gerekli olanlar d\u0131\u015f\u0131nda, \u00f6rne\u011fin bir sipari\u015fi g\u00f6ndermek i\u00e7in veya yasalar\u0131n gerektirdi\u011fi durumlar d\u0131\u015f\u0131nda, kurulu\u015fumuz d\u0131\u015f\u0131ndaki herhangi bir \u00fc\u00e7\u00fcnc\u00fc tarafla payla\u015fmayaca\u011f\u0131z.<\/p>\n<p>Yapmamam\u0131z\u0131 istemedi\u011finiz s\u00fcrece, gelecekte size \u00f6zel \u00fcr\u00fcnler, yeni \u00fcr\u00fcnler veya hizmetler ya da bu gizlilik politikas\u0131ndaki de\u011fi\u015fiklikler hakk\u0131nda bilgi vermek i\u00e7in sizinle e-posta yoluyla ileti\u015fime ge\u00e7ebiliriz.<\/p>\n<p><strong>Ki\u015fisel Verilerin i\u015flenmesine ili\u015fkin detayl\u0131 bilgi<\/strong><\/p>\n<p>Kullan\u0131c\u0131lar kay\u0131t olarak veya kimlik do\u011frulamas\u0131 yaparak GoBrowser&#8217;\u0131n kendilerini tan\u0131mlamas\u0131na ve \u00f6zel hizmetlere eri\u015fim sa\u011flamas\u0131na izin verir.<\/p>\n<p>A\u015fa\u011f\u0131da a\u00e7\u0131klananlara ba\u011fl\u0131 olarak, \u00fc\u00e7\u00fcnc\u00fc taraflar kay\u0131t ve kimlik do\u011frulama hizmetleri sa\u011flayabilir. Bu durumda, GoBrowser bu \u00fc\u00e7\u00fcnc\u00fc taraf hizmetler taraf\u0131ndan depolanan baz\u0131 verilere eri\u015febilecektir:<\/p>\n<p><strong>Google API. Kullan\u0131c\u0131 Veri Politikas\u0131<\/strong><\/p>\n<p>Google API, Google taraf\u0131ndan sa\u011flanan bir kay\u0131t ve kimlik do\u011frulama hizmetidir ve Google a\u011f\u0131na ba\u011fl\u0131d\u0131r.<\/p>\n<p>Toplanan Kullan\u0131c\u0131 Verileri:<\/p>\n<ul>\n<li>E-postalar<\/li>\n<\/ul>\n<p>GoBrowser, en iyi \u00e7oklu hesap \u00e7al\u0131\u015fmas\u0131n\u0131 sa\u011flamak i\u00e7in e-postalar al\u0131r.<\/p>\n<p>Toplanan bilgiler GoBrowser ekibi taraf\u0131ndan GoBrowser&#8217;\u0131n kullan\u0131m ama\u00e7lar\u0131n\u0131 ger\u00e7ekle\u015ftirmek i\u00e7in kullan\u0131labilir.<\/p>\n<p>\u015eifreler gibi toplanan bilgiler \u015fifrelenir ve g\u00fcvenli \u00e7al\u0131\u015fman\u0131z i\u00e7in \u00f6zel sunucularda saklan\u0131r.<\/p>\n<p>E-postalarda yer alan di\u011fer bilgiler herhangi bir \u00fc\u00e7\u00fcnc\u00fc tarafla payla\u015f\u0131lmaz ve hi\u00e7bir \u015fekilde kullan\u0131lmaz.<\/p>\n<p>Kullan\u0131c\u0131 e-postalar\u0131n\u0131n g\u00fcvenli\u011fi, GoBrowser taraf\u0131ndan kullan\u0131lan di\u011fer t\u00fcm bilgilerin g\u00fcvenli\u011fini kar\u015f\u0131lar ve mevcut Politikada a\u015fa\u011f\u0131da a\u00e7\u0131klanm\u0131\u015ft\u0131r.<\/p>\n<p>GoBrowser, kullan\u0131c\u0131n\u0131n e-postalar\u0131na eri\u015fmek i\u00e7in kullan\u0131c\u0131 ad\u0131, \u015fifre gibi kullan\u0131c\u0131n\u0131n kimlik do\u011frulama bilgilerine ihtiya\u00e7 duymaz. Kullan\u0131c\u0131, Google Auth i\u015flemi arac\u0131l\u0131\u011f\u0131yla GoBrowser i\u00e7in e-postalara eri\u015fimi onaylar. Kullan\u0131c\u0131 istedi\u011fi zaman izni iptal edebilir.<\/p>\n<p><strong>Bilgilere Eri\u015fiminiz ve Bilgiler \u00dczerindeki Kontrol\u00fcn\u00fcz<\/strong><\/p>\n<p>\u0130stedi\u011finiz zaman bizden gelecek ileti\u015fimlerden vazge\u00e7ebilirsiniz. Web sitemizde sunulan destek se\u00e7eneklerimiz arac\u0131l\u0131\u011f\u0131yla bizimle ileti\u015fime ge\u00e7erek istedi\u011finiz zaman a\u015fa\u011f\u0131dakileri yapabilirsiniz.<\/p>\n<p><strong>G\u00fcvenlik<\/strong><\/p>\n<p>Bilgilerinizi korumak i\u00e7in \u00f6nlemler al\u0131yoruz. Web sitesi arac\u0131l\u0131\u011f\u0131yla hassas bilgiler g\u00f6nderdi\u011finizde, bilgileriniz hem \u00e7evrimi\u00e7i hem de \u00e7evrimd\u0131\u015f\u0131 olarak korunur.<\/p>\n<p>Hassas bilgileri (kredi kart\u0131 verileri gibi) toplad\u0131\u011f\u0131m\u0131z her yerde, bu bilgiler \u015fifrelenir ve bize g\u00fcvenli bir \u015fekilde iletilir. Bunu, adres \u00e7ubu\u011funda bir kilit simgesi arayarak ve Web sayfas\u0131n\u0131n adresinin ba\u015f\u0131nda &#8220;https&#8221; arayarak do\u011frulayabilirsiniz.<\/p>\n<p>S\u0131n\u0131rl\u0131 eri\u015fime sahip ayr\u0131 \u015fifreli sunucular\u0131m\u0131z var. T\u00fcm i\u015flemleri bununla takip ediyoruz ve yaz\u0131l\u0131m\u0131m\u0131z\u0131 g\u00fcncel tutuyoruz.<\/p>\n<p>\u00c7evrimi\u00e7i olarak iletilen hassas bilgileri korumak i\u00e7in \u015fifreleme kullan\u0131rken, bilgilerinizi \u00e7evrimd\u0131\u015f\u0131 olarak da koruyoruz. Yaln\u0131zca belirli bir i\u015fi (\u00f6rne\u011fin, faturalama veya m\u00fc\u015fteri hizmetleri) ger\u00e7ekle\u015ftirmek i\u00e7in bilgilere ihtiya\u00e7 duyan \u00e7al\u0131\u015fanlara ki\u015fisel olarak tan\u0131mlanabilir bilgilere eri\u015fim izni verilir. Ki\u015fisel olarak tan\u0131mlanabilir bilgileri saklad\u0131\u011f\u0131m\u0131z bilgisayarlar\/sunucular g\u00fcvenli bir ortamda tutulmaktad\u0131r.<\/p>\n<p>Bu gizlilik politikas\u0131na uymad\u0131\u011f\u0131m\u0131z\u0131 d\u00fc\u015f\u00fcn\u00fcyorsan\u0131z, derhal bizimle ileti\u015fime ge\u00e7melisiniz.<\/p>\n<\/div><\/div><\/div><\/div><\/div><\/div><\/section>\n","protected":false},"excerpt":{"rendered":"Gizlilik BildirimiBu gizlilik bildirimi, GoBrowser Uygulamas\u0131 i\u00e7in gizlilik uygulamalar\u0131n\u0131 a\u00e7\u0131klar. Bu gizlilik bildirimi yaln\u0131zca bu web sitesi taraf\u0131ndan toplanan bilgiler i\u00e7in ge\u00e7erlidir. Sizi a\u015fa\u011f\u0131dakiler hakk\u0131nda bilgilendirecektir: Web sitesi arac\u0131l\u0131\u011f\u0131yla sizden hangi ki\u015fisel olarak tan\u0131mlanabilir bilgilerin topland\u0131\u011f\u0131, bunlar\u0131n nas\u0131l kullan\u0131ld\u0131\u011f\u0131 ve kimlerle payla\u015f\u0131labilece\u011fi. Verilerinizin kullan\u0131m\u0131na ili\u015fkin olarak hangi se\u00e7eneklere sahip oldu\u011funuz. Bilgilerinizin k\u00f6t\u00fcye kullan\u0131m\u0131n\u0131 korumak i\u00e7in...","protected":false},"author":2,"featured_media":0,"parent":0,"menu_order":0,"comment_status":"closed","ping_status":"closed","template":"","meta":{"footnotes":""},"class_list":["post-4724","page","type-page","status-publish","hentry"],"_links":{"self":[{"href":"https:\/\/gobrowser.com\/tr\/wp-json\/wp\/v2\/pages\/4724","targetHints":{"allow":["GET"]}}],"collection":[{"href":"https:\/\/gobrowser.com\/tr\/wp-json\/wp\/v2\/pages"}],"about":[{"href":"https:\/\/gobrowser.com\/tr\/wp-json\/wp\/v2\/types\/page"}],"author":[{"embeddable":true,"href":"https:\/\/gobrowser.com\/tr\/wp-json\/wp\/v2\/users\/2"}],"replies":[{"embeddable":true,"href":"https:\/\/gobrowser.com\/tr\/wp-json\/wp\/v2\/comments?post=4724"}],"version-history":[{"count":2,"href":"https:\/\/gobrowser.com\/tr\/wp-json\/wp\/v2\/pages\/4724\/revisions"}],"predecessor-version":[{"id":4726,"href":"https:\/\/gobrowser.com\/tr\/wp-json\/wp\/v2\/pages\/4724\/revisions\/4726"}],"wp:attachment":[{"href":"https:\/\/gobrowser.com\/tr\/wp-json\/wp\/v2\/media?parent=4724"}],"curies":[{"name":"wp","href":"https:\/\/api.w.org\/{rel}","templated":true}]}}