{"id":4715,"date":"2023-11-28T11:52:45","date_gmt":"2023-11-28T11:52:45","guid":{"rendered":"https:\/\/gobrowser.com\/pixelscan"},"modified":"2024-01-19T14:45:33","modified_gmt":"2024-01-19T14:45:33","slug":"pixelscan","status":"publish","type":"page","link":"https:\/\/gobrowser.com\/tr\/pixelscan\/","title":{"rendered":"Pixelscan"},"content":{"rendered":"<section class=\"l-section wpb_row us_custom_fa07e175 height_medium width_custom\" style=\"--site-content-width:880px;\"><div class=\"l-section-h i-cf\"><div class=\"g-cols vc_row via_grid cols_1 laptops-cols_inherit tablets-cols_inherit mobiles-cols_1 valign_top type_default stacking_default\"><div class=\"wpb_column vc_column_container\"><div class=\"vc_column-inner\"><h1 class=\"w-post-elm post_title us_custom_19737bc8 align_center entry-title color_link_inherit\">Pixelscan<\/h1><h2 class=\"w-text us_custom_0af4ab6f has_text_color\"><span class=\"w-text-h\"><span class=\"w-text-value\">Web siteleri hangi ki\u015fisel bilgileri toplar &#8211; alternatif Pixelscan<\/span><\/span><\/h2><\/div><\/div><\/div><\/div><\/section><section class=\"l-section wpb_row us_custom_8ecdd777 height_medium\"><div class=\"l-section-h i-cf\"><div class=\"g-cols vc_row via_grid cols_1 laptops-cols_inherit tablets-cols_inherit mobiles-cols_1 valign_top type_default stacking_default\"><div class=\"wpb_column vc_column_container us_custom_deb375e7\"><div class=\"vc_column-inner\">[vc_raw_html]PGlmcmFtZSBjbGFzcz0iZnJhbWVfY29udGFpbmVyIiBzcmM9Imh0dHBzOi8vaXBoZXkuY29tL2xlYWtzIiBmcmFtZWJvcmRlcj0iMCI+PC9pZnJhbWU+[\/vc_raw_html]<\/div><\/div><\/div><\/div><\/section><section class=\"l-section wpb_row height_medium color_alternate\"><div class=\"l-section-h i-cf\"><div class=\"g-cols vc_row via_grid cols_1 laptops-cols_inherit tablets-cols_inherit mobiles-cols_1 valign_top type_default stacking_default\"><div class=\"wpb_column vc_column_container us_custom_85e5d920\"><div class=\"vc_column-inner\"><h2 class=\"w-text us_custom_f4bafe71\"><span class=\"w-text-h\"><span class=\"w-text-value\">Pixelscan.net Hakk\u0131nda S\u0131k\u00e7a Sorulan Sorular<\/span><\/span><\/h2><div class=\"w-tabs us_custom_1df047ad free-tools_faq_container style_default switch_click accordion type_togglable has_scrolling\" style=\"--sections-title-size:inherit\"><div class=\"w-tabs-sections titles-align_none icon_chevron cpos_right\"><div class=\"w-tabs-section\" id=\"i87d\"><button class=\"w-tabs-section-header\" aria-controls=\"content-i87d\" aria-expanded=\"false\"><h2 class=\"w-tabs-section-title\">Pixelscan nedir?<\/h2><div class=\"w-tabs-section-control\"><\/div><\/button><div  class=\"w-tabs-section-content us_custom_71d3e3d1\" id=\"content-i87d\"><div class=\"w-tabs-section-content-h i-cf\"><div class=\"wpb_text_column\"><div class=\"wpb_wrapper\"><p><span style=\"font-weight: 400;\">Pixelscan.net, internet taray\u0131c\u0131n\u0131z\u0131n siz ve ayg\u0131t\u0131n\u0131z hakk\u0131nda ne kadar bilgi if\u015fa etti\u011fini belirlemek i\u00e7in \u00e7e\u015fitli testler yapan web tabanl\u0131 bir hizmettir. Bu de\u011ferlendirmeler IP konumunuz, co\u011frafi konumunuz, webRTC, JavaScript ve daha fazlas\u0131 dahil olmak \u00fczere bir dizi ayr\u0131nt\u0131y\u0131 kapsayabilir.<\/span><\/p>\n<\/div><\/div><\/div><\/div><\/div><div class=\"w-tabs-section\" id=\"y943\"><button class=\"w-tabs-section-header\" aria-controls=\"content-y943\" aria-expanded=\"false\"><h2 class=\"w-tabs-section-title\">Pixelscan&apos;i nas\u0131l kullanabilirim?<\/h2><div class=\"w-tabs-section-control\"><\/div><\/button><div  class=\"w-tabs-section-content\" id=\"content-y943\"><div class=\"w-tabs-section-content-h i-cf\"><div class=\"wpb_text_column\"><div class=\"wpb_wrapper\"><p><span style=\"font-weight: 400;\">Pixelscan&#8217;i kullanmak \u00e7ok kolay. Web sitesine girdi\u011finizde WebRTC S\u0131z\u0131nt\u0131 Testi, IP Adresi, Canvas Parmak \u0130zi ve di\u011ferleri gibi uygulayabilece\u011finiz \u00e7ok say\u0131da testle kar\u015f\u0131la\u015facaks\u0131n\u0131z. \u00c7al\u0131\u015ft\u0131rmak i\u00e7in herhangi bir test se\u00e7in ve taray\u0131c\u0131n\u0131z\u0131n ortaya \u00e7\u0131kard\u0131\u011f\u0131 verileri ke\u015ffedin.<\/span><\/p>\n<\/div><\/div><\/div><\/div><\/div><div class=\"w-tabs-section\" id=\"g9e5\"><button class=\"w-tabs-section-header\" aria-controls=\"content-g9e5\" aria-expanded=\"false\"><h2 class=\"w-tabs-section-title\">Pixelscan kullan\u0131m\u0131 g\u00fcvenli midir?<\/h2><div class=\"w-tabs-section-control\"><\/div><\/button><div  class=\"w-tabs-section-content\" id=\"content-g9e5\"><div class=\"w-tabs-section-content-h i-cf\"><div class=\"wpb_text_column\"><div class=\"wpb_wrapper\"><p><span style=\"font-weight: 400;\">Kesinlikle, Pixelscan kullan\u0131m\u0131 g\u00fcvenlidir. Herhangi bir ki\u015fisel bilgiyi saklamaz ve ortaya \u00e7\u0131kard\u0131\u011f\u0131 veriler yaln\u0131zca kullan\u0131c\u0131 taraf\u0131ndan g\u00f6r\u00fclebilir. Taray\u0131c\u0131n\u0131z\u0131n gizlilik yap\u0131land\u0131rmalar\u0131n\u0131 ve istemeden hangi verileri if\u015fa ediyor olabilece\u011finizi anlaman\u0131za yard\u0131mc\u0131 olmak i\u00e7in tasarlanm\u0131\u015f bir ara\u00e7t\u0131r.<\/span><span style=\"font-weight: 400;\"><br \/>\n<\/span><\/p>\n<\/div><\/div><\/div><\/div><\/div><div class=\"w-tabs-section\" id=\"xa77\"><button class=\"w-tabs-section-header\" aria-controls=\"content-xa77\" aria-expanded=\"false\"><h2 class=\"w-tabs-section-title\">Pixelscan \u00e7evrimi\u00e7i gizlili\u011fimin korunmas\u0131na yard\u0131mc\u0131 olabilir mi?<\/h2><div class=\"w-tabs-section-control\"><\/div><\/button><div  class=\"w-tabs-section-content\" id=\"content-xa77\"><div class=\"w-tabs-section-content-h i-cf\"><div class=\"wpb_text_column\"><div class=\"wpb_wrapper\"><p><span style=\"font-weight: 400;\">Pixelscan do\u011frudan gizlilik koruma ara\u00e7lar\u0131 sunmasa da, taray\u0131c\u0131n\u0131zdan olas\u0131 s\u0131z\u0131nt\u0131lar hakk\u0131nda \u00f6nemli veriler sa\u011flar. Bu bilgiyle donanm\u0131\u015f olarak, \u00e7evrimi\u00e7i g\u00fcvenli\u011finizi art\u0131rmak i\u00e7in taray\u0131c\u0131 ayarlar\u0131n\u0131z\u0131 de\u011fi\u015ftirebilir veya gizlilik ara\u00e7lar\u0131n\u0131 kullanabilirsiniz.<\/span><span style=\"font-weight: 400;\"><br \/>\n<\/span><\/p>\n<\/div><\/div><\/div><\/div><\/div><div class=\"w-tabs-section\" id=\"saed\"><button class=\"w-tabs-section-header\" aria-controls=\"content-saed\" aria-expanded=\"false\"><h2 class=\"w-tabs-section-title\">Pixelscan kullan\u0131m\u0131 \u00fccretsiz mi?<\/h2><div class=\"w-tabs-section-control\"><\/div><\/button><div  class=\"w-tabs-section-content\" id=\"content-saed\"><div class=\"w-tabs-section-content-h i-cf\"><div class=\"wpb_text_column\"><div class=\"wpb_wrapper\"><p><span style=\"font-weight: 400;\">Evet, Pixelscan tamamen \u00fccretsizdir. Herhangi bir \u00fccret \u00f6demeden diledi\u011finiz kadar test yapabilirsiniz.<\/span><\/p>\n<\/div><\/div><\/div><\/div><\/div><div class=\"w-tabs-section\" id=\"ob60\"><button class=\"w-tabs-section-header\" aria-controls=\"content-ob60\" aria-expanded=\"false\"><h2 class=\"w-tabs-section-title\">Pixelscan t\u00fcm internet taray\u0131c\u0131lar\u0131 ile uyumlu mu?<\/h2><div class=\"w-tabs-section-control\"><\/div><\/button><div  class=\"w-tabs-section-content\" id=\"content-ob60\"><div class=\"w-tabs-section-content-h i-cf\"><div class=\"wpb_text_column\"><div class=\"wpb_wrapper\"><p><span style=\"font-weight: 400;\">Pixelscan, \u00e7a\u011fda\u015f web taray\u0131c\u0131lar\u0131n\u0131n \u00e7o\u011fuyla uyumlu olacak \u015fekilde tasarlanm\u0131\u015ft\u0131r. Ancak, sonu\u00e7lar her taray\u0131c\u0131n\u0131n kendine \u00f6zg\u00fc yap\u0131land\u0131rmalar\u0131na ve uygulad\u0131\u011f\u0131 gizlilik \u00f6nlemlerine ba\u011fl\u0131 olarak farkl\u0131l\u0131k g\u00f6sterebilir.  <\/span><\/p>\n<\/div><\/div><\/div><\/div><\/div><\/div><\/div><\/div><\/div><\/div><\/div><\/section>\n","protected":false},"excerpt":{"rendered":"PixelscanWeb siteleri hangi ki\u015fisel bilgileri toplar &#8211; alternatif Pixelscan[vc_raw_html]PGlmcmFtZSBjbGFzcz0iZnJhbWVfY29udGFpbmVyIiBzcmM9Imh0dHBzOi8vaXBoZXkuY29tL2xlYWtzIiBmcmFtZWJvcmRlcj0iMCI+PC9pZnJhbWU+[\/vc_raw_html]Pixelscan.net Hakk\u0131nda S\u0131k\u00e7a Sorulan SorularPixelscan nedir?Pixelscan.net, internet taray\u0131c\u0131n\u0131z\u0131n siz ve ayg\u0131t\u0131n\u0131z hakk\u0131nda ne kadar bilgi if\u015fa etti\u011fini belirlemek i\u00e7in \u00e7e\u015fitli testler yapan web tabanl\u0131 bir hizmettir. Bu de\u011ferlendirmeler IP konumunuz, co\u011frafi konumunuz, webRTC, JavaScript ve daha fazlas\u0131 dahil olmak \u00fczere bir dizi ayr\u0131nt\u0131y\u0131 kapsayabilir. Pixelscan&apos;i nas\u0131l kullanabilirim?Pixelscan&#8217;i...","protected":false},"author":6,"featured_media":4717,"parent":0,"menu_order":0,"comment_status":"closed","ping_status":"closed","template":"","meta":{"footnotes":""},"class_list":["post-4715","page","type-page","status-publish","has-post-thumbnail","hentry"],"_links":{"self":[{"href":"https:\/\/gobrowser.com\/tr\/wp-json\/wp\/v2\/pages\/4715","targetHints":{"allow":["GET"]}}],"collection":[{"href":"https:\/\/gobrowser.com\/tr\/wp-json\/wp\/v2\/pages"}],"about":[{"href":"https:\/\/gobrowser.com\/tr\/wp-json\/wp\/v2\/types\/page"}],"author":[{"embeddable":true,"href":"https:\/\/gobrowser.com\/tr\/wp-json\/wp\/v2\/users\/6"}],"replies":[{"embeddable":true,"href":"https:\/\/gobrowser.com\/tr\/wp-json\/wp\/v2\/comments?post=4715"}],"version-history":[{"count":2,"href":"https:\/\/gobrowser.com\/tr\/wp-json\/wp\/v2\/pages\/4715\/revisions"}],"predecessor-version":[{"id":4719,"href":"https:\/\/gobrowser.com\/tr\/wp-json\/wp\/v2\/pages\/4715\/revisions\/4719"}],"wp:featuredmedia":[{"embeddable":true,"href":"https:\/\/gobrowser.com\/tr\/wp-json\/wp\/v2\/media\/4717"}],"wp:attachment":[{"href":"https:\/\/gobrowser.com\/tr\/wp-json\/wp\/v2\/media?parent=4715"}],"curies":[{"name":"wp","href":"https:\/\/api.w.org\/{rel}","templated":true}]}}