{"id":4708,"date":"2023-11-27T11:39:46","date_gmt":"2023-11-27T11:39:46","guid":{"rendered":"https:\/\/gobrowser.com\/team-size"},"modified":"2024-02-01T16:26:03","modified_gmt":"2024-02-01T16:26:03","slug":"team-size","status":"publish","type":"page","link":"https:\/\/gobrowser.com\/tr\/team-size\/","title":{"rendered":"Sonu\u00e7lar\u0131m\u0131z kendileri i\u00e7in konu\u015fuyor"},"content":{"rendered":"<section class=\"l-section wpb_row us_custom_fa07e175 height_medium width_custom\" style=\"--site-content-width:1080px;\"><div class=\"l-section-h i-cf\"><div class=\"g-cols vc_row via_grid cols_1 laptops-cols_inherit tablets-cols_inherit mobiles-cols_1 valign_top type_default stacking_default\"><div class=\"wpb_column vc_column_container\"><div class=\"vc_column-inner\"><h1 class=\"w-post-elm post_title us_custom_7a17de4b align_center entry-title color_link_inherit\">Sonu\u00e7lar\u0131m\u0131z kendileri i\u00e7in konu\u015fuyor<\/h1><div class=\"wpb_text_column us_custom_e665ba89 has_text_color\"><div class=\"wpb_wrapper\"><p style=\"text-align: center;\">Gobrowser m\u00fc\u015fterileri g\u00f6r\u00fcyor:<\/p>\n<\/div><\/div><div class=\"w-hwrapper us_custom_816188df valign_top stack_on_mobiles align_justify\"><div class=\"w-counter us_custom_899bd95a has_text_color color_heading align_left has_font_size\" data-duration=\"1.6\"><div class=\"w-counter-value\"><span class=\"w-counter-value-part type_text\" data-final=\"\"><\/span><span class=\"w-counter-value-part type_number\" data-final=\"30\">1<\/span><span class=\"w-counter-value-part type_text\" data-final=\"%\">%<\/span><\/div><span class=\"w-counter-title\" style=\"font-size:1rem;font-weight:400;\">alternatiflerinden daha ucuz<\/span><\/div><div class=\"w-counter us_custom_899bd95a has_text_color color_heading align_left has_font_size\" data-duration=\"0.6\"><div class=\"w-counter-value\"><span class=\"w-counter-value-part type_text\" data-final=\"\"><\/span><span class=\"w-counter-value-part type_number\" data-final=\"2\">1<\/span><span class=\"w-counter-value-part type_text\" data-final=\"x\">x<\/span><\/div><span class=\"w-counter-title\" style=\"font-size:1rem;font-weight:400;\">her ay kapanan anla\u015fmalar<\/span><\/div><div class=\"w-counter us_custom_899bd95a has_text_color color_heading align_left has_font_size\" data-duration=\"2\"><div class=\"w-counter-value\"><span class=\"w-counter-value-part type_text\" data-final=\"\"><\/span><span class=\"w-counter-value-part type_number\" data-final=\"65\">1<\/span><span class=\"w-counter-value-part type_text\" data-final=\"%\">%<\/span><\/div><span class=\"w-counter-title\" style=\"font-size:1rem;font-weight:400;\">hesap y\u00f6netiminde azalma<\/span><\/div><\/div><\/div><\/div><\/div><\/div><\/section><section class=\"l-section wpb_row us_custom_5c67ca1d height_medium\"><div class=\"l-section-h i-cf\"><div class=\"g-cols vc_row via_grid cols_1 laptops-cols_inherit tablets-cols_inherit mobiles-cols_1 valign_top type_default stacking_default\"><div class=\"wpb_column vc_column_container us_custom_31b2b1a6\"><div class=\"vc_column-inner\"><div class=\"g-cols wpb_row us_custom_a315c135 inner-columns_container via_grid cols_2 laptops-cols_inherit tablets-cols_inherit mobiles-cols_1 valign_middle type_default stacking_default\" style=\"--gap:6.25rem;--laptops-gap:6.25rem;--tablets-gap:3rem;--mobiles-gap:1.2rem;\" id=\"business\"><div class=\"wpb_column vc_column_container\"><div class=\"vc_column-inner\"><div class=\"w-image us_custom_fc5473c6 align_none\"><div class=\"w-image-h\"><img fetchpriority=\"high\" decoding=\"async\" width=\"900\" height=\"606\" src=\"https:\/\/gobrowser.com\/wp-content\/uploads\/2024\/01\/teamsize-1.jpg\" class=\"attachment-full size-full\" alt=\"\" srcset=\"https:\/\/gobrowser.com\/wp-content\/uploads\/2024\/01\/teamsize-1.jpg 900w, https:\/\/gobrowser.com\/wp-content\/uploads\/2024\/01\/teamsize-1-300x202.jpg 300w\" sizes=\"(max-width: 900px) 100vw, 900px\" \/><\/div><\/div><\/div><\/div><div class=\"wpb_column vc_column_container\"><div class=\"vc_column-inner\"><h3 class=\"w-text us_custom_fddc86fa\"><span class=\"w-text-h\"><span class=\"w-text-value\">\u0130\u015fletmeler i\u00e7in \u00c7\u00f6z\u00fcm<\/span><\/span><\/h3><div class=\"wpb_text_column us_custom_bf94825d has_text_color\"><div class=\"wpb_wrapper\"><p>\u00c7ok say\u0131da \u00fcye hesab\u0131 y\u00f6neten i\u015fletmeler i\u00e7in ideal olan bu katman, \u00e7oklu profil kurulumu ve g\u00fcvenli\u011fi ile verimli ekip operasyonlar\u0131 sa\u011flar. Hesaplar\u0131 farkl\u0131 ve g\u00fcvenli tutarken kolayla\u015ft\u0131r\u0131lm\u0131\u015f i\u015f ak\u0131\u015f\u0131n\u0131n, \u00fcretkenlik ara\u00e7lar\u0131n\u0131n ve dijital olarak geni\u015fleme yetene\u011finin keyfini \u00e7\u0131kar\u0131n.<\/p>\n<\/div><\/div><\/div><\/div><\/div><div class=\"g-cols wpb_row us_custom_fd6e34eb inner-columns_container via_grid cols_2 laptops-cols_inherit tablets-cols_inherit mobiles-cols_1 valign_middle type_default stacking_default\" style=\"--gap:6.25rem;--laptops-gap:6.25rem;--tablets-gap:3rem;--mobiles-gap:1.2rem;\" id=\"enterprise\"><div class=\"wpb_column vc_column_container reversed\"><div class=\"vc_column-inner\"><div class=\"w-image us_custom_fc5473c6 align_none\"><div class=\"w-image-h\"><img decoding=\"async\" width=\"900\" height=\"606\" src=\"https:\/\/gobrowser.com\/wp-content\/uploads\/2024\/01\/teamsize-2.jpg\" class=\"attachment-full size-full\" alt=\"\" srcset=\"https:\/\/gobrowser.com\/wp-content\/uploads\/2024\/01\/teamsize-2.jpg 900w, https:\/\/gobrowser.com\/wp-content\/uploads\/2024\/01\/teamsize-2-300x202.jpg 300w\" sizes=\"(max-width: 900px) 100vw, 900px\" \/><\/div><\/div><\/div><\/div><div class=\"wpb_column vc_column_container\"><div class=\"vc_column-inner\"><h3 class=\"w-text us_custom_fddc86fa\"><span class=\"w-text-h\"><span class=\"w-text-value\">Kurumlar i\u00e7in \u00c7\u00f6z\u00fcm<\/span><\/span><\/h3><div class=\"wpb_text_column us_custom_bf94825d has_text_color\"><div class=\"wpb_wrapper\"><p>Kurumsal plan\u0131m\u0131z b\u00fcy\u00fck ekiplere hitap ederek geli\u015fmi\u015f g\u00fcvenlik ve sorunsuz kurumsal hesap y\u00f6netimi deste\u011fi sunar. \u0130\u015f i\u00e7g\u00f6r\u00fcleri i\u00e7in geli\u015fmi\u015f analitiklere ve \u00f6zelle\u015ftirmeye eri\u015fin. B\u00fcy\u00fck \u00f6l\u00e7ekli y\u00f6netim i\u00e7in \u00e7\u00f6z\u00fcmler sunarak \u015firketinizle birlikte \u00f6l\u00e7eklenir.<\/p>\n<\/div><\/div><\/div><\/div><\/div><div class=\"g-cols wpb_row us_custom_5954db1f inner-columns_container via_grid cols_2 laptops-cols_inherit tablets-cols_inherit mobiles-cols_1 valign_middle type_default stacking_default\" style=\"--gap:6.25rem;--laptops-gap:6.25rem;--tablets-gap:3rem;--mobiles-gap:1.2rem;\" id=\"freelance\"><div class=\"wpb_column vc_column_container\"><div class=\"vc_column-inner\"><div class=\"w-image us_custom_fc5473c6 align_none\"><div class=\"w-image-h\"><img decoding=\"async\" width=\"900\" height=\"606\" src=\"https:\/\/gobrowser.com\/wp-content\/uploads\/2024\/01\/teamsize-3.jpg\" class=\"attachment-full size-full\" alt=\"\" srcset=\"https:\/\/gobrowser.com\/wp-content\/uploads\/2024\/01\/teamsize-3.jpg 900w, https:\/\/gobrowser.com\/wp-content\/uploads\/2024\/01\/teamsize-3-300x202.jpg 300w\" sizes=\"(max-width: 900px) 100vw, 900px\" \/><\/div><\/div><\/div><\/div><div class=\"wpb_column vc_column_container\"><div class=\"vc_column-inner\"><h3 class=\"w-text us_custom_fddc86fa\"><span class=\"w-text-h\"><span class=\"w-text-value\">Freelance i\u00e7in \u00c7\u00f6z\u00fcm<\/span><\/span><\/h3><div class=\"wpb_text_column us_custom_bf94825d has_text_color\"><div class=\"wpb_wrapper\"><p>Serbest \u00e7al\u0131\u015fanlar i\u00e7in \u00f6zel olarak tasarlanan Forever Free plan\u0131m\u0131z, birden fazla hesap olu\u015fturmak ve y\u00f6netmek i\u00e7in ara\u00e7lar sunarak \u00e7evrimi\u00e7i anonimlik ve g\u00fcvenlik sa\u011flar. Hi\u00e7bir \u00fccret \u00f6demeden, \u00e7oklu muhasebeyi ke\u015ffetmek ve platformlar aras\u0131nda profesyonel bir \u00e7evrimi\u00e7i varl\u0131k s\u00fcrd\u00fcrmek i\u00e7in idealdir.<\/p>\n<\/div><\/div><\/div><\/div><\/div><\/div><\/div><\/div><\/div><\/section><section class=\"l-section wpb_row height_large color_footer-bottom\"><div class=\"l-section-overlay\" style=\"background:var(--color-content-bg-alt)\"><\/div><div class=\"l-section-h i-cf\"><div class=\"g-cols vc_row via_grid cols_1 laptops-cols_inherit tablets-cols_inherit mobiles-cols_1 valign_top type_default stacking_default\"><div class=\"wpb_column vc_column_container\"><div class=\"vc_column-inner\"><div class=\"w-vwrapper align_center valign_top\" style=\"--vwrapper-gap:1.875rem\"><h2 class=\"w-text us_custom_eb849559\"><span class=\"w-text-h\"><span class=\"w-text-value\">Gobrowser&apos;\u0131 bug\u00fcn kullanmaya ba\u015flay\u0131n<\/span><\/span><\/h2><div class=\"w-text us_custom_c96a8a09\"><span class=\"w-text-h\"><span class=\"w-text-value\">Kredi kart\u0131 gerekmez<\/span><\/span><\/div><div class=\"w-btn-wrapper align_center\"><a class=\"w-btn us-btn-style_4\" href=\"https:\/\/gobrowser.com\/tr\/download\"><span class=\"w-btn-label\">\u00dccretsiz kullan\u0131m<\/span><\/a><\/div><\/div><\/div><\/div><\/div><\/div><\/section>\n\n","protected":false},"excerpt":{"rendered":"Sonu\u00e7lar\u0131m\u0131z kendileri i\u00e7in konu\u015fuyorGobrowser m\u00fc\u015fterileri g\u00f6r\u00fcyor: 1%alternatiflerinden daha ucuz1xher ay kapanan anla\u015fmalar1%hesap y\u00f6netiminde azalma\u0130\u015fletmeler i\u00e7in \u00c7\u00f6z\u00fcm\u00c7ok say\u0131da \u00fcye hesab\u0131 y\u00f6neten i\u015fletmeler i\u00e7in ideal olan bu katman, \u00e7oklu profil kurulumu ve g\u00fcvenli\u011fi ile verimli ekip operasyonlar\u0131 sa\u011flar. Hesaplar\u0131 farkl\u0131 ve g\u00fcvenli tutarken kolayla\u015ft\u0131r\u0131lm\u0131\u015f i\u015f ak\u0131\u015f\u0131n\u0131n, \u00fcretkenlik ara\u00e7lar\u0131n\u0131n ve dijital olarak geni\u015fleme yetene\u011finin keyfini \u00e7\u0131kar\u0131n. Kurumlar i\u00e7in...","protected":false},"author":6,"featured_media":0,"parent":0,"menu_order":0,"comment_status":"closed","ping_status":"closed","template":"","meta":{"footnotes":""},"class_list":["post-4708","page","type-page","status-publish","hentry"],"_links":{"self":[{"href":"https:\/\/gobrowser.com\/tr\/wp-json\/wp\/v2\/pages\/4708","targetHints":{"allow":["GET"]}}],"collection":[{"href":"https:\/\/gobrowser.com\/tr\/wp-json\/wp\/v2\/pages"}],"about":[{"href":"https:\/\/gobrowser.com\/tr\/wp-json\/wp\/v2\/types\/page"}],"author":[{"embeddable":true,"href":"https:\/\/gobrowser.com\/tr\/wp-json\/wp\/v2\/users\/6"}],"replies":[{"embeddable":true,"href":"https:\/\/gobrowser.com\/tr\/wp-json\/wp\/v2\/comments?post=4708"}],"version-history":[{"count":7,"href":"https:\/\/gobrowser.com\/tr\/wp-json\/wp\/v2\/pages\/4708\/revisions"}],"predecessor-version":[{"id":5294,"href":"https:\/\/gobrowser.com\/tr\/wp-json\/wp\/v2\/pages\/4708\/revisions\/5294"}],"wp:attachment":[{"href":"https:\/\/gobrowser.com\/tr\/wp-json\/wp\/v2\/media?parent=4708"}],"curies":[{"name":"wp","href":"https:\/\/api.w.org\/{rel}","templated":true}]}}