{"id":4690,"date":"2023-12-15T08:50:20","date_gmt":"2023-12-15T08:50:20","guid":{"rendered":"https:\/\/gobrowser.com\/tum-ihtiyaclarinizi-karsilayacak-tek-bir-api"},"modified":"2024-01-19T14:39:46","modified_gmt":"2024-01-19T14:39:46","slug":"developer-center","status":"publish","type":"page","link":"https:\/\/gobrowser.com\/tr\/developer-center\/","title":{"rendered":"T\u00fcm ihtiya\u00e7lar\u0131n\u0131z\u0131 kar\u015f\u0131layacak tek bir API"},"content":{"rendered":"<section class=\"l-section wpb_row us_custom_829fa901 height_medium width_custom color_alternate\" style=\"--site-content-width:1100px;\"><div class=\"l-section-h i-cf\"><div class=\"g-cols vc_row via_grid cols_2 laptops-cols_inherit tablets-cols_1 mobiles-cols_1 valign_middle type_default stacking_default\" style=\"--gap:4rem;\"><div class=\"wpb_column vc_column_container us_custom_6c1fb27c\"><div class=\"vc_column-inner\"><div class=\"w-text us_custom_93701db7\"><span class=\"w-text-h\"><span class=\"w-text-value\">T\u00fcm ihtiya\u00e7lar\u0131n\u0131z\u0131 kar\u015f\u0131layacak tek bir API<\/span><\/span><\/div><div class=\"wpb_text_column us_custom_20d1d0db has_text_color\"><div class=\"wpb_wrapper\"><p>\u00c7oklu hesap y\u00f6netiminin g\u00fcc\u00fcnden kolayl\u0131kla yararlan\u0131n. GoBrowser API, birden fazla profili verimli bir \u015fekilde olu\u015fturman\u0131z\u0131 ve y\u00f6netmenizi sa\u011flayarak sorunsuz bir tarama deneyimi sunar<\/p>\n<\/div><\/div><div class=\"w-iconbox us_custom_3a1dd263 email_container has_text_color iconpos_left style_default color_custom align_none no_text icontype_img\"><a href=\"mailto:support@gobrowser.com\" class=\"w-iconbox-link\" aria-label=\"support@gobrowser.com\"><div class=\"w-iconbox-icon\" style=\"font-size:20px;\"><?xml version=\"1.0\" encoding=\"UTF-8\"?> <svg xmlns=\"http:\/\/www.w3.org\/2000\/svg\" width=\"18\" height=\"15\" viewBox=\"0 0 18 15\" fill=\"none\"><path d=\"M15.666 0.833252H2.33268C1.41602 0.833252 0.674349 1.58325 0.674349 2.49992L0.666016 12.4999C0.666016 13.4166 1.41602 14.1666 2.33268 14.1666H15.666C16.5827 14.1666 17.3327 13.4166 17.3327 12.4999V2.49992C17.3327 1.58325 16.5827 0.833252 15.666 0.833252ZM15.666 4.16659L8.99935 8.33325L2.33268 4.16659V2.49992L8.99935 6.66658L15.666 2.49992V4.16659Z\" fill=\"white\"><\/path><\/svg> <\/div><\/a><div class=\"w-iconbox-meta\"><a href=\"mailto:support@gobrowser.com\" class=\"w-iconbox-link\" aria-label=\"support@gobrowser.com\"><span class=\"w-iconbox-title\" style=\"font-size:1.25rem;\">support@gobrowser.com<\/span><\/a><\/div><\/div><\/div><\/div><div class=\"wpb_column vc_column_container us_custom_6085575e has_bg_color\"><div class=\"vc_column-inner\"><\/div><\/div><\/div><\/div><\/section><section class=\"l-section wpb_row us_custom_191e8ce7 height_medium color_alternate\"><div class=\"l-section-h i-cf\"><div class=\"g-cols vc_row via_grid cols_1 laptops-cols_inherit tablets-cols_inherit mobiles-cols_1 valign_top type_default stacking_default\"><div class=\"wpb_column vc_column_container\"><div class=\"vc_column-inner\"><div class=\"w-text us_custom_75d3d73d\"><span class=\"w-text-h\"><span class=\"w-text-value\">Genel sadelik i\u00e7in g\u00fcvenilir<\/span><\/span><\/div><div class=\"w-hwrapper us_custom_d5a59e8b valign_middle wrap stack_on_mobiles align_center\" style=\"--hwrapper-gap:1rem\"><div class=\"w-image align_none\"><div class=\"w-image-h\"><img decoding=\"async\" width=\"51\" height=\"38\" src=\"https:\/\/gobrowser.com\/wp-content\/uploads\/2023\/12\/g2-seeklogo.com_.svg\" class=\"attachment-full size-full\" alt=\"\" \/><\/div><\/div><div class=\"w-image align_none\"><div class=\"w-image-h\"><img decoding=\"async\" width=\"147\" height=\"38\" src=\"https:\/\/gobrowser.com\/wp-content\/uploads\/2023\/12\/capterra-logo.svg\" class=\"attachment-full size-full\" alt=\"\" \/><\/div><\/div><div class=\"w-image align_none\"><div class=\"w-image-h\"><img decoding=\"async\" width=\"165\" height=\"38\" src=\"https:\/\/gobrowser.com\/wp-content\/uploads\/2023\/12\/get-app-logo.svg\" class=\"attachment-full size-full\" alt=\"\" \/><\/div><\/div><div class=\"w-image align_none\"><div class=\"w-image-h\"><img loading=\"lazy\" decoding=\"async\" width=\"174\" height=\"38\" src=\"https:\/\/gobrowser.com\/wp-content\/uploads\/2023\/12\/trust-rad-logo.svg\" class=\"attachment-full size-full\" alt=\"\" \/><\/div><\/div><div class=\"w-image align_none\"><div class=\"w-image-h\"><img loading=\"lazy\" decoding=\"async\" width=\"124\" height=\"38\" src=\"https:\/\/gobrowser.com\/wp-content\/uploads\/2023\/12\/gartner-logo.svg\" class=\"attachment-full size-full\" alt=\"\" \/><\/div><\/div><div class=\"w-image align_none\"><div class=\"w-image-h\"><img loading=\"lazy\" decoding=\"async\" width=\"128\" height=\"38\" src=\"https:\/\/gobrowser.com\/wp-content\/uploads\/2023\/12\/trust-pilot-logo.svg\" class=\"attachment-full size-full\" alt=\"\" \/><\/div><\/div><\/div><\/div><\/div><\/div><\/div><\/section><section class=\"l-section wpb_row us_custom_458c23ae height_large\"><div class=\"l-section-h i-cf\"><div class=\"g-cols vc_row via_grid cols_1 laptops-cols_inherit tablets-cols_inherit mobiles-cols_1 valign_top type_default stacking_default\"><div class=\"wpb_column vc_column_container\"><div class=\"vc_column-inner\"><div class=\"w-vwrapper us_custom_233e88b5 align_center valign_top\" style=\"--vwrapper-gap:1.5rem\"><h2 class=\"w-text us_custom_1f5621d2\"><span class=\"w-text-h\"><span class=\"w-text-value\">Gobrowser&#8217;\u0131 bug\u00fcn kullanmaya ba\u015flay\u0131n<\/span><\/span><\/h2><div class=\"w-text us_custom_1e0e9307\"><span class=\"w-text-h\"><span class=\"w-text-value\">Kredi kart\u0131 gerekmez<\/span><\/span><\/div><div class=\"w-btn-wrapper align_center\"><button class=\"w-btn us-btn-style_4 us_custom_90e57c26\" onclick=\"Intercom(&#039;showNewMessage&#039;)\"><span class=\"w-btn-label\">Sat\u0131\u015f ile konu\u015fun<\/span><\/button><\/div><\/div><\/div><\/div><\/div><\/div><\/section>\n","protected":false},"excerpt":{"rendered":"T\u00fcm ihtiya\u00e7lar\u0131n\u0131z\u0131 kar\u015f\u0131layacak tek bir API\u00c7oklu hesap y\u00f6netiminin g\u00fcc\u00fcnden kolayl\u0131kla yararlan\u0131n. GoBrowser API, birden fazla profili verimli bir \u015fekilde olu\u015fturman\u0131z\u0131 ve y\u00f6netmenizi sa\u011flayarak sorunsuz bir tarama deneyimi sunar support@gobrowser.comGenel sadelik i\u00e7in g\u00fcvenilirGobrowser&#8217;\u0131 bug\u00fcn kullanmaya ba\u015flay\u0131nKredi kart\u0131 gerekmezSat\u0131\u015f ile konu\u015fun","protected":false},"author":6,"featured_media":0,"parent":0,"menu_order":0,"comment_status":"closed","ping_status":"closed","template":"","meta":{"footnotes":""},"class_list":["post-4690","page","type-page","status-publish","hentry"],"_links":{"self":[{"href":"https:\/\/gobrowser.com\/tr\/wp-json\/wp\/v2\/pages\/4690","targetHints":{"allow":["GET"]}}],"collection":[{"href":"https:\/\/gobrowser.com\/tr\/wp-json\/wp\/v2\/pages"}],"about":[{"href":"https:\/\/gobrowser.com\/tr\/wp-json\/wp\/v2\/types\/page"}],"author":[{"embeddable":true,"href":"https:\/\/gobrowser.com\/tr\/wp-json\/wp\/v2\/users\/6"}],"replies":[{"embeddable":true,"href":"https:\/\/gobrowser.com\/tr\/wp-json\/wp\/v2\/comments?post=4690"}],"version-history":[{"count":3,"href":"https:\/\/gobrowser.com\/tr\/wp-json\/wp\/v2\/pages\/4690\/revisions"}],"predecessor-version":[{"id":4701,"href":"https:\/\/gobrowser.com\/tr\/wp-json\/wp\/v2\/pages\/4690\/revisions\/4701"}],"wp:attachment":[{"href":"https:\/\/gobrowser.com\/tr\/wp-json\/wp\/v2\/media?parent=4690"}],"curies":[{"name":"wp","href":"https:\/\/api.w.org\/{rel}","templated":true}]}}