{"id":4687,"date":"2023-11-28T13:50:06","date_gmt":"2023-11-28T13:50:06","guid":{"rendered":"https:\/\/gobrowser.com\/ip-parmak-izi-cevrimici-ucretsiz-araclar"},"modified":"2024-01-19T14:37:39","modified_gmt":"2024-01-19T14:37:39","slug":"free-tools","status":"publish","type":"page","link":"https:\/\/gobrowser.com\/tr\/free-tools\/","title":{"rendered":"IP Parmak \u0130zi &#8211; \u00c7evrimi\u00e7i \u00dccretsiz ara\u00e7lar"},"content":{"rendered":"<section class=\"l-section wpb_row us_custom_b23fdffa height_medium color_alternate\"><div class=\"l-section-h i-cf\"><div class=\"g-cols vc_row via_grid cols_1 laptops-cols_inherit tablets-cols_inherit mobiles-cols_1 valign_top type_default stacking_default\"><div class=\"wpb_column vc_column_container\"><div class=\"vc_column-inner\"><h1 class=\"w-post-elm post_title us_custom_de17ff45 align_center entry-title\">IP Parmak \u0130zi &#8211; \u00c7evrimi\u00e7i \u00dccretsiz ara\u00e7lar<\/h1><div class=\"wpb_text_column\"><div class=\"wpb_wrapper\"><p style=\"text-align: center;\">IP&#8217;nizi ve parmak izlerinizi onaylamak i\u00e7in birinci s\u0131n\u0131f \u00fccretsiz yard\u0131mc\u0131 programlar.<\/p>\n<\/div><\/div><div class=\"w-separator size_large\"><\/div><div class=\"w-grid type_grid layout_1276 free-tool__grid-card cols_3 overflow_hidden\" id=\"us_grid_1\" style=\"--gap:0.75rem;\"><style>@media (max-width:1024px){#us_grid_1 .w-grid-item{width:50%}}@media (max-width:600px){#us_grid_1 .w-grid-list{margin:0}#us_grid_1 .w-grid-item{width:100%;padding:0;margin-bottom:var(--gap,0px)}}.layout_1276 .w-grid-item-h{background:#ffffff;border-radius:0.5rem;box-shadow:0 0.03rem 0.06rem rgba(0,0,0,0.1),0 0.1rem 0.3rem rgba(0,0,0,0.1);transition-duration:0.3s}.no-touch .layout_1276 .w-grid-item-h:hover{box-shadow:0 0.08rem 0.16rem rgba(0,0,0,0.1),0 0.27rem 0.8rem rgba(0,0,0,0.15);z-index:4}.layout_1276 .usg_post_image_1{background:#F6F8FA!important}.layout_1276 .usg_post_title_1{font-size:1.6rem!important;font-weight:600!important;padding-bottom:0!important}.layout_1276 .usg_vwrapper_1{padding:1.2rem 1.5rem 3.8rem 1.5rem!important}.layout_1276 .usg_post_content_1{color:var(--color-content-text)!important;text-align:left!important;font-size:15px!important;font-weight:300!important;margin-bottom:3rem!important}.layout_1276 .usg_btn_1{font-size:15px!important;font-weight:500!important;position:absolute!important;left:1.5rem!important;bottom:2.5rem!important;right:1.5rem!important;z-index:9!important;padding:0.6em!important}<\/style><div class=\"w-grid-list\">\t<article class=\"w-grid-item size_1x1 post-4715 page type-page status-publish has-post-thumbnail hentry\" data-id=\"4715\">\r\n\t\t<div class=\"w-grid-item-h\">\r\n\t\t\t\t\t\t\t<a href=\"https:\/\/gobrowser.com\/tr\/pixelscan\/\" class=\"w-grid-item-anchor\" aria-label=\"Pixelscan\"><\/a>\r\n\t\t\t\t\t\t<div class=\"w-post-elm post_image usg_post_image_1 proxy-logo has_ratio\"><div style=\"padding-bottom:56.25%\"><\/div><img fetchpriority=\"high\" decoding=\"async\" width=\"2560\" height=\"1445\" src=\"https:\/\/gobrowser.com\/wp-content\/uploads\/2023\/11\/pixelscan-scaled.jpg.webp\" class=\"attachment-full size-full wp-post-image\" alt=\"\" srcset=\"https:\/\/gobrowser.com\/wp-content\/uploads\/2023\/11\/pixelscan-scaled.jpg.webp 2560w, https:\/\/gobrowser.com\/wp-content\/uploads\/2023\/11\/pixelscan-scaled.jpg-300x169.webp 300w, https:\/\/gobrowser.com\/wp-content\/uploads\/2023\/11\/pixelscan-scaled.jpg-1024x578.webp 1024w\" sizes=\"(max-width: 2560px) 100vw, 2560px\" \/><\/div><div class=\"w-vwrapper usg_vwrapper_1\" style=\"--vwrapper-gap:1rem\"><h3 class=\"w-post-elm post_title usg_post_title_1 align_left entry-title color_link_inherit\">Pixelscan<\/h3><div class=\"w-post-elm post_content usg_post_content_1 has_text_color\">Web siteleri hangi ki\u015fisel bilgileri toplar &#8211; alternatif Pixelscan[vc_raw_html]PGlmcmFtZSBjbGFzcz0iZnJhbWVfY29udGFpbmVyIiBzcmM9Imh0dHBzOi8vaXBoZXkuY29tL2xlYWtzIiBmcmFtZWJvcmRlcj0iMCI+PC9pZnJhbWU+[\/vc_raw_html]Pixelscan.net Hakk\u0131nda S\u0131k\u00e7a Sorulan SorularPixelscan nedir?Pixelscan.net, internet taray\u0131c\u0131n\u0131z\u0131n siz ve ayg\u0131t\u0131n\u0131z hakk\u0131nda ne kadar bilgi if\u015fa etti\u011fini belirlemek i\u00e7in \u00e7e\u015fitli testler yapan web tabanl\u0131 bir hizmettir. Bu&hellip;<\/div><\/div><button class=\"w-btn us-btn-style_4 usg_btn_1 icon_atright\"><span class=\"w-btn-label\">mehr lesen<\/span><i class=\"far fa-arrow-right\"><\/i><\/button>\t\t<\/div>\r\n\t<\/article>\r\n\t<article class=\"w-grid-item size_1x1 post-4625 page type-page status-publish has-post-thumbnail hentry\" data-id=\"4625\">\r\n\t\t<div class=\"w-grid-item-h\">\r\n\t\t\t\t\t\t\t<a href=\"https:\/\/gobrowser.com\/tr\/browserleaks\/\" class=\"w-grid-item-anchor\" aria-label=\"Browserleaks\"><\/a>\r\n\t\t\t\t\t\t<div class=\"w-post-elm post_image usg_post_image_1 proxy-logo has_ratio\"><div style=\"padding-bottom:56.25%\"><\/div><img decoding=\"async\" width=\"2194\" height=\"1678\" src=\"https:\/\/gobrowser.com\/wp-content\/uploads\/2023\/11\/Browserleaks.jpg.webp\" class=\"attachment-full size-full wp-post-image\" alt=\"\" srcset=\"https:\/\/gobrowser.com\/wp-content\/uploads\/2023\/11\/Browserleaks.jpg.webp 2194w, https:\/\/gobrowser.com\/wp-content\/uploads\/2023\/11\/Browserleaks.jpg-300x229.webp 300w, https:\/\/gobrowser.com\/wp-content\/uploads\/2023\/11\/Browserleaks.jpg-1024x783.webp 1024w\" sizes=\"(max-width: 2194px) 100vw, 2194px\" \/><\/div><div class=\"w-vwrapper usg_vwrapper_1\" style=\"--vwrapper-gap:1rem\"><h3 class=\"w-post-elm post_title usg_post_title_1 align_left entry-title color_link_inherit\">Browserleaks<\/h3><div class=\"w-post-elm post_content usg_post_content_1 has_text_color\">IP adresi gizlili\u011fini kontrol etmek i\u00e7in alternatif ara\u00e7lar[vc_raw_html]PGlmcmFtZSBjbGFzcz0iZnJhbWVfY29udGFpbmVyIiBzcmM9Imh0dHBzOi8vaXBoZXkuY29tL2xlYWtzIiBmcmFtZWJvcmRlcj0iMCI+PC9pZnJhbWU+[\/vc_raw_html]Browserleaks.com Hakk\u0131nda S\u0131k\u00e7a Sorulan SorularBrowserleaks nedir?browserleaks.com, web taray\u0131c\u0131n\u0131z\u0131n g\u00fcvenlik ve gizlilik y\u00f6nlerini de\u011ferlendirmek i\u00e7in tasarlanm\u0131\u015f bir dizi ara\u00e7 sunan bir platformdur. Bu ara\u00e7lar, web sitelerinin ki\u015fisel verilerinize yetkisiz&hellip;<\/div><\/div><button class=\"w-btn us-btn-style_4 usg_btn_1 icon_atright\"><span class=\"w-btn-label\">mehr lesen<\/span><i class=\"far fa-arrow-right\"><\/i><\/button>\t\t<\/div>\r\n\t<\/article>\r\n\t<article class=\"w-grid-item size_1x1 post-4621 page type-page status-publish has-post-thumbnail hentry\" data-id=\"4621\">\r\n\t\t<div class=\"w-grid-item-h\">\r\n\t\t\t\t\t\t\t<a href=\"https:\/\/gobrowser.com\/tr\/amiunique\/\" class=\"w-grid-item-anchor\" aria-label=\"Amiunique\"><\/a>\r\n\t\t\t\t\t\t<div class=\"w-post-elm post_image usg_post_image_1 proxy-logo has_ratio\"><div style=\"padding-bottom:56.25%\"><\/div><img decoding=\"async\" width=\"736\" height=\"764\" src=\"https:\/\/gobrowser.com\/wp-content\/uploads\/2023\/11\/Amiunique.jpg.webp\" class=\"attachment-full size-full wp-post-image\" alt=\"\" srcset=\"https:\/\/gobrowser.com\/wp-content\/uploads\/2023\/11\/Amiunique.jpg.webp 736w, https:\/\/gobrowser.com\/wp-content\/uploads\/2023\/11\/Amiunique.jpg-289x300.webp 289w\" sizes=\"(max-width: 736px) 100vw, 736px\" \/><\/div><div class=\"w-vwrapper usg_vwrapper_1\" style=\"--vwrapper-gap:1rem\"><h3 class=\"w-post-elm post_title usg_post_title_1 align_left entry-title color_link_inherit\">Amiunique<\/h3><div class=\"w-post-elm post_content usg_post_content_1 has_text_color\">Amiunique ile taray\u0131c\u0131n\u0131z\u0131n benzersiz bir parmak izine sahip olup olmad\u0131\u011f\u0131n\u0131 kontrol edin[vc_raw_html]PGlmcmFtZSBjbGFzcz0iZnJhbWVfY29udGFpbmVyIiBzcmM9Imh0dHBzOi8vaXBoZXkuY29tLyIgZnJhbWVib3JkZXI9IjAiPjwvaWZyYW1lPg==[\/vc_raw_html]Amiunique.org Hakk\u0131nda S\u0131k\u00e7a Sorulan SorularAmIUnique nedir?AmIUnique, internetin u\u00e7suz bucaks\u0131z manzaras\u0131nda taray\u0131c\u0131n\u0131z\u0131n ay\u0131rt edici kimli\u011fini ortaya \u00e7\u0131karmak i\u00e7in haz\u0131rlanm\u0131\u015f yenilik\u00e7i bir \u00e7evrimi\u00e7i ara\u00e7t\u0131r. Dijital bir&hellip;<\/div><\/div><button class=\"w-btn us-btn-style_4 usg_btn_1 icon_atright\"><span class=\"w-btn-label\">mehr lesen<\/span><i class=\"far fa-arrow-right\"><\/i><\/button>\t\t<\/div>\r\n\t<\/article>\r\n\t<article class=\"w-grid-item size_1x1 post-4644 page type-page status-publish has-post-thumbnail hentry\" data-id=\"4644\">\r\n\t\t<div class=\"w-grid-item-h\">\r\n\t\t\t\t\t\t\t<a href=\"https:\/\/gobrowser.com\/tr\/creepjs\/\" class=\"w-grid-item-anchor\" aria-label=\"Creepjs\"><\/a>\r\n\t\t\t\t\t\t<div class=\"w-post-elm post_image usg_post_image_1 proxy-logo has_ratio\"><div style=\"padding-bottom:56.25%\"><\/div><img loading=\"lazy\" decoding=\"async\" width=\"2324\" height=\"1682\" src=\"https:\/\/gobrowser.com\/wp-content\/uploads\/2023\/11\/creepjs.jpg.webp\" class=\"attachment-full size-full wp-post-image\" alt=\"\" srcset=\"https:\/\/gobrowser.com\/wp-content\/uploads\/2023\/11\/creepjs.jpg.webp 2324w, https:\/\/gobrowser.com\/wp-content\/uploads\/2023\/11\/creepjs.jpg-300x217.webp 300w, https:\/\/gobrowser.com\/wp-content\/uploads\/2023\/11\/creepjs.jpg-1024x741.webp 1024w\" sizes=\"(max-width: 2324px) 100vw, 2324px\" \/><\/div><div class=\"w-vwrapper usg_vwrapper_1\" style=\"--vwrapper-gap:1rem\"><h3 class=\"w-post-elm post_title usg_post_title_1 align_left entry-title color_link_inherit\">Creepjs<\/h3><div class=\"w-post-elm post_content usg_post_content_1 has_text_color\">Bu alternatif CreepJS, \u00e7ok \u00e7e\u015fitli tespit algoritmalar\u0131 ile mevcut en eksiksiz a\u00e7\u0131k kaynakl\u0131 parmak izi \u00e7\u00f6z\u00fcm\u00fcd\u00fcr.[vc_raw_html]PGlmcmFtZSBjbGFzcz0iZnJhbWVfY29udGFpbmVyIiBzcmM9Imh0dHBzOi8vaXBoZXkuY29tL2xlYWtzIiBmcmFtZWJvcmRlcj0iMCI+PC9pZnJhbWU+[\/vc_raw_html]Creepjs Hakk\u0131nda S\u0131k\u00e7a Sorulan SorularCreepJS nedir?CreepJS, JavaScript kullanarak web taray\u0131c\u0131lar\u0131ndan kapsaml\u0131 bir veri k\u00fcmesi \u00e7\u0131karmak i\u00e7in \u00f6zel olarak tasarlanm\u0131\u015f sofistike&hellip;<\/div><\/div><button class=\"w-btn us-btn-style_4 usg_btn_1 icon_atright\"><span class=\"w-btn-label\">mehr lesen<\/span><i class=\"far fa-arrow-right\"><\/i><\/button>\t\t<\/div>\r\n\t<\/article>\r\n\t<article class=\"w-grid-item size_1x1 post-4640 page type-page status-publish has-post-thumbnail hentry\" data-id=\"4640\">\r\n\t\t<div class=\"w-grid-item-h\">\r\n\t\t\t\t\t\t\t<a href=\"https:\/\/gobrowser.com\/tr\/coveryourtracks\/\" class=\"w-grid-item-anchor\" aria-label=\"Cover your tracks\"><\/a>\r\n\t\t\t\t\t\t<div class=\"w-post-elm post_image usg_post_image_1 proxy-logo has_ratio\"><div style=\"padding-bottom:56.25%\"><\/div><img loading=\"lazy\" decoding=\"async\" width=\"2560\" height=\"1455\" src=\"https:\/\/gobrowser.com\/wp-content\/uploads\/2023\/11\/Cover-your-tracks-scaled.jpg.webp\" class=\"attachment-full size-full wp-post-image\" alt=\"\" srcset=\"https:\/\/gobrowser.com\/wp-content\/uploads\/2023\/11\/Cover-your-tracks-scaled.jpg.webp 2560w, https:\/\/gobrowser.com\/wp-content\/uploads\/2023\/11\/Cover-your-tracks-scaled.jpg-300x171.webp 300w, https:\/\/gobrowser.com\/wp-content\/uploads\/2023\/11\/Cover-your-tracks-scaled.jpg-1024x582.webp 1024w\" sizes=\"(max-width: 2560px) 100vw, 2560px\" \/><\/div><div class=\"w-vwrapper usg_vwrapper_1\" style=\"--vwrapper-gap:1rem\"><h3 class=\"w-post-elm post_title usg_post_title_1 align_left entry-title color_link_inherit\">Cover your tracks<\/h3><div class=\"w-post-elm post_content usg_post_content_1 has_text_color\">Cover Your Tracks Alternatifi ile Taray\u0131c\u0131y\u0131 Kontrol Edin[vc_raw_html]PGlmcmFtZSBjbGFzcz0iZnJhbWVfY29udGFpbmVyIiBzcmM9Imh0dHBzOi8vaXBoZXkuY29tL2xlYWtzIiBmcmFtZWJvcmRlcj0iMCI+PC9pZnJhbWU+[\/vc_raw_html]\u0130zlerinizi \u00d6rt\u00fcn hakk\u0131nda S\u0131k\u00e7a Sorulan SorularCover Your Tracks nedir?Electronic Frontier Foundation (EFF) taraf\u0131ndan sunulan bir hizmet olan coveryourtracks.eff.org, kullan\u0131c\u0131lar\u0131n izlemeye kar\u015f\u0131 \u00e7evrimi\u00e7i gizlilik \u00f6nlemlerinin etkinli\u011fini de\u011ferlendirmelerini sa\u011flayan de\u011ferli&hellip;<\/div><\/div><button class=\"w-btn us-btn-style_4 usg_btn_1 icon_atright\"><span class=\"w-btn-label\">mehr lesen<\/span><i class=\"far fa-arrow-right\"><\/i><\/button>\t\t<\/div>\r\n\t<\/article>\r\n<\/div><div class=\"w-grid-preloader\"><div class=\"g-preloader type_1\">\r\n\t<div><\/div>\r\n<\/div>\r\n<\/div>\t<div class=\"w-grid-json hidden\" onclick='return {&quot;action&quot;:&quot;us_ajax_grid&quot;,&quot;ajax_url&quot;:&quot;https:\\\/\\\/gobrowser.com\\\/wp-admin\\\/admin-ajax.php&quot;,&quot;infinite_scroll&quot;:0,&quot;max_num_pages&quot;:1,&quot;pagination&quot;:&quot;none&quot;,&quot;permalink_url&quot;:&quot;https:\\\/\\\/gobrowser.com\\\/tr\\\/wp-json\\\/wp\\\/v2\\\/pages\\\/4687\\\/&quot;,&quot;template_vars&quot;:{&quot;columns&quot;:&quot;3&quot;,&quot;exclude_items&quot;:&quot;none&quot;,&quot;img_size&quot;:&quot;default&quot;,&quot;ignore_items_size&quot;:0,&quot;items_layout&quot;:&quot;1276&quot;,&quot;items_offset&quot;:&quot;1&quot;,&quot;load_animation&quot;:&quot;none&quot;,&quot;overriding_link&quot;:&quot;%7B%22type%22%3A%22post%22%7D&quot;,&quot;post_id&quot;:0,&quot;query_args&quot;:{&quot;ignore_sticky_posts&quot;:1,&quot;post_type&quot;:&quot;any&quot;,&quot;post__in&quot;:[&quot;1254&quot;,&quot;1290&quot;,&quot;1302&quot;,&quot;1304&quot;,&quot;1306&quot;,&quot;1317&quot;],&quot;posts_per_page&quot;:&quot;6&quot;},&quot;orderby_query_args&quot;:{&quot;orderby&quot;:{&quot;post__in&quot;:&quot;ASC&quot;},&quot;order&quot;:&quot;ASC&quot;},&quot;type&quot;:&quot;grid&quot;,&quot;us_grid_ajax_index&quot;:1,&quot;us_grid_filter_params&quot;:null,&quot;us_grid_index&quot;:1,&quot;_us_grid_post_type&quot;:&quot;ids&quot;,&quot;page_args&quot;:[],&quot;lang&quot;:&quot;tr&quot;}}'><\/div>\r\n\t<\/div><\/div><\/div><\/div><\/div><\/section><section class=\"l-section wpb_row height_medium\"><div class=\"l-section-h i-cf\"><div class=\"g-cols vc_row via_grid cols_1 laptops-cols_inherit tablets-cols_inherit mobiles-cols_1 valign_top type_default stacking_default\"><div class=\"wpb_column vc_column_container\"><div class=\"vc_column-inner\"><div class=\"wpb_text_column\"><div class=\"wpb_wrapper\"><p><span style=\"font-weight: 400;\">2023 y\u0131l\u0131nda, dijital gizlili\u011finizin fark\u0131nda olmak her zamankinden daha kritik bir \u00f6neme sahip. IP gizlili\u011fini ve taray\u0131c\u0131 ay\u0131rt edicili\u011fini de\u011ferlendirmeye y\u00f6nelik \u00fccretsiz ara\u00e7lar\u0131m\u0131z, web sitelerinin \u00e7evrimi\u00e7i faaliyetleriniz hakk\u0131nda eri\u015febilece\u011fi verileri kapsaml\u0131 bir \u015fekilde anlaman\u0131z\u0131 sa\u011flamak i\u00e7in hassas bir \u015fekilde haz\u0131rlanm\u0131\u015ft\u0131r. \u00c7evrimi\u00e7i platformlar taraf\u0131ndan veri toplama e\u011filiminin artmas\u0131yla birlikte, dijital izinizin ne kadar kapsaml\u0131 bir \u015fekilde takip edildi\u011fini ve kullan\u0131ld\u0131\u011f\u0131n\u0131 kavramak \u00e7ok \u00f6nemlidir.<\/span><span style=\"font-weight: 400;\"><br \/>\n<\/span><span style=\"font-weight: 400;\"><br \/>\n<\/span><span style=\"font-weight: 400;\">IP gizlili\u011fi de\u011ferlendirme ara\u00e7lar\u0131m\u0131z, internet ba\u011flant\u0131n\u0131z\u0131n gizlili\u011fini do\u011frulaman\u0131za olanak tan\u0131yarak ger\u00e7ek IP adresinizin if\u015fa olma riski alt\u0131nda olup olmad\u0131\u011f\u0131n\u0131 h\u0131zl\u0131 bir \u015fekilde belirlemenizi sa\u011flar. Bu \u00f6zellik, internette gezinirken kimli\u011finizi ve \u00f6zel bilgilerinizi korumak i\u00e7in gerekli ad\u0131mlar\u0131 h\u0131zla atman\u0131z\u0131 sa\u011flar.<\/span><span style=\"font-weight: 400;\"><br \/>\n<\/span><span style=\"font-weight: 400;\"><br \/>\n<\/span><span style=\"font-weight: 400;\">Buna paralel olarak, taray\u0131c\u0131 ay\u0131rt edicili\u011fi arac\u0131m\u0131z, web taray\u0131c\u0131n\u0131z\u0131n kendisini web sitelerine nas\u0131l benzersiz bir \u015fekilde sundu\u011funu derinlemesine inceler. Taray\u0131c\u0131n\u0131z\u0131n benzersiz imzas\u0131n\u0131 anlayarak, web sitelerinin cihaz\u0131n\u0131z ve \u00e7evrimi\u00e7i al\u0131\u015fkanl\u0131klar\u0131n\u0131z hakk\u0131nda topluyor olabilece\u011fi bilgileri belirleyebilirsiniz.<\/span><span style=\"font-weight: 400;\"><br \/>\n<\/span><span style=\"font-weight: 400;\"><br \/>\n<\/span><span style=\"font-weight: 400;\">Dijital gizlili\u011finizin \u00f6nemini anl\u0131yoruz ve bu konudaki kontrol\u00fcn\u00fcz\u00fc yeniden kazanman\u0131za yard\u0131mc\u0131 olmaya kendimizi adad\u0131k. 2023&#8217;te web sitelerinin sizinle ilgili hangi bilgilere eri\u015febilece\u011fini ke\u015ffetmek i\u00e7in bir dizi \u00fccretsiz arac\u0131m\u0131z\u0131 inceleyin. Dijital ba\u011flant\u0131 \u00e7a\u011f\u0131nda bilgi, ki\u015fisel verilerin korunmas\u0131nda birincil kalkan\u0131n\u0131zd\u0131r. <\/span><\/p>\n<\/div><\/div><\/div><\/div><\/div><\/div><\/section><section class=\"l-section wpb_row height_large color_footer-bottom\"><div class=\"l-section-overlay\" style=\"background:var(--color-content-bg-alt)\"><\/div><div class=\"l-section-h i-cf\"><div class=\"g-cols vc_row via_grid cols_1 laptops-cols_inherit tablets-cols_inherit mobiles-cols_1 valign_top type_default stacking_default\"><div class=\"wpb_column vc_column_container\"><div class=\"vc_column-inner\"><div class=\"w-vwrapper align_center valign_top\" style=\"--vwrapper-gap:1.875rem\"><h2 class=\"w-text us_custom_eb849559\"><span class=\"w-text-h\"><span class=\"w-text-value\">Gobrowser&apos;\u0131 bug\u00fcn kullanmaya ba\u015flay\u0131n<\/span><\/span><\/h2><div class=\"w-text us_custom_c96a8a09\"><span class=\"w-text-h\"><span class=\"w-text-value\">Kredi kart\u0131 gerekmez<\/span><\/span><\/div><div class=\"w-btn-wrapper align_center\"><a class=\"w-btn us-btn-style_4\" href=\"https:\/\/gobrowser.com\/tr\/download\"><span class=\"w-btn-label\">\u00dccretsiz kullan\u0131m<\/span><\/a><\/div><\/div><\/div><\/div><\/div><\/div><\/section>\n\n","protected":false},"excerpt":{"rendered":"Cover your tracksCover Your Tracks Alternatifi ile Taray\u0131c\u0131y\u0131 Kontrol Edin[vc_raw_html]PGlmcmFtZSBjbGFzcz0iZnJhbWVfY29udGFpbmVyIiBzcmM9Imh0dHBzOi8vaXBoZXkuY29tL2xlYWtzIiBmcmFtZWJvcmRlcj0iMCI+PC9pZnJhbWU+[\/vc_raw_html]\u0130zlerinizi \u00d6rt\u00fcn hakk\u0131nda S\u0131k\u00e7a Sorulan SorularCover Your Tracks nedir?Electronic Frontier Foundation (EFF) taraf\u0131ndan sunulan bir hizmet olan coveryourtracks.eff.org, kullan\u0131c\u0131lar\u0131n izlemeye kar\u015f\u0131 \u00e7evrimi\u00e7i gizlilik \u00f6nlemlerinin etkinli\u011fini de\u011ferlendirmelerini sa\u011flayan de\u011ferli bir ara\u00e7 olarak hizmet vermektedir. Bu platform, kullan\u0131c\u0131lara taray\u0131c\u0131lar\u0131n\u0131n ve eklentilerinin \u00e7evrimi\u00e7i gizliliklerini ne kadar iyi korudu\u011funu anlamalar\u0131na...","protected":false},"author":6,"featured_media":0,"parent":0,"menu_order":0,"comment_status":"closed","ping_status":"closed","template":"","meta":{"footnotes":""},"class_list":["post-4687","page","type-page","status-publish","hentry"],"_links":{"self":[{"href":"https:\/\/gobrowser.com\/tr\/wp-json\/wp\/v2\/pages\/4687","targetHints":{"allow":["GET"]}}],"collection":[{"href":"https:\/\/gobrowser.com\/tr\/wp-json\/wp\/v2\/pages"}],"about":[{"href":"https:\/\/gobrowser.com\/tr\/wp-json\/wp\/v2\/types\/page"}],"author":[{"embeddable":true,"href":"https:\/\/gobrowser.com\/tr\/wp-json\/wp\/v2\/users\/6"}],"replies":[{"embeddable":true,"href":"https:\/\/gobrowser.com\/tr\/wp-json\/wp\/v2\/comments?post=4687"}],"version-history":[{"count":2,"href":"https:\/\/gobrowser.com\/tr\/wp-json\/wp\/v2\/pages\/4687\/revisions"}],"predecessor-version":[{"id":4689,"href":"https:\/\/gobrowser.com\/tr\/wp-json\/wp\/v2\/pages\/4687\/revisions\/4689"}],"wp:attachment":[{"href":"https:\/\/gobrowser.com\/tr\/wp-json\/wp\/v2\/media?parent=4687"}],"curies":[{"name":"wp","href":"https:\/\/api.w.org\/{rel}","templated":true}]}}