{"id":4644,"date":"2023-11-28T15:27:26","date_gmt":"2023-11-28T15:27:26","guid":{"rendered":"https:\/\/gobrowser.com\/creepjs"},"modified":"2024-02-01T16:03:30","modified_gmt":"2024-02-01T16:03:30","slug":"creepjs","status":"publish","type":"page","link":"https:\/\/gobrowser.com\/tr\/creepjs\/","title":{"rendered":"Creepjs"},"content":{"rendered":"<section class=\"l-section wpb_row us_custom_fa07e175 height_medium width_custom\" style=\"--site-content-width:880px;\"><div class=\"l-section-h i-cf\"><div class=\"g-cols vc_row via_grid cols_1 laptops-cols_inherit tablets-cols_inherit mobiles-cols_1 valign_top type_default stacking_default\"><div class=\"wpb_column vc_column_container\"><div class=\"vc_column-inner\"><h1 class=\"w-post-elm post_title us_custom_19737bc8 align_center entry-title color_link_inherit\">Creepjs<\/h1><h2 class=\"w-text us_custom_92d5d70f has_text_color\"><span class=\"w-text-h\"><span class=\"w-text-value\">Bu alternatif CreepJS, \u00e7ok \u00e7e\u015fitli tespit algoritmalar\u0131 ile mevcut en eksiksiz a\u00e7\u0131k kaynakl\u0131 parmak izi \u00e7\u00f6z\u00fcm\u00fcd\u00fcr.<\/span><\/span><\/h2><\/div><\/div><\/div><\/div><\/section><section class=\"l-section wpb_row us_custom_74e68c3f height_medium\"><div class=\"l-section-h i-cf\"><div class=\"g-cols vc_row via_grid cols_1 laptops-cols_inherit tablets-cols_inherit mobiles-cols_1 valign_top type_default stacking_default\"><div class=\"wpb_column vc_column_container us_custom_6853e49b\"><div class=\"vc_column-inner\">[vc_raw_html]PGlmcmFtZSBjbGFzcz0iZnJhbWVfY29udGFpbmVyIiBzcmM9Imh0dHBzOi8vaXBoZXkuY29tL2xlYWtzIiBmcmFtZWJvcmRlcj0iMCI+PC9pZnJhbWU+[\/vc_raw_html]<\/div><\/div><\/div><\/div><\/section><section class=\"l-section wpb_row height_medium color_alternate\"><div class=\"l-section-h i-cf\"><div class=\"g-cols vc_row via_grid cols_1 laptops-cols_inherit tablets-cols_inherit mobiles-cols_1 valign_top type_default stacking_default\"><div class=\"wpb_column vc_column_container us_custom_85e5d920\"><div class=\"vc_column-inner\"><h2 class=\"w-text us_custom_f4bafe71\"><span class=\"w-text-h\"><span class=\"w-text-value\">Creepjs Hakk\u0131nda S\u0131k\u00e7a Sorulan Sorular<\/span><\/span><\/h2><div class=\"w-tabs us_custom_ebbdc731 free-tools_faq_container style_default switch_click accordion type_togglable has_scrolling\" style=\"--sections-title-size:inherit\"><div class=\"w-tabs-sections titles-align_none icon_plus cpos_right\"><div class=\"w-tabs-section\" id=\"w0a1\" itemscope itemprop=\"mainEntity\" itemtype=\"https:\/\/schema.org\/Question\"><button class=\"w-tabs-section-header\" aria-controls=\"content-w0a1\" aria-expanded=\"false\"><h3 class=\"w-tabs-section-title\" itemprop=\"name\">CreepJS nedir?<\/h3><div class=\"w-tabs-section-control\"><\/div><\/button><div  class=\"w-tabs-section-content\" id=\"content-w0a1\" itemscope itemprop=\"acceptedAnswer\" itemtype=\"https:\/\/schema.org\/Answer\"><div class=\"w-tabs-section-content-h i-cf\" itemprop=\"text\"><div class=\"wpb_text_column\"><div class=\"wpb_wrapper\"><p>CreepJS, JavaScript kullanarak web taray\u0131c\u0131lar\u0131ndan kapsaml\u0131 bir veri k\u00fcmesi \u00e7\u0131karmak i\u00e7in \u00f6zel olarak tasarlanm\u0131\u015f sofistike bir taray\u0131c\u0131 parmak izi k\u00fct\u00fcphanesidir. \u0130\u015flevselli\u011fi, benzersiz, tan\u0131mlanabilir bir parmak izi olu\u015fturmak i\u00e7in bir taray\u0131c\u0131n\u0131n yeteneklerinin, ayarlar\u0131n\u0131n ve donan\u0131m ayr\u0131nt\u0131lar\u0131n\u0131n ayr\u0131nt\u0131l\u0131 bir listesini ara\u015ft\u0131rmak ve derlemek etraf\u0131nda d\u00f6ner.<\/p>\n<\/div><\/div><\/div><\/div><\/div><div class=\"w-tabs-section\" id=\"z157\" itemscope itemprop=\"mainEntity\" itemtype=\"https:\/\/schema.org\/Question\"><button class=\"w-tabs-section-header\" aria-controls=\"content-z157\" aria-expanded=\"false\"><h3 class=\"w-tabs-section-title\" itemprop=\"name\">CreepJS nas\u0131l \u00e7al\u0131\u015f\u0131r?<\/h3><div class=\"w-tabs-section-control\"><\/div><\/button><div  class=\"w-tabs-section-content\" id=\"content-z157\" itemscope itemprop=\"acceptedAnswer\" itemtype=\"https:\/\/schema.org\/Answer\"><div class=\"w-tabs-section-content-h i-cf\" itemprop=\"text\"><div class=\"wpb_text_column\"><div class=\"wpb_wrapper\"><p>CreepJS, \u00e7e\u015fitli taray\u0131c\u0131 \u00f6zelliklerini derinlemesine ara\u015ft\u0131rmak i\u00e7in JavaScript&#8217;ten yararlanarak \u00e7al\u0131\u015f\u0131r. WebGL parametreleri, ses y\u0131\u011f\u0131n\u0131 ayr\u0131nt\u0131lar\u0131, y\u00fckl\u00fc yaz\u0131 tipleri, istemci ekran \u00e7\u00f6z\u00fcn\u00fcrl\u00fc\u011f\u00fc ve daha fazlas\u0131 gibi \u00f6zellikleri ara\u015ft\u0131r\u0131r. CreepJS, bu problar\u0131n sonu\u00e7lar\u0131n\u0131 birle\u015ftirerek her taray\u0131c\u0131 i\u00e7in etkili bir \u015fekilde benzersiz bir parmak izi olu\u015fturur.<\/p>\n<\/div><\/div><\/div><\/div><\/div><div class=\"w-tabs-section\" id=\"r1f0\" itemscope itemprop=\"mainEntity\" itemtype=\"https:\/\/schema.org\/Question\"><button class=\"w-tabs-section-header\" aria-controls=\"content-r1f0\" aria-expanded=\"false\"><h3 class=\"w-tabs-section-title\" itemprop=\"name\">CreepJS taray\u0131c\u0131 parmak izi almada ne kadar etkili?<\/h3><div class=\"w-tabs-section-control\"><\/div><\/button><div  class=\"w-tabs-section-content\" id=\"content-r1f0\" itemscope itemprop=\"acceptedAnswer\" itemtype=\"https:\/\/schema.org\/Answer\"><div class=\"w-tabs-section-content-h i-cf\" itemprop=\"text\"><div class=\"wpb_text_column\"><div class=\"wpb_wrapper\"><p>CreepJS, b\u00fcy\u00fck miktarda veri \u00e7\u0131karma kabiliyeti nedeniyle taray\u0131c\u0131 parmak izi \u00e7\u0131karmada son derece etkilidir. K\u00fct\u00fcphane, ses, tuval, CSS, yaz\u0131 tipleri, istemci rects, DOM, Intl, JS, medya, a\u011f, ekran d\u0131\u015f\u0131 tuval, eklentiler, ekran, konu\u015fma, depolama, SVG, kullan\u0131c\u0131 arac\u0131s\u0131, WebGL ve WebRTC dahil olmak \u00fczere \u00e7ok \u00e7e\u015fitli \u00f6zellikleri ara\u015ft\u0131rabilir, bu da onu son derece hassas ve g\u00fcvenilir hale getirir.<\/p>\n<\/div><\/div><\/div><\/div><\/div><div class=\"w-tabs-section\" id=\"b264\" itemscope itemprop=\"mainEntity\" itemtype=\"https:\/\/schema.org\/Question\"><button class=\"w-tabs-section-header\" aria-controls=\"content-b264\" aria-expanded=\"false\"><h3 class=\"w-tabs-section-title\" itemprop=\"name\">CreepJS&apos;i nerede kullanabilirim?<\/h3><div class=\"w-tabs-section-control\"><\/div><\/button><div  class=\"w-tabs-section-content\" id=\"content-b264\" itemscope itemprop=\"acceptedAnswer\" itemtype=\"https:\/\/schema.org\/Answer\"><div class=\"w-tabs-section-content-h i-cf\" itemprop=\"text\"><div class=\"wpb_text_column\"><div class=\"wpb_wrapper\"><p>CreepJS \u00e7evrimi\u00e7i g\u00fcvenlik, doland\u0131r\u0131c\u0131l\u0131k tespiti ve ki\u015fiselle\u015ftirilmi\u015f reklamc\u0131l\u0131k gibi \u00e7e\u015fitli ama\u00e7lar i\u00e7in kullan\u0131labilir. Benzersiz taray\u0131c\u0131 parmak izlerini tan\u0131mlayarak, kurulu\u015flar bireysel kullan\u0131c\u0131lar\u0131 ve davran\u0131\u015flar\u0131n\u0131 izleyebilir ve tan\u0131yabilir, doland\u0131r\u0131c\u0131l\u0131k faaliyetlerinin tespit edilmesine ve ki\u015fiselle\u015ftirilmi\u015f i\u00e7eri\u011fin sunulmas\u0131na yard\u0131mc\u0131 olabilir.<\/p>\n<\/div><\/div><\/div><\/div><\/div><div class=\"w-tabs-section\" id=\"h2e3\" itemscope itemprop=\"mainEntity\" itemtype=\"https:\/\/schema.org\/Question\"><button class=\"w-tabs-section-header\" aria-controls=\"content-h2e3\" aria-expanded=\"false\"><h3 class=\"w-tabs-section-title\" itemprop=\"name\">CreepJS&apos;in bir taray\u0131c\u0131n\u0131n parmak izini almas\u0131n\u0131 engellemek m\u00fcmk\u00fcn m\u00fc?<\/h3><div class=\"w-tabs-section-control\"><\/div><\/button><div  class=\"w-tabs-section-content\" id=\"content-h2e3\" itemscope itemprop=\"acceptedAnswer\" itemtype=\"https:\/\/schema.org\/Answer\"><div class=\"w-tabs-section-content-h i-cf\" itemprop=\"text\"><div class=\"wpb_text_column\"><div class=\"wpb_wrapper\"><p>CreepJS&#8217;in kapsaml\u0131 problama yetenekleri nedeniyle bir taray\u0131c\u0131n\u0131n parmak izini almas\u0131n\u0131 tamamen \u00f6nlemek zor olsa da, baz\u0131 \u00f6nlemler direnci art\u0131rabilir. Bunlar aras\u0131nda taray\u0131c\u0131 gizlilik eklentilerinin kullan\u0131lmas\u0131, JavaScript&#8217;in devre d\u0131\u015f\u0131 b\u0131rak\u0131lmas\u0131 veya \u00e7erezlerin ve di\u011fer saklanan site verilerinin d\u00fczenli olarak temizlenmesi yer almaktad\u0131r. Ancak, bu ad\u0131mlar\u0131n belirli web sitelerinin i\u015flevselli\u011fini etkileyebilece\u011fini unutmamak \u00f6nemlidir.<\/p>\n<\/div><\/div><\/div><\/div><\/div><\/div><\/div><\/div><\/div><\/div><\/div><\/section>\n","protected":false},"excerpt":{"rendered":"CreepjsBu alternatif CreepJS, \u00e7ok \u00e7e\u015fitli tespit algoritmalar\u0131 ile mevcut en eksiksiz a\u00e7\u0131k kaynakl\u0131 parmak izi \u00e7\u00f6z\u00fcm\u00fcd\u00fcr.[vc_raw_html]PGlmcmFtZSBjbGFzcz0iZnJhbWVfY29udGFpbmVyIiBzcmM9Imh0dHBzOi8vaXBoZXkuY29tL2xlYWtzIiBmcmFtZWJvcmRlcj0iMCI+PC9pZnJhbWU+[\/vc_raw_html]Creepjs Hakk\u0131nda S\u0131k\u00e7a Sorulan SorularCreepJS nedir?CreepJS, JavaScript kullanarak web taray\u0131c\u0131lar\u0131ndan kapsaml\u0131 bir veri k\u00fcmesi \u00e7\u0131karmak i\u00e7in \u00f6zel olarak tasarlanm\u0131\u015f sofistike bir taray\u0131c\u0131 parmak izi k\u00fct\u00fcphanesidir. \u0130\u015flevselli\u011fi, benzersiz, tan\u0131mlanabilir bir parmak izi olu\u015fturmak i\u00e7in bir taray\u0131c\u0131n\u0131n yeteneklerinin, ayarlar\u0131n\u0131n ve donan\u0131m ayr\u0131nt\u0131lar\u0131n\u0131n...","protected":false},"author":6,"featured_media":4645,"parent":0,"menu_order":0,"comment_status":"closed","ping_status":"closed","template":"","meta":{"footnotes":""},"class_list":["post-4644","page","type-page","status-publish","has-post-thumbnail","hentry"],"_links":{"self":[{"href":"https:\/\/gobrowser.com\/tr\/wp-json\/wp\/v2\/pages\/4644","targetHints":{"allow":["GET"]}}],"collection":[{"href":"https:\/\/gobrowser.com\/tr\/wp-json\/wp\/v2\/pages"}],"about":[{"href":"https:\/\/gobrowser.com\/tr\/wp-json\/wp\/v2\/types\/page"}],"author":[{"embeddable":true,"href":"https:\/\/gobrowser.com\/tr\/wp-json\/wp\/v2\/users\/6"}],"replies":[{"embeddable":true,"href":"https:\/\/gobrowser.com\/tr\/wp-json\/wp\/v2\/comments?post=4644"}],"version-history":[{"count":4,"href":"https:\/\/gobrowser.com\/tr\/wp-json\/wp\/v2\/pages\/4644\/revisions"}],"predecessor-version":[{"id":5193,"href":"https:\/\/gobrowser.com\/tr\/wp-json\/wp\/v2\/pages\/4644\/revisions\/5193"}],"wp:featuredmedia":[{"embeddable":true,"href":"https:\/\/gobrowser.com\/tr\/wp-json\/wp\/v2\/media\/4645"}],"wp:attachment":[{"href":"https:\/\/gobrowser.com\/tr\/wp-json\/wp\/v2\/media?parent=4644"}],"curies":[{"name":"wp","href":"https:\/\/api.w.org\/{rel}","templated":true}]}}