{"id":4640,"date":"2023-11-29T09:51:28","date_gmt":"2023-11-29T09:51:28","guid":{"rendered":"https:\/\/gobrowser.com\/cover-your-tracks"},"modified":"2024-01-19T14:28:18","modified_gmt":"2024-01-19T14:28:18","slug":"coveryourtracks","status":"publish","type":"page","link":"https:\/\/gobrowser.com\/tr\/coveryourtracks\/","title":{"rendered":"Cover your tracks"},"content":{"rendered":"<section class=\"l-section wpb_row us_custom_fa07e175 height_medium width_custom\" style=\"--site-content-width:880px;\"><div class=\"l-section-h i-cf\"><div class=\"g-cols vc_row via_grid cols_1 laptops-cols_inherit tablets-cols_inherit mobiles-cols_1 valign_top type_default stacking_default\"><div class=\"wpb_column vc_column_container\"><div class=\"vc_column-inner\"><h1 class=\"w-post-elm post_title us_custom_19737bc8 align_center entry-title color_link_inherit\">Cover your tracks<\/h1><h2 class=\"w-text us_custom_0af4ab6f has_text_color\"><span class=\"w-text-h\"><span class=\"w-text-value\">Cover Your Tracks Alternatifi ile Taray\u0131c\u0131y\u0131 Kontrol Edin<\/span><\/span><\/h2><\/div><\/div><\/div><\/div><\/section><section class=\"l-section wpb_row us_custom_74e68c3f height_medium\"><div class=\"l-section-h i-cf\"><div class=\"g-cols vc_row via_grid cols_1 laptops-cols_inherit tablets-cols_inherit mobiles-cols_1 valign_top type_default stacking_default\"><div class=\"wpb_column vc_column_container us_custom_6853e49b\"><div class=\"vc_column-inner\">[vc_raw_html]PGlmcmFtZSBjbGFzcz0iZnJhbWVfY29udGFpbmVyIiBzcmM9Imh0dHBzOi8vaXBoZXkuY29tL2xlYWtzIiBmcmFtZWJvcmRlcj0iMCI+PC9pZnJhbWU+[\/vc_raw_html]<\/div><\/div><\/div><\/div><\/section><section class=\"l-section wpb_row height_medium color_alternate\"><div class=\"l-section-h i-cf\"><div class=\"g-cols vc_row via_grid cols_1 laptops-cols_inherit tablets-cols_inherit mobiles-cols_1 valign_top type_default stacking_default\"><div class=\"wpb_column vc_column_container us_custom_85e5d920\"><div class=\"vc_column-inner\"><h2 class=\"w-text us_custom_f4bafe71\"><span class=\"w-text-h\"><span class=\"w-text-value\">\u0130zlerinizi \u00d6rt\u00fcn hakk\u0131nda S\u0131k\u00e7a Sorulan Sorular<\/span><\/span><\/h2><div class=\"w-tabs us_custom_ebbdc731 free-tools_faq_container style_default switch_click accordion type_togglable has_scrolling\" style=\"--sections-title-size:inherit\"><div class=\"w-tabs-sections titles-align_none icon_chevron cpos_right\"><div class=\"w-tabs-section\" id=\"u627\" itemscope itemprop=\"mainEntity\" itemtype=\"https:\/\/schema.org\/Question\"><button class=\"w-tabs-section-header\" aria-controls=\"content-u627\" aria-expanded=\"false\"><h3 class=\"w-tabs-section-title\" itemprop=\"name\">Cover Your Tracks nedir?<\/h3><div class=\"w-tabs-section-control\"><\/div><\/button><div  class=\"w-tabs-section-content\" id=\"content-u627\" itemscope itemprop=\"acceptedAnswer\" itemtype=\"https:\/\/schema.org\/Answer\"><div class=\"w-tabs-section-content-h i-cf\" itemprop=\"text\"><div class=\"wpb_text_column\"><div class=\"wpb_wrapper\"><p>Electronic Frontier Foundation (EFF) taraf\u0131ndan sunulan bir hizmet olan coveryourtracks.eff.org, kullan\u0131c\u0131lar\u0131n izlemeye kar\u015f\u0131 \u00e7evrimi\u00e7i gizlilik \u00f6nlemlerinin etkinli\u011fini de\u011ferlendirmelerini sa\u011flayan de\u011ferli bir ara\u00e7 olarak hizmet vermektedir. Bu platform, kullan\u0131c\u0131lara taray\u0131c\u0131lar\u0131n\u0131n ve eklentilerinin \u00e7evrimi\u00e7i gizliliklerini ne kadar iyi korudu\u011funu anlamalar\u0131na yard\u0131mc\u0131 olurken, ayarlar\u0131n\u0131 geli\u015ftirmeleri i\u00e7in pratik tavsiyeler sunar.<\/p>\n<\/div><\/div><\/div><\/div><\/div><div class=\"w-tabs-section\" id=\"w6d9\" itemscope itemprop=\"mainEntity\" itemtype=\"https:\/\/schema.org\/Question\"><button class=\"w-tabs-section-header\" aria-controls=\"content-w6d9\" aria-expanded=\"false\"><h3 class=\"w-tabs-section-title\" itemprop=\"name\">Cover Your Tracks nas\u0131l \u00e7al\u0131\u015f\u0131r?<\/h3><div class=\"w-tabs-section-control\"><\/div><\/button><div  class=\"w-tabs-section-content\" id=\"content-w6d9\" itemscope itemprop=\"acceptedAnswer\" itemtype=\"https:\/\/schema.org\/Answer\"><div class=\"w-tabs-section-content-h i-cf\" itemprop=\"text\"><div class=\"wpb_text_column\"><div class=\"wpb_wrapper\"><p>Bu ara\u00e7, hem taray\u0131c\u0131y\u0131 hem de eklentilerini titizlikle analiz eden bir dizi test ger\u00e7ekle\u015ftirerek \u00e7al\u0131\u015f\u0131r. \u0130zleme \u00e7erezleri, taray\u0131c\u0131 parmak izi ve daha fazlas\u0131 dahil olmak \u00fczere \u00e7e\u015fitli unsurlar\u0131 inceler. Sonu\u00e7lar daha sonra gizlilik ayarlar\u0131n\u0131n optimize edilmesine ili\u015fkin \u00f6nerilerle birlikte kapsaml\u0131 bir rapor halinde derlenir.<\/p>\n<\/div><\/div><\/div><\/div><\/div><div class=\"w-tabs-section\" id=\"j75b\" itemscope itemprop=\"mainEntity\" itemtype=\"https:\/\/schema.org\/Question\"><button class=\"w-tabs-section-header\" aria-controls=\"content-j75b\" aria-expanded=\"false\"><h3 class=\"w-tabs-section-title\" itemprop=\"name\">Cover Your Tracks&#8217;i kullanmaktan kimler fayda sa\u011flayabilir?<\/h3><div class=\"w-tabs-section-control\"><\/div><\/button><div  class=\"w-tabs-section-content\" id=\"content-j75b\" itemscope itemprop=\"acceptedAnswer\" itemtype=\"https:\/\/schema.org\/Answer\"><div class=\"w-tabs-section-content-h i-cf\" itemprop=\"text\"><div class=\"wpb_text_column\"><div class=\"wpb_wrapper\"><p>Coveryourtracks.eff.org, \u00e7evrimi\u00e7i gizlilik konusunda endi\u015fe duyan geni\u015f bir kitleye hitap etmektedir. Bu, g\u00fcnl\u00fck internet kullan\u0131c\u0131lar\u0131n\u0131, gizlilik savunucular\u0131n\u0131, ara\u015ft\u0131rmac\u0131lar\u0131 ve \u00e7evrimi\u00e7i gizlilik standartlar\u0131n\u0131 kavramaya ve y\u00fckseltmeye hevesli herkesi kapsar.<\/p>\n<\/div><\/div><\/div><\/div><\/div><div class=\"w-tabs-section\" id=\"w7cb\" itemscope itemprop=\"mainEntity\" itemtype=\"https:\/\/schema.org\/Question\"><button class=\"w-tabs-section-header\" aria-controls=\"content-w7cb\" aria-expanded=\"false\"><h3 class=\"w-tabs-section-title\" itemprop=\"name\">Cover Your Tracks&#8217;i kullanmak \u00fccretsiz mi?<\/h3><div class=\"w-tabs-section-control\"><\/div><\/button><div  class=\"w-tabs-section-content\" id=\"content-w7cb\" itemscope itemprop=\"acceptedAnswer\" itemtype=\"https:\/\/schema.org\/Answer\"><div class=\"w-tabs-section-content-h i-cf\" itemprop=\"text\"><div class=\"wpb_text_column\"><div class=\"wpb_wrapper\"><p>Asl\u0131nda, Coveryourtracks.eff.org&#8217;dan yararlanman\u0131n hi\u00e7bir maliyeti yoktur. Kar amac\u0131 g\u00fctmeyen bir kurulu\u015f olarak faaliyet g\u00f6steren Electronic Frontier Foundation (EFF), dijital alanda sivil \u00f6zg\u00fcrl\u00fckleri koruma taahh\u00fcd\u00fcn\u00fcn bir par\u00e7as\u0131 olarak bu hizmeti sunmaktad\u0131r.<\/p>\n<\/div><\/div><\/div><\/div><\/div><div class=\"w-tabs-section\" id=\"p835\" itemscope itemprop=\"mainEntity\" itemtype=\"https:\/\/schema.org\/Question\"><button class=\"w-tabs-section-header\" aria-controls=\"content-p835\" aria-expanded=\"false\"><h3 class=\"w-tabs-section-title\" itemprop=\"name\">Taray\u0131c\u0131 parmak izi nedir ve Cover Your Tracks bu konuda nas\u0131l yard\u0131mc\u0131 olur?<\/h3><div class=\"w-tabs-section-control\"><\/div><\/button><div  class=\"w-tabs-section-content\" id=\"content-p835\" itemscope itemprop=\"acceptedAnswer\" itemtype=\"https:\/\/schema.org\/Answer\"><div class=\"w-tabs-section-content-h i-cf\" itemprop=\"text\"><div class=\"wpb_text_column\"><div class=\"wpb_wrapper\"><p>Taray\u0131c\u0131 parmak izi, web siteleri taraf\u0131ndan bir kullan\u0131c\u0131n\u0131n taray\u0131c\u0131 t\u00fcr\u00fc, ayarlar\u0131 ve hatta donan\u0131m\u0131 hakk\u0131nda ay\u0131rt edici bilgiler toplamak, izleme ve tan\u0131mlamaya olanak sa\u011flamak i\u00e7in kullan\u0131lan bir y\u00f6ntemdir. Coveryourtracks.eff.org, taray\u0131c\u0131 parmak izinizin di\u011fer ziyaret\u00e7iler aras\u0131ndaki benzersizli\u011fini de\u011ferlendirerek potansiyel izleme kolayl\u0131\u011f\u0131 hakk\u0131nda bilgi sa\u011flar.<\/p>\n<\/div><\/div><\/div><\/div><\/div><\/div><\/div><\/div><\/div><\/div><\/div><\/section>\n","protected":false},"excerpt":{"rendered":"Cover your tracksCover Your Tracks Alternatifi ile Taray\u0131c\u0131y\u0131 Kontrol Edin[vc_raw_html]PGlmcmFtZSBjbGFzcz0iZnJhbWVfY29udGFpbmVyIiBzcmM9Imh0dHBzOi8vaXBoZXkuY29tL2xlYWtzIiBmcmFtZWJvcmRlcj0iMCI+PC9pZnJhbWU+[\/vc_raw_html]\u0130zlerinizi \u00d6rt\u00fcn hakk\u0131nda S\u0131k\u00e7a Sorulan SorularCover Your Tracks nedir?Electronic Frontier Foundation (EFF) taraf\u0131ndan sunulan bir hizmet olan coveryourtracks.eff.org, kullan\u0131c\u0131lar\u0131n izlemeye kar\u015f\u0131 \u00e7evrimi\u00e7i gizlilik \u00f6nlemlerinin etkinli\u011fini de\u011ferlendirmelerini sa\u011flayan de\u011ferli bir ara\u00e7 olarak hizmet vermektedir. Bu platform, kullan\u0131c\u0131lara taray\u0131c\u0131lar\u0131n\u0131n ve eklentilerinin \u00e7evrimi\u00e7i gizliliklerini ne kadar iyi korudu\u011funu anlamalar\u0131na...","protected":false},"author":6,"featured_media":4641,"parent":0,"menu_order":0,"comment_status":"closed","ping_status":"closed","template":"","meta":{"footnotes":""},"class_list":["post-4640","page","type-page","status-publish","has-post-thumbnail","hentry"],"_links":{"self":[{"href":"https:\/\/gobrowser.com\/tr\/wp-json\/wp\/v2\/pages\/4640","targetHints":{"allow":["GET"]}}],"collection":[{"href":"https:\/\/gobrowser.com\/tr\/wp-json\/wp\/v2\/pages"}],"about":[{"href":"https:\/\/gobrowser.com\/tr\/wp-json\/wp\/v2\/types\/page"}],"author":[{"embeddable":true,"href":"https:\/\/gobrowser.com\/tr\/wp-json\/wp\/v2\/users\/6"}],"replies":[{"embeddable":true,"href":"https:\/\/gobrowser.com\/tr\/wp-json\/wp\/v2\/comments?post=4640"}],"version-history":[{"count":3,"href":"https:\/\/gobrowser.com\/tr\/wp-json\/wp\/v2\/pages\/4640\/revisions"}],"predecessor-version":[{"id":4649,"href":"https:\/\/gobrowser.com\/tr\/wp-json\/wp\/v2\/pages\/4640\/revisions\/4649"}],"wp:featuredmedia":[{"embeddable":true,"href":"https:\/\/gobrowser.com\/tr\/wp-json\/wp\/v2\/media\/4641"}],"wp:attachment":[{"href":"https:\/\/gobrowser.com\/tr\/wp-json\/wp\/v2\/media?parent=4640"}],"curies":[{"name":"wp","href":"https:\/\/api.w.org\/{rel}","templated":true}]}}