{"id":4633,"date":"2023-11-07T12:54:39","date_gmt":"2023-11-07T12:54:39","guid":{"rendered":"https:\/\/gobrowser.com\/contact-us"},"modified":"2024-08-29T11:33:56","modified_gmt":"2024-08-29T11:33:56","slug":"contact-us","status":"publish","type":"page","link":"https:\/\/gobrowser.com\/tr\/contact-us\/","title":{"rendered":"Bize ula\u015f\u0131n"},"content":{"rendered":"<section class=\"l-section wpb_row form-container height_huge\"><div class=\"l-section-h i-cf\"><div class=\"g-cols vc_row via_grid cols_2 laptops-cols_inherit tablets-cols_inherit mobiles-cols_1 valign_top type_default reversed stacking_default\" style=\"--gap:5rem;\"><div class=\"wpb_column vc_column_container map-container\"><div class=\"vc_column-inner\"><div class=\"w-image map-image align_none\"><div class=\"w-image-h\"><img fetchpriority=\"high\" decoding=\"async\" width=\"490\" height=\"634\" src=\"https:\/\/gobrowser.com\/wp-content\/uploads\/2023\/11\/Map.svg\" class=\"attachment-full size-full\" alt=\"\" \/><\/div><\/div><div class=\"w-vwrapper map-overlay align_left valign_top\" style=\"--vwrapper-gap:2rem\"><div class=\"w-iconbox us_custom_836f727b has_text_color hide_on_default hide_on_laptops hide_on_tablets hide_on_mobiles iconpos_left style_default color_custom align_left no_text\"><div class=\"w-iconbox-icon\" style=\"font-size:1.25rem;--icon-color:var(--color-content-bg);\"><i class=\"fas fa-map-marker-alt\"><\/i><\/div><div class=\"w-iconbox-meta\"><div class=\"w-iconbox-title\">AMZDROP LLC, 1040 1st Ave #2011 New York<\/div><\/div><\/div><div class=\"w-iconbox us_custom_836f727b has_text_color iconpos_left style_default color_custom align_left no_text\"><a href=\"mailto:support@gobrowser.com\" class=\"w-iconbox-link\" aria-label=\"support@gobrowser.com\"><div class=\"w-iconbox-icon\" style=\"font-size:1.25rem;--icon-color:var(--color-content-bg);\"><i class=\"fas fa-envelope\"><\/i><\/div><\/a><div class=\"w-iconbox-meta\"><a href=\"mailto:support@gobrowser.com\" class=\"w-iconbox-link\" aria-label=\"support@gobrowser.com\"><div class=\"w-iconbox-title\">support@gobrowser.com<\/div><\/a><\/div><\/div><\/div><\/div><\/div><div class=\"wpb_column vc_column_container form-fix\"><div class=\"vc_column-inner\"><h1 class=\"w-text us_custom_3d508e43 balance-text has_text_color\"><span class=\"w-text-h\"><span class=\"w-text-value\">Gobrowser ileti\u015fim bilgileri<\/span><\/span><\/h1><form class=\"w-form  us_custom_f1bdabef layout_ver for_cform us_form_1\" autocomplete=\"off\" action=\"https:\/\/gobrowser.com\/tr\/wp-json\/wp\/v2\/pages\/4633\" method=\"post\" style=\"--fields-gap:1.25rem\"><div class=\"w-form-h\"><div class=\"w-form-row for_email required\">\r\n\t\t<div class=\"w-form-row-field\">\r\n\t\t\t\t\t\t<input aria-label=\"E-posta adresinizi girin\" type=\"email\" name=\"us_form_1_email_1\" value placeholder=\"E-posta adresinizi girin *\" data-required=\"true\" aria-required=\"true\"\/>\r\n\t\t\t<\/div>\r\n\t\t<div class=\"w-form-row-state\">L\u00fctfen ge\u00e7erli bir e-posta adresi yaz\u0131n.<\/div>\r\n<\/div>\r\n<div class=\"w-form-row for_text required\">\r\n\t\t<div class=\"w-form-row-field\">\r\n\t\t\t\t\t\t<input aria-label=\"Telefon numaran\u0131z\u0131 girin\" inputmode=\"tel\" type=\"text\" name=\"us_form_1_text_1\" value placeholder=\"Telefon numaran\u0131z\u0131 girin *\" data-required=\"true\" aria-required=\"true\"\/>\r\n\t\t\t<\/div>\r\n\t\t<div class=\"w-form-row-state\">Fill out this field<\/div>\r\n<\/div>\r\n<div class=\"w-form-row for_text required\">\r\n\t\t<div class=\"w-form-row-field\">\r\n\t\t\t\t\t\t<input aria-label=\"Ad\u0131n\u0131z\u0131 girin\" type=\"text\" name=\"us_form_1_text_2\" value placeholder=\"Ad\u0131n\u0131z\u0131 girin *\" data-required=\"true\" aria-required=\"true\"\/>\r\n\t\t\t<\/div>\r\n\t\t<div class=\"w-form-row-state\">Fill out this field<\/div>\r\n<\/div>\r\n<div class=\"w-form-row for_textarea\">\r\n\t\t<div class=\"w-form-row-field\">\r\n\t\t\t\t\t\t<textarea aria-label=\"Bize bir mesaj yaz\u0131n\" name=\"us_form_1_textarea_1\" placeholder=\"Bize bir mesaj yaz\u0131n\"><\/textarea>\r\n\t\t\t<\/div>\r\n\t\t<div class=\"w-form-row-state\">Fill out this field<\/div>\r\n<\/div>\r\n<input type=\"hidden\" name=\"action\" value=\"us_ajax_cform\" \/>\r\n<input type=\"hidden\" name=\"post_id\" value=\"0\" \/>\r\n<input type=\"hidden\" name=\"form_index\" value=\"1\" \/>\r\n<div class=\"w-form-row for_submit  align_justify\">\r\n\t<button class=\"w-btn  us-btn-style_4\" aria-label=\"Mesaj g\u00f6nder\" type=\"submit\">\r\n\t\t<span class=\"g-preloader type_1\"><\/span>\r\n\t\t\t\t<span class=\"w-btn-label\">Mesaj g\u00f6nder<\/span>\r\n\t\t\t<\/button>\r\n\t<\/div>\r\n<\/div><div class=\"w-form-message\"><\/div><div class=\"w-form-json hidden\" onclick='return {&quot;ajaxurl&quot;:&quot;https:\\\/\\\/gobrowser.com\\\/wp-admin\\\/admin-ajax.php&quot;,&quot;messages&quot;:{&quot;err_empty&quot;:&quot;Fill out this field&quot;,&quot;err_size&quot;:&quot;File size cannot exceed %s MB&quot;,&quot;err_extension&quot;:&quot;%s file type is not allowed&quot;}}'><\/div><\/form><\/div><\/div><\/div><\/div><\/section><section class=\"l-section wpb_row height_large width_full color_footer-bottom\"><div class=\"l-section-overlay\" style=\"background:var(--color-content-bg-alt)\"><\/div><div class=\"l-section-h i-cf\"><div class=\"g-cols vc_row via_grid cols_1 laptops-cols_inherit tablets-cols_inherit mobiles-cols_1 valign_top type_default stacking_default\"><div class=\"wpb_column vc_column_container\"><div class=\"vc_column-inner\"><div class=\"w-vwrapper align_center valign_top\" style=\"--vwrapper-gap:1.875rem\"><h2 class=\"w-text us_custom_eb849559\"><span class=\"w-text-h\"><span class=\"w-text-value\">Gobrowser&apos;\u0131 bug\u00fcn kullanmaya ba\u015flay\u0131n<\/span><\/span><\/h2><div class=\"w-text us_custom_c96a8a09\"><span class=\"w-text-h\"><span class=\"w-text-value\">Kredi kart\u0131 gerekmez<\/span><\/span><\/div><div class=\"w-btn-wrapper align_center\"><a class=\"w-btn us-btn-style_4\" href=\"https:\/\/gobrowser.com\/tr\/download\"><span class=\"w-btn-label\">\u00dccretsiz kullan\u0131m<\/span><\/a><\/div><\/div><\/div><\/div><\/div><\/div><\/section>\n\n","protected":false},"excerpt":{"rendered":"AMZDROP LLC, 1040 1st Ave #2011 New Yorksupport@gobrowser.comGobrowser ileti\u015fim bilgileri L\u00fctfen ge\u00e7erli bir e-posta adresi yaz\u0131n. Fill out this field Fill out this field Fill out this field Mesaj g\u00f6nder Gobrowser&apos;\u0131 bug\u00fcn kullanmaya ba\u015flay\u0131nKredi kart\u0131 gerekmez\u00dccretsiz kullan\u0131m","protected":false},"author":2,"featured_media":0,"parent":0,"menu_order":0,"comment_status":"closed","ping_status":"closed","template":"","meta":{"footnotes":""},"class_list":["post-4633","page","type-page","status-publish","hentry"],"_links":{"self":[{"href":"https:\/\/gobrowser.com\/tr\/wp-json\/wp\/v2\/pages\/4633","targetHints":{"allow":["GET"]}}],"collection":[{"href":"https:\/\/gobrowser.com\/tr\/wp-json\/wp\/v2\/pages"}],"about":[{"href":"https:\/\/gobrowser.com\/tr\/wp-json\/wp\/v2\/types\/page"}],"author":[{"embeddable":true,"href":"https:\/\/gobrowser.com\/tr\/wp-json\/wp\/v2\/users\/2"}],"replies":[{"embeddable":true,"href":"https:\/\/gobrowser.com\/tr\/wp-json\/wp\/v2\/comments?post=4633"}],"version-history":[{"count":11,"href":"https:\/\/gobrowser.com\/tr\/wp-json\/wp\/v2\/pages\/4633\/revisions"}],"predecessor-version":[{"id":8956,"href":"https:\/\/gobrowser.com\/tr\/wp-json\/wp\/v2\/pages\/4633\/revisions\/8956"}],"wp:attachment":[{"href":"https:\/\/gobrowser.com\/tr\/wp-json\/wp\/v2\/media?parent=4633"}],"curies":[{"name":"wp","href":"https:\/\/api.w.org\/{rel}","templated":true}]}}