{"id":4629,"date":"2023-12-11T13:27:18","date_gmt":"2023-12-11T13:27:18","guid":{"rendered":"https:\/\/gobrowser.com\/degisiklik-gunlugu"},"modified":"2024-01-19T14:20:17","modified_gmt":"2024-01-19T14:20:17","slug":"changelog","status":"publish","type":"page","link":"https:\/\/gobrowser.com\/tr\/changelog\/","title":{"rendered":"De\u011fi\u015fiklik G\u00fcnl\u00fc\u011f\u00fc"},"content":{"rendered":"<section class=\"l-section wpb_row us_custom_fa07e175 height_medium\"><div class=\"l-section-h i-cf\"><div class=\"g-cols vc_row via_grid cols_1 laptops-cols_inherit tablets-cols_inherit mobiles-cols_1 valign_top type_default stacking_default\"><div class=\"wpb_column vc_column_container us_custom_eb849559\"><div class=\"vc_column-inner\"><h1 class=\"w-post-elm post_title us_custom_19737bc8 align_center entry-title color_link_inherit\">De\u011fi\u015fiklik G\u00fcnl\u00fc\u011f\u00fc<\/h1><time class=\"w-post-elm post_date us_custom_acea396b has_text_color entry-date updated\" datetime=\"2024-01-19T14:20:17+00:00\" title=\"19 Ocak 2024, 14:20:17 +00:00\" itemprop=\"dateModified\"><span class=\"w-post-elm-before\">Son g\u00fcncelleme <\/span>Ocak 19, 2024<\/time><\/div><\/div><\/div><\/div><\/section><section class=\"l-section wpb_row us_custom_4f24afa8 height_small width_custom\" style=\"--site-content-width:980px;\"><div class=\"l-section-h i-cf\"><div class=\"g-cols vc_row via_grid cols_1 laptops-cols_inherit tablets-cols_inherit mobiles-cols_1 valign_top type_default stacking_default\"><div class=\"wpb_column vc_column_container\"><div class=\"vc_column-inner\"><div class=\"g-cols wpb_row via_grid cols_1-4 laptops-cols_inherit tablets-cols_inherit mobiles-cols_1 valign_middle type_default stacking_default\" style=\"--gap:2rem;--laptops-gap:2rem;--tablets-gap:1rem;--mobiles-gap:2rem;\"><div class=\"wpb_column vc_column_container us_custom_c70c97eb has_bg_color\"><div class=\"vc_column-inner\"><div class=\"wpb_text_column us_custom_8eb7f7e7 has_text_color\"><div class=\"wpb_wrapper\"><p>2023\/12\/19<\/p>\n<\/div><\/div><\/div><\/div><div class=\"wpb_column vc_column_container\"><div class=\"vc_column-inner\"><p class=\"w-text us_custom_c299fb06\"><span class=\"w-text-h\"><span class=\"w-text-value\">S\u00fcr\u00fcm: 0.1.3<\/span><\/span><\/p><div class=\"wpb_text_column us_custom_1b04de86\"><div class=\"wpb_wrapper\"><ul>\n<li>Chromium 107&#8217;ye ge\u00e7i\u015f.<\/li>\n<li>Crashpad&#8217;de \u00e7e\u015fitli d\u00fczeltmeler ve profil parametresi eklemeleri.<\/li>\n<li>\u00c7erezler ve parolalar i\u00e7in \u015fifreleme anahtar\u0131 de\u011fi\u015fiklikleri.<\/li>\n<\/ul>\n<\/div><\/div><\/div><\/div><\/div><div class=\"w-separator size_custom with_line width_default thick_1 style_solid color_border align_center\" style=\"height:2rem\"><div class=\"w-separator-h\"><\/div><\/div><div class=\"g-cols wpb_row via_grid cols_1-4 laptops-cols_inherit tablets-cols_inherit mobiles-cols_1 valign_middle type_default stacking_default\" style=\"--gap:2rem;--laptops-gap:2rem;--tablets-gap:1rem;--mobiles-gap:2rem;\"><div class=\"wpb_column vc_column_container us_custom_c70c97eb has_bg_color\"><div class=\"vc_column-inner\"><div class=\"wpb_text_column us_custom_8eb7f7e7 has_text_color\"><div class=\"wpb_wrapper\"><p>2023\/11\/04<\/p>\n<\/div><\/div><\/div><\/div><div class=\"wpb_column vc_column_container\"><div class=\"vc_column-inner\"><p class=\"w-text us_custom_c299fb06\"><span class=\"w-text-h\"><span class=\"w-text-value\">S\u00fcr\u00fcm: 0.1.29<\/span><\/span><\/p><div class=\"wpb_text_column us_custom_1b04de86\"><div class=\"wpb_wrapper\"><ul>\n<li>Ba\u015fl\u0131ks\u0131z mod ve Spotify videosu i\u00e7in d\u00fczeltmeler.<\/li>\n<\/ul>\n<\/div><\/div><\/div><\/div><\/div><div class=\"w-separator size_custom with_line width_default thick_1 style_solid color_border align_center\" style=\"height:2rem\"><div class=\"w-separator-h\"><\/div><\/div><div class=\"g-cols wpb_row via_grid cols_1-4 laptops-cols_inherit tablets-cols_inherit mobiles-cols_1 valign_middle type_default stacking_default\" style=\"--gap:2rem;--laptops-gap:2rem;--tablets-gap:1rem;--mobiles-gap:2rem;\"><div class=\"wpb_column vc_column_container us_custom_c70c97eb has_bg_color\"><div class=\"vc_column-inner\"><div class=\"wpb_text_column us_custom_8eb7f7e7 has_text_color\"><div class=\"wpb_wrapper\"><p>2023\/10\/31<\/p>\n<\/div><\/div><\/div><\/div><div class=\"wpb_column vc_column_container\"><div class=\"vc_column-inner\"><p class=\"w-text us_custom_c299fb06\"><span class=\"w-text-h\"><span class=\"w-text-value\">S\u00fcr\u00fcm: 0.1.28<\/span><\/span><\/p><div class=\"wpb_text_column us_custom_1b04de86\"><div class=\"wpb_wrapper\"><ul>\n<li>Proxy sorunlar\u0131 i\u00e7in d\u00fczeltme.<\/li>\n<\/ul>\n<\/div><\/div><\/div><\/div><\/div><div class=\"w-separator size_custom with_line width_default thick_1 style_solid color_border align_center\" style=\"height:2rem\"><div class=\"w-separator-h\"><\/div><\/div><div class=\"g-cols wpb_row via_grid cols_1-4 laptops-cols_inherit tablets-cols_inherit mobiles-cols_1 valign_middle type_default stacking_default\" style=\"--gap:2rem;--laptops-gap:2rem;--tablets-gap:1rem;--mobiles-gap:2rem;\"><div class=\"wpb_column vc_column_container us_custom_c70c97eb has_bg_color\"><div class=\"vc_column-inner\"><div class=\"wpb_text_column us_custom_8eb7f7e7 has_text_color\"><div class=\"wpb_wrapper\"><p>2023\/11\/28<\/p>\n<\/div><\/div><\/div><\/div><div class=\"wpb_column vc_column_container\"><div class=\"vc_column-inner\"><p class=\"w-text us_custom_c299fb06\"><span class=\"w-text-h\"><span class=\"w-text-value\">S\u00fcr\u00fcm: 0.1.27<\/span><\/span><\/p><div class=\"wpb_text_column us_custom_1b04de86\"><div class=\"wpb_wrapper\"><ul>\n<li>Chromium 119&#8217;a ge\u00e7i\u015f.<\/li>\n<\/ul>\n<\/div><\/div><\/div><\/div><\/div><div class=\"w-separator size_custom with_line width_default thick_1 style_solid color_border align_center\" style=\"height:2rem\"><div class=\"w-separator-h\"><\/div><\/div><div class=\"g-cols wpb_row via_grid cols_1-4 laptops-cols_inherit tablets-cols_inherit mobiles-cols_1 valign_middle type_default stacking_default\" style=\"--gap:2rem;--laptops-gap:2rem;--tablets-gap:1rem;--mobiles-gap:2rem;\"><div class=\"wpb_column vc_column_container us_custom_c70c97eb has_bg_color\"><div class=\"vc_column-inner\"><div class=\"wpb_text_column us_custom_8eb7f7e7 has_text_color\"><div class=\"wpb_wrapper\"><p>2023\/11\/23<\/p>\n<\/div><\/div><\/div><\/div><div class=\"wpb_column vc_column_container\"><div class=\"vc_column-inner\"><p class=\"w-text us_custom_c299fb06\"><span class=\"w-text-h\"><span class=\"w-text-value\">S\u00fcr\u00fcm: 0.1.26<\/span><\/span><\/p><div class=\"wpb_text_column us_custom_1b04de86\"><div class=\"wpb_wrapper\"><ul>\n<li>Chromium 118&#8217;e ge\u00e7i\u015f.<\/li>\n<li>Platforma \u00f6zg\u00fc \u00e7e\u015fitli konular ele al\u0131nm\u0131\u015ft\u0131r.<\/li>\n<\/ul>\n<\/div><\/div><\/div><\/div><\/div><div class=\"w-separator size_custom with_line width_default thick_1 style_solid color_border align_center\" style=\"height:2rem\"><div class=\"w-separator-h\"><\/div><\/div><div class=\"g-cols wpb_row via_grid cols_1-4 laptops-cols_inherit tablets-cols_inherit mobiles-cols_1 valign_middle type_default stacking_default\" style=\"--gap:2rem;--laptops-gap:2rem;--tablets-gap:1rem;--mobiles-gap:2rem;\"><div class=\"wpb_column vc_column_container us_custom_c70c97eb has_bg_color\"><div class=\"vc_column-inner\"><div class=\"wpb_text_column us_custom_8eb7f7e7 has_text_color\"><div class=\"wpb_wrapper\"><p>2023\/11\/07<\/p>\n<\/div><\/div><\/div><\/div><div class=\"wpb_column vc_column_container\"><div class=\"vc_column-inner\"><p class=\"w-text us_custom_c299fb06\"><span class=\"w-text-h\"><span class=\"w-text-value\">S\u00fcr\u00fcm: 0.1.25<\/span><\/span><\/p><div class=\"wpb_text_column us_custom_1b04de86\"><div class=\"wpb_wrapper\"><ul>\n<li>Chromium 117&#8217;ye ge\u00e7i\u015f.<\/li>\n<\/ul>\n<\/div><\/div><\/div><\/div><\/div><div class=\"w-separator size_custom with_line width_default thick_1 style_solid color_border align_center\" style=\"height:2rem\"><div class=\"w-separator-h\"><\/div><\/div><div class=\"g-cols wpb_row via_grid cols_1-4 laptops-cols_inherit tablets-cols_inherit mobiles-cols_1 valign_middle type_default stacking_default\" style=\"--gap:2rem;--laptops-gap:2rem;--tablets-gap:1rem;--mobiles-gap:2rem;\"><div class=\"wpb_column vc_column_container us_custom_c70c97eb has_bg_color\"><div class=\"vc_column-inner\"><div class=\"wpb_text_column us_custom_8eb7f7e7 has_text_color\"><div class=\"wpb_wrapper\"><p>2023\/10\/05<\/p>\n<\/div><\/div><\/div><\/div><div class=\"wpb_column vc_column_container\"><div class=\"vc_column-inner\"><p class=\"w-text us_custom_c299fb06\"><span class=\"w-text-h\"><span class=\"w-text-value\">S\u00fcr\u00fcm: 0.1.24<\/span><\/span><\/p><div class=\"wpb_text_column us_custom_1b04de86\"><div class=\"wpb_wrapper\"><ul>\n<li>Chromium 116&#8217;ya ge\u00e7i\u015f.<\/li>\n<\/ul>\n<\/div><\/div><\/div><\/div><\/div><div class=\"w-separator size_custom with_line width_default thick_1 style_solid color_border align_center\" style=\"height:2rem\"><div class=\"w-separator-h\"><\/div><\/div><div class=\"g-cols wpb_row via_grid cols_1-4 laptops-cols_inherit tablets-cols_inherit mobiles-cols_1 valign_middle type_default stacking_default\" style=\"--gap:2rem;--laptops-gap:2rem;--tablets-gap:1rem;--mobiles-gap:2rem;\"><div class=\"wpb_column vc_column_container us_custom_c70c97eb has_bg_color\"><div class=\"vc_column-inner\"><div class=\"wpb_text_column us_custom_8eb7f7e7 has_text_color\"><div class=\"wpb_wrapper\"><p>2023\/09\/21<\/p>\n<\/div><\/div><\/div><\/div><div class=\"wpb_column vc_column_container\"><div class=\"vc_column-inner\"><p class=\"w-text us_custom_c299fb06\"><span class=\"w-text-h\"><span class=\"w-text-value\">S\u00fcr\u00fcm: 0.1.23<\/span><\/span><\/p><div class=\"wpb_text_column us_custom_1b04de86\"><div class=\"wpb_wrapper\"><ul>\n<li>Chromium 115&#8217;e ge\u00e7i\u015f.<\/li>\n<\/ul>\n<\/div><\/div><\/div><\/div><\/div><div class=\"w-separator size_custom with_line width_default thick_1 style_solid color_border align_center\" style=\"height:2rem\"><div class=\"w-separator-h\"><\/div><\/div><div class=\"g-cols wpb_row via_grid cols_1-4 laptops-cols_inherit tablets-cols_inherit mobiles-cols_1 valign_middle type_default stacking_default\" style=\"--gap:2rem;--laptops-gap:2rem;--tablets-gap:1rem;--mobiles-gap:2rem;\"><div class=\"wpb_column vc_column_container us_custom_c70c97eb has_bg_color\"><div class=\"vc_column-inner\"><div class=\"wpb_text_column us_custom_8eb7f7e7 has_text_color\"><div class=\"wpb_wrapper\"><p>2023\/09\/06<\/p>\n<\/div><\/div><\/div><\/div><div class=\"wpb_column vc_column_container\"><div class=\"vc_column-inner\"><p class=\"w-text us_custom_c299fb06\"><span class=\"w-text-h\"><span class=\"w-text-value\">S\u00fcr\u00fcm: 0.1.22<\/span><\/span><\/p><div class=\"wpb_text_column us_custom_1b04de86\"><div class=\"wpb_wrapper\"><ul>\n<li>Chromium 114&#8217;e ge\u00e7i\u015f.<\/li>\n<li>Zaman damgas\u0131, \u00e7erez \u015fifreleme, WebRTC, Chrome uzant\u0131lar\u0131, TTF yaz\u0131 tipleri ve di\u011fer sorunlar i\u00e7in d\u00fczeltmeler.<\/li>\n<\/ul>\n<\/div><\/div><\/div><\/div><\/div><div class=\"w-separator size_custom with_line width_default thick_1 style_solid color_border align_center\" style=\"height:2rem\"><div class=\"w-separator-h\"><\/div><\/div><div class=\"g-cols wpb_row via_grid cols_1-4 laptops-cols_inherit tablets-cols_inherit mobiles-cols_1 valign_middle type_default stacking_default\" style=\"--gap:2rem;--laptops-gap:2rem;--tablets-gap:1rem;--mobiles-gap:2rem;\"><div class=\"wpb_column vc_column_container us_custom_c70c97eb has_bg_color\"><div class=\"vc_column-inner\"><div class=\"wpb_text_column us_custom_8eb7f7e7 has_text_color\"><div class=\"wpb_wrapper\"><p>2023\/08\/02<\/p>\n<\/div><\/div><\/div><\/div><div class=\"wpb_column vc_column_container\"><div class=\"vc_column-inner\"><p class=\"w-text us_custom_c299fb06\"><span class=\"w-text-h\"><span class=\"w-text-value\">S\u00fcr\u00fcm: 0.1.21<\/span><\/span><\/p><div class=\"wpb_text_column us_custom_1b04de86\"><div class=\"wpb_wrapper\"><ul>\n<li>Chromium 113&#8217;e ge\u00e7i\u015f.<\/li>\n<li>WebRTC i\u00e7in d\u00fczeltmeler.<\/li>\n<\/ul>\n<\/div><\/div><\/div><\/div><\/div><div class=\"w-separator size_custom with_line width_default thick_1 style_solid color_border align_center\" style=\"height:2rem\"><div class=\"w-separator-h\"><\/div><\/div><div class=\"g-cols wpb_row via_grid cols_1-4 laptops-cols_inherit tablets-cols_inherit mobiles-cols_1 valign_middle type_default stacking_default\" style=\"--gap:2rem;--laptops-gap:2rem;--tablets-gap:1rem;--mobiles-gap:2rem;\"><div class=\"wpb_column vc_column_container us_custom_c70c97eb has_bg_color\"><div class=\"vc_column-inner\"><div class=\"wpb_text_column us_custom_8eb7f7e7 has_text_color\"><div class=\"wpb_wrapper\"><p>2023\/06\/08<\/p>\n<\/div><\/div><\/div><\/div><div class=\"wpb_column vc_column_container\"><div class=\"vc_column-inner\"><p class=\"w-text us_custom_c299fb06\"><span class=\"w-text-h\"><span class=\"w-text-value\">S\u00fcr\u00fcm: 0.1.20<\/span><\/span><\/p><div class=\"wpb_text_column us_custom_1b04de86\"><div class=\"wpb_wrapper\"><ul>\n<li>Chromium 112&#8217;ye ge\u00e7i\u015f.<\/li>\n<li>WebRTC ve tuval g\u00fcr\u00fclt\u00fcs\u00fc sorunlar\u0131 i\u00e7in d\u00fczeltmeler.<\/li>\n<\/ul>\n<\/div><\/div><\/div><\/div><\/div><div class=\"w-separator size_custom with_line width_default thick_1 style_solid color_border align_center\" style=\"height:2rem\"><div class=\"w-separator-h\"><\/div><\/div><div class=\"g-cols wpb_row via_grid cols_1-4 laptops-cols_inherit tablets-cols_inherit mobiles-cols_1 valign_middle type_default stacking_default\" style=\"--gap:2rem;--laptops-gap:2rem;--tablets-gap:1rem;--mobiles-gap:2rem;\"><div class=\"wpb_column vc_column_container us_custom_c70c97eb has_bg_color\"><div class=\"vc_column-inner\"><div class=\"wpb_text_column us_custom_8eb7f7e7 has_text_color\"><div class=\"wpb_wrapper\"><p>2023\/05\/12<\/p>\n<\/div><\/div><\/div><\/div><div class=\"wpb_column vc_column_container\"><div class=\"vc_column-inner\"><p class=\"w-text us_custom_c299fb06\"><span class=\"w-text-h\"><span class=\"w-text-value\">S\u00fcr\u00fcm: 0.1.14<\/span><\/span><\/p><div class=\"wpb_text_column us_custom_1b04de86\"><div class=\"wpb_wrapper\"><ul>\n<li>Chromium 111&#8217;e ge\u00e7i\u015f.<\/li>\n<li>Windows ve Linux&#8217;ta Sentry \u00e7\u00f6kmesiz kullan\u0131c\u0131lar\u0131n yeniden d\u00fczenlenmesi ve entegrasyonu.<\/li>\n<\/ul>\n<\/div><\/div><\/div><\/div><\/div><div class=\"w-separator size_custom with_line width_default thick_1 style_solid color_border align_center\" style=\"height:2rem\"><div class=\"w-separator-h\"><\/div><\/div><div class=\"g-cols wpb_row via_grid cols_1-4 laptops-cols_inherit tablets-cols_inherit mobiles-cols_1 valign_middle type_default stacking_default\" style=\"--gap:2rem;--laptops-gap:2rem;--tablets-gap:1rem;--mobiles-gap:2rem;\"><div class=\"wpb_column vc_column_container us_custom_c70c97eb has_bg_color\"><div class=\"vc_column-inner\"><div class=\"wpb_text_column us_custom_8eb7f7e7 has_text_color\"><div class=\"wpb_wrapper\"><p>2023\/04\/19<\/p>\n<\/div><\/div><\/div><\/div><div class=\"wpb_column vc_column_container\"><div class=\"vc_column-inner\"><p class=\"w-text us_custom_c299fb06\"><span class=\"w-text-h\"><span class=\"w-text-value\">S\u00fcr\u00fcm: 0.1.13<\/span><\/span><\/p><div class=\"wpb_text_column us_custom_1b04de86\"><div class=\"wpb_wrapper\"><ul>\n<li>Chromium 110&#8217;a ge\u00e7i\u015f.<\/li>\n<li>Ba\u015fs\u0131z modda orbita \u00e7\u00f6kmeleri i\u00e7in d\u00fczeltmeler.<\/li>\n<\/ul>\n<\/div><\/div><\/div><\/div><\/div><div class=\"w-separator size_custom with_line width_default thick_1 style_solid color_border align_center\" style=\"height:2rem\"><div class=\"w-separator-h\"><\/div><\/div><div class=\"g-cols wpb_row via_grid cols_1-4 laptops-cols_inherit tablets-cols_inherit mobiles-cols_1 valign_middle type_default stacking_default\" style=\"--gap:2rem;--laptops-gap:2rem;--tablets-gap:1rem;--mobiles-gap:2rem;\"><div class=\"wpb_column vc_column_container us_custom_c70c97eb has_bg_color\"><div class=\"vc_column-inner\"><div class=\"wpb_text_column us_custom_8eb7f7e7 has_text_color\"><div class=\"wpb_wrapper\"><p>2023\/03\/08<\/p>\n<\/div><\/div><\/div><\/div><div class=\"wpb_column vc_column_container\"><div class=\"vc_column-inner\"><p class=\"w-text us_custom_c299fb06\"><span class=\"w-text-h\"><span class=\"w-text-value\">S\u00fcr\u00fcm: 0.1.12<\/span><\/span><\/p><div class=\"wpb_text_column us_custom_1b04de86\"><div class=\"wpb_wrapper\"><ul>\n<li>\u00c7e\u015fitli platformlarda WebGL&#8217;de d\u00fczeltmeler.<\/li>\n<\/ul>\n<\/div><\/div><\/div><\/div><\/div><div class=\"w-separator size_custom with_line width_default thick_1 style_solid color_border align_center\" style=\"height:2rem\"><div class=\"w-separator-h\"><\/div><\/div><div class=\"g-cols wpb_row via_grid cols_1-4 laptops-cols_inherit tablets-cols_inherit mobiles-cols_1 valign_middle type_default stacking_default\" style=\"--gap:2rem;--laptops-gap:2rem;--tablets-gap:1rem;--mobiles-gap:2rem;\"><div class=\"wpb_column vc_column_container us_custom_c70c97eb has_bg_color\"><div class=\"vc_column-inner\"><div class=\"wpb_text_column us_custom_8eb7f7e7 has_text_color\"><div class=\"wpb_wrapper\"><p>2023\/02\/17<\/p>\n<\/div><\/div><\/div><\/div><div class=\"wpb_column vc_column_container\"><div class=\"vc_column-inner\"><p class=\"w-text us_custom_c299fb06\"><span class=\"w-text-h\"><span class=\"w-text-value\">S\u00fcr\u00fcm: 0.1.11<\/span><\/span><\/p><div class=\"wpb_text_column us_custom_1b04de86\"><div class=\"wpb_wrapper\"><ul>\n<li>Headless modu, Service Workers ve Webrtc i\u015flevlerinde d\u00fczeltmeler ve geli\u015ftirmeler.<\/li>\n<li>WebRTC i\u00e7in yeni tercihlerin eklenmesi.<\/li>\n<\/ul>\n<\/div><\/div><\/div><\/div><\/div><div class=\"w-separator size_custom with_line width_default thick_1 style_solid color_border align_center\" style=\"height:2rem\"><div class=\"w-separator-h\"><\/div><\/div><div class=\"g-cols wpb_row via_grid cols_1-4 laptops-cols_inherit tablets-cols_inherit mobiles-cols_1 valign_middle type_default stacking_default\" style=\"--gap:2rem;--laptops-gap:2rem;--tablets-gap:1rem;--mobiles-gap:2rem;\"><div class=\"wpb_column vc_column_container us_custom_c70c97eb has_bg_color\"><div class=\"vc_column-inner\"><div class=\"wpb_text_column us_custom_8eb7f7e7 has_text_color\"><div class=\"wpb_wrapper\"><p>2023\/02\/14<\/p>\n<\/div><\/div><\/div><\/div><div class=\"wpb_column vc_column_container\"><div class=\"vc_column-inner\"><p class=\"w-text us_custom_c299fb06\"><span class=\"w-text-h\"><span class=\"w-text-value\">S\u00fcr\u00fcm: 0.1.1<\/span><\/span><\/p><div class=\"wpb_text_column us_custom_1b04de86\"><div class=\"wpb_wrapper\"><ul>\n<li>Ba\u015fs\u0131z mod i\u00e7in hata d\u00fczeltmesi.<\/li>\n<\/ul>\n<\/div><\/div><\/div><\/div><\/div><div class=\"w-separator size_custom with_line width_default thick_1 style_solid color_border align_center\" style=\"height:2rem\"><div class=\"w-separator-h\"><\/div><\/div><div class=\"g-cols wpb_row via_grid cols_1-4 laptops-cols_inherit tablets-cols_inherit mobiles-cols_1 valign_middle type_default stacking_default\" style=\"--gap:2rem;--laptops-gap:2rem;--tablets-gap:1rem;--mobiles-gap:2rem;\"><div class=\"wpb_column vc_column_container us_custom_c70c97eb has_bg_color\"><div class=\"vc_column-inner\"><div class=\"wpb_text_column us_custom_8eb7f7e7 has_text_color\"><div class=\"wpb_wrapper\"><p>2023\/02\/07<\/p>\n<\/div><\/div><\/div><\/div><div class=\"wpb_column vc_column_container\"><div class=\"vc_column-inner\"><p class=\"w-text us_custom_c299fb06\"><span class=\"w-text-h\"><span class=\"w-text-value\">S\u00fcr\u00fcm: 0.1<\/span><\/span><\/p><div class=\"wpb_text_column us_custom_1b04de86\"><div class=\"wpb_wrapper\"><ul>\n<li>Yeni taray\u0131c\u0131 parametre de\u011fi\u015ftirme algoritmalar\u0131n\u0131n uygulanmas\u0131.<\/li>\n<li>\u00c7e\u015fitli i\u015flevlerde d\u00fczeltmeler ve iyile\u015ftirmeler.<\/li>\n<\/ul>\n<\/div><\/div><\/div><\/div><\/div><\/div><\/div><\/div><\/div><\/section><section class=\"l-section wpb_row height_large color_footer-bottom\"><div class=\"l-section-overlay\" style=\"background:var(--color-content-bg-alt)\"><\/div><div class=\"l-section-h i-cf\"><div class=\"g-cols vc_row via_grid cols_1 laptops-cols_inherit tablets-cols_inherit mobiles-cols_1 valign_top type_default stacking_default\"><div class=\"wpb_column vc_column_container\"><div class=\"vc_column-inner\"><div class=\"w-vwrapper align_center valign_top\" style=\"--vwrapper-gap:1.875rem\"><h2 class=\"w-text us_custom_eb849559\"><span class=\"w-text-h\"><span class=\"w-text-value\">Gobrowser&apos;\u0131 bug\u00fcn kullanmaya ba\u015flay\u0131n<\/span><\/span><\/h2><div class=\"w-text us_custom_c96a8a09\"><span class=\"w-text-h\"><span class=\"w-text-value\">Kredi kart\u0131 gerekmez<\/span><\/span><\/div><div class=\"w-btn-wrapper align_center\"><a class=\"w-btn us-btn-style_4\" href=\"https:\/\/gobrowser.com\/tr\/download\"><span class=\"w-btn-label\">\u00dccretsiz kullan\u0131m<\/span><\/a><\/div><\/div><\/div><\/div><\/div><\/div><\/section>\n\n","protected":false},"excerpt":{"rendered":"De\u011fi\u015fiklik G\u00fcnl\u00fc\u011f\u00fcSon g\u00fcncelleme Ocak 19, 20242023\/12\/19 S\u00fcr\u00fcm: 0.1.3 Chromium 107&#8217;ye ge\u00e7i\u015f. Crashpad&#8217;de \u00e7e\u015fitli d\u00fczeltmeler ve profil parametresi eklemeleri. \u00c7erezler ve parolalar i\u00e7in \u015fifreleme anahtar\u0131 de\u011fi\u015fiklikleri. 2023\/11\/04 S\u00fcr\u00fcm: 0.1.29 Ba\u015fl\u0131ks\u0131z mod ve Spotify videosu i\u00e7in d\u00fczeltmeler. 2023\/10\/31 S\u00fcr\u00fcm: 0.1.28 Proxy sorunlar\u0131 i\u00e7in d\u00fczeltme. 2023\/11\/28 S\u00fcr\u00fcm: 0.1.27 Chromium 119&#8217;a ge\u00e7i\u015f. 2023\/11\/23 S\u00fcr\u00fcm: 0.1.26 Chromium 118&#8217;e ge\u00e7i\u015f. Platforma...","protected":false},"author":6,"featured_media":0,"parent":0,"menu_order":0,"comment_status":"closed","ping_status":"closed","template":"","meta":{"footnotes":""},"class_list":["post-4629","page","type-page","status-publish","hentry"],"_links":{"self":[{"href":"https:\/\/gobrowser.com\/tr\/wp-json\/wp\/v2\/pages\/4629","targetHints":{"allow":["GET"]}}],"collection":[{"href":"https:\/\/gobrowser.com\/tr\/wp-json\/wp\/v2\/pages"}],"about":[{"href":"https:\/\/gobrowser.com\/tr\/wp-json\/wp\/v2\/types\/page"}],"author":[{"embeddable":true,"href":"https:\/\/gobrowser.com\/tr\/wp-json\/wp\/v2\/users\/6"}],"replies":[{"embeddable":true,"href":"https:\/\/gobrowser.com\/tr\/wp-json\/wp\/v2\/comments?post=4629"}],"version-history":[{"count":2,"href":"https:\/\/gobrowser.com\/tr\/wp-json\/wp\/v2\/pages\/4629\/revisions"}],"predecessor-version":[{"id":4631,"href":"https:\/\/gobrowser.com\/tr\/wp-json\/wp\/v2\/pages\/4629\/revisions\/4631"}],"wp:attachment":[{"href":"https:\/\/gobrowser.com\/tr\/wp-json\/wp\/v2\/media?parent=4629"}],"curies":[{"name":"wp","href":"https:\/\/api.w.org\/{rel}","templated":true}]}}