{"id":4625,"date":"2023-11-28T15:10:28","date_gmt":"2023-11-28T15:10:28","guid":{"rendered":"https:\/\/gobrowser.com\/browserleaks"},"modified":"2024-02-01T15:49:35","modified_gmt":"2024-02-01T15:49:35","slug":"browserleaks","status":"publish","type":"page","link":"https:\/\/gobrowser.com\/tr\/browserleaks\/","title":{"rendered":"Browserleaks"},"content":{"rendered":"<section class=\"l-section wpb_row us_custom_fa07e175 height_medium width_custom\" style=\"--site-content-width:880px;\"><div class=\"l-section-h i-cf\"><div class=\"g-cols vc_row via_grid cols_1 laptops-cols_inherit tablets-cols_inherit mobiles-cols_1 valign_top type_default stacking_default\"><div class=\"wpb_column vc_column_container\"><div class=\"vc_column-inner\"><h1 class=\"w-post-elm post_title us_custom_19737bc8 align_center entry-title color_link_inherit\">Browserleaks<\/h1><h2 class=\"w-text us_custom_0af4ab6f has_text_color\"><span class=\"w-text-h\"><span class=\"w-text-value\">IP adresi gizlili\u011fini kontrol etmek i\u00e7in alternatif ara\u00e7lar<\/span><\/span><\/h2><\/div><\/div><\/div><\/div><\/section><section class=\"l-section wpb_row us_custom_74e68c3f height_medium\"><div class=\"l-section-h i-cf\"><div class=\"g-cols vc_row via_grid cols_1 laptops-cols_inherit tablets-cols_inherit mobiles-cols_1 valign_top type_default stacking_default\"><div class=\"wpb_column vc_column_container us_custom_6853e49b\"><div class=\"vc_column-inner\">[vc_raw_html]PGlmcmFtZSBjbGFzcz0iZnJhbWVfY29udGFpbmVyIiBzcmM9Imh0dHBzOi8vaXBoZXkuY29tL2xlYWtzIiBmcmFtZWJvcmRlcj0iMCI+PC9pZnJhbWU+[\/vc_raw_html]<\/div><\/div><\/div><\/div><\/section><section class=\"l-section wpb_row height_medium color_alternate\"><div class=\"l-section-h i-cf\"><div class=\"g-cols vc_row via_grid cols_1 laptops-cols_inherit tablets-cols_inherit mobiles-cols_1 valign_top type_default stacking_default\"><div class=\"wpb_column vc_column_container us_custom_85e5d920\"><div class=\"vc_column-inner\"><h2 class=\"w-text us_custom_f4bafe71\"><span class=\"w-text-h\"><span class=\"w-text-value\">Browserleaks.com Hakk\u0131nda S\u0131k\u00e7a Sorulan Sorular<\/span><\/span><\/h2><div class=\"w-tabs us_custom_ebbdc731 free-tools_faq_container style_default switch_click accordion type_togglable has_scrolling\" style=\"--sections-title-size:inherit\"><div class=\"w-tabs-sections titles-align_none icon_plus cpos_right\"><div class=\"w-tabs-section\" id=\"u43b\" itemscope itemprop=\"mainEntity\" itemtype=\"https:\/\/schema.org\/Question\"><button class=\"w-tabs-section-header\" aria-controls=\"content-u43b\" aria-expanded=\"false\"><h3 class=\"w-tabs-section-title\" itemprop=\"name\">Browserleaks nedir?<\/h3><div class=\"w-tabs-section-control\"><\/div><\/button><div  class=\"w-tabs-section-content\" id=\"content-u43b\" itemscope itemprop=\"acceptedAnswer\" itemtype=\"https:\/\/schema.org\/Answer\"><div class=\"w-tabs-section-content-h i-cf\" itemprop=\"text\"><div class=\"wpb_text_column\"><div class=\"wpb_wrapper\"><p>browserleaks.com, web taray\u0131c\u0131n\u0131z\u0131n g\u00fcvenlik ve gizlilik y\u00f6nlerini de\u011ferlendirmek i\u00e7in tasarlanm\u0131\u015f bir dizi ara\u00e7 sunan bir platformdur. Bu ara\u00e7lar, web sitelerinin ki\u015fisel verilerinize yetkisiz eri\u015fim sa\u011flamak i\u00e7in kullanabilece\u011fi \u00e7e\u015fitli g\u00fcvenlik a\u00e7\u0131klar\u0131n\u0131 tespit etmek i\u00e7in haz\u0131rlanm\u0131\u015ft\u0131r. De\u011ferlendirmeler webRTC, WebGL ve DNS s\u0131z\u0131nt\u0131lar\u0131 i\u00e7in kontrollerin yan\u0131 s\u0131ra taray\u0131c\u0131n\u0131z\u0131n \u015fifreleme protokollerinin de\u011ferlendirilmesini de i\u00e7erir. Platform, \u00e7evrimi\u00e7i g\u00fcvenlik ve gizlilik konusunda endi\u015fe duyan bireyler i\u00e7in de\u011ferli bir kaynak olarak hizmet vermekte ve taray\u0131c\u0131lar\u0131n\u0131n ki\u015fisel bilgilerin kas\u0131ts\u0131z olarak if\u015fa edilmesi riskini en aza indirecek \u015fekilde yap\u0131land\u0131r\u0131ld\u0131\u011f\u0131na dair g\u00fcvence sa\u011flamaktad\u0131r.<\/p>\n<\/div><\/div><\/div><\/div><\/div><div class=\"w-tabs-section\" id=\"e504\" itemscope itemprop=\"mainEntity\" itemtype=\"https:\/\/schema.org\/Question\"><button class=\"w-tabs-section-header\" aria-controls=\"content-e504\" aria-expanded=\"false\"><h3 class=\"w-tabs-section-title\" itemprop=\"name\">Ibrowserleaks.com g\u00fcvenli mi?<\/h3><div class=\"w-tabs-section-control\"><\/div><\/button><div  class=\"w-tabs-section-content\" id=\"content-e504\" itemscope itemprop=\"acceptedAnswer\" itemtype=\"https:\/\/schema.org\/Answer\"><div class=\"w-tabs-section-content-h i-cf\" itemprop=\"text\"><div class=\"wpb_text_column\"><div class=\"wpb_wrapper\"><p>Kesinlikle, browserleaks.com g\u00fcvenli bir platformdur. Ara\u00e7lar\u0131n\u0131 kullanmak i\u00e7in hi\u00e7bir ki\u015fisel bilgi gerekmez ve platform herhangi bir kullan\u0131c\u0131 verisi toplamaz. Bununla birlikte, belirli ara\u00e7 etkinliklerinin antivir\u00fcs yaz\u0131l\u0131mlar\u0131ndan veya taray\u0131c\u0131lardan gelen g\u00fcvenlik uyar\u0131lar\u0131n\u0131 tetikleyebilece\u011fini unutmamak \u00e7ok \u00f6nemlidir. Bu uyar\u0131lar, k\u00f6t\u00fc niyetli varl\u0131klar taraf\u0131ndan istismar edilebilecek faaliyetlerin sim\u00fclasyonlar\u0131ndan kaynaklanmaktad\u0131r. \u00d6nlem olarak, browserleaks.com&#8217;daki ara\u00e7lar\u0131 kullan\u0131rken antivir\u00fcs veya g\u00fcvenlik yaz\u0131l\u0131m\u0131n\u0131 ge\u00e7ici olarak devre d\u0131\u015f\u0131 b\u0131rakman\u0131z \u00f6nerilir.<\/p>\n<\/div><\/div><\/div><\/div><\/div><div class=\"w-tabs-section\" id=\"v5a9\" itemscope itemprop=\"mainEntity\" itemtype=\"https:\/\/schema.org\/Question\"><button class=\"w-tabs-section-header\" aria-controls=\"content-v5a9\" aria-expanded=\"false\"><h3 class=\"w-tabs-section-title\" itemprop=\"name\">Kanvas parmak izi nedir?<\/h3><div class=\"w-tabs-section-control\"><\/div><\/button><div  class=\"w-tabs-section-content\" id=\"content-v5a9\" itemscope itemprop=\"acceptedAnswer\" itemtype=\"https:\/\/schema.org\/Answer\"><div class=\"w-tabs-section-content-h i-cf\" itemprop=\"text\"><div class=\"wpb_text_column\"><div class=\"wpb_wrapper\"><p>Kanvas parmak izi, web taray\u0131c\u0131lar\u0131n\u0131n grafik ve yaz\u0131 tipi olu\u015fturma gibi benzersiz \u00f6zelliklerinden yararlanarak internet \u00fczerinden kullan\u0131c\u0131lar\u0131 izlemek i\u00e7in web siteleri taraf\u0131ndan kullan\u0131lan bir y\u00f6ntemdir. Bu, cihaz\u0131n\u0131z\u0131n dijital bir parmak izini olu\u015fturarak \u00e7erez silme veya VPN kullan\u0131m\u0131ndan sonra bile \u00e7evrimi\u00e7i etkinliklerinizi izlemeye olanak tan\u0131r. Reklamverenler tuval parmak izini genellikle ki\u015fiselle\u015ftirilmi\u015f reklamlar i\u00e7in kullan\u0131rken, k\u00f6t\u00fc niyetli akt\u00f6rler bunu tan\u0131mlama ve izleme i\u00e7in k\u00f6t\u00fcye kullanabilir. BrowserLeaks, tuval parmak izini test etmek i\u00e7in bir ara\u00e7 sa\u011flayarak kullan\u0131c\u0131lar\u0131n taray\u0131c\u0131lar\u0131n\u0131n bu tekni\u011fe duyarl\u0131 olup olmad\u0131\u011f\u0131n\u0131 belirlemelerine olanak tan\u0131r.<\/p>\n<\/div><\/div><\/div><\/div><\/div><div class=\"w-tabs-section\" id=\"d653\" itemscope itemprop=\"mainEntity\" itemtype=\"https:\/\/schema.org\/Question\"><button class=\"w-tabs-section-header\" aria-controls=\"content-d653\" aria-expanded=\"false\"><h3 class=\"w-tabs-section-title\" itemprop=\"name\">IP Adresim Nedir?<\/h3><div class=\"w-tabs-section-control\"><\/div><\/button><div  class=\"w-tabs-section-content\" id=\"content-d653\" itemscope itemprop=\"acceptedAnswer\" itemtype=\"https:\/\/schema.org\/Answer\"><div class=\"w-tabs-section-content-h i-cf\" itemprop=\"text\"><div class=\"wpb_text_column\"><div class=\"wpb_wrapper\"><p>IP adresiniz, internete ba\u011fland\u0131\u011f\u0131n\u0131zda cihaz\u0131n\u0131za atanan ay\u0131rt edici bir tan\u0131mlay\u0131c\u0131d\u0131r. Cihaz\u0131n\u0131z ile internet \u00fczerindeki di\u011fer cihazlar aras\u0131ndaki ileti\u015fimi kolayla\u015ft\u0131rarak veri al\u0131\u015fveri\u015fini m\u00fcmk\u00fcn k\u0131lar. Ayr\u0131ca, IP adresiniz genel konum ayr\u0131nt\u0131lar\u0131n\u0131 ve internet servis sa\u011flay\u0131c\u0131n\u0131zla ilgili bilgileri if\u015fa edebilir.<br \/>\nBrowserLeaks, mevcut IP adresinizi g\u00f6r\u00fcnt\u00fcleyen ve yakla\u015f\u0131k konumunuz ve \u0130SS ad\u0131n\u0131z gibi ek bilgiler sunan bir ara\u00e7 i\u00e7erir. Bu bilgiler, a\u011f sorunlar\u0131n\u0131 ele almak ve internet ba\u011flant\u0131n\u0131z\u0131n g\u00fcvenli\u011fini de\u011ferlendirmek i\u00e7in faydal\u0131d\u0131r.<\/p>\n<\/div><\/div><\/div><\/div><\/div><div class=\"w-tabs-section\" id=\"n6e3\" itemscope itemprop=\"mainEntity\" itemtype=\"https:\/\/schema.org\/Question\"><button class=\"w-tabs-section-header\" aria-controls=\"content-n6e3\" aria-expanded=\"false\"><h3 class=\"w-tabs-section-title\" itemprop=\"name\">Nas\u0131l \u00c7al\u0131\u015f\u0131r?<\/h3><div class=\"w-tabs-section-control\"><\/div><\/button><div  class=\"w-tabs-section-content\" id=\"content-n6e3\" itemscope itemprop=\"acceptedAnswer\" itemtype=\"https:\/\/schema.org\/Answer\"><div class=\"w-tabs-section-content-h i-cf\" itemprop=\"text\"><div class=\"wpb_text_column\"><div class=\"wpb_wrapper\"><p>BrowserLeaks, taray\u0131c\u0131lar\u0131n\u0131n g\u00fcvenlik ve gizlilik ayarlar\u0131n\u0131 de\u011ferlendirmek isteyen bireyler i\u00e7in k\u00f6t\u00fc niyetli varl\u0131klar taraf\u0131ndan istismar edilebilecek potansiyel g\u00fcvenlik a\u00e7\u0131klar\u0131n\u0131 belirleyen paha bi\u00e7ilmez bir kaynak olarak hizmet vermektedir. Sa\u011flanan ara\u00e7lar ve testler sayesinde kullan\u0131c\u0131lar \u00e7evrimi\u00e7i g\u00fcvenliklerini ve gizliliklerini art\u0131rabilir, ki\u015fisel bilgilerini yetkisiz eri\u015fime kar\u015f\u0131 koruyabilirler.<\/p>\n<\/div><\/div><\/div><\/div><\/div><\/div><\/div><\/div><\/div><\/div><\/div><\/section>\n","protected":false},"excerpt":{"rendered":"BrowserleaksIP adresi gizlili\u011fini kontrol etmek i\u00e7in alternatif ara\u00e7lar[vc_raw_html]PGlmcmFtZSBjbGFzcz0iZnJhbWVfY29udGFpbmVyIiBzcmM9Imh0dHBzOi8vaXBoZXkuY29tL2xlYWtzIiBmcmFtZWJvcmRlcj0iMCI+PC9pZnJhbWU+[\/vc_raw_html]Browserleaks.com Hakk\u0131nda S\u0131k\u00e7a Sorulan SorularBrowserleaks nedir?browserleaks.com, web taray\u0131c\u0131n\u0131z\u0131n g\u00fcvenlik ve gizlilik y\u00f6nlerini de\u011ferlendirmek i\u00e7in tasarlanm\u0131\u015f bir dizi ara\u00e7 sunan bir platformdur. Bu ara\u00e7lar, web sitelerinin ki\u015fisel verilerinize yetkisiz eri\u015fim sa\u011flamak i\u00e7in kullanabilece\u011fi \u00e7e\u015fitli g\u00fcvenlik a\u00e7\u0131klar\u0131n\u0131 tespit etmek i\u00e7in haz\u0131rlanm\u0131\u015ft\u0131r. De\u011ferlendirmeler webRTC, WebGL ve DNS s\u0131z\u0131nt\u0131lar\u0131 i\u00e7in kontrollerin yan\u0131...","protected":false},"author":6,"featured_media":4626,"parent":0,"menu_order":0,"comment_status":"closed","ping_status":"closed","template":"","meta":{"footnotes":""},"class_list":["post-4625","page","type-page","status-publish","has-post-thumbnail","hentry"],"_links":{"self":[{"href":"https:\/\/gobrowser.com\/tr\/wp-json\/wp\/v2\/pages\/4625","targetHints":{"allow":["GET"]}}],"collection":[{"href":"https:\/\/gobrowser.com\/tr\/wp-json\/wp\/v2\/pages"}],"about":[{"href":"https:\/\/gobrowser.com\/tr\/wp-json\/wp\/v2\/types\/page"}],"author":[{"embeddable":true,"href":"https:\/\/gobrowser.com\/tr\/wp-json\/wp\/v2\/users\/6"}],"replies":[{"embeddable":true,"href":"https:\/\/gobrowser.com\/tr\/wp-json\/wp\/v2\/comments?post=4625"}],"version-history":[{"count":4,"href":"https:\/\/gobrowser.com\/tr\/wp-json\/wp\/v2\/pages\/4625\/revisions"}],"predecessor-version":[{"id":5150,"href":"https:\/\/gobrowser.com\/tr\/wp-json\/wp\/v2\/pages\/4625\/revisions\/5150"}],"wp:featuredmedia":[{"embeddable":true,"href":"https:\/\/gobrowser.com\/tr\/wp-json\/wp\/v2\/media\/4626"}],"wp:attachment":[{"href":"https:\/\/gobrowser.com\/tr\/wp-json\/wp\/v2\/media?parent=4625"}],"curies":[{"name":"wp","href":"https:\/\/api.w.org\/{rel}","templated":true}]}}