{"id":4621,"date":"2023-11-28T15:15:08","date_gmt":"2023-11-28T15:15:08","guid":{"rendered":"https:\/\/gobrowser.com\/amiunique"},"modified":"2024-02-01T15:46:16","modified_gmt":"2024-02-01T15:46:16","slug":"amiunique","status":"publish","type":"page","link":"https:\/\/gobrowser.com\/tr\/amiunique\/","title":{"rendered":"Amiunique"},"content":{"rendered":"<section class=\"l-section wpb_row us_custom_fa07e175 height_medium width_custom\" style=\"--site-content-width:880px;\"><div class=\"l-section-h i-cf\"><div class=\"g-cols vc_row via_grid cols_1 laptops-cols_inherit tablets-cols_inherit mobiles-cols_1 valign_top type_default stacking_default\"><div class=\"wpb_column vc_column_container\"><div class=\"vc_column-inner\"><h1 class=\"w-post-elm post_title us_custom_19737bc8 align_center entry-title color_link_inherit\">Amiunique<\/h1><h2 class=\"w-text us_custom_0af4ab6f has_text_color\"><span class=\"w-text-h\"><span class=\"w-text-value\">Amiunique ile taray\u0131c\u0131n\u0131z\u0131n benzersiz bir parmak izine sahip olup olmad\u0131\u011f\u0131n\u0131 kontrol edin<\/span><\/span><\/h2><\/div><\/div><\/div><\/div><\/section><section class=\"l-section wpb_row us_custom_74e68c3f height_medium\"><div class=\"l-section-h i-cf\"><div class=\"g-cols vc_row via_grid cols_1 laptops-cols_inherit tablets-cols_inherit mobiles-cols_1 valign_top type_default stacking_default\"><div class=\"wpb_column vc_column_container us_custom_6853e49b\"><div class=\"vc_column-inner\">[vc_raw_html]PGlmcmFtZSBjbGFzcz0iZnJhbWVfY29udGFpbmVyIiBzcmM9Imh0dHBzOi8vaXBoZXkuY29tLyIgZnJhbWVib3JkZXI9IjAiPjwvaWZyYW1lPg==[\/vc_raw_html]<\/div><\/div><\/div><\/div><\/section><section class=\"l-section wpb_row height_medium color_alternate\"><div class=\"l-section-h i-cf\"><div class=\"g-cols vc_row via_grid cols_1 laptops-cols_inherit tablets-cols_inherit mobiles-cols_1 valign_top type_default stacking_default\"><div class=\"wpb_column vc_column_container us_custom_85e5d920\"><div class=\"vc_column-inner\"><h2 class=\"w-text us_custom_f4bafe71\"><span class=\"w-text-h\"><span class=\"w-text-value\">Amiunique.org Hakk\u0131nda S\u0131k\u00e7a Sorulan Sorular<\/span><\/span><\/h2><div class=\"w-tabs us_custom_ebbdc731 free-tools_faq_container style_default switch_click accordion type_togglable has_scrolling\" style=\"--sections-title-size:inherit\"><div class=\"w-tabs-sections titles-align_none icon_plus cpos_right\"><div class=\"w-tabs-section\" id=\"a655\" itemscope itemprop=\"mainEntity\" itemtype=\"https:\/\/schema.org\/Question\"><button class=\"w-tabs-section-header\" aria-controls=\"content-a655\" aria-expanded=\"false\"><h3 class=\"w-tabs-section-title\" itemprop=\"name\">AmIUnique nedir?<\/h3><div class=\"w-tabs-section-control\"><\/div><\/button><div  class=\"w-tabs-section-content\" id=\"content-a655\" itemscope itemprop=\"acceptedAnswer\" itemtype=\"https:\/\/schema.org\/Answer\"><div class=\"w-tabs-section-content-h i-cf\" itemprop=\"text\"><div class=\"wpb_text_column\"><div class=\"wpb_wrapper\"><p>AmIUnique, internetin u\u00e7suz bucaks\u0131z manzaras\u0131nda taray\u0131c\u0131n\u0131z\u0131n ay\u0131rt edici kimli\u011fini ortaya \u00e7\u0131karmak i\u00e7in haz\u0131rlanm\u0131\u015f yenilik\u00e7i bir \u00e7evrimi\u00e7i ara\u00e7t\u0131r. Dijital bir parmak izi olu\u015fturmak i\u00e7in \u00e7e\u015fitli taray\u0131c\u0131 \u00f6zniteliklerini kullan\u0131r ve taray\u0131c\u0131n\u0131zla ili\u015fkili benzersizlik ve potansiyel izlenebilirlik d\u00fczeyine \u0131\u015f\u0131k tutar.<\/p>\n<\/div><\/div><\/div><\/div><\/div><div class=\"w-tabs-section\" id=\"i73e\" itemscope itemprop=\"mainEntity\" itemtype=\"https:\/\/schema.org\/Question\"><button class=\"w-tabs-section-header\" aria-controls=\"content-i73e\" aria-expanded=\"false\"><h3 class=\"w-tabs-section-title\" itemprop=\"name\">AmIUnique nas\u0131l \u00e7al\u0131\u015f\u0131r?<\/h3><div class=\"w-tabs-section-control\"><\/div><\/button><div  class=\"w-tabs-section-content\" id=\"content-i73e\" itemscope itemprop=\"acceptedAnswer\" itemtype=\"https:\/\/schema.org\/Answer\"><div class=\"w-tabs-section-content-h i-cf\" itemprop=\"text\"><div class=\"wpb_text_column\"><div class=\"wpb_wrapper\"><p>AmIUnique, siteyi ziyaretiniz s\u0131ras\u0131nda taray\u0131c\u0131n\u0131zdan bir dizi veri toplayarak \u00e7al\u0131\u015f\u0131r. Bu veriler, taray\u0131c\u0131 t\u00fcr\u00fcn\u00fcz, s\u00fcr\u00fcm\u00fcn\u00fcz, i\u015fletim sisteminiz, ekran \u00e7\u00f6z\u00fcn\u00fcrl\u00fc\u011f\u00fcn\u00fcz, saat diliminiz ve daha fazlas\u0131 hakk\u0131ndaki ayr\u0131nt\u0131lar\u0131 kapsar. Bu \u00f6zelliklerin titiz bir analizi sayesinde AmIUnique, taray\u0131c\u0131n\u0131z\u0131n di\u011ferlerine k\u0131yasla benzersizli\u011finin derecesini de\u011ferlendirir.<\/p>\n<\/div><\/div><\/div><\/div><\/div><div class=\"w-tabs-section\" id=\"d808\" itemscope itemprop=\"mainEntity\" itemtype=\"https:\/\/schema.org\/Question\"><button class=\"w-tabs-section-header\" aria-controls=\"content-d808\" aria-expanded=\"false\"><h3 class=\"w-tabs-section-title\" itemprop=\"name\">AmIUnique taray\u0131c\u0131 parmak izi almada etkili mi?<\/h3><div class=\"w-tabs-section-control\"><\/div><\/button><div  class=\"w-tabs-section-content\" id=\"content-d808\" itemscope itemprop=\"acceptedAnswer\" itemtype=\"https:\/\/schema.org\/Answer\"><div class=\"w-tabs-section-content-h i-cf\" itemprop=\"text\"><div class=\"wpb_text_column\"><div class=\"wpb_wrapper\"><p>AmIUnique, ayr\u0131nt\u0131l\u0131 bir parmak izi olu\u015fturmak i\u00e7in kapsaml\u0131 bir parametre setinden yararlanarak taray\u0131c\u0131 parmak izinde \u00f6ne \u00e7\u0131k\u0131yor. Kullan\u0131c\u0131 Arac\u0131n\u0131z, HTTP_ACCEPT \u00dcstbilgileri, Taray\u0131c\u0131 Eklentisi Ayr\u0131nt\u0131lar\u0131, Saat Dilimi, Ekran \u00c7\u00f6z\u00fcn\u00fcrl\u00fc\u011f\u00fc ve Derinli\u011fi, Sistem Yaz\u0131 Tipleri ve daha fazlas\u0131 hakk\u0131nda bilgi toplar. Bu kapsaml\u0131 veri toplama, UniqueFingerprint&#8217;in taray\u0131c\u0131 parmak izi i\u00e7in g\u00fcvenilir ve etkili bir ara\u00e7 oldu\u011funu ortaya koymaktad\u0131r.<\/p>\n<\/div><\/div><\/div><\/div><\/div><div class=\"w-tabs-section\" id=\"c8c8\" itemscope itemprop=\"mainEntity\" itemtype=\"https:\/\/schema.org\/Question\"><button class=\"w-tabs-section-header\" aria-controls=\"content-c8c8\" aria-expanded=\"false\"><h3 class=\"w-tabs-section-title\" itemprop=\"name\">AmIUnique&apos;i nas\u0131l kullanabilirim?<\/h3><div class=\"w-tabs-section-control\"><\/div><\/button><div  class=\"w-tabs-section-content\" id=\"content-c8c8\" itemscope itemprop=\"acceptedAnswer\" itemtype=\"https:\/\/schema.org\/Answer\"><div class=\"w-tabs-section-content-h i-cf\" itemprop=\"text\"><div class=\"wpb_text_column\"><div class=\"wpb_wrapper\"><p>\u00d6ncelikle bir e\u011fitim arac\u0131 olarak konumland\u0131r\u0131lan AmIUnique, taray\u0131c\u0131 parmak izi ve \u00e7evrimi\u00e7i gizlilik konusunda fark\u0131ndal\u0131\u011f\u0131 art\u0131rmay\u0131 ama\u00e7lamaktad\u0131r. Sundu\u011fu bilgiler, bireylerin internetteki taray\u0131c\u0131lar\u0131n\u0131n potansiyel izlenebilirli\u011fini anlamalar\u0131n\u0131 sa\u011flayarak gizliliklerini g\u00fc\u00e7lendirmek i\u00e7in proaktif ad\u0131mlar atmalar\u0131na olanak tan\u0131r.<\/p>\n<\/div><\/div><\/div><\/div><\/div><div class=\"w-tabs-section\" id=\"o988\" itemscope itemprop=\"mainEntity\" itemtype=\"https:\/\/schema.org\/Question\"><button class=\"w-tabs-section-header\" aria-controls=\"content-o988\" aria-expanded=\"false\"><h3 class=\"w-tabs-section-title\" itemprop=\"name\">AmIUnique taray\u0131c\u0131 parmak izi ile engellenebilir mi?<\/h3><div class=\"w-tabs-section-control\"><\/div><\/button><div  class=\"w-tabs-section-content\" id=\"content-o988\" itemscope itemprop=\"acceptedAnswer\" itemtype=\"https:\/\/schema.org\/Answer\"><div class=\"w-tabs-section-content-h i-cf\" itemprop=\"text\"><div class=\"wpb_text_column\"><div class=\"wpb_wrapper\"><p>AmIUnique&#8217;in taray\u0131c\u0131 parmak izi yeteneklerinin tamamen engellenmesi, kapsaml\u0131 veri \u00e7\u0131kar\u0131m\u0131 nedeniyle zor olsa da, baz\u0131 \u00f6nlemler direnci art\u0131rabilir. Gizlilik odakl\u0131 taray\u0131c\u0131 eklentileri, JavaScript&#8217;in devre d\u0131\u015f\u0131 b\u0131rak\u0131lmas\u0131 ve \u00e7erezlerin ve di\u011fer saklanan site verilerinin d\u00fczenli olarak temizlenmesi \u00f6nerilir. Ancak, bu eylemlerin belirli web sitelerinin i\u015flevselli\u011fini etkileyebilece\u011fini unutmamak \u00e7ok \u00f6nemlidir.<\/p>\n<\/div><\/div><\/div><\/div><\/div><\/div><\/div><\/div><\/div><\/div><\/div><\/section>\n","protected":false},"excerpt":{"rendered":"AmiuniqueAmiunique ile taray\u0131c\u0131n\u0131z\u0131n benzersiz bir parmak izine sahip olup olmad\u0131\u011f\u0131n\u0131 kontrol edin[vc_raw_html]PGlmcmFtZSBjbGFzcz0iZnJhbWVfY29udGFpbmVyIiBzcmM9Imh0dHBzOi8vaXBoZXkuY29tLyIgZnJhbWVib3JkZXI9IjAiPjwvaWZyYW1lPg==[\/vc_raw_html]Amiunique.org Hakk\u0131nda S\u0131k\u00e7a Sorulan SorularAmIUnique nedir?AmIUnique, internetin u\u00e7suz bucaks\u0131z manzaras\u0131nda taray\u0131c\u0131n\u0131z\u0131n ay\u0131rt edici kimli\u011fini ortaya \u00e7\u0131karmak i\u00e7in haz\u0131rlanm\u0131\u015f yenilik\u00e7i bir \u00e7evrimi\u00e7i ara\u00e7t\u0131r. Dijital bir parmak izi olu\u015fturmak i\u00e7in \u00e7e\u015fitli taray\u0131c\u0131 \u00f6zniteliklerini kullan\u0131r ve taray\u0131c\u0131n\u0131zla ili\u015fkili benzersizlik ve potansiyel izlenebilirlik d\u00fczeyine \u0131\u015f\u0131k tutar. AmIUnique nas\u0131l...","protected":false},"author":6,"featured_media":4622,"parent":0,"menu_order":0,"comment_status":"closed","ping_status":"closed","template":"","meta":{"footnotes":""},"class_list":["post-4621","page","type-page","status-publish","has-post-thumbnail","hentry"],"_links":{"self":[{"href":"https:\/\/gobrowser.com\/tr\/wp-json\/wp\/v2\/pages\/4621","targetHints":{"allow":["GET"]}}],"collection":[{"href":"https:\/\/gobrowser.com\/tr\/wp-json\/wp\/v2\/pages"}],"about":[{"href":"https:\/\/gobrowser.com\/tr\/wp-json\/wp\/v2\/types\/page"}],"author":[{"embeddable":true,"href":"https:\/\/gobrowser.com\/tr\/wp-json\/wp\/v2\/users\/6"}],"replies":[{"embeddable":true,"href":"https:\/\/gobrowser.com\/tr\/wp-json\/wp\/v2\/comments?post=4621"}],"version-history":[{"count":4,"href":"https:\/\/gobrowser.com\/tr\/wp-json\/wp\/v2\/pages\/4621\/revisions"}],"predecessor-version":[{"id":5137,"href":"https:\/\/gobrowser.com\/tr\/wp-json\/wp\/v2\/pages\/4621\/revisions\/5137"}],"wp:featuredmedia":[{"embeddable":true,"href":"https:\/\/gobrowser.com\/tr\/wp-json\/wp\/v2\/media\/4622"}],"wp:attachment":[{"href":"https:\/\/gobrowser.com\/tr\/wp-json\/wp\/v2\/media?parent=4621"}],"curies":[{"name":"wp","href":"https:\/\/api.w.org\/{rel}","templated":true}]}}