{"id":4615,"date":"2023-12-05T14:30:54","date_gmt":"2023-12-05T14:30:54","guid":{"rendered":"https:\/\/gobrowser.com\/about-gobrowser"},"modified":"2024-02-01T15:38:06","modified_gmt":"2024-02-01T15:38:06","slug":"about-gobrowser","status":"publish","type":"page","link":"https:\/\/gobrowser.com\/tr\/about-gobrowser\/","title":{"rendered":"Gobrowser Hakk\u0131nda"},"content":{"rendered":"<section class=\"l-section wpb_row us_custom_fa07e175 height_medium\"><div class=\"l-section-h i-cf\"><div class=\"g-cols vc_row via_grid cols_1 laptops-cols_inherit tablets-cols_inherit mobiles-cols_1 valign_top type_default stacking_default\"><div class=\"wpb_column vc_column_container\"><div class=\"vc_column-inner\"><h1 class=\"w-post-elm post_title us_custom_d9d2068f align_center entry-title color_link_inherit\">Gobrowser Hakk\u0131nda<\/h1><div class=\"w-video us_custom_7bc2d3b7 hide_on_default hide_on_laptops hide_on_tablets hide_on_mobiles align_center ratio_16x9 has_border_radius has_iframe\"><div class=\"w-video-h\"><iframe title=\"Youtube video player\" src=\"\/\/www.youtube.com\/embed\/GLpv-9ZuEfM?origin=https:\/\/gobrowser.com\/tr\/\" allowfullscreen=\"1\" loading=\"lazy\"><\/iframe><\/div><div class=\"w-video-icon\" style=\"font-size:1.5rem;background:rgba(0,0,0,0.5);color:#fff\"><\/div><\/div><div class=\"w-btn-wrapper align_center\"><a class=\"w-btn us-btn-style_4\" href=\"https:\/\/app.gobrowser.com\/#\/sign_up\"><span class=\"w-btn-label\">Gobrowser \u0130ndir<\/span><\/a><\/div><\/div><\/div><\/div><\/div><\/section><section class=\"l-section wpb_row about-content height_small width_custom\" style=\"--site-content-width:980px;\"><div class=\"l-section-h i-cf\"><div class=\"g-cols vc_row via_grid cols_1 laptops-cols_inherit tablets-cols_inherit mobiles-cols_1 valign_top type_default stacking_default\"><div class=\"wpb_column vc_column_container\"><div class=\"vc_column-inner\"><h2 class=\"w-text\"><span class=\"w-text-h\"><span class=\"w-text-value\">Biz ne yap\u0131yoruz<\/span><\/span><\/h2><div class=\"wpb_text_column\"><div class=\"wpb_wrapper\"><p><a href=\"\/\">Gobrowser<\/a>, dijital parmak izinizi de\u011fi\u015ftirerek \u00e7evrimi\u00e7i kimli\u011finizi korumak ve y\u00f6netmek i\u00e7in tasarlanm\u0131\u015f sofistike bir ara\u00e7t\u0131r. \u00c7evrimi\u00e7i parametrelerinizi etkili bir \u015fekilde gizleyerek ger\u00e7ek bir internet kimli\u011fi taklit etmenize olanak tan\u0131r. Bu \u00f6zellikle doland\u0131r\u0131c\u0131l\u0131kla m\u00fccadele mekanizmalar\u0131ndan ka\u00e7mak i\u00e7in kullan\u0131\u015fl\u0131d\u0131r.<\/p>\n<p><a href=\"\/\">Gobrowser<\/a> ile, her biri benzersiz dijital parmak izine sahip \u00e7ok say\u0131da profili verimli bir \u015fekilde olu\u015fturabilir ve koruyabilirsiniz. Bu, bu profillerin kesi\u015fmemesini sa\u011flayarak web sitelerinin hesaplar\u0131n\u0131z\u0131 yasaklamas\u0131n\u0131 \u00f6nler. Bu \u00f6zellik, \u00e7e\u015fitli \u00e7evrimi\u00e7i etkinlikler i\u00e7in son derece faydal\u0131d\u0131r.<\/p>\n<\/div><\/div><\/div><\/div><\/div><\/div><\/section><section class=\"l-section wpb_row about-content height_medium width_custom\" style=\"--site-content-width:980px;\"><div class=\"l-section-h i-cf\"><div class=\"g-cols vc_row via_grid cols_1 laptops-cols_inherit tablets-cols_inherit mobiles-cols_1 valign_top type_default stacking_default\"><div class=\"wpb_column vc_column_container\"><div class=\"vc_column-inner\"><h4 class=\"w-text us_custom_739fff69\"><span class=\"w-text-h\"><span class=\"w-text-value\">Di\u011fer \u00f6zellikler:<\/span><\/span><\/h4><div class=\"wpb_text_column\"><div class=\"wpb_wrapper\"><p>Bu yaz\u0131l\u0131m, sat\u0131\u015f ortakl\u0131\u011f\u0131 pazarlamas\u0131n\u0131 y\u00fckselterek daha k\u00e2rl\u0131 ve verimli hale getirir. \u00c7ift\u00e7ilik ve \u00e7oklu muhasebe s\u00fcrecini basitle\u015ftirerek bu g\u00f6revleri zahmetsiz hale getirir. Ayr\u0131ca GoBrowser, hesap bilgilerini ve proxy&#8217;leri g\u00fcvenli bir \u015fekilde payla\u015fman\u0131za ve veri ihlallerini riske atmadan ekip \u00fcyelerine g\u00f6revler ataman\u0131za olanak tan\u0131yarak ekip i\u015fbirli\u011fini kolayla\u015ft\u0131r\u0131r.<\/p>\n<p>Forumlar ve bloglar genellikle ola\u011fand\u0131\u015f\u0131 kullan\u0131c\u0131 faaliyetlerini izler ve kara listeleri payla\u015f\u0131r. IP adresiniz bu listelerde g\u00f6r\u00fcn\u00fcyorsa, birden fazla platformda yasaklanma riskiyle kar\u015f\u0131 kar\u015f\u0131ya kal\u0131rs\u0131n\u0131z. GoBrowser, profillerinizin her birinin farkl\u0131 ve ba\u011flant\u0131s\u0131z olmas\u0131n\u0131 sa\u011flayarak bu sorunu \u00e7\u00f6zer.<\/p>\n<p>GoBrowser, SMM ajanslar\u0131 i\u00e7in de paha bi\u00e7ilmez bir de\u011ferdir. Her ekip \u00fcyesi i\u00e7in \u00f6zelle\u015ftirilebilir eri\u015fim haklar\u0131 ile bulutta s\u0131n\u0131rs\u0131z profilin olu\u015fturulmas\u0131na ve y\u00f6netilmesine olanak tan\u0131r. \u00c7al\u0131\u015fanlar m\u00fc\u015fteri hesap verilerine do\u011frudan eri\u015fmedi\u011finden, bu durum gizlilik anla\u015fmalar\u0131na olan ihtiyac\u0131 ortadan kald\u0131r\u0131r. Yaz\u0131l\u0131m\u0131n benzersiz dijital parmak izi olu\u015fturma \u00f6zelli\u011fi, farkl\u0131 cihazlardan giri\u015f yap\u0131ld\u0131\u011f\u0131nda hesap yasaklamalar\u0131n\u0131 \u00f6nler. Ayr\u0131ca, otomasyon \u00f6zellikleri toplu takip, be\u011fenme ve di\u011fer eylemleri destekler.<\/p>\n<p>E-ticaret i\u00e7in GoBrowser, birden fazla farkl\u0131 hesab\u0131n g\u00fcvenli bir \u015fekilde \u00e7al\u0131\u015fmas\u0131n\u0131 sa\u011flar. Bu, Amazon, Ebay, Alibaba veya Shopify gibi platformlar i\u00e7in \u00e7ok \u00f6nemlidir, \u00e7\u00fcnk\u00fc sat\u0131\u015f kesintilerini ve hesaplar\u0131n ask\u0131ya al\u0131nmas\u0131n\u0131 \u00f6nlemeye yard\u0131mc\u0131 olur.<\/p>\n<p>GoBrowser&#8217;\u0131n geli\u015fmi\u015f dijital parmak izi ayarlar\u0131, \u00e7evrimi\u00e7i ma\u011fazalar\u0131n\u0131z i\u00e7in ek bir g\u00fcvenlik katman\u0131 sa\u011flayarak e-ticaret platformlar\u0131n\u0131n yasaklar\u0131ndan etkilenmemelerini sa\u011flar. Bu \u015fekilde, i\u015finizi kaybetme korkusu olmadan sat\u0131\u015flar\u0131n\u0131z\u0131 ve gelirinizi etkili bir \u015fekilde ikiye katlayabilirsiniz.<\/p>\n<\/div><\/div><\/div><\/div><\/div><\/div><\/section><section class=\"l-section wpb_row height_large color_alternate\"><div class=\"l-section-h i-cf\"><div class=\"g-cols vc_row via_grid cols_1 laptops-cols_inherit tablets-cols_inherit mobiles-cols_1 valign_top type_default stacking_default\"><div class=\"wpb_column vc_column_container\"><div class=\"vc_column-inner\"><h2 class=\"w-text us_custom_44ce96d9\"><span class=\"w-text-h\"><span class=\"w-text-value\">Haberlerde Gobrowser<\/span><\/span><\/h2><div class=\"wpb_text_column us_custom_8a9be9ba\"><div class=\"wpb_wrapper\"><p>&#8220;GoBrowser inan\u0131lmaz bir platform. \u0130htiyac\u0131n\u0131z olan her \u015fey burada. G\u00fczel destekleri, makul fiyatland\u0131rma planlar\u0131 var, ayr\u0131ca 7 g\u00fcnl\u00fck \u00fccretsiz deneme sunuyorlar. Yaz\u0131l\u0131m\u0131n kullan\u0131m\u0131 da kolay. Peki, ne i\u00e7in bekliyorsunuz? GoBrowser&#8217;\u0131 hemen al\u0131n.&#8221; &#8211; Affiliate Bay<\/p>\n<\/div><\/div><div class=\"wpb_text_column us_custom_8a9be9ba\"><div class=\"wpb_wrapper\"><p>&#8220;Normal taray\u0131c\u0131larla kar\u015f\u0131la\u015ft\u0131r\u0131ld\u0131\u011f\u0131nda GoBrowser a\u00e7\u0131k ara \u00f6nde. Y\u00fczlerce hesap sat\u0131n almak i\u00e7in uygun fiyatlar\u0131 kullan\u0131c\u0131lar i\u00e7in b\u00fcy\u00fck bir avantaj. Profiller aras\u0131nda ge\u00e7i\u015f yapmak sadece birka\u00e7 basit t\u0131klamayla ger\u00e7ekle\u015fiyor ve \u00e7evrimi\u00e7i \u00e7al\u0131\u015f\u0131rken zaman kazand\u0131r\u0131yor.&#8221; &#8211; VC<\/p>\n<\/div><\/div><div class=\"wpb_text_column us_custom_8a9be9ba\"><div class=\"wpb_wrapper\"><p>&#8220;GoBrowser hizmeti \u00e7oklu muhasebe kavram\u0131nda devrim yaratt\u0131. Bu yaz\u0131l\u0131m, farkl\u0131 profiller aras\u0131ndaki ge\u00e7i\u015fi kolayla\u015ft\u0131rmak i\u00e7in geli\u015ftirildi. Art\u0131k ge\u00e7i\u015f yapmak i\u00e7in yeni veri girmek veya ba\u015fka bir taray\u0131c\u0131 penceresi a\u00e7mak gerekmiyor.&#8221; &#8211; proxys.io<\/p>\n<\/div><\/div><div class=\"w-btn-wrapper align_center\"><a class=\"w-btn us-btn-style_4 us_custom_06416c71\" href=\"https:\/\/app.gobrowser.com\/#\/sign_up\"><span class=\"w-btn-label\">Gobrowser \u0130ndir<\/span><\/a><\/div><\/div><\/div><\/div><\/div><\/section>\n","protected":false},"excerpt":{"rendered":"Gobrowser Hakk\u0131ndaGobrowser \u0130ndirBiz ne yap\u0131yoruzGobrowser, dijital parmak izinizi de\u011fi\u015ftirerek \u00e7evrimi\u00e7i kimli\u011finizi korumak ve y\u00f6netmek i\u00e7in tasarlanm\u0131\u015f sofistike bir ara\u00e7t\u0131r. \u00c7evrimi\u00e7i parametrelerinizi etkili bir \u015fekilde gizleyerek ger\u00e7ek bir internet kimli\u011fi taklit etmenize olanak tan\u0131r. Bu \u00f6zellikle doland\u0131r\u0131c\u0131l\u0131kla m\u00fccadele mekanizmalar\u0131ndan ka\u00e7mak i\u00e7in kullan\u0131\u015fl\u0131d\u0131r. Gobrowser ile, her biri benzersiz dijital parmak izine sahip \u00e7ok say\u0131da profili verimli bir...","protected":false},"author":6,"featured_media":0,"parent":0,"menu_order":0,"comment_status":"closed","ping_status":"closed","template":"","meta":{"footnotes":""},"class_list":["post-4615","page","type-page","status-publish","hentry"],"_links":{"self":[{"href":"https:\/\/gobrowser.com\/tr\/wp-json\/wp\/v2\/pages\/4615","targetHints":{"allow":["GET"]}}],"collection":[{"href":"https:\/\/gobrowser.com\/tr\/wp-json\/wp\/v2\/pages"}],"about":[{"href":"https:\/\/gobrowser.com\/tr\/wp-json\/wp\/v2\/types\/page"}],"author":[{"embeddable":true,"href":"https:\/\/gobrowser.com\/tr\/wp-json\/wp\/v2\/users\/6"}],"replies":[{"embeddable":true,"href":"https:\/\/gobrowser.com\/tr\/wp-json\/wp\/v2\/comments?post=4615"}],"version-history":[{"count":9,"href":"https:\/\/gobrowser.com\/tr\/wp-json\/wp\/v2\/pages\/4615\/revisions"}],"predecessor-version":[{"id":5124,"href":"https:\/\/gobrowser.com\/tr\/wp-json\/wp\/v2\/pages\/4615\/revisions\/5124"}],"wp:attachment":[{"href":"https:\/\/gobrowser.com\/tr\/wp-json\/wp\/v2\/media?parent=4615"}],"curies":[{"name":"wp","href":"https:\/\/api.w.org\/{rel}","templated":true}]}}