{"id":4094,"date":"2023-11-08T10:14:03","date_gmt":"2023-11-08T10:14:03","guid":{"rendered":"https:\/\/gobrowser.com\/bedingungen"},"modified":"2024-01-15T17:14:26","modified_gmt":"2024-01-15T17:14:26","slug":"terms","status":"publish","type":"page","link":"https:\/\/gobrowser.com\/de\/terms\/","title":{"rendered":"Bedingungen"},"content":{"rendered":"<section class=\"l-section wpb_row us_custom_586e6168 height_medium\"><div class=\"l-section-h i-cf\"><div class=\"g-cols vc_row via_grid cols_1 laptops-cols_inherit tablets-cols_inherit mobiles-cols_1 valign_top type_default stacking_default\"><div class=\"wpb_column vc_column_container\"><div class=\"vc_column-inner\"><h1 class=\"w-text us_custom_42ed9aea\"><span class=\"w-text-h\"><span class=\"w-text-value\">Bedingungen der Dienstleistung<\/span><\/span><\/h1><\/div><\/div><\/div><\/div><\/section><section class=\"l-section wpb_row us_custom_46af50d2 height_medium\"><div class=\"l-section-h i-cf\"><div class=\"g-cols vc_row via_grid cols_1 laptops-cols_inherit tablets-cols_inherit mobiles-cols_1 valign_top type_default stacking_default\"><div class=\"wpb_column vc_column_container\"><div class=\"vc_column-inner\"><div class=\"wpb_text_column us_custom_a545cdbd\"><div class=\"wpb_wrapper\"><p>Diese Software Subscription Service (SaaS)-Vereinbarung (die &#8222;Vereinbarung&#8220;) legt die Verpflichtungen und Bedingungen zwischen Ihnen (&#8222;Kunde&#8220;) und GoBrowser (der &#8222;Provider&#8220;) fest, die sich auf Ihre Nutzung der hier definierten Dienste beziehen. Bitte lesen Sie diese Vereinbarung sorgf\u00e4ltig durch. Ihre Nutzung der Dienste setzt ausdr\u00fccklich voraus, dass Sie diese Vereinbarung akzeptieren.<\/p>\n<p><strong>Erw\u00e4gungsgr\u00fcnde<\/strong><\/p>\n<ol>\n<li>Der Provider ist Eigent\u00fcmer einer bestimmten propriet\u00e4ren Computersoftware, die als GoBrowser bekannt ist und zur Erstellung mehrerer Benutzerkonten auf Websites verwendet wird.<\/li>\n<li>Der Provider bietet und verkauft Abonnements f\u00fcr Abonnenten f\u00fcr den Zugriff auf und die Nutzung der Software \u00fcber app.gobrowser.com und Gobrowser.com oder eine andere Website, die den Abonnenten von Zeit zu Zeit mitgeteilt wird (die &#8222;Dienste&#8220;).<\/li>\n<li>Der Kunde m\u00f6chte die Dienste f\u00fcr interne Zwecke des Kunden nutzen, einschlie\u00dflich der Erstellung von Profilen auf verschiedenen Websites durch Kunden sowie der Nutzung von Proxy-Diensten gem\u00e4\u00df den dargelegten Bestimmungen und Bedingungen.<\/li>\n<li>Der Provider ist bereit, den Zugang zu den Diensten f\u00fcr den internen Gesch\u00e4ftsgebrauch des Kunden gem\u00e4\u00df den hier dargelegten Bedingungen zu erm\u00f6glichen.<\/li>\n<li>Der Provider und der Kunde best\u00e4tigen und vereinbaren, dass diese Vereinbarung sofort an dem Tag in Kraft tritt, an dem der Kunde das Symbol &#8222;Ich stimme zu&#8220; unten anklickt (das &#8222;Datum des Inkrafttretens&#8220;) JETZT, in Anbetracht der hierin enthaltenen gegenseitigen Versprechen und anderer guter und wertvoller Gegenleistungen, vereinbaren die Parteien Folgendes:<\/li>\n<\/ol>\n<hr \/>\n<ol>\n<li>Software-Abonnement.\n<ol>\n<li>Der Provider gew\u00e4hrt dem Kunden ein beschr\u00e4nktes, nicht ausschlie\u00dfliches und nicht \u00fcbertragbares Recht, auf die Dienste zuzugreifen und sie zu nutzen und autorisierten Nutzern zu gestatten, auf die Dienste zuzugreifen und sie ausschlie\u00dflich f\u00fcr interne Gesch\u00e4ftszwecke des Kunden zu nutzen. Die Dienste d\u00fcrfen vom Kunden oder von autorisierten Nutzern nicht f\u00fcr oder im Namen von Dritten genutzt werden, die nicht im Rahmen dieses Vertrags autorisiert sind. Der Kunde wird sich nach besten Kr\u00e4ften bem\u00fchen, sicherzustellen, dass die autorisierten Nutzer die Dienste in \u00dcbereinstimmung mit den Bestimmungen und Bedingungen dieses Vertrags nutzen. Der Kunde erkennt an, dass sein Recht, die Dienste zu nutzen, ausschlie\u00dflich webbasiert gem\u00e4\u00df den Bedingungen dieses Vertrags ist und dass die Software nicht auf Servern oder anderen Computerger\u00e4ten installiert wird, die dem Kunden geh\u00f6ren oder von ihm kontrolliert werden oder dem Kunden anderweitig zur Verf\u00fcgung gestellt werden.<\/li>\n<li>Die Nutzung der Dienste durch den Kunden oder einen autorisierten Benutzer gem\u00e4\u00df dieser Vereinbarung unterliegt allen Endbenutzervereinbarungen, Nutzungsbedingungen und\/oder Datenschutzrichtlinien, die f\u00fcr Gobrowser.com oder jede andere Website gelten, die f\u00fcr den Zugriff auf die Dienste verwendet wird.<\/li>\n<li>Alle zwischen dem Anbieter und dem Kunden gef\u00fchrten Verhandlungen sind privat, der Kunde darf private Verhandlungen nicht mit anderen Kunden teilen. Der Provider beh\u00e4lt sich das Recht vor, eine Verhandlung aus beliebigen Gr\u00fcnden ohne Vorank\u00fcndigung abzubrechen, auch wenn festgestellt wird, dass der Kunde gegen diesen Abschnitt versto\u00dfen hat.<\/li>\n<\/ol>\n<\/li>\n<li>Erstattungspolitik und Entsch\u00e4digung bei Serviceausfall.<\/li>\n<li>Erstattungen:\n<ol>\n<li>Der Kunde hat Anspruch auf R\u00fcckerstattung des Geldes innerhalb von 14 Tagen nach dem Kauf eines Abonnements.<\/li>\n<li>Erstattungsantr\u00e4ge werden innerhalb von 5 Werktagen intern bearbeitet.<\/li>\n<li>Wenn eine R\u00fcckerstattung erfolgt ist, trifft sie normalerweise innerhalb von 3-14 Tagen ein, kann aber aufgrund von Verz\u00f6gerungen durch Dritte l\u00e4nger dauern. Der Anbieter haftet nicht f\u00fcr Verz\u00f6gerungen bei der Zahlungsabwicklung durch Dritte.<\/li>\n<li>Der Anbieter beh\u00e4lt sich das Recht vor, R\u00fcckerstattungen f\u00fcr K\u00e4ufe in Kryptow\u00e4hrungen abzulehnen.<\/li>\n<\/ol>\n<\/li>\n<li>Dienstausf\u00e4lle:\n<ol>\n<li>Im Falle eines Ausfalls des Dienstes wird eine Entsch\u00e4digung in Form von zus\u00e4tzlicher Abonnementzeit geleistet, die dem Konto gutgeschrieben wird. Die H\u00f6he der Entsch\u00e4digung entspricht entweder dem Umfang der entstandenen Ausfallzeit oder ist h\u00f6her, je nach Entscheidung der GoBrowser-Mitarbeiter.<\/li>\n<li>Wir gew\u00e4hren nur Entsch\u00e4digungen f\u00fcr Ausf\u00e4lle, die durch Probleme auf unserer Seite verursacht wurden, die nicht mit der normalen Wartung zusammenh\u00e4ngen. Dazu geh\u00f6ren unter anderem unerwartete Leistungsschw\u00e4chen oder -ausf\u00e4lle im Backend, Stromausf\u00e4lle, Schwankungen in unseren Netzen usw.<\/li>\n<li>Anspr\u00fcche auf Entsch\u00e4digung f\u00fcr die Unterbrechung des Dienstes m\u00fcssen innerhalb von vierzehn (14) Tagen nach dem Ereignis an support@gobrowser.com gesendet werden. Die E-Mail sollte Folgendes enthalten: Ihren Antrag auf R\u00fcckerstattung, das Datum und die Uhrzeit, eine detaillierte Beschreibung des Vorfalls und Ihre Kontaktinformationen.<\/li>\n<li>Alle nicht ausdr\u00fccklich genannten F\u00e4lle werden von den Mitarbeitern von GoBrowser von Fall zu Fall entschieden.<\/li>\n<\/ol>\n<\/li>\n<li>Rechte an geistigem Eigentum\n<ol>\n<li>Der Kunde erkennt an, dass alle Rechte, Titel und Interessen an den Diensten und der Software, zusammen mit ihren Codes, Sequenzen, abgeleiteten Werken, ihrer Organisation, Struktur, Schnittstellen, jeglicher Dokumentation, Daten, Handelsnamen, Marken oder anderen damit verbundenen Materialien (zusammen das &#8222;geistige Eigentum des Providers&#8220;), das alleinige und ausschlie\u00dfliche Eigentum des Providers sind und zu jeder Zeit bleiben werden. Das geistige Eigentum des Providers enth\u00e4lt Gesch\u00e4ftsgeheimnisse und gesch\u00fctzte Informationen, die Eigentum des Providers sind und durch die Urheberrechtsgesetze der Vereinigten Staaten (und andere Gesetze zum Schutz des geistigen Eigentums) gesch\u00fctzt sind. Mit Ausnahme des Rechts zur Nutzung der Dienste, wie hierin ausdr\u00fccklich vorgesehen, gew\u00e4hrt dieser Vertrag dem Kunden keine Rechte an oder in Bezug auf Patente, Urheberrechte, Datenbankrechte, Gesch\u00e4ftsgeheimnisse, Handelsnamen, Marken (ob eingetragen oder nicht) oder andere Rechte oder Lizenzen in Bezug auf die Dienste oder die Software.<\/li>\n<li>Der Kunde darf weder versuchen noch direkt oder indirekt zulassen, dass ein autorisierter Benutzer oder ein Dritter versucht, die Dienste und\/oder die Software ganz oder teilweise zu kopieren, zu modifizieren, zu vervielf\u00e4ltigen, abgeleitete Werke davon zu erstellen, zu rahmen, zu spiegeln, neu zu ver\u00f6ffentlichen, zur\u00fcckzukompilieren, zu disassemblieren, zur\u00fcckzuentwickeln, herunterzuladen, zu \u00fcbertragen oder zu verteilen, gleichg\u00fcltig in welcher Form oder auf welchem Medium oder mit welchen Mitteln.<\/li>\n<\/ol>\n<\/li>\n<li>Abonnementgeb\u00fchr\/Minimale monatliche Kosten\/Preisgestaltung.\n<ol>\n<li>Der Kunde zahlt dem Provider die aufgelaufenen Kosten f\u00fcr die Dienste f\u00fcr die Dauer, die der Kunde auf der Anmeldeseite f\u00fcr diesen Vertrag angegeben und vereinbart hat. Der Kunde erkl\u00e4rt sich mit der Annahme dieser Vereinbarung mit den auf Gobrowser.com dargelegten Preisbedingungen einverstanden. (Siehe https:\/\/gobrowser.com\/de\/pricing)<\/li>\n<li>Die Abonnementgeb\u00fchr f\u00fcr den ersten Abonnementzeitraum (das unmittelbare Datum nach dem 7-t\u00e4gigen Testzeitraum bis zum letzten Tag des Monats) ist bei Beginn der Laufzeit dieses Vertrags am Tag des Inkrafttretens am ersten Tag des Folgemonats zu zahlen. Die Abonnementgeb\u00fchr f\u00fcr alle nachfolgenden Abonnementzeitr\u00e4ume w\u00e4hrend der Laufzeit dieses Vertrages ist an den Provider am ersten Tag jedes nachfolgenden Abonnementzeitraums gem\u00e4\u00df Unterabschnitt d unten zu zahlen.<\/li>\n<li>Der Betrag der Abonnementgeb\u00fchr enth\u00e4lt keine anwendbaren Steuern. Der Kunde ist f\u00fcr alle anfallenden Steuern verantwortlich.<\/li>\n<li>Der Kunde muss dem Provider eine g\u00fcltige Kreditkarte oder eine andere akzeptable Zahlungsmethode zur Verf\u00fcgung stellen und alle notwendigen Schritte unternehmen, um die automatische Zahlung der Abonnementgeb\u00fchr und der Servicekosten zu autorisieren. Mit der Zustimmung zu dieser Vereinbarung erm\u00e4chtigt der Kunde den Provider, die genannte Zahlungsmethode automatisch f\u00fcr alle Abonnementzeitr\u00e4ume w\u00e4hrend der Laufzeit dieser Vereinbarung zu berechnen. Sollte aus irgendeinem Grund die automatische Zahlung verweigert werden, so ist der Kunde verpflichtet, innerhalb von f\u00fcnf (5) Tagen nach der Benachrichtigung durch den Provider die entsprechende Abonnementgeb\u00fchr und alle f\u00fcr die Nutzung des Abonnements anfallenden Kosten zu zahlen.<\/li>\n<li>Alle zus\u00e4tzlichen Zahlungsbedingungen zwischen dem Provider und dem Kunden sind schriftlich zu vereinbaren und in einer Rechnung, einer Abrechnungsvereinbarung oder einem anderen schriftlichen Dokument festzuhalten.<\/li>\n<\/ol>\n<\/li>\n<li>Zug\u00e4nglichkeit\/Leistung\n<ol>\n<li>Der Provider beh\u00e4lt sich das Recht vor, die Website, die Dienste oder den Browser (oder Teile bzw. Inhalte davon) ohne vorherige Ank\u00fcndigung vor\u00fcbergehend oder dauerhaft zu \u00e4ndern, auszusetzen oder einzustellen. Der Provider beh\u00e4lt sich das Recht vor, den Zugang zur Website, zu den Diensten oder zum Browser jederzeit und aus beliebigen Gr\u00fcnden zu verweigern. Erkl\u00e4rungen zu den Gr\u00fcnden f\u00fcr die Aussetzung oder Verweigerung des Zugangs k\u00f6nnen je nach den Umst\u00e4nden gegeben oder nicht gegeben werden und k\u00f6nnen vom Provider nicht verlangt werden.<\/li>\n<li>Der Provider unternimmt wirtschaftlich vertretbare Anstrengungen, um die Dienste w\u00e4hrend der Vertragslaufzeit rund um die Uhr (vierundzwanzig Stunden pro Tag, sieben Tage pro Woche) zur Verf\u00fcgung zu stellen, au\u00dfer in folgenden F\u00e4llen (i) planm\u00e4\u00dfige Systemsicherungen oder andere laufende Wartungsarbeiten, die vom Provider ben\u00f6tigt und im Voraus geplant werden, oder (ii) unvorhergesehene Ursachen, die au\u00dferhalb der zumutbaren Kontrolle des Providers liegen, einschlie\u00dflich, aber nicht beschr\u00e4nkt auf Ausf\u00e4lle von Internetdienstanbietern oder Kommunikationsnetzen, Denial-of-Service-Angriffe oder \u00e4hnliche Angriffe oder Ereignisse h\u00f6herer Gewalt, die in diesem Vertrag aufgef\u00fchrt sind.<\/li>\n<li>Der Provider \u00fcberwacht die Leistungsindikatoren der Systeme und der Netzinfrastruktur (seiner eigenen und der von Drittanbietern), um die Gesamtleistung seiner Hosting-Dienste zu beurteilen, und ergreift angemessene Ma\u00dfnahmen, um die Systeme und die Netzinfrastruktur zu verbessern, wenn dies zur Aufrechterhaltung einer zufriedenstellenden Leistung der Software erforderlich ist.<\/li>\n<li>Der Provider beh\u00e4lt sich ferner das Recht vor, die Nutzung der Dienste durch den Kunden zu \u00fcberwachen und in angemessener Weise einzuschr\u00e4nken, wenn der Kunde \u00fcberm\u00e4\u00dfig viele Computerressourcen nutzt, die die Leistung der Dienste f\u00fcr andere Abonnenten beeintr\u00e4chtigen.<\/li>\n<\/ol>\n<\/li>\n<li>Wartung und Unterst\u00fctzung\n<ol>\n<li>Der Provider ist verpflichtet, die Software und\/oder die Dienste zu warten und alle Patches und Korrekturen f\u00fcr die Software und\/oder die Dienste ohne zus\u00e4tzliche Kosten bereitzustellen, vorausgesetzt, dass diese Wartung keine gr\u00f6\u00dferen Releases neuer Versionen der Software, zus\u00e4tzliche Funktionen oder benutzerdefinierte Programmierung umfasst, die der Provider nach eigenem Ermessen zu zus\u00e4tzlichen Kosten bereitstellen kann, wie zwischen den Parteien vereinbart.<\/li>\n<li>Der Provider haftet weder gegen\u00fcber dem Kunden noch gegen\u00fcber Dritten f\u00fcr \u00c4nderungen, Preis\u00e4nderungen, Aussetzungen oder Unterbrechungen der Website, des Dienstes, des Browsers oder des Inhalts.<\/li>\n<\/ol>\n<\/li>\n<\/ol>\n<hr \/>\n<p><strong>Begriff<\/strong><\/p>\n<p>Die Laufzeit dieser Vereinbarung beginnt am Tag des Inkrafttretens und dauert bis zu ihrer K\u00fcndigung gem\u00e4\u00df den Bestimmungen dieser Vereinbarung. Der Kunde w\u00e4hlt, ob die Laufzeit aus j\u00e4hrlichen oder monatlichen Zeitr\u00e4umen (jeweils ein &#8222;Abonnementzeitraum&#8220;) besteht. Der Vertrag verl\u00e4ngert sich automatisch f\u00fcr nachfolgende Abonnementzeitr\u00e4ume, es sei denn, eine der Parteien teilt mindestens f\u00fcnfzehn (15) Tage vor Ablauf des aktuellen Abonnementzeitraums schriftlich mit, dass sie den Vertrag nicht verl\u00e4ngern m\u00f6chte, oder k\u00fcndigt den Vertrag anderweitig gem\u00e4\u00df den Bestimmungen dieses Vertrags. Bei Beendigung dieser Vereinbarung aus irgendeinem Grund enden alle dem Kunden gew\u00e4hrten Rechte und Abonnements sofort, und der Kunde stellt die Nutzung der Dienste ein und verbietet den autorisierten Nutzern die Nutzung der Dienste.<\/p>\n<p><strong>Standard<\/strong><\/p>\n<p>Der Kunde befindet sich in Verzug mit diesem Vertrag, wenn er eine Zahlung bei F\u00e4lligkeit nicht leistet und diesen Verzug nicht innerhalb von f\u00fcnf (5) Tagen nach Erhalt einer schriftlichen Mitteilung des Providers behebt. Zus\u00e4tzlich zu dem im vorigen Satz beschriebenen Versto\u00df gegen die finanziellen Verpflichtungen befindet sich eine der beiden Parteien in Verzug mit dieser Vereinbarung, wenn sie eine wesentliche Verletzung dieser Vereinbarung begeht und diese Verletzung nicht innerhalb von f\u00fcnfzehn (15) Tagen nach Erhalt einer schriftlichen Mitteilung der nicht verletzenden Partei behebt. Befindet sich eine Partei in Verzug, kann die nicht vertragsbr\u00fcchige Partei diesen Vertrag k\u00fcndigen oder alle anderen gesetzlich oder nach Billigkeitsrecht verf\u00fcgbaren Rechtsbehelfe in Anspruch nehmen, sofern in diesem Vertrag nichts anderes vorgesehen ist. Verst\u00f6\u00dft der Kunde gegen die Bestimmungen dieses Vertrags oder versucht er, sie zu verletzen, so hat der Provider neben anderen m\u00f6glichen Rechtsbehelfen das Recht, einen solchen Versto\u00df oder den Versuch eines solchen Versto\u00dfes durch eine einstweilige Verf\u00fcgung zu unterbinden, wobei der Kunde hiermit anerkennt, dass alle Rechtsbehelfe unzureichend sind.<\/p>\n<p><strong>Vertraulichkeit<\/strong><\/p>\n<ol>\n<li>Zus\u00e4tzlich zu den Anforderungen in Bezug auf das geistige Eigentum des Providers, wie sie in Abschnitt 2 dieser Vereinbarung dargelegt sind, und ohne diese in irgendeiner Weise einzuschr\u00e4nken, muss der Kunde alle angemessenen Anstrengungen unternehmen (jedoch in keinem Fall weniger als die Anstrengungen, die er zum Schutz seiner eigenen gesch\u00fctzten Informationen \u00e4hnlicher Art unternimmt), um alle gesch\u00fctzten, vertraulichen und\/oder nicht \u00f6ffentlichen Informationen zu sch\u00fctzen, die sich auf die Software, die Dienstleistungen, die finanziellen, beruflichen und\/oder sonstigen gesch\u00e4ftlichen Angelegenheiten des Providers und diese Vereinbarung beziehen oder in irgendeiner Weise damit verbunden sind (die &#8222;vertraulichen Informationen&#8220;).<\/li>\n<li>Der Kunde darf die vertraulichen Informationen nicht ohne die vorherige schriftliche Zustimmung des Providers weitergeben oder ver\u00f6ffentlichen.<\/li>\n<li>Der Kunde ist verpflichtet, sich in angemessener Weise zu bem\u00fchen (jedoch in keinem Fall weniger als zum Schutz seiner eigenen gesch\u00fctzten Informationen \u00e4hnlicher Art), die vertraulichen Informationen weder zu seinem eigenen Vorteil noch zum Vorteil einer anderen Person, eines Dritten, einer Firma oder eines Unternehmens in einer Weise offenzulegen und zu nutzen, die mit dem Zweck dieser Vereinbarung nicht vereinbar ist.<\/li>\n<li>Die hierin enthaltene Vertraulichkeits- und Geheimhaltungsvereinbarung l\u00e4uft f\u00fcnf (5) Jahre nach Beendigung dieses Abkommens aus. e. Die Beschr\u00e4nkungen der Offenlegung gelten nicht f\u00fcr Informationen, die: (i) der \u00d6ffentlichkeit zum Zeitpunkt der Offenlegung allgemein zug\u00e4nglich sind oder der \u00d6ffentlichkeit zu einem sp\u00e4teren Zeitpunkt ohne Verschulden des Auftraggebers zug\u00e4nglich sind; (ii) dem Kunden bereits vor der Offenlegung im Rahmen dieser Vereinbarung bekannt waren; (iii) zu irgendeinem Zeitpunkt rechtm\u00e4\u00dfig von einem Dritten unter Umst\u00e4nden erlangt wurden, die ihre Verwendung oder Weitergabe an andere erlauben; oder (iv) die aufgrund von Gesetzen oder Gerichtsbeschl\u00fcssen offengelegt werden m\u00fcssen.<\/li>\n<\/ol>\n<p><strong>Eingeschr\u00e4nkte Garantie<\/strong><\/p>\n<p>Der Provider garantiert, dass er die Befugnis hat, das Abonnement f\u00fcr die dem Kunden im Rahmen dieses Vertrags gew\u00e4hrten Dienste zu erteilen. MIT AUSNAHME DER HIERIN DARGELEGTEN GARANTIE WERDEN DIE DIENSTE OHNE M\u00c4NGELGEW\u00c4HR BEREITGESTELLT, UND DER ANBIETER LEHNT JEGLICHE ANDERE GARANTIE, OB AUSDR\u00dcCKLICH ODER STILLSCHWEIGEND, AB, EINSCHLIESSLICH UND OHNE EINSCHR\u00c4NKUNG JEGLICHER STILLSCHWEIGENDEN GARANTIE DER MARKTG\u00c4NGIGKEIT ODER EIGNUNG F\u00dcR EINEN BESTIMMTEN ZWECK. Einschr\u00e4nkung von Rechtsmitteln und Haftung. Der Kunde erkl\u00e4rt, dass er die alleinige und vollst\u00e4ndige Verantwortung f\u00fcr Folgendes \u00fcbernimmt:<\/p>\n<ol class=\"letters\">\n<li>die Auswahl der Dienstleistungen, um die vom Kunden gew\u00fcnschten Ergebnisse zu erzielen;<\/li>\n<li>die Nutzung der Dienste;<\/li>\n<li>die mit den Dienstleistungen erzielten Ergebnisse; und<\/li>\n<li>die Bedingungen der Vertr\u00e4ge zwischen dem Kunden und den autorisierten Benutzern. Der Provider garantiert nicht, dass die Nutzung der Dienste durch den Kunden ununterbrochen oder fehlerfrei ist. Der Kunde darf keine Anspr\u00fcche gegen den Provider geltend machen, die auf Fahrl\u00e4ssigkeit, grober Fahrl\u00e4ssigkeit, Gef\u00e4hrdungshaftung, Betrug oder Falschdarstellung beruhen, und der Kunde muss den Provider gegen alle Forderungen oder Anspr\u00fcche verteidigen und ihn von allen Verlusten, Kosten, Ausgaben oder Sch\u00e4den, einschlie\u00dflich angemessener Anwaltsgeb\u00fchren, die direkt oder indirekt aus der Nutzung der Dienste durch den Kunden, der Nutzung der Dienste durch einen autorisierten Benutzer und\/oder einer Vereinbarung zwischen dem Kunden und einem autorisierten Benutzer, die auf den Diensten beruht oder in irgendeiner Weise damit zusammenh\u00e4ngt, entsch\u00e4digen und schadlos halten.<\/li>\n<\/ol>\n<p>IM GR\u00d6SSTM\u00d6GLICHEN GESETZLICH ZUL\u00c4SSIGEN UMFANG HAFTET DER ANBIETER UNTER KEINEN UMST\u00c4NDEN F\u00dcR BESONDERE, ZUF\u00c4LLIGE, INDIREKTE, FOLGE- ODER STRAFSCH\u00c4DEN, EXEMPLARISCHE SCH\u00c4DEN ODER SCH\u00c4DEN JEGLICHER ART (EINSCHLIESSLICH, ABER NICHT BESCHR\u00c4NKT AUF SCH\u00c4DEN AUS ENTGANGENEM GEWINN, GESCH\u00c4FTSUNTERBRECHUNG, VERLUST VON GESCH\u00c4FTSINFORMATIONEN ODER ANDEREN VERM\u00d6GENSSCH\u00c4DEN), DIE SICH AUS DER NUTZUNG ODER DER UNF\u00c4HIGKEIT ZUR NUTZUNG DER DIENSTE ERGEBEN, UNABH\u00c4NGIG DAVON, OB SIE AUF EINEM VERTRAG, EINER GARANTIE, EINER UNERLAUBTEN HANDLUNG, FAHRL\u00c4SSIGKEIT, VERSCHULDENSUNABH\u00c4NGIGER HAFTUNG ODER ANDERWEITIG BERUHEN, SELBST WENN DER ANBIETER AUF DIE M\u00d6GLICHKEIT SOLCHER SCH\u00c4DEN HINGEWIESEN WURDE.<\/p>\n<p>In jedem Fall haftet der Provider unter keinen Umst\u00e4nden f\u00fcr Verluste, Kosten, Ausgaben oder Sch\u00e4den des Kunden in einer H\u00f6he, die die vom Kunden f\u00fcr die vorangegangenen zw\u00f6lf (12) Monate tats\u00e4chlich an den Provider gezahlte Abonnementgeb\u00fchr \u00fcbersteigt.<\/p>\n<p><strong>Sonstiges<\/strong><\/p>\n<ol>\n<li>K\u00fcndigung und Forderungen. Mitteilungen, Aufforderungen oder andere Mitteilungen, die gem\u00e4\u00df dieser Vereinbarung von einer Partei an die andere zu richten sind, gelten als ausreichend, wenn sie per Einschreiben oder Einschreiben mit R\u00fcckschein versandt oder pers\u00f6nlich \u00fcbergeben werden. Sofern dem Provider nicht schriftlich etwas anderes mitgeteilt wird, ist die Adresse des Kunden f\u00fcr Benachrichtigungszwecke die Adresse des Kunden, die als Teil der Rechnungsdaten des Kunden angegeben wurde.<\/li>\n<li>Anwendbares Recht; Wahl des Forums. Diese Vereinbarung unterliegt ausschlie\u00dflich den Gesetzen des Staates Texas, ohne Ber\u00fccksichtigung der Grunds\u00e4tze des Kollisionsrechts. Alle Klagen im Rahmen oder im Zusammenhang mit diesem Abkommen sind ausschlie\u00dflich beim Bezirksgericht von Grayson County, Texas, anh\u00e4ngig zu machen. Die Parteien erkl\u00e4ren sich unwiderruflich damit einverstanden, dass der genannte Gerichtsstand f\u00fcr die Verhandlung und Entscheidung einer solchen Klage geeignet und zust\u00e4ndig ist.<\/li>\n<li>Einhaltung von Gesetzen. Der Kunde ist verpflichtet, die Dienste in \u00dcbereinstimmung mit allen geltenden lokalen, staatlichen und bundesstaatlichen Gesetzen zu nutzen.<\/li>\n<li>Rubriken. Die \u00dcberschriften der Abs\u00e4tze in diesem Abkommen dienen nur der \u00dcbersichtlichkeit und sind nicht Bestandteil des Abkommens und haben keinen Einfluss auf dessen Auslegung.<\/li>\n<li>Trennbarkeit. Sollte eine Bestimmung dieser Vereinbarung rechtswidrig, nichtig oder nicht durchsetzbar sein, bleiben die \u00fcbrigen Teile in vollem Umfang in Kraft und wirksam.<\/li>\n<li>Kein Verzicht. Die Verz\u00f6gerung oder das Vers\u00e4umnis einer Partei, ein Recht aus dieser Vereinbarung auszu\u00fcben oder im Falle eines Versto\u00dfes gegen diese Vereinbarung Ma\u00dfnahmen gegen die andere Partei zu ergreifen, stellt einen Verzicht auf dieses Recht oder ein anderes Recht oder auf einen solchen Versto\u00df oder k\u00fcnftige Verst\u00f6\u00dfe gegen diese Vereinbarung dar.<\/li>\n<li>Zuweisung. Der Kunde darf diesen Vertrag nicht abtreten oder \u00fcbertragen.<\/li>\n<li>Keine Partnerschaft oder Agentur. Keine der Bestimmungen dieser Vereinbarung zielt darauf ab, eine Partnerschaft zwischen den Parteien zu begr\u00fcnden oder eine Partei zu erm\u00e4chtigen, als Vertreter f\u00fcr die andere Partei zu handeln, und keine Partei ist befugt, im Namen oder im Auftrag der anderen Partei zu handeln oder die andere Partei in irgendeiner Weise zu binden.<\/li>\n<li>H\u00f6here Gewalt. Der Provider haftet nicht f\u00fcr Verz\u00f6gerungen oder Ausf\u00e4lle bei der Erf\u00fcllung von Teilen dieser Vereinbarung, soweit diese Verz\u00f6gerungen auf Ereignisse oder Umst\u00e4nde zur\u00fcckzuf\u00fchren sind, die au\u00dferhalb der Kontrolle des Providers liegen, einschlie\u00dflich, aber nicht beschr\u00e4nkt auf Feuer, \u00dcberschwemmung, Sturm, h\u00f6here Gewalt, Krieg, b\u00f6swillige Besch\u00e4digung, Ausfall eines Versorgungsdienstes oder eines Transport- oder Telekommunikationsnetzes.<\/li>\n<li>Vollst\u00e4ndiges Abkommen. Diese Vereinbarung stellt die gesamte Vereinbarung zwischen den Parteien in Bezug auf die Dienste dar und ersetzt alle vorherigen oder gleichzeitigen Absprachen oder Vereinbarungen, ob schriftlich oder m\u00fcndlich. Erg\u00e4nzungen oder \u00c4nderungen dieses Abkommens sind nur dann verbindlich, wenn sie in einem von ordnungsgem\u00e4\u00df bevollm\u00e4chtigten Vertretern der Parteien unterzeichneten Schriftst\u00fcck enthalten sind, das ausdr\u00fccklich auf dieses Abkommen und seine Absicht, es zu \u00e4ndern, Bezug nimmt. Das Unternehmen kann diese Vereinbarung jederzeit \u00e4ndern, ohne den Kunden davon in Kenntnis setzen zu m\u00fcssen, sofern dies gesetzlich zul\u00e4ssig ist.<\/li>\n<\/ol>\n<p>INDEM SIE AUF &#8222;ICH STIMME ZU&#8220; KLICKEN UND\/ODER EIN KONTO BEI HTTPS:\/\/GOBROWSER.COM ERSTELLEN UND\/ODER DIE SOFTWARE NUTZEN, BEST\u00c4TIGEN SIE, DASS SIE DIESE VEREINBARUNG GELESEN UND VERSTANDEN HABEN UND MIT DEN BEDINGUNGEN EINVERSTANDEN SIND. SIE ERKL\u00c4REN SICH FERNER DAMIT EINVERSTANDEN, DASS DIESE VEREINBARUNG \u00dcBER ALLEN WIDERSPR\u00dcCHLICHEN ODER NICHT \u00dcBEREINSTIMMENDEN BEDINGUNGEN STEHT, DIE IN BESTELLUNGEN, ANDEREN DOKUMENTEN, DIE DEM UNTERNEHMEN VON IHNEN ZUR VERF\u00dcGUNG GESTELLT WURDEN, ANDEREN DOKUMENTEN, DIE IHNEN VOM UNTERNEHMEN ZUR VERF\u00dcGUNG GESTELLT WURDEN, ODER IN VEREINBARUNGEN, DIE ZUVOR VON DEN PARTEIEN ABGESCHLOSSEN WURDEN, ENTHALTEN SIND, UND DIESE ERSETZT. WENN SIE MIT DEN BEDINGUNGEN DIESER VEREINBARUNG NICHT EINVERSTANDEN SIND, INSTALLIEREN ODER VERWENDEN SIE DIE SOFTWAREANWENDUNG UND\/ODER DIE DATEN NICHT UND VERLASSEN SIE DIESE JETZT.<\/p>\n<\/div><\/div><\/div><\/div><\/div><\/div><\/section>\n","protected":false},"excerpt":{"rendered":"Bedingungen der DienstleistungDiese Software Subscription Service (SaaS)-Vereinbarung (die &#8222;Vereinbarung&#8220;) legt die Verpflichtungen und Bedingungen zwischen Ihnen (&#8222;Kunde&#8220;) und GoBrowser (der &#8222;Provider&#8220;) fest, die sich auf Ihre Nutzung der hier definierten Dienste beziehen. Bitte lesen Sie diese Vereinbarung sorgf\u00e4ltig durch. Ihre Nutzung der Dienste setzt ausdr\u00fccklich voraus, dass Sie diese Vereinbarung akzeptieren. Erw\u00e4gungsgr\u00fcnde Der Provider ist...","protected":false},"author":2,"featured_media":0,"parent":0,"menu_order":0,"comment_status":"closed","ping_status":"closed","template":"","meta":{"footnotes":""},"class_list":["post-4094","page","type-page","status-publish","hentry"],"_links":{"self":[{"href":"https:\/\/gobrowser.com\/de\/wp-json\/wp\/v2\/pages\/4094","targetHints":{"allow":["GET"]}}],"collection":[{"href":"https:\/\/gobrowser.com\/de\/wp-json\/wp\/v2\/pages"}],"about":[{"href":"https:\/\/gobrowser.com\/de\/wp-json\/wp\/v2\/types\/page"}],"author":[{"embeddable":true,"href":"https:\/\/gobrowser.com\/de\/wp-json\/wp\/v2\/users\/2"}],"replies":[{"embeddable":true,"href":"https:\/\/gobrowser.com\/de\/wp-json\/wp\/v2\/comments?post=4094"}],"version-history":[{"count":8,"href":"https:\/\/gobrowser.com\/de\/wp-json\/wp\/v2\/pages\/4094\/revisions"}],"predecessor-version":[{"id":4267,"href":"https:\/\/gobrowser.com\/de\/wp-json\/wp\/v2\/pages\/4094\/revisions\/4267"}],"wp:attachment":[{"href":"https:\/\/gobrowser.com\/de\/wp-json\/wp\/v2\/media?parent=4094"}],"curies":[{"name":"wp","href":"https:\/\/api.w.org\/{rel}","templated":true}]}}