{"id":4088,"date":"2023-11-08T09:46:51","date_gmt":"2023-11-08T09:46:51","guid":{"rendered":"https:\/\/gobrowser.com\/datenschutz"},"modified":"2024-01-15T17:07:37","modified_gmt":"2024-01-15T17:07:37","slug":"privacy","status":"publish","type":"page","link":"https:\/\/gobrowser.com\/de\/privacy\/","title":{"rendered":"Datenschutz"},"content":{"rendered":"<section class=\"l-section wpb_row us_custom_586e6168 height_medium\"><div class=\"l-section-h i-cf\"><div class=\"g-cols vc_row via_grid cols_1 laptops-cols_inherit tablets-cols_inherit mobiles-cols_1 valign_top type_default stacking_default\"><div class=\"wpb_column vc_column_container\"><div class=\"vc_column-inner\"><h1 class=\"w-text us_custom_912c7e8d\"><span class=\"w-text-h\"><span class=\"w-text-value\">Hinweis zum Datenschutz<\/span><\/span><\/h1><\/div><\/div><\/div><\/div><\/section><section class=\"l-section wpb_row us_custom_46af50d2 height_medium\"><div class=\"l-section-h i-cf\"><div class=\"g-cols vc_row via_grid cols_1 laptops-cols_inherit tablets-cols_inherit mobiles-cols_1 valign_top type_default stacking_default\"><div class=\"wpb_column vc_column_container\"><div class=\"vc_column-inner\"><div class=\"wpb_text_column us_custom_a545cdbd\"><div class=\"wpb_wrapper\"><p>Diese Datenschutzerkl\u00e4rung gibt Auskunft \u00fcber die Datenschutzpraktiken f\u00fcr GoBrowser App. Diese Datenschutzerkl\u00e4rung bezieht sich ausschlie\u00dflich auf die von dieser Website erfassten Informationen. Sie wird Sie \u00fcber Folgendes informieren:<\/p>\n<ol>\n<li>Welche personenbezogenen Daten von Ihnen \u00fcber die Website erfasst werden, wie sie verwendet werden und an wen sie weitergegeben werden k\u00f6nnen.<\/li>\n<li>Welche Wahlm\u00f6glichkeiten Sie in Bezug auf die Verwendung Ihrer Daten haben.<\/li>\n<li>Die Sicherheitsverfahren, die zum Schutz vor Missbrauch Ihrer Daten eingesetzt werden.<\/li>\n<li>Wie Sie eventuelle Ungenauigkeiten in den Informationen korrigieren k\u00f6nnen.<\/li>\n<\/ol>\n<p><strong>Sammlung, Verwendung und Weitergabe von Informationen<\/strong><\/p>\n<p>Um diese Website nutzen zu k\u00f6nnen, muss der Nutzer zun\u00e4chst das Anmeldeformular ausf\u00fcllen. Bei der Registrierung wird der Nutzer aufgefordert, bestimmte Angaben zu machen (z. B. Name und E-Mail-Adresse). Diese Informationen werden verwendet, um Sie \u00fcber die Produkte\/Dienstleistungen auf unserer Website zu informieren, an denen Sie Interesse bekundet haben. Wenn Sie m\u00f6chten, k\u00f6nnen Sie auch demografische Informationen (wie Geschlecht oder Alter) \u00fcber sich selbst angeben, dies ist jedoch nicht erforderlich.<\/p>\n<p>Wir sind die alleinigen Eigent\u00fcmer der auf dieser Website gesammelten Informationen. Wir haben nur Zugang zu den Informationen, die Sie uns freiwillig per E-Mail oder \u00fcber einen anderen direkten Kontakt von Ihnen zur Verf\u00fcgung stellen. Wir werden diese Informationen nicht an Dritte verkaufen oder vermieten.<\/p>\n<p>Wir werden Ihre Daten verwenden, um Ihnen zu antworten und den Grund Ihrer Kontaktaufnahme zu nennen. Wir werden Ihre Daten nicht an Dritte au\u00dferhalb unserer Organisation weitergeben, es sei denn, dies ist notwendig, um Ihre Anfrage zu erf\u00fcllen, z. B. um eine Bestellung zu versenden, oder es ist gesetzlich vorgeschrieben.<\/p>\n<p>Sofern Sie uns nicht darum bitten, k\u00f6nnen wir Sie in Zukunft per E-Mail kontaktieren, um Sie \u00fcber Sonderangebote, neue Produkte oder Dienstleistungen oder \u00c4nderungen an dieser Datenschutzrichtlinie zu informieren.<\/p>\n<p><strong>Detaillierte Informationen \u00fcber die Verarbeitung personenbezogener Daten<\/strong><\/p>\n<p>Durch die Registrierung oder Authentifizierung erlauben die Benutzer GoBrowser, sie zu identifizieren und ihnen Zugang zu bestimmten Diensten zu geben.<\/p>\n<p>Je nach dem, was im Folgenden beschrieben wird, k\u00f6nnen Dritte Registrierungs- und Authentifizierungsdienste anbieten. In diesem Fall kann GoBrowser auf einige Daten zugreifen, die von diesen Diensten gespeichert werden:<\/p>\n<p><strong>Google API. Benutzerdaten-Politik<\/strong><\/p>\n<p>Google API ist ein von Google bereitgestellter Registrierungs- und Authentifizierungsdienst, der mit dem Google-Netzwerk verbunden ist.<\/p>\n<p>Gesammelte Benutzerdaten:<\/p>\n<ul>\n<li>E-Mails<\/li>\n<\/ul>\n<p>GoBrowser erh\u00e4lt E-Mails, um die beste Multiaccount-Arbeit zu leisten.<\/p>\n<p>Die gesammelten Informationen k\u00f6nnen vom GoBrowser-Team verwendet werden, um die Zwecke, f\u00fcr die GoBrowser verwendet wird, umzusetzen.<\/p>\n<p>Erfasste Informationen wie Passw\u00f6rter werden verschl\u00fcsselt und auf speziellen Servern gespeichert, damit Sie sicher arbeiten k\u00f6nnen.<\/p>\n<p>Andere in den E-Mails enthaltene Informationen werden nicht an Dritte weitergegeben und \u00fcberhaupt nicht verwendet.<\/p>\n<p>Die Sicherheit der E-Mails des Benutzers entspricht der Sicherheit aller anderen von GoBrowser verwendeten Informationen und wird weiter unten in der aktuellen Richtlinie beschrieben.<\/p>\n<p>GoBrowser ben\u00f6tigt keine Benutzerinformationen wie Login oder Passwort, um Zugriff auf die E-Mails des Benutzers zu erhalten. Benutzer genehmigen den Zugriff auf E-Mails f\u00fcr GoBrowser \u00fcber den Google Auth-Prozess. Der Nutzer kann die Genehmigung jederzeit widerrufen.<\/p>\n<p><strong>Ihr Zugang zu und Ihre Kontrolle \u00fcber Informationen<\/strong><\/p>\n<p>Sie k\u00f6nnen sich jederzeit gegen eine k\u00fcnftige Kontaktaufnahme durch uns entscheiden. Sie k\u00f6nnen sich jederzeit mit uns in Verbindung setzen, indem Sie unsere Support-Optionen auf unserer Website nutzen.<\/p>\n<p><strong>Sicherheit<\/strong><\/p>\n<p>Wir treffen Vorkehrungen zum Schutz Ihrer Daten. Wenn Sie sensible Informationen \u00fcber die Website \u00fcbermitteln, sind diese sowohl online als auch offline gesch\u00fctzt.<\/p>\n<p>Wo immer wir sensible Informationen (wie z. B. Kreditkartendaten) erfassen, werden diese Informationen verschl\u00fcsselt und auf sichere Weise an uns \u00fcbermittelt. Sie k\u00f6nnen dies \u00fcberpr\u00fcfen, indem Sie auf ein Schlosssymbol in der Adressleiste und auf &#8222;https&#8220; am Anfang der Adresse der Webseite achten.<\/p>\n<p>Wir haben separate verschl\u00fcsselte Server mit begrenztem Zugang. Wir \u00fcberwachen damit alle Transaktionen und halten unsere Software auf dem neuesten Stand.<\/p>\n<p>Wir verwenden eine Verschl\u00fcsselung, um vertrauliche Daten, die online \u00fcbertragen werden, zu sch\u00fctzen, aber wir sch\u00fctzen Ihre Daten auch offline. Nur Mitarbeiter, die die Informationen ben\u00f6tigen, um eine bestimmte Aufgabe zu erf\u00fcllen (z. B. Rechnungsstellung oder Kundendienst), erhalten Zugang zu personenbezogenen Daten. Die Computer\/Server, auf denen wir personenbezogene Daten speichern, befinden sich in einer sicheren Umgebung.<\/p>\n<p>Wenn Sie das Gef\u00fchl haben, dass wir uns nicht an diese Datenschutzrichtlinie halten, sollten Sie uns umgehend kontaktieren.<\/p>\n<\/div><\/div><\/div><\/div><\/div><\/div><\/section>\n","protected":false},"excerpt":{"rendered":"Hinweis zum DatenschutzDiese Datenschutzerkl\u00e4rung gibt Auskunft \u00fcber die Datenschutzpraktiken f\u00fcr GoBrowser App. Diese Datenschutzerkl\u00e4rung bezieht sich ausschlie\u00dflich auf die von dieser Website erfassten Informationen. Sie wird Sie \u00fcber Folgendes informieren: Welche personenbezogenen Daten von Ihnen \u00fcber die Website erfasst werden, wie sie verwendet werden und an wen sie weitergegeben werden k\u00f6nnen. Welche Wahlm\u00f6glichkeiten Sie in...","protected":false},"author":2,"featured_media":0,"parent":0,"menu_order":0,"comment_status":"closed","ping_status":"closed","template":"","meta":{"footnotes":""},"class_list":["post-4088","page","type-page","status-publish","hentry"],"_links":{"self":[{"href":"https:\/\/gobrowser.com\/de\/wp-json\/wp\/v2\/pages\/4088","targetHints":{"allow":["GET"]}}],"collection":[{"href":"https:\/\/gobrowser.com\/de\/wp-json\/wp\/v2\/pages"}],"about":[{"href":"https:\/\/gobrowser.com\/de\/wp-json\/wp\/v2\/types\/page"}],"author":[{"embeddable":true,"href":"https:\/\/gobrowser.com\/de\/wp-json\/wp\/v2\/users\/2"}],"replies":[{"embeddable":true,"href":"https:\/\/gobrowser.com\/de\/wp-json\/wp\/v2\/comments?post=4088"}],"version-history":[{"count":7,"href":"https:\/\/gobrowser.com\/de\/wp-json\/wp\/v2\/pages\/4088\/revisions"}],"predecessor-version":[{"id":4264,"href":"https:\/\/gobrowser.com\/de\/wp-json\/wp\/v2\/pages\/4088\/revisions\/4264"}],"wp:attachment":[{"href":"https:\/\/gobrowser.com\/de\/wp-json\/wp\/v2\/media?parent=4088"}],"curies":[{"name":"wp","href":"https:\/\/api.w.org\/{rel}","templated":true}]}}