{"id":4085,"date":"2023-11-28T11:52:45","date_gmt":"2023-11-28T11:52:45","guid":{"rendered":"https:\/\/gobrowser.com\/pixelscan"},"modified":"2024-01-04T13:43:05","modified_gmt":"2024-01-04T13:43:05","slug":"pixelscan","status":"publish","type":"page","link":"https:\/\/gobrowser.com\/de\/pixelscan\/","title":{"rendered":"Pixelscan"},"content":{"rendered":"<section class=\"l-section wpb_row us_custom_fa07e175 height_medium width_custom\" style=\"--site-content-width:880px;\"><div class=\"l-section-h i-cf\"><div class=\"g-cols vc_row via_grid cols_1 laptops-cols_inherit tablets-cols_inherit mobiles-cols_1 valign_top type_default stacking_default\"><div class=\"wpb_column vc_column_container\"><div class=\"vc_column-inner\"><h1 class=\"w-post-elm post_title us_custom_19737bc8 align_center entry-title color_link_inherit\">Pixelscan<\/h1><h2 class=\"w-text us_custom_0af4ab6f has_text_color\"><span class=\"w-text-h\"><span class=\"w-text-value\">Welche pers\u00f6nlichen Informationen sammeln Websites &#8211; Alternative Pixelscan<\/span><\/span><\/h2><\/div><\/div><\/div><\/div><\/section><section class=\"l-section wpb_row us_custom_8ecdd777 height_medium\"><div class=\"l-section-h i-cf\"><div class=\"g-cols vc_row via_grid cols_1 laptops-cols_inherit tablets-cols_inherit mobiles-cols_1 valign_top type_default stacking_default\"><div class=\"wpb_column vc_column_container us_custom_deb375e7\"><div class=\"vc_column-inner\">[vc_raw_html]PGlmcmFtZSBjbGFzcz0iZnJhbWVfY29udGFpbmVyIiBzcmM9Imh0dHBzOi8vaXBoZXkuY29tL2xlYWtzIiBmcmFtZWJvcmRlcj0iMCI+PC9pZnJhbWU+[\/vc_raw_html]<\/div><\/div><\/div><\/div><\/section><section class=\"l-section wpb_row height_medium color_alternate\"><div class=\"l-section-h i-cf\"><div class=\"g-cols vc_row via_grid cols_1 laptops-cols_inherit tablets-cols_inherit mobiles-cols_1 valign_top type_default stacking_default\"><div class=\"wpb_column vc_column_container us_custom_85e5d920\"><div class=\"vc_column-inner\"><h2 class=\"w-text us_custom_f4bafe71\"><span class=\"w-text-h\"><span class=\"w-text-value\">H\u00e4ufig gestellte Fragen \u00fcber Pixelscan.net<\/span><\/span><\/h2><div class=\"w-tabs us_custom_1df047ad free-tools_faq_container style_default switch_click accordion type_togglable has_scrolling\" style=\"--sections-title-size:inherit\"><div class=\"w-tabs-sections titles-align_none icon_chevron cpos_right\"><div class=\"w-tabs-section\" id=\"o314\"><button class=\"w-tabs-section-header\" aria-controls=\"content-o314\" aria-expanded=\"false\"><h2 class=\"w-tabs-section-title\">Was ist Pixelscan?<\/h2><div class=\"w-tabs-section-control\"><\/div><\/button><div  class=\"w-tabs-section-content us_custom_71d3e3d1\" id=\"content-o314\"><div class=\"w-tabs-section-content-h i-cf\"><div class=\"wpb_text_column\"><div class=\"wpb_wrapper\"><p><span style=\"font-weight: 400;\">Pixelscan.net ist ein webbasierter Dienst, der verschiedene Tests durchf\u00fchrt, um den Umfang der Informationen zu ermitteln, die Ihr Internetbrowser \u00fcber Sie und Ihr Ger\u00e4t preisgibt. Diese Auswertungen k\u00f6nnen eine Reihe von Details abdecken, darunter Ihren IP-Standort, Ihren geografischen Standort, webRTC, JavaScript und mehr.<\/span><\/p>\n<\/div><\/div><\/div><\/div><\/div><div class=\"w-tabs-section\" id=\"d3b9\"><button class=\"w-tabs-section-header\" aria-controls=\"content-d3b9\" aria-expanded=\"false\"><h2 class=\"w-tabs-section-title\">Wie kann ich Pixelscan nutzen?<\/h2><div class=\"w-tabs-section-control\"><\/div><\/button><div  class=\"w-tabs-section-content\" id=\"content-d3b9\"><div class=\"w-tabs-section-content-h i-cf\"><div class=\"wpb_text_column\"><div class=\"wpb_wrapper\"><p><span style=\"font-weight: 400;\">Die Verwendung von Pixelscan ist ein Kinderspiel. Navigieren Sie einfach zur Website und Sie erhalten zahlreiche Tests, die Sie ausf\u00fchren k\u00f6nnen, wie z. B. den WebRTC-Leak-Test, IP-Adresse, Canvas-Fingerabdruck und andere. W\u00e4hlen Sie einen beliebigen Test aus und entdecken Sie die Daten, die Ihr Browser preisgibt.<\/span><\/p>\n<\/div><\/div><\/div><\/div><\/div><div class=\"w-tabs-section\" id=\"t449\"><button class=\"w-tabs-section-header\" aria-controls=\"content-t449\" aria-expanded=\"false\"><h2 class=\"w-tabs-section-title\">Ist Pixelscan sicher in der Anwendung?<\/h2><div class=\"w-tabs-section-control\"><\/div><\/button><div  class=\"w-tabs-section-content\" id=\"content-t449\"><div class=\"w-tabs-section-content-h i-cf\"><div class=\"wpb_text_column\"><div class=\"wpb_wrapper\"><p><span style=\"font-weight: 400;\">Absolut, Pixelscan ist sicher in der Anwendung. Es speichert keine pers\u00f6nlichen Informationen und die aufgedeckten Daten sind nur f\u00fcr den Nutzer sichtbar. Es ist ein Tool, das Ihnen dabei hilft, die Datenschutzeinstellungen Ihres Browsers zu verstehen und herauszufinden, welche Daten Sie m\u00f6glicherweise unbeabsichtigt preisgeben.<\/span><span style=\"font-weight: 400;\"><br \/>\n<\/span><\/p>\n<\/div><\/div><\/div><\/div><\/div><div class=\"w-tabs-section\" id=\"y4cd\"><button class=\"w-tabs-section-header\" aria-controls=\"content-y4cd\" aria-expanded=\"false\"><h2 class=\"w-tabs-section-title\">Kann Pixelscan beim Schutz meiner Online-Daten helfen?<\/h2><div class=\"w-tabs-section-control\"><\/div><\/button><div  class=\"w-tabs-section-content\" id=\"content-y4cd\"><div class=\"w-tabs-section-content-h i-cf\"><div class=\"wpb_text_column\"><div class=\"wpb_wrapper\"><p><span style=\"font-weight: 400;\">Pixelscan bietet zwar keine direkten Tools zum Schutz der Privatsph\u00e4re, liefert aber wichtige Daten \u00fcber m\u00f6gliche Lecks in Ihrem Browser. Mit diesem Wissen k\u00f6nnen Sie die Einstellungen Ihres Browsers anpassen oder Datenschutz-Tools verwenden, um Ihre Online-Sicherheit zu verbessern.<\/span><span style=\"font-weight: 400;\"><br \/>\n<\/span><\/p>\n<\/div><\/div><\/div><\/div><\/div><div class=\"w-tabs-section\" id=\"y54d\"><button class=\"w-tabs-section-header\" aria-controls=\"content-y54d\" aria-expanded=\"false\"><h2 class=\"w-tabs-section-title\">Ist die Nutzung von Pixelscan kostenlos?<\/h2><div class=\"w-tabs-section-control\"><\/div><\/button><div  class=\"w-tabs-section-content\" id=\"content-y54d\"><div class=\"w-tabs-section-content-h i-cf\"><div class=\"wpb_text_column\"><div class=\"wpb_wrapper\"><p><span style=\"font-weight: 400;\">Ja, Pixelscan ist v\u00f6llig kostenlos. Sie k\u00f6nnen so viele Tests durchf\u00fchren, wie Sie m\u00f6chten, ohne dass daf\u00fcr Geb\u00fchren anfallen.<\/span><\/p>\n<\/div><\/div><\/div><\/div><\/div><div class=\"w-tabs-section\" id=\"g5c9\"><button class=\"w-tabs-section-header\" aria-controls=\"content-g5c9\" aria-expanded=\"false\"><h2 class=\"w-tabs-section-title\">Ist Pixelscan mit allen Internetbrowsern kompatibel?<\/h2><div class=\"w-tabs-section-control\"><\/div><\/button><div  class=\"w-tabs-section-content\" id=\"content-g5c9\"><div class=\"w-tabs-section-content-h i-cf\"><div class=\"wpb_text_column\"><div class=\"wpb_wrapper\"><p><span style=\"font-weight: 400;\">Pixelscan ist so konzipiert, dass es mit den meisten modernen Webbrowsern kompatibel ist. Die Ergebnisse k\u00f6nnen jedoch je nach den spezifischen Konfigurationen der einzelnen Browser und den darin implementierten Datenschutzvorkehrungen unterschiedlich ausfallen. <\/span><\/p>\n<\/div><\/div><\/div><\/div><\/div><\/div><\/div><\/div><\/div><\/div><\/div><\/section>\n","protected":false},"excerpt":{"rendered":"PixelscanWelche pers\u00f6nlichen Informationen sammeln Websites &#8211; Alternative Pixelscan[vc_raw_html]PGlmcmFtZSBjbGFzcz0iZnJhbWVfY29udGFpbmVyIiBzcmM9Imh0dHBzOi8vaXBoZXkuY29tL2xlYWtzIiBmcmFtZWJvcmRlcj0iMCI+PC9pZnJhbWU+[\/vc_raw_html]H\u00e4ufig gestellte Fragen \u00fcber Pixelscan.netWas ist Pixelscan?Pixelscan.net ist ein webbasierter Dienst, der verschiedene Tests durchf\u00fchrt, um den Umfang der Informationen zu ermitteln, die Ihr Internetbrowser \u00fcber Sie und Ihr Ger\u00e4t preisgibt. Diese Auswertungen k\u00f6nnen eine Reihe von Details abdecken, darunter Ihren IP-Standort, Ihren geografischen Standort, webRTC, JavaScript und...","protected":false},"author":6,"featured_media":2253,"parent":0,"menu_order":0,"comment_status":"closed","ping_status":"closed","template":"","meta":{"footnotes":""},"class_list":["post-4085","page","type-page","status-publish","has-post-thumbnail","hentry"],"_links":{"self":[{"href":"https:\/\/gobrowser.com\/de\/wp-json\/wp\/v2\/pages\/4085","targetHints":{"allow":["GET"]}}],"collection":[{"href":"https:\/\/gobrowser.com\/de\/wp-json\/wp\/v2\/pages"}],"about":[{"href":"https:\/\/gobrowser.com\/de\/wp-json\/wp\/v2\/types\/page"}],"author":[{"embeddable":true,"href":"https:\/\/gobrowser.com\/de\/wp-json\/wp\/v2\/users\/6"}],"replies":[{"embeddable":true,"href":"https:\/\/gobrowser.com\/de\/wp-json\/wp\/v2\/comments?post=4085"}],"version-history":[{"count":2,"href":"https:\/\/gobrowser.com\/de\/wp-json\/wp\/v2\/pages\/4085\/revisions"}],"predecessor-version":[{"id":4087,"href":"https:\/\/gobrowser.com\/de\/wp-json\/wp\/v2\/pages\/4085\/revisions\/4087"}],"wp:featuredmedia":[{"embeddable":true,"href":"https:\/\/gobrowser.com\/de\/wp-json\/wp\/v2\/media\/2253"}],"wp:attachment":[{"href":"https:\/\/gobrowser.com\/de\/wp-json\/wp\/v2\/media?parent=4085"}],"curies":[{"name":"wp","href":"https:\/\/api.w.org\/{rel}","templated":true}]}}