{"id":4082,"date":"2023-11-28T13:50:06","date_gmt":"2023-11-28T13:50:06","guid":{"rendered":"https:\/\/gobrowser.com\/ip-fingerabdruck-kostenlose-online-tools"},"modified":"2024-01-05T14:59:05","modified_gmt":"2024-01-05T14:59:05","slug":"free-tools","status":"publish","type":"page","link":"https:\/\/gobrowser.com\/de\/free-tools\/","title":{"rendered":"IP-Fingerabdruck &#8211; Kostenlose Online-Tools"},"content":{"rendered":"<section class=\"l-section wpb_row us_custom_b23fdffa height_medium color_alternate\"><div class=\"l-section-h i-cf\"><div class=\"g-cols vc_row via_grid cols_1 laptops-cols_inherit tablets-cols_inherit mobiles-cols_1 valign_top type_default stacking_default\"><div class=\"wpb_column vc_column_container\"><div class=\"vc_column-inner\"><h1 class=\"w-post-elm post_title us_custom_de17ff45 align_center entry-title\">IP-Fingerabdruck &#8211; Kostenlose Online-Tools<\/h1><div class=\"wpb_text_column\"><div class=\"wpb_wrapper\"><p style=\"text-align: center;\">Erstklassige kostenlose Dienstprogramme zur Best\u00e4tigung Ihrer IP und Fingerabdr\u00fccke.<\/p>\n<\/div><\/div><div class=\"w-separator size_large\"><\/div><div class=\"w-grid type_grid layout_1276 free-tool_grid-card cols_3 overflow_hidden\" id=\"us_grid_1\" style=\"--gap:0.75rem;\"><style>@media (max-width:1024px){#us_grid_1 .w-grid-item{width:50%}}@media (max-width:600px){#us_grid_1 .w-grid-list{margin:0}#us_grid_1 .w-grid-item{width:100%;padding:0;margin-bottom:var(--gap,0px)}}.layout_1276 .w-grid-item-h{background:#ffffff;border-radius:0.5rem;box-shadow:0 0.03rem 0.06rem rgba(0,0,0,0.1),0 0.1rem 0.3rem rgba(0,0,0,0.1);transition-duration:0.3s}.no-touch .layout_1276 .w-grid-item-h:hover{box-shadow:0 0.08rem 0.16rem rgba(0,0,0,0.1),0 0.27rem 0.8rem rgba(0,0,0,0.15);z-index:4}.layout_1276 .usg_post_image_1{background:#F6F8FA!important}.layout_1276 .usg_post_title_1{font-size:1.6rem!important;font-weight:600!important;padding-bottom:0!important}.layout_1276 .usg_vwrapper_1{padding:1.2rem 1.5rem 3.8rem 1.5rem!important}.layout_1276 .usg_post_content_1{color:var(--color-content-text)!important;text-align:left!important;font-size:15px!important;font-weight:300!important;margin-bottom:3rem!important}.layout_1276 .usg_btn_1{font-size:15px!important;font-weight:500!important;position:absolute!important;left:1.5rem!important;bottom:2.5rem!important;right:1.5rem!important;z-index:9!important;padding:0.6em!important}<\/style><div class=\"w-grid-list\">\t<article class=\"w-grid-item size_1x1 post-4085 page type-page status-publish has-post-thumbnail hentry\" data-id=\"4085\">\r\n\t\t<div class=\"w-grid-item-h\">\r\n\t\t\t\t\t\t\t<a href=\"https:\/\/gobrowser.com\/de\/pixelscan\/\" class=\"w-grid-item-anchor\" aria-label=\"Pixelscan\"><\/a>\r\n\t\t\t\t\t\t<div class=\"w-post-elm post_image usg_post_image_1 proxy-logo has_ratio\"><div style=\"padding-bottom:56.25%\"><\/div><img fetchpriority=\"high\" decoding=\"async\" width=\"2560\" height=\"1445\" src=\"https:\/\/gobrowser.com\/wp-content\/uploads\/2023\/11\/pixelscan-scaled.jpg.webp\" class=\"attachment-full size-full wp-post-image\" alt=\"\" srcset=\"https:\/\/gobrowser.com\/wp-content\/uploads\/2023\/11\/pixelscan-scaled.jpg.webp 2560w, https:\/\/gobrowser.com\/wp-content\/uploads\/2023\/11\/pixelscan-scaled.jpg-300x169.webp 300w, https:\/\/gobrowser.com\/wp-content\/uploads\/2023\/11\/pixelscan-scaled.jpg-1024x578.webp 1024w\" sizes=\"(max-width: 2560px) 100vw, 2560px\" \/><\/div><div class=\"w-vwrapper usg_vwrapper_1 align_none valign_top\" style=\"--vwrapper-gap:1rem\"><h3 class=\"w-post-elm post_title usg_post_title_1 align_left entry-title color_link_inherit\">Pixelscan<\/h3><div class=\"w-post-elm post_content usg_post_content_1 has_text_color\">Welche pers\u00f6nlichen Informationen sammeln Websites &#8211; Alternative Pixelscan[vc_raw_html]PGlmcmFtZSBjbGFzcz0iZnJhbWVfY29udGFpbmVyIiBzcmM9Imh0dHBzOi8vaXBoZXkuY29tL2xlYWtzIiBmcmFtZWJvcmRlcj0iMCI+PC9pZnJhbWU+[\/vc_raw_html]H\u00e4ufig gestellte Fragen \u00fcber Pixelscan.netWas ist Pixelscan?Pixelscan.net ist ein webbasierter Dienst, der verschiedene Tests durchf\u00fchrt, um den Umfang der Informationen zu ermitteln, die Ihr Internetbrowser \u00fcber Sie und&hellip;<\/div><\/div><button class=\"w-btn us-btn-style_4 usg_btn_1 icon_atright\"><span class=\"w-btn-label\">mehr lesen<\/span><i class=\"far fa-arrow-right\"><\/i><\/button>\t\t<\/div>\r\n\t<\/article>\r\n\t<article class=\"w-grid-item size_1x1 post-4026 page type-page status-publish has-post-thumbnail hentry\" data-id=\"4026\">\r\n\t\t<div class=\"w-grid-item-h\">\r\n\t\t\t\t\t\t\t<a href=\"https:\/\/gobrowser.com\/de\/whoer\/\" class=\"w-grid-item-anchor\" aria-label=\"Whoer.net\"><\/a>\r\n\t\t\t\t\t\t<div class=\"w-post-elm post_image usg_post_image_1 proxy-logo has_ratio\"><div style=\"padding-bottom:56.25%\"><\/div><img decoding=\"async\" width=\"1559\" height=\"907\" src=\"https:\/\/gobrowser.com\/wp-content\/uploads\/2023\/11\/whoer-net.jpeg.webp\" class=\"attachment-full size-full wp-post-image\" alt=\"\" srcset=\"https:\/\/gobrowser.com\/wp-content\/uploads\/2023\/11\/whoer-net.jpeg.webp 1559w, https:\/\/gobrowser.com\/wp-content\/uploads\/2023\/11\/whoer-net.jpeg-300x175.webp 300w, https:\/\/gobrowser.com\/wp-content\/uploads\/2023\/11\/whoer-net.jpeg-1024x596.webp 1024w\" sizes=\"(max-width: 1559px) 100vw, 1559px\" \/><\/div><div class=\"w-vwrapper usg_vwrapper_1 align_none valign_top\" style=\"--vwrapper-gap:1rem\"><h3 class=\"w-post-elm post_title usg_post_title_1 align_left entry-title color_link_inherit\">Whoer.net<\/h3><div class=\"w-post-elm post_content usg_post_content_1 has_text_color\">Finden Sie Ihre IP-Adresse mit dem alternativen Tool Whoer heraus[vc_raw_html]PGlmcmFtZSBjbGFzcz0iZnJhbWVfY29udGFpbmVyIiBzcmM9Imh0dHBzOi8vbXlpcC5saW5rIiBmcmFtZWJvcmRlcj0iMCI+PC9pZnJhbWU+[\/vc_raw_html]H\u00e4ufig gestellte Fragen zu Whoer.netWas ist Whoer.net?Whoer.net ist eine Online-Plattform, die eine Reihe von Werkzeugen bereitstellt, die den Nutzern helfen sollen, ihre Internetverbindungen zu bewerten und&hellip;<\/div><\/div><button class=\"w-btn us-btn-style_4 usg_btn_1 icon_atright\"><span class=\"w-btn-label\">mehr lesen<\/span><i class=\"far fa-arrow-right\"><\/i><\/button>\t\t<\/div>\r\n\t<\/article>\r\n\t<article class=\"w-grid-item size_1x1 post-4064 page type-page status-publish has-post-thumbnail hentry\" data-id=\"4064\">\r\n\t\t<div class=\"w-grid-item-h\">\r\n\t\t\t\t\t\t\t<a href=\"https:\/\/gobrowser.com\/de\/browserleaks\/\" class=\"w-grid-item-anchor\" aria-label=\"Browserleaks\"><\/a>\r\n\t\t\t\t\t\t<div class=\"w-post-elm post_image usg_post_image_1 proxy-logo has_ratio\"><div style=\"padding-bottom:56.25%\"><\/div><img decoding=\"async\" width=\"2194\" height=\"1678\" src=\"https:\/\/gobrowser.com\/wp-content\/uploads\/2023\/11\/Browserleaks.jpg.webp\" class=\"attachment-full size-full wp-post-image\" alt=\"\" srcset=\"https:\/\/gobrowser.com\/wp-content\/uploads\/2023\/11\/Browserleaks.jpg.webp 2194w, https:\/\/gobrowser.com\/wp-content\/uploads\/2023\/11\/Browserleaks.jpg-300x229.webp 300w, https:\/\/gobrowser.com\/wp-content\/uploads\/2023\/11\/Browserleaks.jpg-1024x783.webp 1024w\" sizes=\"(max-width: 2194px) 100vw, 2194px\" \/><\/div><div class=\"w-vwrapper usg_vwrapper_1 align_none valign_top\" style=\"--vwrapper-gap:1rem\"><h3 class=\"w-post-elm post_title usg_post_title_1 align_left entry-title color_link_inherit\">Browserleaks<\/h3><div class=\"w-post-elm post_content usg_post_content_1 has_text_color\">Die alternativen Tools zur \u00dcberpr\u00fcfung des Schutzes der IP-Adresse[vc_raw_html]PGlmcmFtZSBjbGFzcz0iZnJhbWVfY29udGFpbmVyIiBzcmM9Imh0dHBzOi8vaXBoZXkuY29tL2xlYWtzIiBmcmFtZWJvcmRlcj0iMCI+PC9pZnJhbWU+[\/vc_raw_html]H\u00e4ufig gestellte Fragen \u00fcber Browserleaks.comWas ist Browserleaks?browserleaks.com ist eine Plattform, die eine Reihe von Tools anbietet, um die Sicherheits- und Datenschutzaspekte Ihres Webbrowsers zu bewerten. Diese Tools&hellip;<\/div><\/div><button class=\"w-btn us-btn-style_4 usg_btn_1 icon_atright\"><span class=\"w-btn-label\">mehr lesen<\/span><i class=\"far fa-arrow-right\"><\/i><\/button>\t\t<\/div>\r\n\t<\/article>\r\n\t<article class=\"w-grid-item size_1x1 post-4061 page type-page status-publish has-post-thumbnail hentry\" data-id=\"4061\">\r\n\t\t<div class=\"w-grid-item-h\">\r\n\t\t\t\t\t\t\t<a href=\"https:\/\/gobrowser.com\/de\/amiunique\/\" class=\"w-grid-item-anchor\" aria-label=\"Amiunique\"><\/a>\r\n\t\t\t\t\t\t<div class=\"w-post-elm post_image usg_post_image_1 proxy-logo has_ratio\"><div style=\"padding-bottom:56.25%\"><\/div><img loading=\"lazy\" decoding=\"async\" width=\"736\" height=\"764\" src=\"https:\/\/gobrowser.com\/wp-content\/uploads\/2023\/11\/Amiunique.jpg.webp\" class=\"attachment-full size-full wp-post-image\" alt=\"\" srcset=\"https:\/\/gobrowser.com\/wp-content\/uploads\/2023\/11\/Amiunique.jpg.webp 736w, https:\/\/gobrowser.com\/wp-content\/uploads\/2023\/11\/Amiunique.jpg-289x300.webp 289w\" sizes=\"(max-width: 736px) 100vw, 736px\" \/><\/div><div class=\"w-vwrapper usg_vwrapper_1 align_none valign_top\" style=\"--vwrapper-gap:1rem\"><h3 class=\"w-post-elm post_title usg_post_title_1 align_left entry-title color_link_inherit\">Amiunique<\/h3><div class=\"w-post-elm post_content usg_post_content_1 has_text_color\">Pr\u00fcfen Sie mit Amiunique, ob Ihr Browser einen eindeutigen Fingerabdruck hat[vc_raw_html]PGlmcmFtZSBjbGFzcz0iZnJhbWVfY29udGFpbmVyIiBzcmM9Imh0dHBzOi8vaXBoZXkuY29tLyIgZnJhbWVib3JkZXI9IjAiPjwvaWZyYW1lPg==[\/vc_raw_html]H\u00e4ufig gestellte Fragen \u00fcber Amiunique.orgWas ist AmIUnique?AmIUnique ist ein innovatives Online-Tool, das die unverwechselbare Identifizierbarkeit Ihres Browsers in der weiten Landschaft des Internets herausstellt. Es&hellip;<\/div><\/div><button class=\"w-btn us-btn-style_4 usg_btn_1 icon_atright\"><span class=\"w-btn-label\">mehr lesen<\/span><i class=\"far fa-arrow-right\"><\/i><\/button>\t\t<\/div>\r\n\t<\/article>\r\n\t<article class=\"w-grid-item size_1x1 post-4079 page type-page status-publish has-post-thumbnail hentry\" data-id=\"4079\">\r\n\t\t<div class=\"w-grid-item-h\">\r\n\t\t\t\t\t\t\t<a href=\"https:\/\/gobrowser.com\/de\/creepjs\/\" class=\"w-grid-item-anchor\" aria-label=\"Creepjs\"><\/a>\r\n\t\t\t\t\t\t<div class=\"w-post-elm post_image usg_post_image_1 proxy-logo has_ratio\"><div style=\"padding-bottom:56.25%\"><\/div><img loading=\"lazy\" decoding=\"async\" width=\"2324\" height=\"1682\" src=\"https:\/\/gobrowser.com\/wp-content\/uploads\/2023\/11\/creepjs.jpg.webp\" class=\"attachment-full size-full wp-post-image\" alt=\"\" srcset=\"https:\/\/gobrowser.com\/wp-content\/uploads\/2023\/11\/creepjs.jpg.webp 2324w, https:\/\/gobrowser.com\/wp-content\/uploads\/2023\/11\/creepjs.jpg-300x217.webp 300w, https:\/\/gobrowser.com\/wp-content\/uploads\/2023\/11\/creepjs.jpg-1024x741.webp 1024w\" sizes=\"(max-width: 2324px) 100vw, 2324px\" \/><\/div><div class=\"w-vwrapper usg_vwrapper_1 align_none valign_top\" style=\"--vwrapper-gap:1rem\"><h3 class=\"w-post-elm post_title usg_post_title_1 align_left entry-title color_link_inherit\">Creepjs<\/h3><div class=\"w-post-elm post_content usg_post_content_1 has_text_color\">Diese Alternative CreepJS ist die vollst\u00e4ndigste verf\u00fcgbare Open-Source-L\u00f6sung f\u00fcr Fingerabdr\u00fccke mit einer breiten Palette von Erkennungsalgorithmen.[vc_raw_html]PGlmcmFtZSBjbGFzcz0iZnJhbWVfY29udGFpbmVyIiBzcmM9Imh0dHBzOi8vaXBoZXkuY29tL2xlYWtzIiBmcmFtZWJvcmRlcj0iMCI+PC9pZnJhbWU+[\/vc_raw_html]H\u00e4ufig gestellte Fragen zu CreepjsWas ist CreepJS?CreepJS ist eine hochentwickelte Browser-Fingerprinting-Bibliothek, die speziell entwickelt wurde, um mit Hilfe von JavaScript&hellip;<\/div><\/div><button class=\"w-btn us-btn-style_4 usg_btn_1 icon_atright\"><span class=\"w-btn-label\">mehr lesen<\/span><i class=\"far fa-arrow-right\"><\/i><\/button>\t\t<\/div>\r\n\t<\/article>\r\n\t<article class=\"w-grid-item size_1x1 post-4076 page type-page status-publish has-post-thumbnail hentry\" data-id=\"4076\">\r\n\t\t<div class=\"w-grid-item-h\">\r\n\t\t\t\t\t\t\t<a href=\"https:\/\/gobrowser.com\/de\/coveryourtracks\/\" class=\"w-grid-item-anchor\" aria-label=\"Cover your tracks\"><\/a>\r\n\t\t\t\t\t\t<div class=\"w-post-elm post_image usg_post_image_1 proxy-logo has_ratio\"><div style=\"padding-bottom:56.25%\"><\/div><img loading=\"lazy\" decoding=\"async\" width=\"2560\" height=\"1455\" src=\"https:\/\/gobrowser.com\/wp-content\/uploads\/2023\/11\/Cover-your-tracks-scaled.jpg.webp\" class=\"attachment-full size-full wp-post-image\" alt=\"\" srcset=\"https:\/\/gobrowser.com\/wp-content\/uploads\/2023\/11\/Cover-your-tracks-scaled.jpg.webp 2560w, https:\/\/gobrowser.com\/wp-content\/uploads\/2023\/11\/Cover-your-tracks-scaled.jpg-300x171.webp 300w, https:\/\/gobrowser.com\/wp-content\/uploads\/2023\/11\/Cover-your-tracks-scaled.jpg-1024x582.webp 1024w\" sizes=\"(max-width: 2560px) 100vw, 2560px\" \/><\/div><div class=\"w-vwrapper usg_vwrapper_1 align_none valign_top\" style=\"--vwrapper-gap:1rem\"><h3 class=\"w-post-elm post_title usg_post_title_1 align_left entry-title color_link_inherit\">Cover your tracks<\/h3><div class=\"w-post-elm post_content usg_post_content_1 has_text_color\">Browser mit der Cover Your Tracks Alternative \u00fcberpr\u00fcfen[vc_raw_html]PGlmcmFtZSBjbGFzcz0iZnJhbWVfY29udGFpbmVyIiBzcmM9Imh0dHBzOi8vaXBoZXkuY29tL2xlYWtzIiBmcmFtZWJvcmRlcj0iMCI+PC9pZnJhbWU+[\/vc_raw_html]H\u00e4ufig gestellte Fragen zum Programm Cover Your TracksTab 1Coveryourtracks.eff.org ist ein von der Electronic Frontier Foundation (EFF) angebotener Dienst, der es den Nutzern erm\u00f6glicht, die Wirksamkeit ihrer Online-Datenschutzma\u00dfnahmen&hellip;<\/div><\/div><button class=\"w-btn us-btn-style_4 usg_btn_1 icon_atright\"><span class=\"w-btn-label\">mehr lesen<\/span><i class=\"far fa-arrow-right\"><\/i><\/button>\t\t<\/div>\r\n\t<\/article>\r\n<\/div><div class=\"w-grid-preloader\"><div class=\"g-preloader type_1\">\r\n\t<div><\/div>\r\n<\/div>\r\n<\/div>\t<div class=\"w-grid-json hidden\" onclick='return {&quot;action&quot;:&quot;us_ajax_grid&quot;,&quot;ajax_url&quot;:&quot;https:\\\/\\\/gobrowser.com\\\/wp-admin\\\/admin-ajax.php&quot;,&quot;infinite_scroll&quot;:0,&quot;max_num_pages&quot;:1,&quot;pagination&quot;:&quot;none&quot;,&quot;permalink_url&quot;:&quot;https:\\\/\\\/gobrowser.com\\\/de\\\/wp-json\\\/wp\\\/v2\\\/pages\\\/4082\\\/&quot;,&quot;template_vars&quot;:{&quot;columns&quot;:&quot;3&quot;,&quot;exclude_items&quot;:&quot;none&quot;,&quot;img_size&quot;:&quot;default&quot;,&quot;ignore_items_size&quot;:0,&quot;items_layout&quot;:&quot;1276&quot;,&quot;items_offset&quot;:&quot;1&quot;,&quot;load_animation&quot;:&quot;none&quot;,&quot;overriding_link&quot;:&quot;%7B%22type%22%3A%22post%22%7D&quot;,&quot;post_id&quot;:0,&quot;query_args&quot;:{&quot;ignore_sticky_posts&quot;:1,&quot;post_type&quot;:&quot;any&quot;,&quot;post__in&quot;:[&quot;1254&quot;,&quot;1290&quot;,&quot;1302&quot;,&quot;1304&quot;,&quot;1306&quot;,&quot;1317&quot;],&quot;posts_per_page&quot;:&quot;6&quot;},&quot;orderby_query_args&quot;:{&quot;orderby&quot;:{&quot;post__in&quot;:&quot;ASC&quot;},&quot;order&quot;:&quot;ASC&quot;},&quot;type&quot;:&quot;grid&quot;,&quot;us_grid_ajax_index&quot;:1,&quot;us_grid_filter_params&quot;:null,&quot;us_grid_index&quot;:1,&quot;_us_grid_post_type&quot;:&quot;ids&quot;,&quot;page_args&quot;:[],&quot;lang&quot;:&quot;de&quot;}}'><\/div>\r\n\t<\/div><\/div><\/div><\/div><\/div><\/section><section class=\"l-section wpb_row height_medium\"><div class=\"l-section-h i-cf\"><div class=\"g-cols vc_row via_grid cols_1 laptops-cols_inherit tablets-cols_inherit mobiles-cols_1 valign_top type_default stacking_default\"><div class=\"wpb_column vc_column_container\"><div class=\"vc_column-inner\"><div class=\"wpb_text_column\"><div class=\"wpb_wrapper\"><p><span style=\"font-weight: 400;\">Im Jahr 2023 ist es wichtiger denn je, sich seiner digitalen Privatsph\u00e4re bewusst zu sein. Unsere kostenlosen Tools zur Bewertung der IP-Vertraulichkeit und der Unterscheidbarkeit von Browsern wurden speziell entwickelt, um Ihnen ein umfassendes Verst\u00e4ndnis der Daten zu vermitteln, auf die Websites \u00fcber Ihre Online-Aktivit\u00e4ten zugreifen k\u00f6nnen. Angesichts des zunehmenden Trends der Datenerfassung durch Online-Plattformen ist es wichtig zu verstehen, wie umfassend Ihre digitalen Spuren verfolgt und genutzt werden.<\/span><span style=\"font-weight: 400;\"><br \/>\n<\/span><span style=\"font-weight: 400;\"><br \/>\n<\/span><span style=\"font-weight: 400;\">Mit unseren Tools zur Bewertung der IP-Vertraulichkeit k\u00f6nnen Sie die Geheimhaltung Ihrer Internetverbindung \u00fcberpr\u00fcfen und so schnell feststellen, ob die Gefahr besteht, dass Ihre echte IP-Adresse preisgegeben wird. Mit dieser Funktion k\u00f6nnen Sie schnell die notwendigen Schritte unternehmen, um Ihre Identit\u00e4t und Ihre privaten Daten beim Surfen im Internet zu sch\u00fctzen.<\/span><span style=\"font-weight: 400;\"><br \/>\n<\/span><span style=\"font-weight: 400;\"><br \/>\n<\/span><span style=\"font-weight: 400;\">Parallel dazu untersucht unser Tool zur Unterscheidung von Browsern eingehend, wie sich Ihr Webbrowser auf Websites eindeutig pr\u00e4sentiert. Wenn Sie die eindeutige Signatur Ihres Browsers kennen, k\u00f6nnen Sie feststellen, welche Informationen Websites m\u00f6glicherweise \u00fcber Ihr Ger\u00e4t und Ihre Online-Gewohnheiten sammeln.<\/span><span style=\"font-weight: 400;\"><br \/>\n<\/span><span style=\"font-weight: 400;\"><br \/>\n<\/span><span style=\"font-weight: 400;\">Wir wissen, wie wichtig Ihre digitale Privatsph\u00e4re ist, und helfen Ihnen, die Kontrolle dar\u00fcber wiederzuerlangen. Nutzen Sie unser Angebot an kostenlosen Tools, um herauszufinden, welche Informationen \u00fcber Sie im Jahr 2023 f\u00fcr Websites zug\u00e4nglich sind. Im Zeitalter der digitalen Konnektivit\u00e4t sind Informationen Ihr wichtigstes Schutzschild f\u00fcr pers\u00f6nliche Daten. <\/span><\/p>\n<\/div><\/div><\/div><\/div><\/div><\/div><\/section><section class=\"l-section wpb_row height_large color_footer-bottom\"><div class=\"l-section-overlay\" style=\"background:var(--color-content-bg-alt)\"><\/div><div class=\"l-section-h i-cf\"><div class=\"g-cols vc_row via_grid cols_1 laptops-cols_inherit tablets-cols_inherit mobiles-cols_1 valign_top type_default stacking_default\"><div class=\"wpb_column vc_column_container\"><div class=\"vc_column-inner\"><div class=\"w-vwrapper align_center valign_top\" style=\"--vwrapper-gap:1.875rem\"><h2 class=\"w-text us_custom_eb849559\"><span class=\"w-text-h\"><span class=\"w-text-value\">Starten Sie noch heute mit Gobrowser<\/span><\/span><\/h2><div class=\"w-text us_custom_c96a8a09\"><span class=\"w-text-h\"><span class=\"w-text-value\">Keine Kreditkarte erforderlich<\/span><\/span><\/div><div class=\"w-btn-wrapper align_center\"><a class=\"w-btn us-btn-style_4\" href=\"https:\/\/gobrowser.com\/de\/download\"><span class=\"w-btn-label\">Kostenlose Nutzung<\/span><\/a><\/div><\/div><\/div><\/div><\/div><\/div><\/section>\n\n","protected":false},"excerpt":{"rendered":"Cover your tracksBrowser mit der Cover Your Tracks Alternative \u00fcberpr\u00fcfen[vc_raw_html]PGlmcmFtZSBjbGFzcz0iZnJhbWVfY29udGFpbmVyIiBzcmM9Imh0dHBzOi8vaXBoZXkuY29tL2xlYWtzIiBmcmFtZWJvcmRlcj0iMCI+PC9pZnJhbWU+[\/vc_raw_html]H\u00e4ufig gestellte Fragen zum Programm Cover Your TracksTab 1Coveryourtracks.eff.org ist ein von der Electronic Frontier Foundation (EFF) angebotener Dienst, der es den Nutzern erm\u00f6glicht, die Wirksamkeit ihrer Online-Datenschutzma\u00dfnahmen gegen Tracking zu bewerten. Diese Plattform hilft den Nutzern zu verstehen, wie gut ihr Browser und ihre Add-ons...","protected":false},"author":6,"featured_media":0,"parent":0,"menu_order":0,"comment_status":"closed","ping_status":"closed","template":"","meta":{"footnotes":""},"class_list":["post-4082","page","type-page","status-publish","hentry"],"_links":{"self":[{"href":"https:\/\/gobrowser.com\/de\/wp-json\/wp\/v2\/pages\/4082","targetHints":{"allow":["GET"]}}],"collection":[{"href":"https:\/\/gobrowser.com\/de\/wp-json\/wp\/v2\/pages"}],"about":[{"href":"https:\/\/gobrowser.com\/de\/wp-json\/wp\/v2\/types\/page"}],"author":[{"embeddable":true,"href":"https:\/\/gobrowser.com\/de\/wp-json\/wp\/v2\/users\/6"}],"replies":[{"embeddable":true,"href":"https:\/\/gobrowser.com\/de\/wp-json\/wp\/v2\/comments?post=4082"}],"version-history":[{"count":2,"href":"https:\/\/gobrowser.com\/de\/wp-json\/wp\/v2\/pages\/4082\/revisions"}],"predecessor-version":[{"id":4084,"href":"https:\/\/gobrowser.com\/de\/wp-json\/wp\/v2\/pages\/4082\/revisions\/4084"}],"wp:attachment":[{"href":"https:\/\/gobrowser.com\/de\/wp-json\/wp\/v2\/media?parent=4082"}],"curies":[{"name":"wp","href":"https:\/\/api.w.org\/{rel}","templated":true}]}}