{"id":4079,"date":"2023-11-28T15:27:26","date_gmt":"2023-11-28T15:27:26","guid":{"rendered":"https:\/\/gobrowser.com\/creepjs"},"modified":"2024-02-01T16:03:29","modified_gmt":"2024-02-01T16:03:29","slug":"creepjs","status":"publish","type":"page","link":"https:\/\/gobrowser.com\/de\/creepjs\/","title":{"rendered":"Creepjs"},"content":{"rendered":"<section class=\"l-section wpb_row us_custom_fa07e175 height_medium width_custom\" style=\"--site-content-width:880px;\"><div class=\"l-section-h i-cf\"><div class=\"g-cols vc_row via_grid cols_1 laptops-cols_inherit tablets-cols_inherit mobiles-cols_1 valign_top type_default stacking_default\"><div class=\"wpb_column vc_column_container\"><div class=\"vc_column-inner\"><h1 class=\"w-post-elm post_title us_custom_19737bc8 align_center entry-title color_link_inherit\">Creepjs<\/h1><h2 class=\"w-text us_custom_92d5d70f has_text_color\"><span class=\"w-text-h\"><span class=\"w-text-value\">Diese Alternative CreepJS ist die vollst\u00e4ndigste verf\u00fcgbare Open-Source-L\u00f6sung f\u00fcr Fingerabdr\u00fccke mit einer breiten Palette von Erkennungsalgorithmen.<\/span><\/span><\/h2><\/div><\/div><\/div><\/div><\/section><section class=\"l-section wpb_row us_custom_74e68c3f height_medium\"><div class=\"l-section-h i-cf\"><div class=\"g-cols vc_row via_grid cols_1 laptops-cols_inherit tablets-cols_inherit mobiles-cols_1 valign_top type_default stacking_default\"><div class=\"wpb_column vc_column_container us_custom_6853e49b\"><div class=\"vc_column-inner\">[vc_raw_html]PGlmcmFtZSBjbGFzcz0iZnJhbWVfY29udGFpbmVyIiBzcmM9Imh0dHBzOi8vaXBoZXkuY29tL2xlYWtzIiBmcmFtZWJvcmRlcj0iMCI+PC9pZnJhbWU+[\/vc_raw_html]<\/div><\/div><\/div><\/div><\/section><section class=\"l-section wpb_row height_medium color_alternate\"><div class=\"l-section-h i-cf\"><div class=\"g-cols vc_row via_grid cols_1 laptops-cols_inherit tablets-cols_inherit mobiles-cols_1 valign_top type_default stacking_default\"><div class=\"wpb_column vc_column_container us_custom_85e5d920\"><div class=\"vc_column-inner\"><h2 class=\"w-text us_custom_f4bafe71\"><span class=\"w-text-h\"><span class=\"w-text-value\">H\u00e4ufig gestellte Fragen zu Creepjs<\/span><\/span><\/h2><div class=\"w-tabs us_custom_ebbdc731 free-tools_faq_container style_default switch_click accordion type_togglable has_scrolling\" style=\"--sections-title-size:inherit\"><div class=\"w-tabs-sections titles-align_none icon_plus cpos_right\"><div class=\"w-tabs-section\" id=\"c999\" itemscope itemprop=\"mainEntity\" itemtype=\"https:\/\/schema.org\/Question\"><button class=\"w-tabs-section-header\" aria-controls=\"content-c999\" aria-expanded=\"false\"><h3 class=\"w-tabs-section-title\" itemprop=\"name\">Was ist CreepJS?<\/h3><div class=\"w-tabs-section-control\"><\/div><\/button><div  class=\"w-tabs-section-content\" id=\"content-c999\" itemscope itemprop=\"acceptedAnswer\" itemtype=\"https:\/\/schema.org\/Answer\"><div class=\"w-tabs-section-content-h i-cf\" itemprop=\"text\"><div class=\"wpb_text_column\"><div class=\"wpb_wrapper\"><p>CreepJS ist eine hochentwickelte Browser-Fingerprinting-Bibliothek, die speziell entwickelt wurde, um mit Hilfe von JavaScript einen umfassenden Satz von Daten aus Webbrowsern zu extrahieren. Seine Funktion besteht darin, eine detaillierte Liste von F\u00e4higkeiten, Einstellungen und Hardware-Details eines Browsers zu erstellen, um einen einzigartigen, identifizierbaren Fingerabdruck zu erzeugen.<\/p>\n<\/div><\/div><\/div><\/div><\/div><div class=\"w-tabs-section\" id=\"da52\" itemscope itemprop=\"mainEntity\" itemtype=\"https:\/\/schema.org\/Question\"><button class=\"w-tabs-section-header\" aria-controls=\"content-da52\" aria-expanded=\"false\"><h3 class=\"w-tabs-section-title\" itemprop=\"name\">Wie funktioniert CreepJS?<\/h3><div class=\"w-tabs-section-control\"><\/div><\/button><div  class=\"w-tabs-section-content\" id=\"content-da52\" itemscope itemprop=\"acceptedAnswer\" itemtype=\"https:\/\/schema.org\/Answer\"><div class=\"w-tabs-section-content-h i-cf\" itemprop=\"text\"><div class=\"wpb_text_column\"><div class=\"wpb_wrapper\"><p>CreepJS nutzt JavaScript, um verschiedene Browserattribute eingehend zu untersuchen. Es werden Funktionen wie WebGL-Parameter, Details zum Audiostack, installierte Schriftarten, Client-Bildschirmaufl\u00f6sung und vieles mehr untersucht. Durch die Zusammenf\u00fchrung der Ergebnisse dieser Sonden erstellt CreepJS einen eindeutigen Fingerabdruck f\u00fcr jeden Browser.<\/p>\n<\/div><\/div><\/div><\/div><\/div><div class=\"w-tabs-section\" id=\"aafa\" itemscope itemprop=\"mainEntity\" itemtype=\"https:\/\/schema.org\/Question\"><button class=\"w-tabs-section-header\" aria-controls=\"content-aafa\" aria-expanded=\"false\"><h3 class=\"w-tabs-section-title\" itemprop=\"name\">Wie effektiv ist CreepJS beim Browser-Fingerprinting?<\/h3><div class=\"w-tabs-section-control\"><\/div><\/button><div  class=\"w-tabs-section-content\" id=\"content-aafa\" itemscope itemprop=\"acceptedAnswer\" itemtype=\"https:\/\/schema.org\/Answer\"><div class=\"w-tabs-section-content-h i-cf\" itemprop=\"text\"><div class=\"wpb_text_column\"><div class=\"wpb_wrapper\"><p>CreepJS ist aufgrund seiner F\u00e4higkeit, eine gro\u00dfe Menge an Daten zu extrahieren, au\u00dferordentlich effektiv beim Browser-Fingerprinting. Die Bibliothek kann eine breite Palette von Funktionen testen, darunter Audio, Canvas, CSS, Schriftarten, Client Rects, DOM, Intl, JS, Medien, Netzwerk, Offscreen-Canvas, Plugins, Bildschirm, Sprache, Speicher, SVG, User Agent, WebGL und WebRTC, was sie sehr pr\u00e4zise und zuverl\u00e4ssig macht.<\/p>\n<\/div><\/div><\/div><\/div><\/div><div class=\"w-tabs-section\" id=\"pba3\" itemscope itemprop=\"mainEntity\" itemtype=\"https:\/\/schema.org\/Question\"><button class=\"w-tabs-section-header\" aria-controls=\"content-pba3\" aria-expanded=\"false\"><h3 class=\"w-tabs-section-title\" itemprop=\"name\">Wo kann ich CreepJS verwenden?<\/h3><div class=\"w-tabs-section-control\"><\/div><\/button><div  class=\"w-tabs-section-content\" id=\"content-pba3\" itemscope itemprop=\"acceptedAnswer\" itemtype=\"https:\/\/schema.org\/Answer\"><div class=\"w-tabs-section-content-h i-cf\" itemprop=\"text\"><div class=\"wpb_text_column\"><div class=\"wpb_wrapper\"><p>CreepJS kann f\u00fcr verschiedene Zwecke wie Online-Sicherheit, Betrugserkennung und personalisierte Werbung eingesetzt werden. Durch die Identifizierung eindeutiger Browser-Fingerabdr\u00fccke k\u00f6nnen Unternehmen einzelne Benutzer und deren Verhalten nachverfolgen und erkennen, was bei der Aufdeckung von betr\u00fcgerischen Aktivit\u00e4ten und der Bereitstellung personalisierter Inhalte hilfreich ist.<\/p>\n<\/div><\/div><\/div><\/div><\/div><div class=\"w-tabs-section\" id=\"ac4b\" itemscope itemprop=\"mainEntity\" itemtype=\"https:\/\/schema.org\/Question\"><button class=\"w-tabs-section-header\" aria-controls=\"content-ac4b\" aria-expanded=\"false\"><h3 class=\"w-tabs-section-title\" itemprop=\"name\">Ist es m\u00f6glich zu verhindern, dass CreepJS Fingerabdr\u00fccke von einem Browser erstellt?<\/h3><div class=\"w-tabs-section-control\"><\/div><\/button><div  class=\"w-tabs-section-content\" id=\"content-ac4b\" itemscope itemprop=\"acceptedAnswer\" itemtype=\"https:\/\/schema.org\/Answer\"><div class=\"w-tabs-section-content-h i-cf\" itemprop=\"text\"><div class=\"wpb_text_column\"><div class=\"wpb_wrapper\"><p>Auch wenn es schwierig ist, das Fingerprinting eines Browsers durch CreepJS aufgrund seiner umfangreichen Sondierungsm\u00f6glichkeiten vollst\u00e4ndig zu verhindern, k\u00f6nnen bestimmte Ma\u00dfnahmen den Schutz erh\u00f6hen. Dazu geh\u00f6ren die Verwendung von Browser-Datenschutz-Add-ons, die Deaktivierung von JavaScript oder die regelm\u00e4\u00dfige L\u00f6schung von Cookies und anderen gespeicherten Website-Daten. Es ist jedoch wichtig zu beachten, dass diese Schritte die Funktionalit\u00e4t bestimmter Websites beeintr\u00e4chtigen k\u00f6nnen.<\/p>\n<\/div><\/div><\/div><\/div><\/div><\/div><\/div><\/div><\/div><\/div><\/div><\/section>\n","protected":false},"excerpt":{"rendered":"CreepjsDiese Alternative CreepJS ist die vollst\u00e4ndigste verf\u00fcgbare Open-Source-L\u00f6sung f\u00fcr Fingerabdr\u00fccke mit einer breiten Palette von Erkennungsalgorithmen.[vc_raw_html]PGlmcmFtZSBjbGFzcz0iZnJhbWVfY29udGFpbmVyIiBzcmM9Imh0dHBzOi8vaXBoZXkuY29tL2xlYWtzIiBmcmFtZWJvcmRlcj0iMCI+PC9pZnJhbWU+[\/vc_raw_html]H\u00e4ufig gestellte Fragen zu CreepjsWas ist CreepJS?CreepJS ist eine hochentwickelte Browser-Fingerprinting-Bibliothek, die speziell entwickelt wurde, um mit Hilfe von JavaScript einen umfassenden Satz von Daten aus Webbrowsern zu extrahieren. Seine Funktion besteht darin, eine detaillierte Liste von F\u00e4higkeiten, Einstellungen und...","protected":false},"author":6,"featured_media":2269,"parent":0,"menu_order":0,"comment_status":"closed","ping_status":"closed","template":"","meta":{"footnotes":""},"class_list":["post-4079","page","type-page","status-publish","has-post-thumbnail","hentry"],"_links":{"self":[{"href":"https:\/\/gobrowser.com\/de\/wp-json\/wp\/v2\/pages\/4079","targetHints":{"allow":["GET"]}}],"collection":[{"href":"https:\/\/gobrowser.com\/de\/wp-json\/wp\/v2\/pages"}],"about":[{"href":"https:\/\/gobrowser.com\/de\/wp-json\/wp\/v2\/types\/page"}],"author":[{"embeddable":true,"href":"https:\/\/gobrowser.com\/de\/wp-json\/wp\/v2\/users\/6"}],"replies":[{"embeddable":true,"href":"https:\/\/gobrowser.com\/de\/wp-json\/wp\/v2\/comments?post=4079"}],"version-history":[{"count":4,"href":"https:\/\/gobrowser.com\/de\/wp-json\/wp\/v2\/pages\/4079\/revisions"}],"predecessor-version":[{"id":5190,"href":"https:\/\/gobrowser.com\/de\/wp-json\/wp\/v2\/pages\/4079\/revisions\/5190"}],"wp:featuredmedia":[{"embeddable":true,"href":"https:\/\/gobrowser.com\/de\/wp-json\/wp\/v2\/media\/2269"}],"wp:attachment":[{"href":"https:\/\/gobrowser.com\/de\/wp-json\/wp\/v2\/media?parent=4079"}],"curies":[{"name":"wp","href":"https:\/\/api.w.org\/{rel}","templated":true}]}}