{"id":4076,"date":"2023-11-29T09:51:28","date_gmt":"2023-11-29T09:51:28","guid":{"rendered":"https:\/\/gobrowser.com\/cover-your-tracks"},"modified":"2024-01-15T15:09:57","modified_gmt":"2024-01-15T15:09:57","slug":"coveryourtracks","status":"publish","type":"page","link":"https:\/\/gobrowser.com\/de\/coveryourtracks\/","title":{"rendered":"Cover your tracks"},"content":{"rendered":"<section class=\"l-section wpb_row us_custom_fa07e175 height_medium width_custom\" style=\"--site-content-width:880px;\"><div class=\"l-section-h i-cf\"><div class=\"g-cols vc_row via_grid cols_1 laptops-cols_inherit tablets-cols_inherit mobiles-cols_1 valign_top type_default stacking_default\"><div class=\"wpb_column vc_column_container\"><div class=\"vc_column-inner\"><h1 class=\"w-post-elm post_title us_custom_19737bc8 align_center entry-title color_link_inherit\">Cover your tracks<\/h1><h2 class=\"w-text us_custom_0af4ab6f has_text_color\"><span class=\"w-text-h\"><span class=\"w-text-value\">Browser mit der Cover Your Tracks Alternative \u00fcberpr\u00fcfen<\/span><\/span><\/h2><\/div><\/div><\/div><\/div><\/section><section class=\"l-section wpb_row us_custom_74e68c3f height_medium\"><div class=\"l-section-h i-cf\"><div class=\"g-cols vc_row via_grid cols_1 laptops-cols_inherit tablets-cols_inherit mobiles-cols_1 valign_top type_default stacking_default\"><div class=\"wpb_column vc_column_container us_custom_6853e49b\"><div class=\"vc_column-inner\">[vc_raw_html]PGlmcmFtZSBjbGFzcz0iZnJhbWVfY29udGFpbmVyIiBzcmM9Imh0dHBzOi8vaXBoZXkuY29tL2xlYWtzIiBmcmFtZWJvcmRlcj0iMCI+PC9pZnJhbWU+[\/vc_raw_html]<\/div><\/div><\/div><\/div><\/section><section class=\"l-section wpb_row height_medium color_alternate\"><div class=\"l-section-h i-cf\"><div class=\"g-cols vc_row via_grid cols_1 laptops-cols_inherit tablets-cols_inherit mobiles-cols_1 valign_top type_default stacking_default\"><div class=\"wpb_column vc_column_container us_custom_85e5d920\"><div class=\"vc_column-inner\"><h2 class=\"w-text us_custom_f4bafe71\"><span class=\"w-text-h\"><span class=\"w-text-value\">H\u00e4ufig gestellte Fragen zum Programm Cover Your Tracks<\/span><\/span><\/h2><div class=\"w-tabs us_custom_ebbdc731 free-tools_faq_container style_default switch_click accordion type_togglable has_scrolling\" style=\"--sections-title-size:inherit\"><div class=\"w-tabs-sections titles-align_none icon_chevron cpos_right\"><div class=\"w-tabs-section\" id=\"e7bd\" itemscope itemprop=\"mainEntity\" itemtype=\"https:\/\/schema.org\/Question\"><button class=\"w-tabs-section-header\" aria-controls=\"content-e7bd\" aria-expanded=\"false\"><h3 class=\"w-tabs-section-title\" itemprop=\"name\">Tab 1<\/h3><div class=\"w-tabs-section-control\"><\/div><\/button><div  class=\"w-tabs-section-content\" id=\"content-e7bd\" itemscope itemprop=\"acceptedAnswer\" itemtype=\"https:\/\/schema.org\/Answer\"><div class=\"w-tabs-section-content-h i-cf\" itemprop=\"text\"><div class=\"wpb_text_column\"><div class=\"wpb_wrapper\"><p>Coveryourtracks.eff.org ist ein von der Electronic Frontier Foundation (EFF) angebotener Dienst, der es den Nutzern erm\u00f6glicht, die Wirksamkeit ihrer Online-Datenschutzma\u00dfnahmen gegen Tracking zu bewerten. Diese Plattform hilft den Nutzern zu verstehen, wie gut ihr Browser und ihre Add-ons ihre Online-Privatsph\u00e4re sch\u00fctzen, und bietet praktische Ratschl\u00e4ge zur Verbesserung ihrer Einstellungen.<\/p>\n<\/div><\/div><\/div><\/div><\/div><div class=\"w-tabs-section\" id=\"w87b\" itemscope itemprop=\"mainEntity\" itemtype=\"https:\/\/schema.org\/Question\"><button class=\"w-tabs-section-header\" aria-controls=\"content-w87b\" aria-expanded=\"false\"><h3 class=\"w-tabs-section-title\" itemprop=\"name\">Wie funktioniert Cover Your Tracks?<\/h3><div class=\"w-tabs-section-control\"><\/div><\/button><div  class=\"w-tabs-section-content\" id=\"content-w87b\" itemscope itemprop=\"acceptedAnswer\" itemtype=\"https:\/\/schema.org\/Answer\"><div class=\"w-tabs-section-content-h i-cf\" itemprop=\"text\"><div class=\"wpb_text_column\"><div class=\"wpb_wrapper\"><p>Dieses Tool f\u00fchrt eine Reihe von Tests durch, bei denen sowohl der Browser als auch seine Add-ons genauestens analysiert werden. Dabei werden verschiedene Elemente untersucht, darunter Tracking-Cookies, Browser-Fingerabdr\u00fccke und mehr. Die Ergebnisse werden dann in einem umfassenden Bericht zusammengefasst und mit Vorschl\u00e4gen zur Optimierung der Datenschutzeinstellungen versehen.<\/p>\n<\/div><\/div><\/div><\/div><\/div><div class=\"w-tabs-section\" id=\"i8fe\" itemscope itemprop=\"mainEntity\" itemtype=\"https:\/\/schema.org\/Question\"><button class=\"w-tabs-section-header\" aria-controls=\"content-i8fe\" aria-expanded=\"false\"><h3 class=\"w-tabs-section-title\" itemprop=\"name\">Wer kann von der Nutzung von Cover Your Tracks profitieren?<\/h3><div class=\"w-tabs-section-control\"><\/div><\/button><div  class=\"w-tabs-section-content\" id=\"content-i8fe\" itemscope itemprop=\"acceptedAnswer\" itemtype=\"https:\/\/schema.org\/Answer\"><div class=\"w-tabs-section-content-h i-cf\" itemprop=\"text\"><div class=\"wpb_text_column\"><div class=\"wpb_wrapper\"><p>Coveryourtracks.eff.org wendet sich an ein breites Publikum, das sich um den Online-Datenschutz sorgt. Dazu geh\u00f6ren allt\u00e4gliche Internetnutzer, Bef\u00fcrworter des Datenschutzes, Forscher und alle, die ihre Online-Datenschutzstandards verstehen und verbessern wollen.<\/p>\n<\/div><\/div><\/div><\/div><\/div><div class=\"w-tabs-section\" id=\"y96c\" itemscope itemprop=\"mainEntity\" itemtype=\"https:\/\/schema.org\/Question\"><button class=\"w-tabs-section-header\" aria-controls=\"content-y96c\" aria-expanded=\"false\"><h3 class=\"w-tabs-section-title\" itemprop=\"name\">Ist die Verwendung von Cover Your Tracks kostenlos?<\/h3><div class=\"w-tabs-section-control\"><\/div><\/button><div  class=\"w-tabs-section-content\" id=\"content-y96c\" itemscope itemprop=\"acceptedAnswer\" itemtype=\"https:\/\/schema.org\/Answer\"><div class=\"w-tabs-section-content-h i-cf\" itemprop=\"text\"><div class=\"wpb_text_column\"><div class=\"wpb_wrapper\"><p>Die Nutzung von Coveryourtracks.eff.org ist in der Tat kostenlos. Die Electronic Frontier Foundation (EFF), die als gemeinn\u00fctzige Organisation arbeitet, bietet diesen Dienst im Rahmen ihres Engagements f\u00fcr den Schutz der b\u00fcrgerlichen Freiheiten im digitalen Bereich an.<\/p>\n<\/div><\/div><\/div><\/div><\/div><div class=\"w-tabs-section\" id=\"n9d5\" itemscope itemprop=\"mainEntity\" itemtype=\"https:\/\/schema.org\/Question\"><button class=\"w-tabs-section-header\" aria-controls=\"content-n9d5\" aria-expanded=\"false\"><h3 class=\"w-tabs-section-title\" itemprop=\"name\">Was ist Browser-Fingerprinting und wie hilft Cover Your Tracks in dieser Hinsicht?<\/h3><div class=\"w-tabs-section-control\"><\/div><\/button><div  class=\"w-tabs-section-content\" id=\"content-n9d5\" itemscope itemprop=\"acceptedAnswer\" itemtype=\"https:\/\/schema.org\/Answer\"><div class=\"w-tabs-section-content-h i-cf\" itemprop=\"text\"><div class=\"wpb_text_column\"><div class=\"wpb_wrapper\"><p>Browser-Fingerprinting ist eine Methode, die von Websites eingesetzt wird, um bestimmte Informationen \u00fcber den Browsertyp, die Einstellungen und sogar die Hardware eines Nutzers zu sammeln und so die Verfolgung und Identifizierung zu erm\u00f6glichen. Coveryourtracks.eff.org bewertet die Einzigartigkeit des Fingerabdrucks Ihres Browsers unter anderen Besuchern und gibt so Aufschluss \u00fcber die m\u00f6gliche Leichtigkeit des Trackings.<\/p>\n<\/div><\/div><\/div><\/div><\/div><\/div><\/div><\/div><\/div><\/div><\/div><\/section>\n","protected":false},"excerpt":{"rendered":"Cover your tracksBrowser mit der Cover Your Tracks Alternative \u00fcberpr\u00fcfen[vc_raw_html]PGlmcmFtZSBjbGFzcz0iZnJhbWVfY29udGFpbmVyIiBzcmM9Imh0dHBzOi8vaXBoZXkuY29tL2xlYWtzIiBmcmFtZWJvcmRlcj0iMCI+PC9pZnJhbWU+[\/vc_raw_html]H\u00e4ufig gestellte Fragen zum Programm Cover Your TracksTab 1Coveryourtracks.eff.org ist ein von der Electronic Frontier Foundation (EFF) angebotener Dienst, der es den Nutzern erm\u00f6glicht, die Wirksamkeit ihrer Online-Datenschutzma\u00dfnahmen gegen Tracking zu bewerten. Diese Plattform hilft den Nutzern zu verstehen, wie gut ihr Browser und ihre Add-ons...","protected":false},"author":6,"featured_media":2261,"parent":0,"menu_order":0,"comment_status":"closed","ping_status":"closed","template":"","meta":{"footnotes":""},"class_list":["post-4076","page","type-page","status-publish","has-post-thumbnail","hentry"],"_links":{"self":[{"href":"https:\/\/gobrowser.com\/de\/wp-json\/wp\/v2\/pages\/4076","targetHints":{"allow":["GET"]}}],"collection":[{"href":"https:\/\/gobrowser.com\/de\/wp-json\/wp\/v2\/pages"}],"about":[{"href":"https:\/\/gobrowser.com\/de\/wp-json\/wp\/v2\/types\/page"}],"author":[{"embeddable":true,"href":"https:\/\/gobrowser.com\/de\/wp-json\/wp\/v2\/users\/6"}],"replies":[{"embeddable":true,"href":"https:\/\/gobrowser.com\/de\/wp-json\/wp\/v2\/comments?post=4076"}],"version-history":[{"count":3,"href":"https:\/\/gobrowser.com\/de\/wp-json\/wp\/v2\/pages\/4076\/revisions"}],"predecessor-version":[{"id":4207,"href":"https:\/\/gobrowser.com\/de\/wp-json\/wp\/v2\/pages\/4076\/revisions\/4207"}],"wp:featuredmedia":[{"embeddable":true,"href":"https:\/\/gobrowser.com\/de\/wp-json\/wp\/v2\/media\/2261"}],"wp:attachment":[{"href":"https:\/\/gobrowser.com\/de\/wp-json\/wp\/v2\/media?parent=4076"}],"curies":[{"name":"wp","href":"https:\/\/api.w.org\/{rel}","templated":true}]}}