{"id":4073,"date":"2023-12-11T13:27:18","date_gmt":"2023-12-11T13:27:18","guid":{"rendered":"https:\/\/gobrowser.com\/aenderungsliste"},"modified":"2024-02-01T15:53:18","modified_gmt":"2024-02-01T15:53:18","slug":"changelog","status":"publish","type":"page","link":"https:\/\/gobrowser.com\/de\/changelog\/","title":{"rendered":"\u00c4nderungsliste"},"content":{"rendered":"<section class=\"l-section wpb_row us_custom_fa07e175 height_medium\"><div class=\"l-section-h i-cf\"><div class=\"g-cols vc_row via_grid cols_1 laptops-cols_inherit tablets-cols_inherit mobiles-cols_1 valign_top type_default stacking_default\"><div class=\"wpb_column vc_column_container us_custom_eb849559\"><div class=\"vc_column-inner\"><h1 class=\"w-post-elm post_title us_custom_19737bc8 align_center entry-title color_link_inherit\">\u00c4nderungsliste<\/h1><time class=\"w-post-elm post_date us_custom_acea396b has_text_color entry-date updated\" datetime=\"2024-02-01T15:53:18+00:00\" title=\"1 Februar 2024 um 15:53:18 +00:00\u00a0Uhr\" itemprop=\"dateModified\"><span class=\"w-post-elm-before\">Zuletzt aktualisiert <\/span>Februar 1, 2024<\/time><\/div><\/div><\/div><\/div><\/section><section class=\"l-section wpb_row us_custom_4f24afa8 height_small width_custom\" style=\"--site-content-width:980px;\"><div class=\"l-section-h i-cf\"><div class=\"g-cols vc_row via_grid cols_1 laptops-cols_inherit tablets-cols_inherit mobiles-cols_1 valign_top type_default stacking_default\"><div class=\"wpb_column vc_column_container\"><div class=\"vc_column-inner\"><div class=\"g-cols wpb_row via_grid cols_1-4 laptops-cols_inherit tablets-cols_inherit mobiles-cols_1 valign_middle type_default stacking_default\" style=\"--gap:2rem;--laptops-gap:2rem;--tablets-gap:1rem;--mobiles-gap:2rem;\"><div class=\"wpb_column vc_column_container us_custom_c70c97eb has_bg_color\"><div class=\"vc_column-inner\"><div class=\"wpb_text_column us_custom_8eb7f7e7 has_text_color\"><div class=\"wpb_wrapper\"><p>2023\/12\/19<\/p>\n<\/div><\/div><\/div><\/div><div class=\"wpb_column vc_column_container\"><div class=\"vc_column-inner\"><p class=\"w-text us_custom_c299fb06\"><span class=\"w-text-h\"><span class=\"w-text-value\">Version: 0.1.3<\/span><\/span><\/p><div class=\"wpb_text_column us_custom_1b04de86\"><div class=\"wpb_wrapper\"><ul>\n<li>Umstellung auf Chromium 107.<\/li>\n<li>Verschiedene Korrekturen und Erg\u00e4nzungen der Profilparameter im Crashpad.<\/li>\n<li>\u00c4nderung der Verschl\u00fcsselungscodes f\u00fcr Cookies und Passw\u00f6rter.<\/li>\n<\/ul>\n<\/div><\/div><\/div><\/div><\/div><div class=\"w-separator size_custom with_line width_default thick_1 style_solid color_border align_center\" style=\"height:2rem\"><div class=\"w-separator-h\"><\/div><\/div><div class=\"g-cols wpb_row via_grid cols_1-4 laptops-cols_inherit tablets-cols_inherit mobiles-cols_1 valign_middle type_default stacking_default\" style=\"--gap:2rem;--laptops-gap:2rem;--tablets-gap:1rem;--mobiles-gap:2rem;\"><div class=\"wpb_column vc_column_container us_custom_c70c97eb has_bg_color\"><div class=\"vc_column-inner\"><div class=\"wpb_text_column us_custom_8eb7f7e7 has_text_color\"><div class=\"wpb_wrapper\"><p>2023\/11\/04<\/p>\n<\/div><\/div><\/div><\/div><div class=\"wpb_column vc_column_container\"><div class=\"vc_column-inner\"><p class=\"w-text us_custom_c299fb06\"><span class=\"w-text-h\"><span class=\"w-text-value\">Version: 0.1.29<\/span><\/span><\/p><div class=\"wpb_text_column us_custom_1b04de86\"><div class=\"wpb_wrapper\"><ul>\n<li>Korrekturen f\u00fcr den Headless-Modus und Spotify-Video.<\/li>\n<\/ul>\n<\/div><\/div><\/div><\/div><\/div><div class=\"w-separator size_custom with_line width_default thick_1 style_solid color_border align_center\" style=\"height:2rem\"><div class=\"w-separator-h\"><\/div><\/div><div class=\"g-cols wpb_row via_grid cols_1-4 laptops-cols_inherit tablets-cols_inherit mobiles-cols_1 valign_middle type_default stacking_default\" style=\"--gap:2rem;--laptops-gap:2rem;--tablets-gap:1rem;--mobiles-gap:2rem;\"><div class=\"wpb_column vc_column_container us_custom_c70c97eb has_bg_color\"><div class=\"vc_column-inner\"><div class=\"wpb_text_column us_custom_8eb7f7e7 has_text_color\"><div class=\"wpb_wrapper\"><p>2023\/10\/31<\/p>\n<\/div><\/div><\/div><\/div><div class=\"wpb_column vc_column_container\"><div class=\"vc_column-inner\"><p class=\"w-text us_custom_c299fb06\"><span class=\"w-text-h\"><span class=\"w-text-value\">Version: 0.1.28<\/span><\/span><\/p><div class=\"wpb_text_column us_custom_1b04de86\"><div class=\"wpb_wrapper\"><ul>\n<li>Fix f\u00fcr Proxy-Probleme.<\/li>\n<\/ul>\n<\/div><\/div><\/div><\/div><\/div><div class=\"w-separator size_custom with_line width_default thick_1 style_solid color_border align_center\" style=\"height:2rem\"><div class=\"w-separator-h\"><\/div><\/div><div class=\"g-cols wpb_row via_grid cols_1-4 laptops-cols_inherit tablets-cols_inherit mobiles-cols_1 valign_middle type_default stacking_default\" style=\"--gap:2rem;--laptops-gap:2rem;--tablets-gap:1rem;--mobiles-gap:2rem;\"><div class=\"wpb_column vc_column_container us_custom_c70c97eb has_bg_color\"><div class=\"vc_column-inner\"><div class=\"wpb_text_column us_custom_8eb7f7e7 has_text_color\"><div class=\"wpb_wrapper\"><p>2023\/11\/28<\/p>\n<\/div><\/div><\/div><\/div><div class=\"wpb_column vc_column_container\"><div class=\"vc_column-inner\"><p class=\"w-text us_custom_c299fb06\"><span class=\"w-text-h\"><span class=\"w-text-value\">Version: 0.1.27<\/span><\/span><\/p><div class=\"wpb_text_column us_custom_1b04de86\"><div class=\"wpb_wrapper\"><ul>\n<li>Migration zu Chromium 119.<\/li>\n<\/ul>\n<\/div><\/div><\/div><\/div><\/div><div class=\"w-separator size_custom with_line width_default thick_1 style_solid color_border align_center\" style=\"height:2rem\"><div class=\"w-separator-h\"><\/div><\/div><div class=\"g-cols wpb_row via_grid cols_1-4 laptops-cols_inherit tablets-cols_inherit mobiles-cols_1 valign_middle type_default stacking_default\" style=\"--gap:2rem;--laptops-gap:2rem;--tablets-gap:1rem;--mobiles-gap:2rem;\"><div class=\"wpb_column vc_column_container us_custom_c70c97eb has_bg_color\"><div class=\"vc_column-inner\"><div class=\"wpb_text_column us_custom_8eb7f7e7 has_text_color\"><div class=\"wpb_wrapper\"><p>2023\/11\/23<\/p>\n<\/div><\/div><\/div><\/div><div class=\"wpb_column vc_column_container\"><div class=\"vc_column-inner\"><p class=\"w-text us_custom_c299fb06\"><span class=\"w-text-h\"><span class=\"w-text-value\">Version: 0.1.26<\/span><\/span><\/p><div class=\"wpb_text_column us_custom_1b04de86\"><div class=\"wpb_wrapper\"><ul>\n<li>Migration zu Chromium 118.<\/li>\n<li>Verschiedene plattformspezifische Probleme werden angesprochen.<\/li>\n<\/ul>\n<\/div><\/div><\/div><\/div><\/div><div class=\"w-separator size_custom with_line width_default thick_1 style_solid color_border align_center\" style=\"height:2rem\"><div class=\"w-separator-h\"><\/div><\/div><div class=\"g-cols wpb_row via_grid cols_1-4 laptops-cols_inherit tablets-cols_inherit mobiles-cols_1 valign_middle type_default stacking_default\" style=\"--gap:2rem;--laptops-gap:2rem;--tablets-gap:1rem;--mobiles-gap:2rem;\"><div class=\"wpb_column vc_column_container us_custom_c70c97eb has_bg_color\"><div class=\"vc_column-inner\"><div class=\"wpb_text_column us_custom_8eb7f7e7 has_text_color\"><div class=\"wpb_wrapper\"><p>2023\/11\/07<\/p>\n<\/div><\/div><\/div><\/div><div class=\"wpb_column vc_column_container\"><div class=\"vc_column-inner\"><p class=\"w-text us_custom_c299fb06\"><span class=\"w-text-h\"><span class=\"w-text-value\">Version: 0.1.25<\/span><\/span><\/p><div class=\"wpb_text_column us_custom_1b04de86\"><div class=\"wpb_wrapper\"><ul>\n<li>Migration zu Chromium 117.<\/li>\n<\/ul>\n<\/div><\/div><\/div><\/div><\/div><div class=\"w-separator size_custom with_line width_default thick_1 style_solid color_border align_center\" style=\"height:2rem\"><div class=\"w-separator-h\"><\/div><\/div><div class=\"g-cols wpb_row via_grid cols_1-4 laptops-cols_inherit tablets-cols_inherit mobiles-cols_1 valign_middle type_default stacking_default\" style=\"--gap:2rem;--laptops-gap:2rem;--tablets-gap:1rem;--mobiles-gap:2rem;\"><div class=\"wpb_column vc_column_container us_custom_c70c97eb has_bg_color\"><div class=\"vc_column-inner\"><div class=\"wpb_text_column us_custom_8eb7f7e7 has_text_color\"><div class=\"wpb_wrapper\"><p>2023\/10\/05<\/p>\n<\/div><\/div><\/div><\/div><div class=\"wpb_column vc_column_container\"><div class=\"vc_column-inner\"><p class=\"w-text us_custom_c299fb06\"><span class=\"w-text-h\"><span class=\"w-text-value\">Version: 0.1.24<\/span><\/span><\/p><div class=\"wpb_text_column us_custom_1b04de86\"><div class=\"wpb_wrapper\"><ul>\n<li>Migration zu Chromium 116.<\/li>\n<\/ul>\n<\/div><\/div><\/div><\/div><\/div><div class=\"w-separator size_custom with_line width_default thick_1 style_solid color_border align_center\" style=\"height:2rem\"><div class=\"w-separator-h\"><\/div><\/div><div class=\"g-cols wpb_row via_grid cols_1-4 laptops-cols_inherit tablets-cols_inherit mobiles-cols_1 valign_middle type_default stacking_default\" style=\"--gap:2rem;--laptops-gap:2rem;--tablets-gap:1rem;--mobiles-gap:2rem;\"><div class=\"wpb_column vc_column_container us_custom_c70c97eb has_bg_color\"><div class=\"vc_column-inner\"><div class=\"wpb_text_column us_custom_8eb7f7e7 has_text_color\"><div class=\"wpb_wrapper\"><p>2023\/09\/21<\/p>\n<\/div><\/div><\/div><\/div><div class=\"wpb_column vc_column_container\"><div class=\"vc_column-inner\"><p class=\"w-text us_custom_c299fb06\"><span class=\"w-text-h\"><span class=\"w-text-value\">Version: 0.1.23<\/span><\/span><\/p><div class=\"wpb_text_column us_custom_1b04de86\"><div class=\"wpb_wrapper\"><ul>\n<li>Umstellung auf Chromium 115.<\/li>\n<\/ul>\n<\/div><\/div><\/div><\/div><\/div><div class=\"w-separator size_custom with_line width_default thick_1 style_solid color_border align_center\" style=\"height:2rem\"><div class=\"w-separator-h\"><\/div><\/div><div class=\"g-cols wpb_row via_grid cols_1-4 laptops-cols_inherit tablets-cols_inherit mobiles-cols_1 valign_middle type_default stacking_default\" style=\"--gap:2rem;--laptops-gap:2rem;--tablets-gap:1rem;--mobiles-gap:2rem;\"><div class=\"wpb_column vc_column_container us_custom_c70c97eb has_bg_color\"><div class=\"vc_column-inner\"><div class=\"wpb_text_column us_custom_8eb7f7e7 has_text_color\"><div class=\"wpb_wrapper\"><p>2023\/09\/06<\/p>\n<\/div><\/div><\/div><\/div><div class=\"wpb_column vc_column_container\"><div class=\"vc_column-inner\"><p class=\"w-text us_custom_c299fb06\"><span class=\"w-text-h\"><span class=\"w-text-value\">Version: 0.1.22<\/span><\/span><\/p><div class=\"wpb_text_column us_custom_1b04de86\"><div class=\"wpb_wrapper\"><ul>\n<li>Migration zu Chromium 114.<\/li>\n<li>Korrekturen f\u00fcr Zeitstempel, Cookie-Verschl\u00fcsselung, WebRTC, Chrome-Erweiterungen, TTF-Schriften und andere Probleme.<\/li>\n<\/ul>\n<\/div><\/div><\/div><\/div><\/div><div class=\"w-separator size_custom with_line width_default thick_1 style_solid color_border align_center\" style=\"height:2rem\"><div class=\"w-separator-h\"><\/div><\/div><div class=\"g-cols wpb_row via_grid cols_1-4 laptops-cols_inherit tablets-cols_inherit mobiles-cols_1 valign_middle type_default stacking_default\" style=\"--gap:2rem;--laptops-gap:2rem;--tablets-gap:1rem;--mobiles-gap:2rem;\"><div class=\"wpb_column vc_column_container us_custom_c70c97eb has_bg_color\"><div class=\"vc_column-inner\"><div class=\"wpb_text_column us_custom_8eb7f7e7 has_text_color\"><div class=\"wpb_wrapper\"><p>2023\/08\/02<\/p>\n<\/div><\/div><\/div><\/div><div class=\"wpb_column vc_column_container\"><div class=\"vc_column-inner\"><p class=\"w-text us_custom_c299fb06\"><span class=\"w-text-h\"><span class=\"w-text-value\">Version: 0.1.21<\/span><\/span><\/p><div class=\"wpb_text_column us_custom_1b04de86\"><div class=\"wpb_wrapper\"><ul>\n<li>Migration zu Chromium 113.<\/li>\n<li>Korrekturen f\u00fcr WebRTC.<\/li>\n<\/ul>\n<\/div><\/div><\/div><\/div><\/div><div class=\"w-separator size_custom with_line width_default thick_1 style_solid color_border align_center\" style=\"height:2rem\"><div class=\"w-separator-h\"><\/div><\/div><div class=\"g-cols wpb_row via_grid cols_1-4 laptops-cols_inherit tablets-cols_inherit mobiles-cols_1 valign_middle type_default stacking_default\" style=\"--gap:2rem;--laptops-gap:2rem;--tablets-gap:1rem;--mobiles-gap:2rem;\"><div class=\"wpb_column vc_column_container us_custom_c70c97eb has_bg_color\"><div class=\"vc_column-inner\"><div class=\"wpb_text_column us_custom_8eb7f7e7 has_text_color\"><div class=\"wpb_wrapper\"><p>2023\/06\/08<\/p>\n<\/div><\/div><\/div><\/div><div class=\"wpb_column vc_column_container\"><div class=\"vc_column-inner\"><p class=\"w-text us_custom_c299fb06\"><span class=\"w-text-h\"><span class=\"w-text-value\">Version: 0.1.20<\/span><\/span><\/p><div class=\"wpb_text_column us_custom_1b04de86\"><div class=\"wpb_wrapper\"><ul>\n<li>Migration zu Chromium 112.<\/li>\n<li>Behebung von Problemen mit WebRTC und Canvas-Rauschen.<\/li>\n<\/ul>\n<\/div><\/div><\/div><\/div><\/div><div class=\"w-separator size_custom with_line width_default thick_1 style_solid color_border align_center\" style=\"height:2rem\"><div class=\"w-separator-h\"><\/div><\/div><div class=\"g-cols wpb_row via_grid cols_1-4 laptops-cols_inherit tablets-cols_inherit mobiles-cols_1 valign_middle type_default stacking_default\" style=\"--gap:2rem;--laptops-gap:2rem;--tablets-gap:1rem;--mobiles-gap:2rem;\"><div class=\"wpb_column vc_column_container us_custom_c70c97eb has_bg_color\"><div class=\"vc_column-inner\"><div class=\"wpb_text_column us_custom_8eb7f7e7 has_text_color\"><div class=\"wpb_wrapper\"><p>2023\/05\/12<\/p>\n<\/div><\/div><\/div><\/div><div class=\"wpb_column vc_column_container\"><div class=\"vc_column-inner\"><p class=\"w-text us_custom_c299fb06\"><span class=\"w-text-h\"><span class=\"w-text-value\">Version: 0.1.14<\/span><\/span><\/p><div class=\"wpb_text_column us_custom_1b04de86\"><div class=\"wpb_wrapper\"><ul>\n<li>Migration zu Chromium 111.<\/li>\n<li>Refactoring und Integration von absturzfreien Sentry-Benutzern unter Windows und Linux.<\/li>\n<\/ul>\n<\/div><\/div><\/div><\/div><\/div><div class=\"w-separator size_custom with_line width_default thick_1 style_solid color_border align_center\" style=\"height:2rem\"><div class=\"w-separator-h\"><\/div><\/div><div class=\"g-cols wpb_row via_grid cols_1-4 laptops-cols_inherit tablets-cols_inherit mobiles-cols_1 valign_middle type_default stacking_default\" style=\"--gap:2rem;--laptops-gap:2rem;--tablets-gap:1rem;--mobiles-gap:2rem;\"><div class=\"wpb_column vc_column_container us_custom_c70c97eb has_bg_color\"><div class=\"vc_column-inner\"><div class=\"wpb_text_column us_custom_8eb7f7e7 has_text_color\"><div class=\"wpb_wrapper\"><p>2023\/04\/19<\/p>\n<\/div><\/div><\/div><\/div><div class=\"wpb_column vc_column_container\"><div class=\"vc_column-inner\"><p class=\"w-text us_custom_c299fb06\"><span class=\"w-text-h\"><span class=\"w-text-value\">Version: 0.1.13<\/span><\/span><\/p><div class=\"wpb_text_column us_custom_1b04de86\"><div class=\"wpb_wrapper\"><ul>\n<li>Umstellung auf Chromium 110.<\/li>\n<li>Korrekturen f\u00fcr Orbita-Abst\u00fcrze im Headless-Modus.<\/li>\n<\/ul>\n<\/div><\/div><\/div><\/div><\/div><div class=\"w-separator size_custom with_line width_default thick_1 style_solid color_border align_center\" style=\"height:2rem\"><div class=\"w-separator-h\"><\/div><\/div><div class=\"g-cols wpb_row via_grid cols_1-4 laptops-cols_inherit tablets-cols_inherit mobiles-cols_1 valign_middle type_default stacking_default\" style=\"--gap:2rem;--laptops-gap:2rem;--tablets-gap:1rem;--mobiles-gap:2rem;\"><div class=\"wpb_column vc_column_container us_custom_c70c97eb has_bg_color\"><div class=\"vc_column-inner\"><div class=\"wpb_text_column us_custom_8eb7f7e7 has_text_color\"><div class=\"wpb_wrapper\"><p>2023\/03\/08<\/p>\n<\/div><\/div><\/div><\/div><div class=\"wpb_column vc_column_container\"><div class=\"vc_column-inner\"><p class=\"w-text us_custom_c299fb06\"><span class=\"w-text-h\"><span class=\"w-text-value\">Version: 0.1.12<\/span><\/span><\/p><div class=\"wpb_text_column us_custom_1b04de86\"><div class=\"wpb_wrapper\"><ul>\n<li>Korrekturen in WebGL auf verschiedenen Plattformen.<\/li>\n<\/ul>\n<\/div><\/div><\/div><\/div><\/div><div class=\"w-separator size_custom with_line width_default thick_1 style_solid color_border align_center\" style=\"height:2rem\"><div class=\"w-separator-h\"><\/div><\/div><div class=\"g-cols wpb_row via_grid cols_1-4 laptops-cols_inherit tablets-cols_inherit mobiles-cols_1 valign_middle type_default stacking_default\" style=\"--gap:2rem;--laptops-gap:2rem;--tablets-gap:1rem;--mobiles-gap:2rem;\"><div class=\"wpb_column vc_column_container us_custom_c70c97eb has_bg_color\"><div class=\"vc_column-inner\"><div class=\"wpb_text_column us_custom_8eb7f7e7 has_text_color\"><div class=\"wpb_wrapper\"><p>2023\/02\/17<\/p>\n<\/div><\/div><\/div><\/div><div class=\"wpb_column vc_column_container\"><div class=\"vc_column-inner\"><p class=\"w-text us_custom_c299fb06\"><span class=\"w-text-h\"><span class=\"w-text-value\">Version: 0.1.11<\/span><\/span><\/p><div class=\"wpb_text_column us_custom_1b04de86\"><div class=\"wpb_wrapper\"><ul>\n<li>Korrekturen und Verbesserungen im Headless-Modus, bei Service Workers und Webrtc-Funktionalit\u00e4ten.<\/li>\n<li>Hinzuf\u00fcgung von neuen Einstellungen f\u00fcr WebRTC.<\/li>\n<\/ul>\n<\/div><\/div><\/div><\/div><\/div><div class=\"w-separator size_custom with_line width_default thick_1 style_solid color_border align_center\" style=\"height:2rem\"><div class=\"w-separator-h\"><\/div><\/div><div class=\"g-cols wpb_row via_grid cols_1-4 laptops-cols_inherit tablets-cols_inherit mobiles-cols_1 valign_middle type_default stacking_default\" style=\"--gap:2rem;--laptops-gap:2rem;--tablets-gap:1rem;--mobiles-gap:2rem;\"><div class=\"wpb_column vc_column_container us_custom_c70c97eb has_bg_color\"><div class=\"vc_column-inner\"><div class=\"wpb_text_column us_custom_8eb7f7e7 has_text_color\"><div class=\"wpb_wrapper\"><p>2023\/02\/14<\/p>\n<\/div><\/div><\/div><\/div><div class=\"wpb_column vc_column_container\"><div class=\"vc_column-inner\"><p class=\"w-text us_custom_c299fb06\"><span class=\"w-text-h\"><span class=\"w-text-value\">Version: 0.1.1<\/span><\/span><\/p><div class=\"wpb_text_column us_custom_1b04de86\"><div class=\"wpb_wrapper\"><ul>\n<li>Fehlerbehebung f\u00fcr den Headless-Modus.<\/li>\n<\/ul>\n<\/div><\/div><\/div><\/div><\/div><div class=\"w-separator size_custom with_line width_default thick_1 style_solid color_border align_center\" style=\"height:2rem\"><div class=\"w-separator-h\"><\/div><\/div><div class=\"g-cols wpb_row via_grid cols_1-4 laptops-cols_inherit tablets-cols_inherit mobiles-cols_1 valign_middle type_default stacking_default\" style=\"--gap:2rem;--laptops-gap:2rem;--tablets-gap:1rem;--mobiles-gap:2rem;\"><div class=\"wpb_column vc_column_container us_custom_c70c97eb has_bg_color\"><div class=\"vc_column-inner\"><div class=\"wpb_text_column us_custom_8eb7f7e7 has_text_color\"><div class=\"wpb_wrapper\"><p>2023\/02\/07<\/p>\n<\/div><\/div><\/div><\/div><div class=\"wpb_column vc_column_container\"><div class=\"vc_column-inner\"><p class=\"w-text us_custom_c299fb06\"><span class=\"w-text-h\"><span class=\"w-text-value\">Version: 0.1<\/span><\/span><\/p><div class=\"wpb_text_column us_custom_1b04de86\"><div class=\"wpb_wrapper\"><ul>\n<li>Implementierung neuer Algorithmen zur Ersetzung von Browserparametern.<\/li>\n<li>Korrekturen und Verbesserungen in verschiedenen Funktionen.<\/li>\n<\/ul>\n<\/div><\/div><\/div><\/div><\/div><\/div><\/div><\/div><\/div><\/section><section class=\"l-section wpb_row height_large color_footer-bottom\"><div class=\"l-section-overlay\" style=\"background:var(--color-content-bg-alt)\"><\/div><div class=\"l-section-h i-cf\"><div class=\"g-cols vc_row via_grid cols_1 laptops-cols_inherit tablets-cols_inherit mobiles-cols_1 valign_top type_default stacking_default\"><div class=\"wpb_column vc_column_container\"><div class=\"vc_column-inner\"><div class=\"w-vwrapper align_center valign_top\" style=\"--vwrapper-gap:1.875rem\"><h2 class=\"w-text us_custom_eb849559\"><span class=\"w-text-h\"><span class=\"w-text-value\">Starten Sie noch heute mit Gobrowser<\/span><\/span><\/h2><div class=\"w-text us_custom_c96a8a09\"><span class=\"w-text-h\"><span class=\"w-text-value\">Keine Kreditkarte erforderlich<\/span><\/span><\/div><div class=\"w-btn-wrapper align_center\"><a class=\"w-btn us-btn-style_4\" href=\"https:\/\/gobrowser.com\/de\/download\"><span class=\"w-btn-label\">Kostenlose Nutzung<\/span><\/a><\/div><\/div><\/div><\/div><\/div><\/div><\/section>\n\n","protected":false},"excerpt":{"rendered":"\u00c4nderungslisteZuletzt aktualisiert Februar 1, 20242023\/12\/19 Version: 0.1.3 Umstellung auf Chromium 107. Verschiedene Korrekturen und Erg\u00e4nzungen der Profilparameter im Crashpad. \u00c4nderung der Verschl\u00fcsselungscodes f\u00fcr Cookies und Passw\u00f6rter. 2023\/11\/04 Version: 0.1.29 Korrekturen f\u00fcr den Headless-Modus und Spotify-Video. 2023\/10\/31 Version: 0.1.28 Fix f\u00fcr Proxy-Probleme. 2023\/11\/28 Version: 0.1.27 Migration zu Chromium 119. 2023\/11\/23 Version: 0.1.26 Migration zu Chromium 118....","protected":false},"author":6,"featured_media":0,"parent":0,"menu_order":0,"comment_status":"closed","ping_status":"closed","template":"","meta":{"footnotes":""},"class_list":["post-4073","page","type-page","status-publish","hentry"],"_links":{"self":[{"href":"https:\/\/gobrowser.com\/de\/wp-json\/wp\/v2\/pages\/4073","targetHints":{"allow":["GET"]}}],"collection":[{"href":"https:\/\/gobrowser.com\/de\/wp-json\/wp\/v2\/pages"}],"about":[{"href":"https:\/\/gobrowser.com\/de\/wp-json\/wp\/v2\/types\/page"}],"author":[{"embeddable":true,"href":"https:\/\/gobrowser.com\/de\/wp-json\/wp\/v2\/users\/6"}],"replies":[{"embeddable":true,"href":"https:\/\/gobrowser.com\/de\/wp-json\/wp\/v2\/comments?post=4073"}],"version-history":[{"count":8,"href":"https:\/\/gobrowser.com\/de\/wp-json\/wp\/v2\/pages\/4073\/revisions"}],"predecessor-version":[{"id":5162,"href":"https:\/\/gobrowser.com\/de\/wp-json\/wp\/v2\/pages\/4073\/revisions\/5162"}],"wp:attachment":[{"href":"https:\/\/gobrowser.com\/de\/wp-json\/wp\/v2\/media?parent=4073"}],"curies":[{"name":"wp","href":"https:\/\/api.w.org\/{rel}","templated":true}]}}