{"id":4064,"date":"2023-11-28T15:10:28","date_gmt":"2023-11-28T15:10:28","guid":{"rendered":"https:\/\/gobrowser.com\/browserleaks"},"modified":"2024-02-01T15:49:35","modified_gmt":"2024-02-01T15:49:35","slug":"browserleaks","status":"publish","type":"page","link":"https:\/\/gobrowser.com\/de\/browserleaks\/","title":{"rendered":"Browserleaks"},"content":{"rendered":"<section class=\"l-section wpb_row us_custom_fa07e175 height_medium width_custom\" style=\"--site-content-width:880px;\"><div class=\"l-section-h i-cf\"><div class=\"g-cols vc_row via_grid cols_1 laptops-cols_inherit tablets-cols_inherit mobiles-cols_1 valign_top type_default stacking_default\"><div class=\"wpb_column vc_column_container\"><div class=\"vc_column-inner\"><h1 class=\"w-post-elm post_title us_custom_19737bc8 align_center entry-title color_link_inherit\">Browserleaks<\/h1><h2 class=\"w-text us_custom_0af4ab6f has_text_color\"><span class=\"w-text-h\"><span class=\"w-text-value\">Die alternativen Tools zur \u00dcberpr\u00fcfung des Schutzes der IP-Adresse<\/span><\/span><\/h2><\/div><\/div><\/div><\/div><\/section><section class=\"l-section wpb_row us_custom_74e68c3f height_medium\"><div class=\"l-section-h i-cf\"><div class=\"g-cols vc_row via_grid cols_1 laptops-cols_inherit tablets-cols_inherit mobiles-cols_1 valign_top type_default stacking_default\"><div class=\"wpb_column vc_column_container us_custom_6853e49b\"><div class=\"vc_column-inner\">[vc_raw_html]PGlmcmFtZSBjbGFzcz0iZnJhbWVfY29udGFpbmVyIiBzcmM9Imh0dHBzOi8vaXBoZXkuY29tL2xlYWtzIiBmcmFtZWJvcmRlcj0iMCI+PC9pZnJhbWU+[\/vc_raw_html]<\/div><\/div><\/div><\/div><\/section><section class=\"l-section wpb_row height_medium color_alternate\"><div class=\"l-section-h i-cf\"><div class=\"g-cols vc_row via_grid cols_1 laptops-cols_inherit tablets-cols_inherit mobiles-cols_1 valign_top type_default stacking_default\"><div class=\"wpb_column vc_column_container us_custom_85e5d920\"><div class=\"vc_column-inner\"><h2 class=\"w-text us_custom_f4bafe71\"><span class=\"w-text-h\"><span class=\"w-text-value\">H\u00e4ufig gestellte Fragen \u00fcber Browserleaks.com<\/span><\/span><\/h2><div class=\"w-tabs us_custom_ebbdc731 free-tools_faq_container style_default switch_click accordion type_togglable has_scrolling\" style=\"--sections-title-size:inherit\"><div class=\"w-tabs-sections titles-align_none icon_plus cpos_right\"><div class=\"w-tabs-section\" id=\"mec4\" itemscope itemprop=\"mainEntity\" itemtype=\"https:\/\/schema.org\/Question\"><button class=\"w-tabs-section-header\" aria-controls=\"content-mec4\" aria-expanded=\"false\"><h3 class=\"w-tabs-section-title\" itemprop=\"name\">Was ist Browserleaks?<\/h3><div class=\"w-tabs-section-control\"><\/div><\/button><div  class=\"w-tabs-section-content\" id=\"content-mec4\" itemscope itemprop=\"acceptedAnswer\" itemtype=\"https:\/\/schema.org\/Answer\"><div class=\"w-tabs-section-content-h i-cf\" itemprop=\"text\"><div class=\"wpb_text_column\"><div class=\"wpb_wrapper\"><p>browserleaks.com ist eine Plattform, die eine Reihe von Tools anbietet, um die Sicherheits- und Datenschutzaspekte Ihres Webbrowsers zu bewerten. Diese Tools wurden entwickelt, um verschiedene Schwachstellen zu erkennen, die von Websites ausgenutzt werden k\u00f6nnten, um unbefugten Zugriff auf Ihre pers\u00f6nlichen Daten zu erhalten. Die Bewertungen umfassen Pr\u00fcfungen auf webRTC, WebGL und DNS-Lecks sowie eine Bewertung der Verschl\u00fcsselungsprotokolle Ihres Browsers. Die Plattform dient als wertvolle Ressource f\u00fcr Personen, die sich Sorgen um die Online-Sicherheit und den Datenschutz machen, und bietet die Gewissheit, dass ihr Browser so konfiguriert ist, dass das Risiko einer ungewollten Offenlegung pers\u00f6nlicher Daten minimiert wird.<\/p>\n<\/div><\/div><\/div><\/div><\/div><div class=\"w-tabs-section\" id=\"xf7c\" itemscope itemprop=\"mainEntity\" itemtype=\"https:\/\/schema.org\/Question\"><button class=\"w-tabs-section-header\" aria-controls=\"content-xf7c\" aria-expanded=\"false\"><h3 class=\"w-tabs-section-title\" itemprop=\"name\">Ist Ibrowserleaks.com sicher?<\/h3><div class=\"w-tabs-section-control\"><\/div><\/button><div  class=\"w-tabs-section-content\" id=\"content-xf7c\" itemscope itemprop=\"acceptedAnswer\" itemtype=\"https:\/\/schema.org\/Answer\"><div class=\"w-tabs-section-content-h i-cf\" itemprop=\"text\"><div class=\"wpb_text_column\"><div class=\"wpb_wrapper\"><p>Absolut, browserleaks.com ist eine sichere Plattform. F\u00fcr die Nutzung der Tools sind keine pers\u00f6nlichen Informationen erforderlich, und die Plattform sammelt keine Nutzerdaten. Es ist jedoch wichtig zu wissen, dass bestimmte Tool-Aktivit\u00e4ten Sicherheitswarnungen von Antiviren-Software oder Browsern ausl\u00f6sen k\u00f6nnen. Diese Warnungen sind auf Simulationen von Aktivit\u00e4ten zur\u00fcckzuf\u00fchren, die von b\u00f6swilligen Organisationen ausgenutzt werden k\u00f6nnten. Als Vorsichtsma\u00dfnahme ist es ratsam, Antivirus- oder Sicherheitssoftware vor\u00fcbergehend zu deaktivieren, w\u00e4hrend Sie die Tools auf browserleaks.com verwenden.<\/p>\n<\/div><\/div><\/div><\/div><\/div><div class=\"w-tabs-section\" id=\"z02c\" itemscope itemprop=\"mainEntity\" itemtype=\"https:\/\/schema.org\/Question\"><button class=\"w-tabs-section-header\" aria-controls=\"content-z02c\" aria-expanded=\"false\"><h3 class=\"w-tabs-section-title\" itemprop=\"name\">Was ist Canvas-Fingerprinting?<\/h3><div class=\"w-tabs-section-control\"><\/div><\/button><div  class=\"w-tabs-section-content\" id=\"content-z02c\" itemscope itemprop=\"acceptedAnswer\" itemtype=\"https:\/\/schema.org\/Answer\"><div class=\"w-tabs-section-content-h i-cf\" itemprop=\"text\"><div class=\"wpb_text_column\"><div class=\"wpb_wrapper\"><p>Canvas Fingerprinting ist eine Methode, die von Websites eingesetzt wird, um Nutzer im gesamten Internet zu \u00fcberwachen, indem einzigartige Merkmale von Webbrowsern, wie z. B. die Darstellung von Grafiken und Schriften, ausgenutzt werden. Dadurch wird ein digitaler Fingerabdruck Ihres Ger\u00e4ts erstellt, der die Verfolgung Ihrer Online-Aktivit\u00e4ten auch nach dem L\u00f6schen von Cookies oder der VPN-Nutzung erm\u00f6glicht. W\u00e4hrend Werbetreibende das Canvas Fingerprinting h\u00e4ufig f\u00fcr personalisierte Werbung nutzen, k\u00f6nnen b\u00f6swillige Akteure es zur Identifizierung und Verfolgung missbrauchen. BrowserLeaks bietet ein Tool zum Testen auf Canvas Fingerprinting an, mit dem Benutzer feststellen k\u00f6nnen, ob ihr Browser f\u00fcr diese Technik anf\u00e4llig ist.<\/p>\n<\/div><\/div><\/div><\/div><\/div><div class=\"w-tabs-section\" id=\"f0e8\" itemscope itemprop=\"mainEntity\" itemtype=\"https:\/\/schema.org\/Question\"><button class=\"w-tabs-section-header\" aria-controls=\"content-f0e8\" aria-expanded=\"false\"><h3 class=\"w-tabs-section-title\" itemprop=\"name\">Wie lautet meine IP-Adresse?<\/h3><div class=\"w-tabs-section-control\"><\/div><\/button><div  class=\"w-tabs-section-content\" id=\"content-f0e8\" itemscope itemprop=\"acceptedAnswer\" itemtype=\"https:\/\/schema.org\/Answer\"><div class=\"w-tabs-section-content-h i-cf\" itemprop=\"text\"><div class=\"wpb_text_column\"><div class=\"wpb_wrapper\"><p>Ihre IP-Adresse ist eine eindeutige Kennung, die Ihrem Ger\u00e4t bei der Internetverbindung zugewiesen wird. Es erleichtert die Kommunikation zwischen Ihrem Ger\u00e4t und anderen Ger\u00e4ten im Internet und erm\u00f6glicht den Austausch von Daten. Dar\u00fcber hinaus kann Ihre IP-Adresse allgemeine Angaben zum Standort und Informationen \u00fcber Ihren Internetdienstanbieter offenlegen.<br \/>\nBrowserLeaks bietet ein Tool, das Ihre aktuelle IP-Adresse anzeigt und zus\u00e4tzliche Informationen wie Ihren ungef\u00e4hren Standort und den Namen des ISP anzeigt. Diese Informationen sind n\u00fctzlich, um Netzwerkprobleme zu beheben und die Sicherheit Ihrer Internetverbindung zu beurteilen.<\/p>\n<\/div><\/div><\/div><\/div><\/div><div class=\"w-tabs-section\" id=\"s182\" itemscope itemprop=\"mainEntity\" itemtype=\"https:\/\/schema.org\/Question\"><button class=\"w-tabs-section-header\" aria-controls=\"content-s182\" aria-expanded=\"false\"><h3 class=\"w-tabs-section-title\" itemprop=\"name\">Wie funktioniert es?<\/h3><div class=\"w-tabs-section-control\"><\/div><\/button><div  class=\"w-tabs-section-content\" id=\"content-s182\" itemscope itemprop=\"acceptedAnswer\" itemtype=\"https:\/\/schema.org\/Answer\"><div class=\"w-tabs-section-content-h i-cf\" itemprop=\"text\"><div class=\"wpb_text_column\"><div class=\"wpb_wrapper\"><p>BrowserLeaks ist eine unsch\u00e4tzbare Ressource f\u00fcr Personen, die die Sicherheits- und Datenschutzeinstellungen ihres Browsers \u00fcberpr\u00fcfen und potenzielle Schwachstellen identifizieren wollen, die von b\u00f6swilligen Organisationen ausgenutzt werden k\u00f6nnen. Mithilfe der bereitgestellten Tools und Tests k\u00f6nnen Nutzer ihre Online-Sicherheit und ihre Privatsph\u00e4re verbessern und pers\u00f6nliche Daten vor unbefugtem Zugriff sch\u00fctzen.<\/p>\n<\/div><\/div><\/div><\/div><\/div><\/div><\/div><\/div><\/div><\/div><\/div><\/section>\n","protected":false},"excerpt":{"rendered":"BrowserleaksDie alternativen Tools zur \u00dcberpr\u00fcfung des Schutzes der IP-Adresse[vc_raw_html]PGlmcmFtZSBjbGFzcz0iZnJhbWVfY29udGFpbmVyIiBzcmM9Imh0dHBzOi8vaXBoZXkuY29tL2xlYWtzIiBmcmFtZWJvcmRlcj0iMCI+PC9pZnJhbWU+[\/vc_raw_html]H\u00e4ufig gestellte Fragen \u00fcber Browserleaks.comWas ist Browserleaks?browserleaks.com ist eine Plattform, die eine Reihe von Tools anbietet, um die Sicherheits- und Datenschutzaspekte Ihres Webbrowsers zu bewerten. Diese Tools wurden entwickelt, um verschiedene Schwachstellen zu erkennen, die von Websites ausgenutzt werden k\u00f6nnten, um unbefugten Zugriff auf Ihre pers\u00f6nlichen Daten...","protected":false},"author":6,"featured_media":2237,"parent":0,"menu_order":0,"comment_status":"closed","ping_status":"closed","template":"","meta":{"footnotes":""},"class_list":["post-4064","page","type-page","status-publish","has-post-thumbnail","hentry"],"_links":{"self":[{"href":"https:\/\/gobrowser.com\/de\/wp-json\/wp\/v2\/pages\/4064","targetHints":{"allow":["GET"]}}],"collection":[{"href":"https:\/\/gobrowser.com\/de\/wp-json\/wp\/v2\/pages"}],"about":[{"href":"https:\/\/gobrowser.com\/de\/wp-json\/wp\/v2\/types\/page"}],"author":[{"embeddable":true,"href":"https:\/\/gobrowser.com\/de\/wp-json\/wp\/v2\/users\/6"}],"replies":[{"embeddable":true,"href":"https:\/\/gobrowser.com\/de\/wp-json\/wp\/v2\/comments?post=4064"}],"version-history":[{"count":4,"href":"https:\/\/gobrowser.com\/de\/wp-json\/wp\/v2\/pages\/4064\/revisions"}],"predecessor-version":[{"id":5147,"href":"https:\/\/gobrowser.com\/de\/wp-json\/wp\/v2\/pages\/4064\/revisions\/5147"}],"wp:featuredmedia":[{"embeddable":true,"href":"https:\/\/gobrowser.com\/de\/wp-json\/wp\/v2\/media\/2237"}],"wp:attachment":[{"href":"https:\/\/gobrowser.com\/de\/wp-json\/wp\/v2\/media?parent=4064"}],"curies":[{"name":"wp","href":"https:\/\/api.w.org\/{rel}","templated":true}]}}