{"id":4061,"date":"2023-11-28T15:15:08","date_gmt":"2023-11-28T15:15:08","guid":{"rendered":"https:\/\/gobrowser.com\/amiunique"},"modified":"2024-02-01T15:46:16","modified_gmt":"2024-02-01T15:46:16","slug":"amiunique","status":"publish","type":"page","link":"https:\/\/gobrowser.com\/de\/amiunique\/","title":{"rendered":"Amiunique"},"content":{"rendered":"<section class=\"l-section wpb_row us_custom_fa07e175 height_medium width_custom\" style=\"--site-content-width:880px;\"><div class=\"l-section-h i-cf\"><div class=\"g-cols vc_row via_grid cols_1 laptops-cols_inherit tablets-cols_inherit mobiles-cols_1 valign_top type_default stacking_default\"><div class=\"wpb_column vc_column_container\"><div class=\"vc_column-inner\"><h1 class=\"w-post-elm post_title us_custom_19737bc8 align_center entry-title color_link_inherit\">Amiunique<\/h1><h2 class=\"w-text us_custom_0af4ab6f has_text_color\"><span class=\"w-text-h\"><span class=\"w-text-value\">Pr\u00fcfen Sie mit Amiunique, ob Ihr Browser einen eindeutigen Fingerabdruck hat<\/span><\/span><\/h2><\/div><\/div><\/div><\/div><\/section><section class=\"l-section wpb_row us_custom_74e68c3f height_medium\"><div class=\"l-section-h i-cf\"><div class=\"g-cols vc_row via_grid cols_1 laptops-cols_inherit tablets-cols_inherit mobiles-cols_1 valign_top type_default stacking_default\"><div class=\"wpb_column vc_column_container us_custom_6853e49b\"><div class=\"vc_column-inner\">[vc_raw_html]PGlmcmFtZSBjbGFzcz0iZnJhbWVfY29udGFpbmVyIiBzcmM9Imh0dHBzOi8vaXBoZXkuY29tLyIgZnJhbWVib3JkZXI9IjAiPjwvaWZyYW1lPg==[\/vc_raw_html]<\/div><\/div><\/div><\/div><\/section><section class=\"l-section wpb_row height_medium color_alternate\"><div class=\"l-section-h i-cf\"><div class=\"g-cols vc_row via_grid cols_1 laptops-cols_inherit tablets-cols_inherit mobiles-cols_1 valign_top type_default stacking_default\"><div class=\"wpb_column vc_column_container us_custom_85e5d920\"><div class=\"vc_column-inner\"><h2 class=\"w-text us_custom_f4bafe71\"><span class=\"w-text-h\"><span class=\"w-text-value\">H\u00e4ufig gestellte Fragen \u00fcber Amiunique.org<\/span><\/span><\/h2><div class=\"w-tabs us_custom_ebbdc731 free-tools_faq_container style_default switch_click accordion type_togglable has_scrolling\" style=\"--sections-title-size:inherit\"><div class=\"w-tabs-sections titles-align_none icon_plus cpos_right\"><div class=\"w-tabs-section\" id=\"sb24\" itemscope itemprop=\"mainEntity\" itemtype=\"https:\/\/schema.org\/Question\"><button class=\"w-tabs-section-header\" aria-controls=\"content-sb24\" aria-expanded=\"false\"><h3 class=\"w-tabs-section-title\" itemprop=\"name\">Was ist AmIUnique?<\/h3><div class=\"w-tabs-section-control\"><\/div><\/button><div  class=\"w-tabs-section-content\" id=\"content-sb24\" itemscope itemprop=\"acceptedAnswer\" itemtype=\"https:\/\/schema.org\/Answer\"><div class=\"w-tabs-section-content-h i-cf\" itemprop=\"text\"><div class=\"wpb_text_column\"><div class=\"wpb_wrapper\"><p>AmIUnique ist ein innovatives Online-Tool, das die unverwechselbare Identifizierbarkeit Ihres Browsers in der weiten Landschaft des Internets herausstellt. Es verwendet eine Reihe von Browser-Attributen, um einen digitalen Fingerabdruck zu erstellen, der Aufschluss \u00fcber die Einzigartigkeit und die potenzielle R\u00fcckverfolgbarkeit Ihres Browsers gibt.<\/p>\n<\/div><\/div><\/div><\/div><\/div><div class=\"w-tabs-section\" id=\"vbe0\" itemscope itemprop=\"mainEntity\" itemtype=\"https:\/\/schema.org\/Question\"><button class=\"w-tabs-section-header\" aria-controls=\"content-vbe0\" aria-expanded=\"false\"><h3 class=\"w-tabs-section-title\" itemprop=\"name\">Wie funktioniert AmIUnique?<\/h3><div class=\"w-tabs-section-control\"><\/div><\/button><div  class=\"w-tabs-section-content\" id=\"content-vbe0\" itemscope itemprop=\"acceptedAnswer\" itemtype=\"https:\/\/schema.org\/Answer\"><div class=\"w-tabs-section-content-h i-cf\" itemprop=\"text\"><div class=\"wpb_text_column\"><div class=\"wpb_wrapper\"><p>AmIUnique funktioniert, indem es eine Reihe von Daten von Ihrem Browser w\u00e4hrend Ihres Besuchs auf der Website sammelt. Diese Daten umfassen Details \u00fcber Ihren Browsertyp, Ihre Version, Ihr Betriebssystem, Ihre Bildschirmaufl\u00f6sung, Ihre Zeitzone und mehr. Durch eine akribische Analyse dieser Attribute bewertet AmIUnique das Ausma\u00df der Einzigartigkeit Ihres Browsers im Vergleich zu anderen.<\/p>\n<\/div><\/div><\/div><\/div><\/div><div class=\"w-tabs-section\" id=\"zc7a\" itemscope itemprop=\"mainEntity\" itemtype=\"https:\/\/schema.org\/Question\"><button class=\"w-tabs-section-header\" aria-controls=\"content-zc7a\" aria-expanded=\"false\"><h3 class=\"w-tabs-section-title\" itemprop=\"name\">Ist AmIUnique ein wirksames Instrument f\u00fcr das Fingerprinting von Browsern?<\/h3><div class=\"w-tabs-section-control\"><\/div><\/button><div  class=\"w-tabs-section-content\" id=\"content-zc7a\" itemscope itemprop=\"acceptedAnswer\" itemtype=\"https:\/\/schema.org\/Answer\"><div class=\"w-tabs-section-content-h i-cf\" itemprop=\"text\"><div class=\"wpb_text_column\"><div class=\"wpb_wrapper\"><p>AmIUnique hebt sich im Bereich des Browser-Fingerprinting ab, indem es eine umfangreiche Reihe von Parametern nutzt, um einen detaillierten Fingerabdruck zu erstellen. Es erfasst Informationen \u00fcber Ihren User Agent, HTTP_ACCEPT-Header, Browser-Plugin-Details, Zeitzone, Bildschirmaufl\u00f6sung und -tiefe, Systemschriftarten und mehr. Diese umfassende Datensammlung macht UniqueFingerprint zu einem zuverl\u00e4ssigen und effektiven Werkzeug f\u00fcr das Fingerprinting von Browsern.<\/p>\n<\/div><\/div><\/div><\/div><\/div><div class=\"w-tabs-section\" id=\"wd07\" itemscope itemprop=\"mainEntity\" itemtype=\"https:\/\/schema.org\/Question\"><button class=\"w-tabs-section-header\" aria-controls=\"content-wd07\" aria-expanded=\"false\"><h3 class=\"w-tabs-section-title\" itemprop=\"name\">Wie kann ich AmIUnique verwenden?<\/h3><div class=\"w-tabs-section-control\"><\/div><\/button><div  class=\"w-tabs-section-content\" id=\"content-wd07\" itemscope itemprop=\"acceptedAnswer\" itemtype=\"https:\/\/schema.org\/Answer\"><div class=\"w-tabs-section-content-h i-cf\" itemprop=\"text\"><div class=\"wpb_text_column\"><div class=\"wpb_wrapper\"><p>AmIUnique ist in erster Linie als Bildungsinstrument gedacht und soll das Bewusstsein f\u00fcr Browser-Fingerprinting und Online-Datenschutz sch\u00e4rfen. Die Einblicke, die es bietet, bef\u00e4higen Einzelpersonen, die potenzielle R\u00fcckverfolgbarkeit ihrer Browser im Internet zu verstehen, so dass sie proaktive Schritte unternehmen k\u00f6nnen, um ihre Privatsph\u00e4re zu sch\u00fctzen.<\/p>\n<\/div><\/div><\/div><\/div><\/div><div class=\"w-tabs-section\" id=\"ud99\" itemscope itemprop=\"mainEntity\" itemtype=\"https:\/\/schema.org\/Question\"><button class=\"w-tabs-section-header\" aria-controls=\"content-ud99\" aria-expanded=\"false\"><h3 class=\"w-tabs-section-title\" itemprop=\"name\">Kann AmIUnique beim Browser-Fingerprinting umgangen werden?<\/h3><div class=\"w-tabs-section-control\"><\/div><\/button><div  class=\"w-tabs-section-content\" id=\"content-ud99\" itemscope itemprop=\"acceptedAnswer\" itemtype=\"https:\/\/schema.org\/Answer\"><div class=\"w-tabs-section-content-h i-cf\" itemprop=\"text\"><div class=\"wpb_text_column\"><div class=\"wpb_wrapper\"><p>Auch wenn es aufgrund der umfangreichen Datenextraktion von AmIUnique eine Herausforderung sein kann, die Fingerprinting-Funktionen des Browsers vollst\u00e4ndig zu verhindern, k\u00f6nnen bestimmte Ma\u00dfnahmen den Schutz erh\u00f6hen. Empfohlen werden datenschutzfreundliche Browser-Add-ons, die Deaktivierung von JavaScript und die regelm\u00e4\u00dfige L\u00f6schung von Cookies und anderen gespeicherten Website-Daten. Es ist jedoch wichtig zu wissen, dass diese Ma\u00dfnahmen die Funktionalit\u00e4t bestimmter Websites beeintr\u00e4chtigen k\u00f6nnen.<\/p>\n<\/div><\/div><\/div><\/div><\/div><\/div><\/div><\/div><\/div><\/div><\/div><\/section>\n","protected":false},"excerpt":{"rendered":"AmiuniquePr\u00fcfen Sie mit Amiunique, ob Ihr Browser einen eindeutigen Fingerabdruck hat[vc_raw_html]PGlmcmFtZSBjbGFzcz0iZnJhbWVfY29udGFpbmVyIiBzcmM9Imh0dHBzOi8vaXBoZXkuY29tLyIgZnJhbWVib3JkZXI9IjAiPjwvaWZyYW1lPg==[\/vc_raw_html]H\u00e4ufig gestellte Fragen \u00fcber Amiunique.orgWas ist AmIUnique?AmIUnique ist ein innovatives Online-Tool, das die unverwechselbare Identifizierbarkeit Ihres Browsers in der weiten Landschaft des Internets herausstellt. Es verwendet eine Reihe von Browser-Attributen, um einen digitalen Fingerabdruck zu erstellen, der Aufschluss \u00fcber die Einzigartigkeit und die potenzielle R\u00fcckverfolgbarkeit...","protected":false},"author":6,"featured_media":2277,"parent":0,"menu_order":0,"comment_status":"closed","ping_status":"closed","template":"","meta":{"footnotes":""},"class_list":["post-4061","page","type-page","status-publish","has-post-thumbnail","hentry"],"_links":{"self":[{"href":"https:\/\/gobrowser.com\/de\/wp-json\/wp\/v2\/pages\/4061","targetHints":{"allow":["GET"]}}],"collection":[{"href":"https:\/\/gobrowser.com\/de\/wp-json\/wp\/v2\/pages"}],"about":[{"href":"https:\/\/gobrowser.com\/de\/wp-json\/wp\/v2\/types\/page"}],"author":[{"embeddable":true,"href":"https:\/\/gobrowser.com\/de\/wp-json\/wp\/v2\/users\/6"}],"replies":[{"embeddable":true,"href":"https:\/\/gobrowser.com\/de\/wp-json\/wp\/v2\/comments?post=4061"}],"version-history":[{"count":4,"href":"https:\/\/gobrowser.com\/de\/wp-json\/wp\/v2\/pages\/4061\/revisions"}],"predecessor-version":[{"id":5134,"href":"https:\/\/gobrowser.com\/de\/wp-json\/wp\/v2\/pages\/4061\/revisions\/5134"}],"wp:featuredmedia":[{"embeddable":true,"href":"https:\/\/gobrowser.com\/de\/wp-json\/wp\/v2\/media\/2277"}],"wp:attachment":[{"href":"https:\/\/gobrowser.com\/de\/wp-json\/wp\/v2\/media?parent=4061"}],"curies":[{"name":"wp","href":"https:\/\/api.w.org\/{rel}","templated":true}]}}