{"id":4045,"date":"2023-11-27T11:39:46","date_gmt":"2023-11-27T11:39:46","guid":{"rendered":"https:\/\/gobrowser.com\/team-size"},"modified":"2024-01-16T13:38:34","modified_gmt":"2024-01-16T13:38:34","slug":"team-size","status":"publish","type":"page","link":"https:\/\/gobrowser.com\/de\/team-size\/","title":{"rendered":"Unsere Ergebnisse sprechen f\u00fcr sich"},"content":{"rendered":"<section class=\"l-section wpb_row us_custom_fa07e175 height_medium width_custom\" style=\"--site-content-width:1080px;\"><div class=\"l-section-h i-cf\"><div class=\"g-cols vc_row via_grid cols_1 laptops-cols_inherit tablets-cols_inherit mobiles-cols_1 valign_top type_default stacking_default\"><div class=\"wpb_column vc_column_container\"><div class=\"vc_column-inner\"><h1 class=\"w-post-elm post_title us_custom_7a17de4b align_center entry-title color_link_inherit\">Unsere Ergebnisse sprechen f\u00fcr sich<\/h1><div class=\"wpb_text_column us_custom_e665ba89 has_text_color\"><div class=\"wpb_wrapper\"><p style=\"text-align: center;\">Gobrowser-Kunden sehen:<\/p>\n<\/div><\/div><div class=\"w-hwrapper us_custom_816188df valign_top stack_on_mobiles align_justify\"><div class=\"w-counter us_custom_899bd95a has_text_color color_heading align_left has_font_size\" data-duration=\"1.6\"><div class=\"w-counter-value\"><span class=\"w-counter-value-part type_text\" data-final=\"\"><\/span><span class=\"w-counter-value-part type_number\" data-final=\"30\">1<\/span><span class=\"w-counter-value-part type_text\" data-final=\"%\">%<\/span><\/div><span class=\"w-counter-title\" style=\"font-size:1rem;font-weight:400;\">billiger als Alternativen<\/span><\/div><div class=\"w-counter us_custom_899bd95a has_text_color color_heading align_left has_font_size\" data-duration=\"0.6\"><div class=\"w-counter-value\"><span class=\"w-counter-value-part type_text\" data-final=\"\"><\/span><span class=\"w-counter-value-part type_number\" data-final=\"2\">1<\/span><span class=\"w-counter-value-part type_text\" data-final=\"x\">x<\/span><\/div><span class=\"w-counter-title\" style=\"font-size:1rem;font-weight:400;\">abgeschlossene Gesch\u00e4fte pro Monat<\/span><\/div><div class=\"w-counter us_custom_899bd95a has_text_color color_heading align_left has_font_size\" data-duration=\"2\"><div class=\"w-counter-value\"><span class=\"w-counter-value-part type_text\" data-final=\"\"><\/span><span class=\"w-counter-value-part type_number\" data-final=\"65\">1<\/span><span class=\"w-counter-value-part type_text\" data-final=\"%\">%<\/span><\/div><span class=\"w-counter-title\" style=\"font-size:1rem;font-weight:400;\">R\u00fcckgang der Kontof\u00fchrung<\/span><\/div><\/div><\/div><\/div><\/div><\/div><\/section><section class=\"l-section wpb_row us_custom_1cdbfb90 height_medium\"><div class=\"l-section-h i-cf\"><div class=\"g-cols vc_row via_grid cols_1 laptops-cols_inherit tablets-cols_inherit mobiles-cols_1 valign_top type_default stacking_default\"><div class=\"wpb_column vc_column_container us_custom_31b2b1a6\"><div class=\"vc_column-inner\"><div class=\"g-cols wpb_row us_custom_a315c135 inner-columns_container via_grid cols_2 laptops-cols_inherit tablets-cols_inherit mobiles-cols_1 valign_middle type_default stacking_default\" style=\"--gap:6.25rem;--laptops-gap:6.25rem;--tablets-gap:3rem;--mobiles-gap:1.2rem;\" id=\"business\"><div class=\"wpb_column vc_column_container\"><div class=\"vc_column-inner\"><div class=\"w-image us_custom_fc5473c6 align_none\"><div class=\"w-image-h\"><img fetchpriority=\"high\" decoding=\"async\" width=\"900\" height=\"606\" src=\"https:\/\/gobrowser.com\/wp-content\/uploads\/2024\/01\/teamsize-1.jpg\" class=\"attachment-full size-full\" alt=\"\" srcset=\"https:\/\/gobrowser.com\/wp-content\/uploads\/2024\/01\/teamsize-1.jpg 900w, https:\/\/gobrowser.com\/wp-content\/uploads\/2024\/01\/teamsize-1-300x202.jpg 300w\" sizes=\"(max-width: 900px) 100vw, 900px\" \/><\/div><\/div><\/div><\/div><div class=\"wpb_column vc_column_container\"><div class=\"vc_column-inner\"><h3 class=\"w-text us_custom_fddc86fa\"><span class=\"w-text-h\"><span class=\"w-text-value\">L\u00f6sung f\u00fcr Unternehmen<\/span><\/span><\/h3><div class=\"wpb_text_column us_custom_bf94825d has_text_color\"><div class=\"wpb_wrapper\"><p>Diese Stufe ist ideal f\u00fcr Unternehmen, die viele Mitgliederkonten verwalten, und erm\u00f6glicht einen effizienten Teambetrieb mit der Einrichtung mehrerer Profile und Sicherheit. Profitieren Sie von optimierten Arbeitsabl\u00e4ufen, Produktivit\u00e4tswerkzeugen und der M\u00f6glichkeit, digital zu expandieren, w\u00e4hrend die Konten eindeutig und sicher bleiben.<\/p>\n<\/div><\/div><\/div><\/div><\/div><div class=\"g-cols wpb_row us_custom_fd6e34eb inner-columns_container via_grid cols_2 laptops-cols_inherit tablets-cols_inherit mobiles-cols_1 valign_middle type_default stacking_default\" style=\"--gap:6.25rem;--laptops-gap:6.25rem;--tablets-gap:3rem;--mobiles-gap:1.2rem;\" id=\"enterprise\"><div class=\"wpb_column vc_column_container reversed\"><div class=\"vc_column-inner\"><div class=\"w-image us_custom_fc5473c6 align_none\"><div class=\"w-image-h\"><img decoding=\"async\" width=\"900\" height=\"606\" src=\"https:\/\/gobrowser.com\/wp-content\/uploads\/2024\/01\/teamsize-2.jpg\" class=\"attachment-full size-full\" alt=\"\" srcset=\"https:\/\/gobrowser.com\/wp-content\/uploads\/2024\/01\/teamsize-2.jpg 900w, https:\/\/gobrowser.com\/wp-content\/uploads\/2024\/01\/teamsize-2-300x202.jpg 300w\" sizes=\"(max-width: 900px) 100vw, 900px\" \/><\/div><\/div><\/div><\/div><div class=\"wpb_column vc_column_container\"><div class=\"vc_column-inner\"><h3 class=\"w-text us_custom_fddc86fa\"><span class=\"w-text-h\"><span class=\"w-text-value\">L\u00f6sung f\u00fcr Unternehmen<\/span><\/span><\/h3><div class=\"wpb_text_column us_custom_bf94825d has_text_color\"><div class=\"wpb_wrapper\"><p>Unser Enterprise-Tarif richtet sich an gro\u00dfe Teams und bietet erweiterte Sicherheit und Unterst\u00fctzung f\u00fcr die nahtlose Verwaltung von Unternehmenskonten. Zugriff auf erweiterte Analysen und Anpassungen f\u00fcr gesch\u00e4ftliche Einblicke. Es l\u00e4sst sich mit Ihrem Unternehmen skalieren und bietet L\u00f6sungen f\u00fcr eine umfangreiche Verwaltung.<\/p>\n<\/div><\/div><\/div><\/div><\/div><div class=\"g-cols wpb_row us_custom_5954db1f inner-columns_container via_grid cols_2 laptops-cols_inherit tablets-cols_inherit mobiles-cols_1 valign_middle type_default stacking_default\" style=\"--gap:6.25rem;--laptops-gap:6.25rem;--tablets-gap:3rem;--mobiles-gap:1.2rem;\" id=\"freelance\"><div class=\"wpb_column vc_column_container\"><div class=\"vc_column-inner\"><div class=\"w-image us_custom_fc5473c6 align_none\"><div class=\"w-image-h\"><img decoding=\"async\" width=\"900\" height=\"606\" src=\"https:\/\/gobrowser.com\/wp-content\/uploads\/2024\/01\/teamsize-3.jpg\" class=\"attachment-full size-full\" alt=\"\" srcset=\"https:\/\/gobrowser.com\/wp-content\/uploads\/2024\/01\/teamsize-3.jpg 900w, https:\/\/gobrowser.com\/wp-content\/uploads\/2024\/01\/teamsize-3-300x202.jpg 300w\" sizes=\"(max-width: 900px) 100vw, 900px\" \/><\/div><\/div><\/div><\/div><div class=\"wpb_column vc_column_container\"><div class=\"vc_column-inner\"><h3 class=\"w-text us_custom_fddc86fa\"><span class=\"w-text-h\"><span class=\"w-text-value\">L\u00f6sung f\u00fcr Freiberufler<\/span><\/span><\/h3><div class=\"wpb_text_column us_custom_bf94825d has_text_color\"><div class=\"wpb_wrapper\"><p>Unser Forever Free-Tarif ist speziell auf Freiberufler zugeschnitten und bietet Tools zur Erstellung und Verwaltung mehrerer Konten, die Anonymit\u00e4t und Sicherheit im Internet gew\u00e4hrleisten. Die kostenlose L\u00f6sung ist ideal, um das Multi-Accounting zu erkunden und eine professionelle Online-Pr\u00e4senz auf verschiedenen Plattformen zu pflegen.<\/p>\n<\/div><\/div><\/div><\/div><\/div><\/div><\/div><\/div><\/div><\/section><section class=\"l-section wpb_row height_large color_footer-bottom\"><div class=\"l-section-overlay\" style=\"background:var(--color-content-bg-alt)\"><\/div><div class=\"l-section-h i-cf\"><div class=\"g-cols vc_row via_grid cols_1 laptops-cols_inherit tablets-cols_inherit mobiles-cols_1 valign_top type_default stacking_default\"><div class=\"wpb_column vc_column_container\"><div class=\"vc_column-inner\"><div class=\"w-vwrapper align_center valign_top\" style=\"--vwrapper-gap:1.875rem\"><h2 class=\"w-text us_custom_eb849559\"><span class=\"w-text-h\"><span class=\"w-text-value\">Starten Sie noch heute mit Gobrowser<\/span><\/span><\/h2><div class=\"w-text us_custom_c96a8a09\"><span class=\"w-text-h\"><span class=\"w-text-value\">Keine Kreditkarte erforderlich<\/span><\/span><\/div><div class=\"w-btn-wrapper align_center\"><a class=\"w-btn us-btn-style_4\" href=\"https:\/\/gobrowser.com\/de\/download\"><span class=\"w-btn-label\">Kostenlose Nutzung<\/span><\/a><\/div><\/div><\/div><\/div><\/div><\/div><\/section>\n\n","protected":false},"excerpt":{"rendered":"Unsere Ergebnisse sprechen f\u00fcr sichGobrowser-Kunden sehen: 1%billiger als Alternativen1xabgeschlossene Gesch\u00e4fte pro Monat1%R\u00fcckgang der Kontof\u00fchrungL\u00f6sung f\u00fcr UnternehmenDiese Stufe ist ideal f\u00fcr Unternehmen, die viele Mitgliederkonten verwalten, und erm\u00f6glicht einen effizienten Teambetrieb mit der Einrichtung mehrerer Profile und Sicherheit. Profitieren Sie von optimierten Arbeitsabl\u00e4ufen, Produktivit\u00e4tswerkzeugen und der M\u00f6glichkeit, digital zu expandieren, w\u00e4hrend die Konten eindeutig und sicher...","protected":false},"author":6,"featured_media":0,"parent":0,"menu_order":0,"comment_status":"closed","ping_status":"closed","template":"","meta":{"footnotes":""},"class_list":["post-4045","page","type-page","status-publish","hentry"],"_links":{"self":[{"href":"https:\/\/gobrowser.com\/de\/wp-json\/wp\/v2\/pages\/4045","targetHints":{"allow":["GET"]}}],"collection":[{"href":"https:\/\/gobrowser.com\/de\/wp-json\/wp\/v2\/pages"}],"about":[{"href":"https:\/\/gobrowser.com\/de\/wp-json\/wp\/v2\/types\/page"}],"author":[{"embeddable":true,"href":"https:\/\/gobrowser.com\/de\/wp-json\/wp\/v2\/users\/6"}],"replies":[{"embeddable":true,"href":"https:\/\/gobrowser.com\/de\/wp-json\/wp\/v2\/comments?post=4045"}],"version-history":[{"count":17,"href":"https:\/\/gobrowser.com\/de\/wp-json\/wp\/v2\/pages\/4045\/revisions"}],"predecessor-version":[{"id":4425,"href":"https:\/\/gobrowser.com\/de\/wp-json\/wp\/v2\/pages\/4045\/revisions\/4425"}],"wp:attachment":[{"href":"https:\/\/gobrowser.com\/de\/wp-json\/wp\/v2\/media?parent=4045"}],"curies":[{"name":"wp","href":"https:\/\/api.w.org\/{rel}","templated":true}]}}