{"id":4027,"date":"2023-11-29T08:21:29","date_gmt":"2023-11-29T08:21:29","guid":{"rendered":"https:\/\/gobrowser.com\/what-is-my-ip"},"modified":"2024-01-04T13:10:47","modified_gmt":"2024-01-04T13:10:47","slug":"what-is-my-ip","status":"publish","type":"page","link":"https:\/\/gobrowser.com\/de\/what-is-my-ip\/","title":{"rendered":"Wie lautet meine lokale IP-Adresse?"},"content":{"rendered":"<section class=\"l-section wpb_row us_custom_fa07e175 height_medium width_custom\" style=\"--site-content-width:880px;\"><div class=\"l-section-h i-cf\"><div class=\"g-cols vc_row via_grid cols_1 laptops-cols_inherit tablets-cols_inherit mobiles-cols_1 valign_top type_default stacking_default\"><div class=\"wpb_column vc_column_container\"><div class=\"vc_column-inner\"><h1 class=\"w-post-elm post_title us_custom_19737bc8 align_center entry-title color_link_inherit\">Wie lautet meine lokale IP-Adresse?<\/h1><h2 class=\"w-text us_custom_0af4ab6f has_text_color\"><span class=\"w-text-h\"><span class=\"w-text-value\">Die alternativen Tools zur \u00dcberpr\u00fcfung des Schutzes der IP-Adresse<\/span><\/span><\/h2><\/div><\/div><\/div><\/div><\/section><section class=\"l-section wpb_row us_custom_74e68c3f height_medium\"><div class=\"l-section-h i-cf\"><div class=\"g-cols vc_row via_grid cols_1 laptops-cols_inherit tablets-cols_inherit mobiles-cols_1 valign_top type_default stacking_default\"><div class=\"wpb_column vc_column_container us_custom_7e4e2671\"><div class=\"vc_column-inner\">[vc_raw_html]PGlmcmFtZSBpZD0icGFnZWZyYW1lIiBjbGFzcz0iaXBoZXkiIHdpZHRoPSIxMDAlIiBzcmM9Imh0dHBzOi8vbXlpcC5saW5rIiBmcmFtZWJvcmRlcj0iMCI+PC9pZnJhbWU+[\/vc_raw_html]<\/div><\/div><\/div><\/div><\/section><section class=\"l-section wpb_row height_medium color_alternate\"><div class=\"l-section-h i-cf\"><div class=\"g-cols vc_row via_grid cols_1 laptops-cols_inherit tablets-cols_inherit mobiles-cols_1 valign_top type_default stacking_default\"><div class=\"wpb_column vc_column_container us_custom_85e5d920\"><div class=\"vc_column-inner\"><h2 class=\"w-text us_custom_f4bafe71\"><span class=\"w-text-h\"><span class=\"w-text-value\">H\u00e4ufig gestellte Fragen zu IP<\/span><\/span><\/h2><div class=\"w-tabs free-tools_faq_container style_default switch_click accordion has_scrolling\" style=\"--sections-title-size:inherit\"><div class=\"w-tabs-sections titles-align_none icon_plus cpos_right\"><div class=\"w-tabs-section\" id=\"w198\"><button class=\"w-tabs-section-header\" aria-controls=\"content-w198\" aria-expanded=\"false\"><h2 class=\"w-tabs-section-title\">Was ist eine IP-Adresse?<\/h2><div class=\"w-tabs-section-control\"><\/div><\/button><div  class=\"w-tabs-section-content\" id=\"content-w198\"><div class=\"w-tabs-section-content-h i-cf\"><div class=\"wpb_text_column\"><div class=\"wpb_wrapper\"><p><!-- START - Generated by https:\/\/a.pr-cy.ru --><\/p>\n<div>\n<h2>Was ist eine IP-Adresse?<\/h2>\n<div>\n<div>Eine IP-Adresse oder Internet-Protokoll-Adresse ist eine eindeutige numerische Kennung, die jedem mit dem Internet verbundenen Ger\u00e4t zugewiesen wird. Sie wird zur Identifizierung und Kommunikation mit dem Ger\u00e4t \u00fcber das Internet verwendet. IP-Adressen sind f\u00fcr das Funktionieren des Internets unerl\u00e4sslich, da sie es den Ger\u00e4ten erm\u00f6glichen, einander zu finden und miteinander zu kommunizieren, und die \u00dcbertragung von Daten \u00fcber Netze hinweg erm\u00f6glichen.<\/div>\n<\/div>\n<\/div>\n<p><!-- END - Generated by https:\/\/a.pr-cy.ru --><\/p>\n<\/div><\/div><\/div><\/div><\/div><div class=\"w-tabs-section\" id=\"w2a8\"><button class=\"w-tabs-section-header\" aria-controls=\"content-w2a8\" aria-expanded=\"false\"><h2 class=\"w-tabs-section-title\">Was sind IPv4- und IPv6-Adressen?<\/h2><div class=\"w-tabs-section-control\"><\/div><\/button><div  class=\"w-tabs-section-content\" id=\"content-w2a8\"><div class=\"w-tabs-section-content-h i-cf\"><div class=\"wpb_text_column\"><div class=\"wpb_wrapper\"><p><!-- START - Generated by https:\/\/a.pr-cy.ru --><\/p>\n<div>\n<div>\n<h2>Was sind IPv4- und IPv6-Adressen?<\/h2>\n<div>\n<div>Es gibt zwei Versionen von IP-Adressen, die heute verwendet werden: IPv4, das ein 32-Bit-Adressenformat verwendet, und IPv6, das ein 128-Bit-Adressenformat verwendet. IPv4-Adressen werden am h\u00e4ufigsten verwendet, aber mit dem Wachstum des Internets und der zunehmenden Anzahl von Ger\u00e4ten, die sich mit ihm verbinden, werden IPv6-Adressen immer h\u00e4ufiger verwendet.<\/div>\n<\/div>\n<\/div>\n<\/div>\n<\/div><\/div><\/div><\/div><\/div><div class=\"w-tabs-section\" id=\"o478\"><button class=\"w-tabs-section-header\" aria-controls=\"content-o478\" aria-expanded=\"false\"><h2 class=\"w-tabs-section-title\">Wof\u00fcr genau wird eine IP-Adresse verwendet?<\/h2><div class=\"w-tabs-section-control\"><\/div><\/button><div  class=\"w-tabs-section-content\" id=\"content-o478\"><div class=\"w-tabs-section-content-h i-cf\"><div class=\"wpb_text_column\"><div class=\"wpb_wrapper\"><p><!-- START - Generated by https:\/\/a.pr-cy.ru --><\/p>\n<div>\n<div>\n<h2>Wof\u00fcr genau wird eine IP-Adresse verwendet?<\/h2>\n<div>\n<div>\n<p>Eine IP-Adresse wird verwendet, um ein Ger\u00e4t \u00fcber das Internet zu identifizieren und mit ihm zu kommunizieren. Es erm\u00f6glicht Ger\u00e4ten, sich gegenseitig zu finden und Daten \u00fcber das Internet auszutauschen. IP-Adressen werden f\u00fcr eine Vielzahl von Zwecken verwendet, unter anderem:<\/p>\n<ul>\n<li><strong>Weiterleitung:<\/strong> IP-Adressen werden verwendet, um Datenpakete zwischen Ger\u00e4ten im Internet weiterzuleiten. Wenn ein Ger\u00e4t Daten an ein anderes Ger\u00e4t senden will, muss es die IP-Adresse des Zielger\u00e4ts kennen, damit die Daten richtig weitergeleitet werden k\u00f6nnen.<\/li>\n<li><strong>Identifizierung:<\/strong> IP-Adressen werden verwendet, um Ger\u00e4te im Internet zu identifizieren. Jedes mit dem Internet verbundene Ger\u00e4t hat eine eindeutige IP-Adresse, mit der das Ger\u00e4t und sein Standort identifiziert werden k\u00f6nnen.<\/li>\n<li><strong>Sicherheit:<\/strong> IP-Adressen werden in Sicherheitssystemen verwendet, um den Zugang zu Netzen und Ger\u00e4ten zu kontrollieren. IP-Adressen k\u00f6nnen verwendet werden, um den Zugang zu bestimmten Ger\u00e4ten oder Netzen zu sperren oder zu erlauben.<\/li>\n<li><strong>Analytik:<\/strong> IP-Adressen werden in der Website-Analyse verwendet, um das Besucherverhalten und die demografischen Daten zu verfolgen. Website-Besitzer k\u00f6nnen IP-Adressen verwenden, um den geografischen Standort ihrer Besucher zu ermitteln, was f\u00fcr gezielte Werbung n\u00fctzlich sein kann.<\/li>\n<\/ul>\n<p>Insgesamt sind IP-Adressen f\u00fcr das Funktionieren des Internets unerl\u00e4sslich, da sie die Kommunikation von Ger\u00e4ten untereinander und die \u00dcbertragung von Daten \u00fcber Netze hinweg erm\u00f6glichen.<\/p>\n<\/div>\n<\/div>\n<\/div>\n<\/div>\n<p><!-- END - Generated by https:\/\/a.pr-cy.ru --><\/p>\n<\/div><\/div><\/div><\/div><\/div><div class=\"w-tabs-section\" id=\"e683\"><button class=\"w-tabs-section-header\" aria-controls=\"content-e683\" aria-expanded=\"false\"><h2 class=\"w-tabs-section-title\">Wie finde ich meine IP-Adresse?<\/h2><div class=\"w-tabs-section-control\"><\/div><\/button><div  class=\"w-tabs-section-content\" id=\"content-e683\"><div class=\"w-tabs-section-content-h i-cf\"><div class=\"wpb_text_column\"><div class=\"wpb_wrapper\"><p><!-- START - Generated by https:\/\/a.pr-cy.ru --><\/p>\n<div>\n<div>\n<h2>Wie finde ich meine IP-Adresse?<\/h2>\n<div>\n<div>\n<h3>Auf einem Windows-Computer:<\/h3>\n<ul>\n<li>\u00d6ffnen Sie die Eingabeaufforderung, indem Sie die Windows-Taste + R dr\u00fccken, dann &#8222;cmd&#8220; eingeben und die Eingabetaste dr\u00fccken.<\/li>\n<li>Geben Sie &#8222;ipconfig&#8220; ein und dr\u00fccken Sie die Eingabetaste.<\/li>\n<li>Ihre IP-Adresse wird neben &#8222;IPv4-Adresse&#8220; aufgef\u00fchrt.<\/li>\n<\/ul>\n<h3>Auf einem Mac:<\/h3>\n<ul>\n<li>Klicken Sie auf das Apple-Men\u00fc und w\u00e4hlen Sie &#8222;Systempr\u00e4ferenzen&#8220;.<\/li>\n<li>Klicken Sie auf &#8222;Netzwerk&#8220;.<\/li>\n<li>Ihre IP-Adresse wird neben &#8222;IP-Adresse&#8220; aufgef\u00fchrt.<br \/>\n<h3>Auf einem mobilen Ger\u00e4t:<\/h3>\n<\/li>\n<li>Gehen Sie zu den Einstellungen Ihres Ger\u00e4ts.<\/li>\n<li>Suchen Sie den Abschnitt &#8222;Wi-Fi&#8220; oder &#8222;Netzwerk&#8220;.<\/li>\n<li>Klicken Sie auf das verbundene Netzwerk.<\/li>\n<li>Ihre IP-Adresse wird unter &#8222;IP-Adresse&#8220; oder &#8222;IPv4-Adresse&#8220; aufgef\u00fchrt. Alternativ k\u00f6nnen Sie auch einfach &#8222;Wie lautet meine IP-Adresse&#8220; in eine Suchmaschine eingeben, und Ihre \u00f6ffentliche IP-Adresse wird angezeigt.<\/li>\n<\/ul>\n<\/div>\n<\/div>\n<\/div>\n<\/div>\n<p><!-- END - Generated by https:\/\/a.pr-cy.ru --><\/p>\n<\/div><\/div><\/div><\/div><\/div><div class=\"w-tabs-section\" id=\"b81f\"><button class=\"w-tabs-section-header\" aria-controls=\"content-b81f\" aria-expanded=\"false\"><h2 class=\"w-tabs-section-title\">Wie lautet meine lokale IP-Adresse?<\/h2><div class=\"w-tabs-section-control\"><\/div><\/button><div  class=\"w-tabs-section-content\" id=\"content-b81f\"><div class=\"w-tabs-section-content-h i-cf\"><div class=\"wpb_text_column\"><div class=\"wpb_wrapper\"><p><!-- START - Generated by https:\/\/a.pr-cy.ru --><\/p>\n<div>\n<div>\n<h2>Wie lautet meine lokale IP-Adresse?<\/h2>\n<div>\n<div>\n<p><strong>Hier sind einige allgemeine Schritte, um Ihre lokale IP-Adresse auf einem Windows-Computer zu finden:<\/strong><\/p>\n<ul>\n<li>Dr\u00fccken Sie die Windows-Taste + R, um das Dialogfeld Ausf\u00fchren zu \u00f6ffnen.<\/li>\n<li>Geben Sie &#8222;cmd&#8220; ein und dr\u00fccken Sie die Eingabetaste, um die Eingabeaufforderung zu \u00f6ffnen.<\/li>\n<li>Geben Sie &#8222;ipconfig&#8220; ein und dr\u00fccken Sie die Eingabetaste.<\/li>\n<li>Suchen Sie nach dem Eintrag &#8222;IPv4-Adresse&#8220; oder &#8222;IPv6-Adresse&#8220;, der Ihre lokale IP-Adresse anzeigt<strong>.Auf einem Mac k\u00f6nnen Sie Ihre lokale IP-Adresse wie folgt ermitteln:<\/strong><\/li>\n<li>Klicken Sie auf das Apple-Men\u00fc und w\u00e4hlen Sie &#8222;Systempr\u00e4ferenzen&#8220;.<\/li>\n<li>Klicken Sie auf &#8222;Netzwerk&#8220;.<\/li>\n<li>W\u00e4hlen Sie im linken Men\u00fc die aktive Netzverbindung aus.<\/li>\n<li>Ihre lokale IP-Adresse wird neben &#8222;IP-Adresse&#8220; angezeigt.<\/li>\n<\/ul>\n<\/div>\n<\/div>\n<\/div>\n<\/div>\n<p><!-- END - Generated by https:\/\/a.pr-cy.ru --><\/p>\n<\/div><\/div><\/div><\/div><\/div><div class=\"w-tabs-section\" id=\"w981\"><button class=\"w-tabs-section-header\" aria-controls=\"content-w981\" aria-expanded=\"false\"><h2 class=\"w-tabs-section-title\">Wie kann ich meine IP-Adresse verbergen?<\/h2><div class=\"w-tabs-section-control\"><\/div><\/button><div  class=\"w-tabs-section-content\" id=\"content-w981\"><div class=\"w-tabs-section-content-h i-cf\"><div class=\"wpb_text_column\"><div class=\"wpb_wrapper\"><p><!-- START - Generated by https:\/\/a.pr-cy.ru --><\/p>\n<div>\n<h2>Wie kann ich meine IP-Adresse verbergen?<\/h2>\n<div>\n<p>Es gibt mehrere Methoden, mit denen Sie Ihre IP-Adresse verbergen und Ihre Online-Privatsph\u00e4re sch\u00fctzen k\u00f6nnen:<\/p>\n<ol>\n<li>Verwenden Sie ein virtuelles privates Netzwerk (VPN): Ein VPN erm\u00f6glicht es Ihnen, Ihren Internetverkehr zu verschl\u00fcsseln und ihn \u00fcber einen vom VPN-Anbieter betriebenen Server zu leiten. Dadurch wird Ihre IP-Adresse verschleiert, so dass es so aussieht, als ob Sie von einem anderen Ort aus auf das Internet zugreifen w\u00fcrden.<\/li>\n<li>Verwenden Sie den Antidetect-Browser Gologin: Gologin erm\u00f6glicht es Benutzern, mehrere Benutzerprofile zu erstellen und zu verwalten, jedes mit seiner eigenen eindeutigen IP-Adresse, seinem Browser-Fingerabdruck und seinem Benutzer-Agenten, was es ideal f\u00fcr Web-Scraping, Online-Werbung und andere \u00e4hnliche Aktivit\u00e4ten macht.<\/li>\n<li>Verwenden Sie einen Proxyserver: Ein Proxyserver fungiert als Vermittler zwischen Ihrem Ger\u00e4t und dem Internet. Wenn Sie Ihren Datenverkehr \u00fcber einen Proxy-Server leiten, k\u00f6nnen Sie Ihre IP-Adresse verbergen und Ihre Online-Aktivit\u00e4ten maskieren.<\/li>\n<li>Verwenden Sie ein \u00f6ffentliches Wi-Fi-Netzwerk: Wenn Sie eine Verbindung zu einem \u00f6ffentlichen Wi-Fi-Netzwerk herstellen, wird Ihre IP-Adresse hinter der \u00f6ffentlichen IP-Adresse des Netzwerks versteckt. Diese Methode ist jedoch nicht sicher und kann weitere Sicherheitsrisiken mit sich bringen.<\/li>\n<\/ol>\n<\/div>\n<\/div>\n<\/div><\/div><\/div><\/div><\/div><div class=\"w-tabs-section\" id=\"pb3d\"><button class=\"w-tabs-section-header\" aria-controls=\"content-pb3d\" aria-expanded=\"false\"><h2 class=\"w-tabs-section-title\">Wie kann man seine IP-Adresse \u00fcberpr\u00fcfen?<\/h2><div class=\"w-tabs-section-control\"><\/div><\/button><div  class=\"w-tabs-section-content\" id=\"content-pb3d\"><div class=\"w-tabs-section-content-h i-cf\"><div class=\"wpb_text_column\"><div class=\"wpb_wrapper\"><p><span style=\"font-weight: 400;\">Um Ihre IP-Adresse zu \u00fcberpr\u00fcfen, k\u00f6nnen Sie je nach Ger\u00e4t und Betriebssystem verschiedene Methoden anwenden. Hier sind einige g\u00e4ngige M\u00f6glichkeiten, dies zu tun:<\/span><\/p>\n<ol>\n<li style=\"font-weight: 400;\" aria-level=\"1\">Google es<span style=\"font-weight: 400;\">: \u00d6ffnen Sie eine beliebige Suchmaschine und geben Sie &#8222;Wie lautet meine IP-Adresse?&#8220; ein. Die Suchmaschine wird Ihre \u00f6ffentliche IP-Adresse anzeigen.<\/span><\/li>\n<li style=\"font-weight: 400;\" aria-level=\"1\">Verwenden Sie die Eingabeaufforderung:<span style=\"font-weight: 400;\"> Unter Windows \u00f6ffnen Sie die Eingabeaufforderung und geben Sie &#8222;ipconfig&#8220; ein, um Ihre IP-Adresse anzuzeigen. Unter Mac oder Linux \u00f6ffnen Sie das Terminal und f\u00fchren den Befehl &#8222;ifconfig&#8220; oder &#8222;ip addr show&#8220; aus, um Ihre IP-Adresse anzuzeigen.<\/span><\/li>\n<li style=\"font-weight: 400;\" aria-level=\"1\">Besuchen Sie eine Website<span style=\"font-weight: 400;\">: Verschiedene Websites, wie whatismyip.com oder https:\/\/iphey.com\/, k\u00f6nnen Ihre \u00f6ffentliche IP-Adresse anzeigen, wenn Sie sie besuchen.<\/span><\/li>\n<\/ol>\n<p>\u00dcberpr\u00fcfen Sie die Verwaltungsschnittstelle Ihres Routers<span style=\"font-weight: 400;\">: Loggen Sie sich in die Verwaltungsoberfl\u00e4che Ihres Routers ein und suchen Sie nach WAN- oder Internet-Einstellungen. Dort sollte Ihre \u00f6ffentliche IP-Adresse angezeigt werden.<\/span><\/p>\n<\/div><\/div><\/div><\/div><\/div><\/div><\/div><\/div><\/div><\/div><\/div><\/section>\n","protected":false},"excerpt":{"rendered":"Wie lautet meine lokale IP-Adresse?Die alternativen Tools zur \u00dcberpr\u00fcfung des Schutzes der IP-Adresse[vc_raw_html]PGlmcmFtZSBpZD0icGFnZWZyYW1lIiBjbGFzcz0iaXBoZXkiIHdpZHRoPSIxMDAlIiBzcmM9Imh0dHBzOi8vbXlpcC5saW5rIiBmcmFtZWJvcmRlcj0iMCI+PC9pZnJhbWU+[\/vc_raw_html]H\u00e4ufig gestellte Fragen zu IPWas ist eine IP-Adresse? Was ist eine IP-Adresse? Eine IP-Adresse oder Internet-Protokoll-Adresse ist eine eindeutige numerische Kennung, die jedem mit dem Internet verbundenen Ger\u00e4t zugewiesen wird. Sie wird zur Identifizierung und Kommunikation mit dem Ger\u00e4t \u00fcber das Internet verwendet....","protected":false},"author":2,"featured_media":2237,"parent":0,"menu_order":0,"comment_status":"closed","ping_status":"closed","template":"","meta":{"footnotes":""},"class_list":["post-4027","page","type-page","status-publish","has-post-thumbnail","hentry"],"_links":{"self":[{"href":"https:\/\/gobrowser.com\/de\/wp-json\/wp\/v2\/pages\/4027","targetHints":{"allow":["GET"]}}],"collection":[{"href":"https:\/\/gobrowser.com\/de\/wp-json\/wp\/v2\/pages"}],"about":[{"href":"https:\/\/gobrowser.com\/de\/wp-json\/wp\/v2\/types\/page"}],"author":[{"embeddable":true,"href":"https:\/\/gobrowser.com\/de\/wp-json\/wp\/v2\/users\/2"}],"replies":[{"embeddable":true,"href":"https:\/\/gobrowser.com\/de\/wp-json\/wp\/v2\/comments?post=4027"}],"version-history":[{"count":5,"href":"https:\/\/gobrowser.com\/de\/wp-json\/wp\/v2\/pages\/4027\/revisions"}],"predecessor-version":[{"id":4039,"href":"https:\/\/gobrowser.com\/de\/wp-json\/wp\/v2\/pages\/4027\/revisions\/4039"}],"wp:featuredmedia":[{"embeddable":true,"href":"https:\/\/gobrowser.com\/de\/wp-json\/wp\/v2\/media\/2237"}],"wp:attachment":[{"href":"https:\/\/gobrowser.com\/de\/wp-json\/wp\/v2\/media?parent=4027"}],"curies":[{"name":"wp","href":"https:\/\/api.w.org\/{rel}","templated":true}]}}