{"id":4026,"date":"2023-11-28T14:52:28","date_gmt":"2023-11-28T14:52:28","guid":{"rendered":"https:\/\/gobrowser.com\/whoer"},"modified":"2024-01-04T13:15:34","modified_gmt":"2024-01-04T13:15:34","slug":"whoer","status":"publish","type":"page","link":"https:\/\/gobrowser.com\/de\/whoer\/","title":{"rendered":"Whoer.net"},"content":{"rendered":"<section class=\"l-section wpb_row us_custom_fa07e175 height_medium width_custom\" style=\"--site-content-width:880px;\"><div class=\"l-section-h i-cf\"><div class=\"g-cols vc_row via_grid cols_1 laptops-cols_inherit tablets-cols_inherit mobiles-cols_1 valign_top type_default stacking_default\"><div class=\"wpb_column vc_column_container\"><div class=\"vc_column-inner\"><h1 class=\"w-post-elm post_title us_custom_19737bc8 align_center entry-title color_link_inherit\">Whoer.net<\/h1><h2 class=\"w-text us_custom_0af4ab6f has_text_color\"><span class=\"w-text-h\"><span class=\"w-text-value\">Finden Sie Ihre IP-Adresse mit dem alternativen Tool Whoer heraus<\/span><\/span><\/h2><\/div><\/div><\/div><\/div><\/section><section class=\"l-section wpb_row us_custom_e4b5bea0 height_medium\"><div class=\"l-section-h i-cf\"><div class=\"g-cols vc_row via_grid cols_1 laptops-cols_inherit tablets-cols_inherit mobiles-cols_1 valign_top type_default stacking_default\"><div class=\"wpb_column vc_column_container us_custom_6853e49b\"><div class=\"vc_column-inner\">[vc_raw_html]PGlmcmFtZSBjbGFzcz0iZnJhbWVfY29udGFpbmVyIiBzcmM9Imh0dHBzOi8vbXlpcC5saW5rIiBmcmFtZWJvcmRlcj0iMCI+PC9pZnJhbWU+[\/vc_raw_html]<\/div><\/div><\/div><\/div><\/section><section class=\"l-section wpb_row height_medium color_alternate\"><div class=\"l-section-h i-cf\"><div class=\"g-cols vc_row via_grid cols_1 laptops-cols_inherit tablets-cols_inherit mobiles-cols_1 valign_top type_default stacking_default\"><div class=\"wpb_column vc_column_container us_custom_85e5d920\"><div class=\"vc_column-inner\"><h2 class=\"w-text us_custom_f4bafe71\"><span class=\"w-text-h\"><span class=\"w-text-value\">H\u00e4ufig gestellte Fragen zu Whoer.net<\/span><\/span><\/h2><div class=\"w-tabs us_custom_ebbdc731 free-tools_faq_container style_default switch_click accordion type_togglable has_scrolling\" style=\"--sections-title-size:inherit\"><div class=\"w-tabs-sections titles-align_none icon_chevron cpos_right\"><div class=\"w-tabs-section\" id=\"pb26\" itemscope itemprop=\"mainEntity\" itemtype=\"https:\/\/schema.org\/Question\"><button class=\"w-tabs-section-header\" aria-controls=\"content-pb26\" aria-expanded=\"false\"><h3 class=\"w-tabs-section-title\" itemprop=\"name\">Was ist Whoer.net?<\/h3><div class=\"w-tabs-section-control\"><\/div><\/button><div  class=\"w-tabs-section-content\" id=\"content-pb26\" itemscope itemprop=\"acceptedAnswer\" itemtype=\"https:\/\/schema.org\/Answer\"><div class=\"w-tabs-section-content-h i-cf\" itemprop=\"text\"><div class=\"wpb_text_column\"><div class=\"wpb_wrapper\"><p><span style=\"font-weight: 400;\">Whoer.net ist eine Online-Plattform, die eine Reihe von Werkzeugen bereitstellt, die den Nutzern helfen sollen, ihre Internetverbindungen zu bewerten und ihre Online-Privatsph\u00e4re zu verbessern. Es ist vollgepackt mit Funktionen wie einem VPN-Dienst, einer IP-Adress\u00fcberpr\u00fcfung, einem Tool zur Geschwindigkeitsbewertung und einem System zur Erkennung von DNS-Lecks.<\/span><\/p>\n<\/div><\/div><\/div><\/div><\/div><div class=\"w-tabs-section\" id=\"pbf1\" itemscope itemprop=\"mainEntity\" itemtype=\"https:\/\/schema.org\/Question\"><button class=\"w-tabs-section-header\" aria-controls=\"content-pbf1\" aria-expanded=\"false\"><h3 class=\"w-tabs-section-title\" itemprop=\"name\">Wie kann Whoer.net Ihre Online-Privatsph\u00e4re verbessern?<\/h3><div class=\"w-tabs-section-control\"><\/div><\/button><div  class=\"w-tabs-section-content\" id=\"content-pbf1\" itemscope itemprop=\"acceptedAnswer\" itemtype=\"https:\/\/schema.org\/Answer\"><div class=\"w-tabs-section-content-h i-cf\" itemprop=\"text\"><div class=\"wpb_text_column\"><div class=\"wpb_wrapper\"><p><span style=\"font-weight: 400;\">Der VPN-Dienst von Whoer.net ist ein wichtiges Instrument zur Verbesserung der Online-Privatsph\u00e4re. Es sichert Ihre Daten mit Verschl\u00fcsselung und verschleiert Ihre tats\u00e4chliche IP-Adresse. Es leitet Ihren Internetverkehr \u00fcber einen Server an einem anderen Ort um, so dass der Eindruck entsteht, Sie w\u00fcrden von einem anderen Ort aus auf das Internet zugreifen. Dies hilft, geografische Beschr\u00e4nkungen zu umgehen und die Online-Anonymit\u00e4t zu wahren.<\/span><\/p>\n<\/div><\/div><\/div><\/div><\/div><div class=\"w-tabs-section\" id=\"uc8a\" itemscope itemprop=\"mainEntity\" itemtype=\"https:\/\/schema.org\/Question\"><button class=\"w-tabs-section-header\" aria-controls=\"content-uc8a\" aria-expanded=\"false\"><h3 class=\"w-tabs-section-title\" itemprop=\"name\">Was ist der Whoer.net IP-Pr\u00fcfer und wie funktioniert er?<\/h3><div class=\"w-tabs-section-control\"><\/div><\/button><div  class=\"w-tabs-section-content\" id=\"content-uc8a\" itemscope itemprop=\"acceptedAnswer\" itemtype=\"https:\/\/schema.org\/Answer\"><div class=\"w-tabs-section-content-h i-cf\" itemprop=\"text\"><div class=\"wpb_text_column\"><div class=\"wpb_wrapper\"><p>Der IP-Pr\u00fcfer von Whoer.net ist ein praktisches Tool, mit dem Sie Ihre aktuelle IP-Adresse und zugeh\u00f6rige Details wie Ihren Internetdienstanbieter, Ihre ungef\u00e4hre geografische Position und das Betriebssystem Ihres Systems anzeigen k\u00f6nnen. Dieses Tool kann bei der L\u00f6sung von Netzwerkproblemen oder bei der \u00dcberpr\u00fcfung der Wirksamkeit eines VPN- oder Proxy-Dienstes von Nutzen sein.<\/p>\n<\/div><\/div><\/div><\/div><\/div><div class=\"w-tabs-section\" id=\"od14\" itemscope itemprop=\"mainEntity\" itemtype=\"https:\/\/schema.org\/Question\"><button class=\"w-tabs-section-header\" aria-controls=\"content-od14\" aria-expanded=\"false\"><h3 class=\"w-tabs-section-title\" itemprop=\"name\">Wie zuverl\u00e4ssig ist der VPN-Dienst von Whoer.net?<\/h3><div class=\"w-tabs-section-control\"><\/div><\/button><div  class=\"w-tabs-section-content\" id=\"content-od14\" itemscope itemprop=\"acceptedAnswer\" itemtype=\"https:\/\/schema.org\/Answer\"><div class=\"w-tabs-section-content-h i-cf\" itemprop=\"text\"><div class=\"wpb_text_column\"><div class=\"wpb_wrapper\"><p>Der von Whoer.net angebotene VPN-Dienst wird allgemein als zuverl\u00e4ssig und sicher wahrgenommen. Es bietet eine starke Verschl\u00fcsselung und speichert keine Protokolle der Benutzeraktivit\u00e4ten. Ihre Wirksamkeit kann jedoch durch verschiedene Faktoren beeinflusst werden, wie z. B. den geografischen Standort des Nutzers und den spezifischen Server, mit dem er sich verbindet.<\/p>\n<\/div><\/div><\/div><\/div><\/div><div class=\"w-tabs-section\" id=\"vd9a\" itemscope itemprop=\"mainEntity\" itemtype=\"https:\/\/schema.org\/Question\"><button class=\"w-tabs-section-header\" aria-controls=\"content-vd9a\" aria-expanded=\"false\"><h3 class=\"w-tabs-section-title\" itemprop=\"name\">Ist die Nutzung von Whoer.net kostenlos?<\/h3><div class=\"w-tabs-section-control\"><\/div><\/button><div  class=\"w-tabs-section-content\" id=\"content-vd9a\" itemscope itemprop=\"acceptedAnswer\" itemtype=\"https:\/\/schema.org\/Answer\"><div class=\"w-tabs-section-content-h i-cf\" itemprop=\"text\"><div class=\"wpb_text_column\"><div class=\"wpb_wrapper\"><p>Whoer.net bietet sowohl kostenlose als auch kostenpflichtige Dienste an. Tools wie der IP-Verifier, das Tool zur Geschwindigkeitsbewertung und das DNS-Leck-Erkennungssystem k\u00f6nnen kostenlos genutzt werden. F\u00fcr den VPN-Dienst gibt es jedoch eine eingeschr\u00e4nkte kostenlose Version, w\u00e4hrend der umfassende Zugriff auf alle Funktionen und Server mit einem Premium-Abonnement verbunden ist. <\/p>\n<\/div><\/div><\/div><\/div><\/div><\/div><\/div><\/div><\/div><\/div><\/div><\/section>\n","protected":false},"excerpt":{"rendered":"Whoer.netFinden Sie Ihre IP-Adresse mit dem alternativen Tool Whoer heraus[vc_raw_html]PGlmcmFtZSBjbGFzcz0iZnJhbWVfY29udGFpbmVyIiBzcmM9Imh0dHBzOi8vbXlpcC5saW5rIiBmcmFtZWJvcmRlcj0iMCI+PC9pZnJhbWU+[\/vc_raw_html]H\u00e4ufig gestellte Fragen zu Whoer.netWas ist Whoer.net?Whoer.net ist eine Online-Plattform, die eine Reihe von Werkzeugen bereitstellt, die den Nutzern helfen sollen, ihre Internetverbindungen zu bewerten und ihre Online-Privatsph\u00e4re zu verbessern. Es ist vollgepackt mit Funktionen wie einem VPN-Dienst, einer IP-Adress\u00fcberpr\u00fcfung, einem Tool zur Geschwindigkeitsbewertung und einem...","protected":false},"author":6,"featured_media":2245,"parent":0,"menu_order":0,"comment_status":"closed","ping_status":"closed","template":"","meta":{"footnotes":""},"class_list":["post-4026","page","type-page","status-publish","has-post-thumbnail","hentry"],"_links":{"self":[{"href":"https:\/\/gobrowser.com\/de\/wp-json\/wp\/v2\/pages\/4026","targetHints":{"allow":["GET"]}}],"collection":[{"href":"https:\/\/gobrowser.com\/de\/wp-json\/wp\/v2\/pages"}],"about":[{"href":"https:\/\/gobrowser.com\/de\/wp-json\/wp\/v2\/types\/page"}],"author":[{"embeddable":true,"href":"https:\/\/gobrowser.com\/de\/wp-json\/wp\/v2\/users\/6"}],"replies":[{"embeddable":true,"href":"https:\/\/gobrowser.com\/de\/wp-json\/wp\/v2\/comments?post=4026"}],"version-history":[{"count":4,"href":"https:\/\/gobrowser.com\/de\/wp-json\/wp\/v2\/pages\/4026\/revisions"}],"predecessor-version":[{"id":4042,"href":"https:\/\/gobrowser.com\/de\/wp-json\/wp\/v2\/pages\/4026\/revisions\/4042"}],"wp:featuredmedia":[{"embeddable":true,"href":"https:\/\/gobrowser.com\/de\/wp-json\/wp\/v2\/media\/2245"}],"wp:attachment":[{"href":"https:\/\/gobrowser.com\/de\/wp-json\/wp\/v2\/media?parent=4026"}],"curies":[{"name":"wp","href":"https:\/\/api.w.org\/{rel}","templated":true}]}}