{"id":4002,"date":"2023-11-24T10:17:50","date_gmt":"2023-11-24T10:17:50","guid":{"rendered":"https:\/\/gobrowser.com\/use-cases"},"modified":"2024-01-16T13:10:15","modified_gmt":"2024-01-16T13:10:15","slug":"use-cases","status":"publish","type":"page","link":"https:\/\/gobrowser.com\/de\/use-cases\/","title":{"rendered":"Anwendungsf\u00e4lle"},"content":{"rendered":"<section class=\"l-section wpb_row us_custom_fa07e175 height_medium width_custom\" style=\"--site-content-width:880px;\"><div class=\"l-section-h i-cf\"><div class=\"g-cols vc_row via_grid cols_1 laptops-cols_inherit tablets-cols_inherit mobiles-cols_1 valign_top type_default stacking_default\"><div class=\"wpb_column vc_column_container\"><div class=\"vc_column-inner\"><h1 class=\"w-post-elm post_title us_custom_19737bc8 align_center entry-title color_link_inherit\">Anwendungsf\u00e4lle<\/h1><div class=\"wpb_text_column us_custom_28434c15 has_text_color hide_on_default hide_on_laptops hide_on_tablets hide_on_mobiles\"><div class=\"wpb_wrapper\"><p style=\"text-align: center;\">GoBrowser erm\u00f6glicht Unternehmen und Einzelpersonen ein papierloses, produktives Arbeitsleben. Wir helfen Ihnen, sch\u00f6ne, effektive und moderne Dokumente zu erstellen, um Ihre Kunden zufrieden zu stellen.<\/p>\n<\/div><\/div><div class=\"w-btn-wrapper align_center\"><a class=\"w-btn us-btn-style_4 us_custom_a1bfb9ed\" href=\"https:\/\/app.gobrowser.com\/#\/sign_up\"><span class=\"w-btn-label\">Kostenlose Nutzung<\/span><\/a><\/div><div class=\"w-text us_custom_98c75094 has_text_color\"><span class=\"w-text-h\"><span class=\"w-text-value\">Keine Kreditkarte erforderlich<\/span><\/span><\/div><\/div><\/div><\/div><\/div><\/section><section class=\"l-section wpb_row us_custom_8f2db774 height_medium\"><div class=\"l-section-h i-cf\"><div class=\"g-cols vc_row via_grid cols_1 laptops-cols_inherit tablets-cols_inherit mobiles-cols_1 valign_top type_default stacking_default\"><div class=\"wpb_column vc_column_container us_custom_31b2b1a6\"><div class=\"vc_column-inner\"><div class=\"g-cols wpb_row us_custom_a315c135 inner-columns_container via_grid cols_2 laptops-cols_inherit tablets-cols_inherit mobiles-cols_1 valign_middle type_default stacking_default\" style=\"--gap:6.25rem;--laptops-gap:6.25rem;--tablets-gap:3rem;--mobiles-gap:1.2rem;\" id=\"e-commerce\"><div class=\"wpb_column vc_column_container\"><div class=\"vc_column-inner\"><div class=\"w-image us_custom_fc5473c6 align_none\"><div class=\"w-image-h\"><img fetchpriority=\"high\" decoding=\"async\" width=\"490\" height=\"330\" src=\"https:\/\/gobrowser.com\/wp-content\/uploads\/2023\/11\/use-cases-1.svg\" class=\"attachment-full size-full\" alt=\"\" \/><\/div><\/div><\/div><\/div><div class=\"wpb_column vc_column_container\"><div class=\"vc_column-inner\"><h3 class=\"w-text us_custom_fddc86fa\"><span class=\"w-text-h\"><span class=\"w-text-value\">Elektronischer Gesch\u00e4ftsverkehr<\/span><\/span><\/h3><div class=\"wpb_text_column us_custom_6a83d7c2 has_text_color\"><div class=\"wpb_wrapper\"><p>Verwalten Sie mehrere Filialen ohne Sperrungen. Automatisierung von Routineaufgaben und gemeinsame Nutzung von Profilen mit Teams \u00fcberall auf der Welt<\/p>\n<\/div><\/div><\/div><\/div><\/div><div class=\"g-cols wpb_row us_custom_fd6e34eb inner-columns_container via_grid cols_2 laptops-cols_inherit tablets-cols_inherit mobiles-cols_1 valign_middle type_default stacking_default\" style=\"--gap:6.25rem;--laptops-gap:6.25rem;--tablets-gap:3rem;--mobiles-gap:1.2rem;\" id=\"marketing-smm\"><div class=\"wpb_column vc_column_container reversed\"><div class=\"vc_column-inner\"><div class=\"w-image us_custom_fc5473c6 align_none\"><div class=\"w-image-h\"><img decoding=\"async\" width=\"490\" height=\"330\" src=\"https:\/\/gobrowser.com\/wp-content\/uploads\/2023\/11\/use-cases-2.svg\" class=\"attachment-full size-full\" alt=\"\" \/><\/div><\/div><\/div><\/div><div class=\"wpb_column vc_column_container\" id=\"marketing-smm\"><div class=\"vc_column-inner\"><h3 class=\"w-text us_custom_fddc86fa\"><span class=\"w-text-h\"><span class=\"w-text-value\">Marketing- und SMM-Agenturen<\/span><\/span><\/h3><div class=\"wpb_text_column us_custom_6a83d7c2 has_text_color\"><div class=\"wpb_wrapper\"><p>Verwalten Sie sicher mehrere Kundenkonten, erweitern Sie Ihr Portfolio, verhindern Sie Sperrungen und Suspendierungen, verbessern Sie die Teamarbeit und skalieren Sie m\u00fchelos mit Automatisierung.<\/p>\n<\/div><\/div><\/div><\/div><\/div><div class=\"g-cols wpb_row us_custom_fd6e34eb inner-columns_container via_grid cols_2 laptops-cols_inherit tablets-cols_inherit mobiles-cols_1 valign_middle type_default stacking_default\" style=\"--gap:6.25rem;--laptops-gap:6.25rem;--tablets-gap:3rem;--mobiles-gap:1.2rem;\" id=\"adds\"><div class=\"wpb_column vc_column_container\"><div class=\"vc_column-inner\"><div class=\"w-image us_custom_fc5473c6 align_none\"><div class=\"w-image-h\"><img decoding=\"async\" width=\"490\" height=\"330\" src=\"https:\/\/gobrowser.com\/wp-content\/uploads\/2024\/01\/use-cases-3.jpg\" class=\"attachment-full size-full\" alt=\"\" srcset=\"https:\/\/gobrowser.com\/wp-content\/uploads\/2024\/01\/use-cases-3.jpg 490w, https:\/\/gobrowser.com\/wp-content\/uploads\/2024\/01\/use-cases-3-300x202.jpg 300w\" sizes=\"(max-width: 490px) 100vw, 490px\" \/><\/div><\/div><\/div><\/div><div class=\"wpb_column vc_column_container\"><div class=\"vc_column-inner\"><h3 class=\"w-text us_custom_fddc86fa\"><span class=\"w-text-h\"><span class=\"w-text-value\">Anzeigen &amp; Arbitrage<\/span><\/span><\/h3><div class=\"wpb_text_column us_custom_6a83d7c2 has_text_color\"><div class=\"wpb_wrapper\"><p>Verwalten Sie Tausende von FB\/Google\/Pinterest-Anzeigenkonten, arbeiten Sie einfach mit Ihrem Team zusammen, erweitern Sie Anzeigenplatzierungen, \u00fcberpr\u00fcfen Sie Kampagnen und vermeiden Sie gleichzeitig Verbote.<\/p>\n<\/div><\/div><\/div><\/div><\/div><div class=\"g-cols wpb_row us_custom_fd6e34eb inner-columns_container via_grid cols_2 laptops-cols_inherit tablets-cols_inherit mobiles-cols_1 valign_middle type_default stacking_default\" style=\"--gap:6.25rem;--laptops-gap:6.25rem;--tablets-gap:3rem;--mobiles-gap:1.2rem;\" id=\"leadgeneration\"><div class=\"wpb_column vc_column_container reversed\"><div class=\"vc_column-inner\"><div class=\"w-image us_custom_fc5473c6 align_none\"><div class=\"w-image-h\"><img loading=\"lazy\" decoding=\"async\" width=\"490\" height=\"330\" src=\"https:\/\/gobrowser.com\/wp-content\/uploads\/2024\/01\/use-cases-4.jpg\" class=\"attachment-full size-full\" alt=\"\" srcset=\"https:\/\/gobrowser.com\/wp-content\/uploads\/2024\/01\/use-cases-4.jpg 490w, https:\/\/gobrowser.com\/wp-content\/uploads\/2024\/01\/use-cases-4-300x202.jpg 300w\" sizes=\"(max-width: 490px) 100vw, 490px\" \/><\/div><\/div><\/div><\/div><div class=\"wpb_column vc_column_container\" id=\"leadgeneration\"><div class=\"vc_column-inner\"><h3 class=\"w-text us_custom_fddc86fa\"><span class=\"w-text-h\"><span class=\"w-text-value\">Leadgenerierung<\/span><\/span><\/h3><div class=\"wpb_text_column us_custom_6a83d7c2 has_text_color\"><div class=\"wpb_wrapper\"><p>Verwalten Sie mehrere Linkedin-Konten, minimieren Sie Kontosperrungen, skalieren Sie mit Automatisierung und steigern Sie Ihren Umsatz durch eine gr\u00f6\u00dfere Reichweite.<\/p>\n<\/div><\/div><\/div><\/div><\/div><div class=\"g-cols wpb_row us_custom_fd6e34eb inner-columns_container via_grid cols_2 laptops-cols_inherit tablets-cols_inherit mobiles-cols_1 valign_middle type_default stacking_default\" style=\"--gap:6.25rem;--laptops-gap:6.25rem;--tablets-gap:3rem;--mobiles-gap:1.2rem;\" id=\"scarping\"><div class=\"wpb_column vc_column_container\"><div class=\"vc_column-inner\"><div class=\"w-image us_custom_fc5473c6 align_none\"><div class=\"w-image-h\"><img loading=\"lazy\" decoding=\"async\" width=\"490\" height=\"330\" src=\"https:\/\/gobrowser.com\/wp-content\/uploads\/2024\/01\/use-cases-5.jpg\" class=\"attachment-full size-full\" alt=\"\" srcset=\"https:\/\/gobrowser.com\/wp-content\/uploads\/2024\/01\/use-cases-5.jpg 490w, https:\/\/gobrowser.com\/wp-content\/uploads\/2024\/01\/use-cases-5-300x202.jpg 300w\" sizes=\"(max-width: 490px) 100vw, 490px\" \/><\/div><\/div><\/div><\/div><div class=\"wpb_column vc_column_container\"><div class=\"vc_column-inner\"><h3 class=\"w-text us_custom_fddc86fa\"><span class=\"w-text-h\"><span class=\"w-text-value\">Scarping &amp; Automatisierung<\/span><\/span><\/h3><div class=\"wpb_text_column us_custom_6a83d7c2 has_text_color\"><div class=\"wpb_wrapper\"><p>Skalieren Sie Scraping effizient mit der Anti-Detect-Technologie, verbesserten Treibern wie Selenium, Puppeteer, und sparen Sie Zeit und Geld, w\u00e4hrend Sie eine Erkennung vermeiden.<\/p>\n<\/div><\/div><\/div><\/div><\/div><div class=\"g-cols wpb_row us_custom_5954db1f inner-columns_container via_grid cols_2 laptops-cols_inherit tablets-cols_inherit mobiles-cols_1 valign_middle type_default stacking_default\" style=\"--gap:6.25rem;--laptops-gap:6.25rem;--tablets-gap:3rem;--mobiles-gap:1.2rem;\" id=\"ticketing\"><div class=\"wpb_column vc_column_container reversed\"><div class=\"vc_column-inner\"><div class=\"w-image us_custom_fc5473c6 align_none\"><div class=\"w-image-h\"><img loading=\"lazy\" decoding=\"async\" width=\"490\" height=\"330\" src=\"https:\/\/gobrowser.com\/wp-content\/uploads\/2024\/01\/use-cases-6.jpg\" class=\"attachment-full size-full\" alt=\"\" srcset=\"https:\/\/gobrowser.com\/wp-content\/uploads\/2024\/01\/use-cases-6.jpg 490w, https:\/\/gobrowser.com\/wp-content\/uploads\/2024\/01\/use-cases-6-300x202.jpg 300w\" sizes=\"(max-width: 490px) 100vw, 490px\" \/><\/div><\/div><\/div><\/div><div class=\"wpb_column vc_column_container\"><div class=\"vc_column-inner\"><h3 class=\"w-text us_custom_fddc86fa\"><span class=\"w-text-h\"><span class=\"w-text-value\">Fahrkartenverkauf<\/span><\/span><\/h3><div class=\"wpb_text_column us_custom_6a83d7c2 has_text_color\"><div class=\"wpb_wrapper\"><p>Verwalten Sie mehrere Konten auf Plattformen wie Ticketmaster, automatisieren Sie Ticket-Massenk\u00e4ufe, skalieren Sie ohne Investitionen in die Infrastruktur.<\/p>\n<\/div><\/div><\/div><\/div><\/div><\/div><\/div><\/div><\/div><\/section><section class=\"l-section wpb_row height_large color_footer-bottom\"><div class=\"l-section-overlay\" style=\"background:var(--color-content-bg-alt)\"><\/div><div class=\"l-section-h i-cf\"><div class=\"g-cols vc_row via_grid cols_1 laptops-cols_inherit tablets-cols_inherit mobiles-cols_1 valign_top type_default stacking_default\"><div class=\"wpb_column vc_column_container\"><div class=\"vc_column-inner\"><div class=\"w-vwrapper align_center valign_top\" style=\"--vwrapper-gap:1.875rem\"><h2 class=\"w-text us_custom_eb849559\"><span class=\"w-text-h\"><span class=\"w-text-value\">Starten Sie noch heute mit Gobrowser<\/span><\/span><\/h2><div class=\"w-text us_custom_c96a8a09\"><span class=\"w-text-h\"><span class=\"w-text-value\">Keine Kreditkarte erforderlich<\/span><\/span><\/div><div class=\"w-btn-wrapper align_center\"><a class=\"w-btn us-btn-style_4\" href=\"https:\/\/gobrowser.com\/de\/download\"><span class=\"w-btn-label\">Kostenlose Nutzung<\/span><\/a><\/div><\/div><\/div><\/div><\/div><\/div><\/section>\n\n","protected":false},"excerpt":{"rendered":"Anwendungsf\u00e4lleGoBrowser erm\u00f6glicht Unternehmen und Einzelpersonen ein papierloses, produktives Arbeitsleben. Wir helfen Ihnen, sch\u00f6ne, effektive und moderne Dokumente zu erstellen, um Ihre Kunden zufrieden zu stellen. Kostenlose NutzungKeine Kreditkarte erforderlichElektronischer Gesch\u00e4ftsverkehrVerwalten Sie mehrere Filialen ohne Sperrungen. Automatisierung von Routineaufgaben und gemeinsame Nutzung von Profilen mit Teams \u00fcberall auf der Welt Marketing- und SMM-AgenturenVerwalten Sie sicher mehrere...","protected":false},"author":6,"featured_media":0,"parent":0,"menu_order":0,"comment_status":"closed","ping_status":"closed","template":"","meta":{"footnotes":""},"class_list":["post-4002","page","type-page","status-publish","hentry"],"_links":{"self":[{"href":"https:\/\/gobrowser.com\/de\/wp-json\/wp\/v2\/pages\/4002","targetHints":{"allow":["GET"]}}],"collection":[{"href":"https:\/\/gobrowser.com\/de\/wp-json\/wp\/v2\/pages"}],"about":[{"href":"https:\/\/gobrowser.com\/de\/wp-json\/wp\/v2\/types\/page"}],"author":[{"embeddable":true,"href":"https:\/\/gobrowser.com\/de\/wp-json\/wp\/v2\/users\/6"}],"replies":[{"embeddable":true,"href":"https:\/\/gobrowser.com\/de\/wp-json\/wp\/v2\/comments?post=4002"}],"version-history":[{"count":22,"href":"https:\/\/gobrowser.com\/de\/wp-json\/wp\/v2\/pages\/4002\/revisions"}],"predecessor-version":[{"id":4350,"href":"https:\/\/gobrowser.com\/de\/wp-json\/wp\/v2\/pages\/4002\/revisions\/4350"}],"wp:attachment":[{"href":"https:\/\/gobrowser.com\/de\/wp-json\/wp\/v2\/media?parent=4002"}],"curies":[{"name":"wp","href":"https:\/\/api.w.org\/{rel}","templated":true}]}}