{"id":3950,"date":"2023-12-05T14:30:54","date_gmt":"2023-12-05T14:30:54","guid":{"rendered":"https:\/\/gobrowser.com\/about-gobrowser"},"modified":"2024-02-01T15:38:06","modified_gmt":"2024-02-01T15:38:06","slug":"about-gobrowser","status":"publish","type":"page","link":"https:\/\/gobrowser.com\/de\/about-gobrowser\/","title":{"rendered":"\u00dcber Gobrowser"},"content":{"rendered":"<section class=\"l-section wpb_row us_custom_fa07e175 height_medium\"><div class=\"l-section-h i-cf\"><div class=\"g-cols vc_row via_grid cols_1 laptops-cols_inherit tablets-cols_inherit mobiles-cols_1 valign_top type_default stacking_default\"><div class=\"wpb_column vc_column_container\"><div class=\"vc_column-inner\"><h1 class=\"w-post-elm post_title us_custom_d9d2068f align_center entry-title color_link_inherit\">\u00dcber Gobrowser<\/h1><div class=\"w-video us_custom_7bc2d3b7 hide_on_default hide_on_laptops hide_on_tablets hide_on_mobiles align_center ratio_16x9 has_border_radius has_iframe\"><div class=\"w-video-h\"><iframe title=\"Youtube video player\" src=\"\/\/www.youtube.com\/embed\/GLpv-9ZuEfM?origin=https:\/\/gobrowser.com\/de\/\" allowfullscreen=\"1\" loading=\"lazy\"><\/iframe><\/div><div class=\"w-video-icon\" style=\"font-size:1.5rem;background:rgba(0,0,0,0.5);color:#fff\"><\/div><\/div><div class=\"w-btn-wrapper align_center\"><a class=\"w-btn us-btn-style_4\" href=\"https:\/\/app.gobrowser.com\/#\/sign_up\"><span class=\"w-btn-label\">Gobrowser herunterladen<\/span><\/a><\/div><\/div><\/div><\/div><\/div><\/section><section class=\"l-section wpb_row about-content height_small width_custom\" style=\"--site-content-width:980px;\"><div class=\"l-section-h i-cf\"><div class=\"g-cols vc_row via_grid cols_1 laptops-cols_inherit tablets-cols_inherit mobiles-cols_1 valign_top type_default stacking_default\"><div class=\"wpb_column vc_column_container\"><div class=\"vc_column-inner\"><h2 class=\"w-text\"><span class=\"w-text-h\"><span class=\"w-text-value\">Was wir tun<\/span><\/span><\/h2><div class=\"wpb_text_column\"><div class=\"wpb_wrapper\"><p><a href=\"\/\">Gobrowser<\/a> ist ein ausgekl\u00fcgeltes Tool, das Ihre Online-Identit\u00e4t sch\u00fctzt und verwaltet, indem es Ihren digitalen Fingerabdruck ver\u00e4ndert. Es verschleiert effektiv Ihre Online-Parameter und erm\u00f6glicht es Ihnen, eine echte Internet-Identit\u00e4t zu simulieren. Dies ist besonders n\u00fctzlich f\u00fcr die Umgehung von Betrugsbek\u00e4mpfungsmechanismen.<\/p>\n<p>Mit <a href=\"\/\">Gobrowser<\/a> k\u00f6nnen Sie auf effiziente Weise zahlreiche Profile erstellen und pflegen, von denen jedes seinen eigenen digitalen Fingerabdruck hat. Dadurch wird sichergestellt, dass sich diese Profile nicht \u00fcberschneiden und Websites Ihre Konten nicht sperren k\u00f6nnen. Diese Funktion ist f\u00fcr eine Vielzahl von Online-Aktivit\u00e4ten von gro\u00dfem Nutzen.<\/p>\n<\/div><\/div><\/div><\/div><\/div><\/div><\/section><section class=\"l-section wpb_row about-content height_medium width_custom\" style=\"--site-content-width:980px;\"><div class=\"l-section-h i-cf\"><div class=\"g-cols vc_row via_grid cols_1 laptops-cols_inherit tablets-cols_inherit mobiles-cols_1 valign_top type_default stacking_default\"><div class=\"wpb_column vc_column_container\"><div class=\"vc_column-inner\"><h4 class=\"w-text us_custom_739fff69\"><span class=\"w-text-h\"><span class=\"w-text-value\">Weitere Merkmale:<\/span><\/span><\/h4><div class=\"wpb_text_column\"><div class=\"wpb_wrapper\"><p>Diese Software verbessert das Affiliate-Marketing und macht es profitabler und effizienter. Es vereinfacht den Prozess der Landwirtschaft und der Mehrfachbuchhaltung und macht diese Aufgaben m\u00fchelos. Dar\u00fcber hinaus erleichtert GoBrowser die Zusammenarbeit im Team, indem er die sichere Freigabe von Kontoinformationen und Proxys sowie die Zuweisung von Aufgaben an Teammitglieder erm\u00f6glicht, ohne dass das Risiko von Datenverletzungen besteht.<\/p>\n<p>Foren und Blogs \u00fcberwachen h\u00e4ufig ungew\u00f6hnliche Nutzeraktivit\u00e4ten und geben schwarze Listen heraus. Wenn Ihre IP-Adresse auf diesen Listen erscheint, laufen Sie Gefahr, auf mehreren Plattformen gesperrt zu werden. GoBrowser behebt dieses Problem, indem es sicherstellt, dass jedes Ihrer Profile eindeutig und unverbunden ist.<\/p>\n<p>GoBrowser ist auch f\u00fcr SMM-Agenturen ein unsch\u00e4tzbarer Vorteil. Es erm\u00f6glicht die Erstellung und Verwaltung einer unbegrenzten Anzahl von Profilen in der Cloud, mit anpassbaren Zugriffsrechten f\u00fcr jedes Teammitglied. Dies macht Vertraulichkeitsvereinbarungen \u00fcberfl\u00fcssig, da die Mitarbeiter keinen direkten Zugriff auf die Daten der Kundenkonten haben. Die F\u00e4higkeit der Software, eindeutige digitale Fingerabdr\u00fccke zu erstellen, verhindert Kontosperren, wenn man sich von verschiedenen Ger\u00e4ten aus anmeldet. Dar\u00fcber hinaus unterst\u00fctzen die Automatisierungsfunktionen Massenfolgen, Likes und andere Aktionen.<\/p>\n<p>F\u00fcr den elektronischen Handel erm\u00f6glicht GoBrowser den sicheren Betrieb mehrerer verschiedener Konten. Dies ist f\u00fcr Plattformen wie Amazon, Ebay, Alibaba oder Shopify von entscheidender Bedeutung, da es hilft, Verkaufsunterbrechungen und Kontosperrungen zu vermeiden.<\/p>\n<p>Die fortschrittlichen digitalen Fingerabdruck-Einstellungen von GoBrowser bieten eine zus\u00e4tzliche Sicherheitsebene f\u00fcr Ihre Online-Shops und stellen sicher, dass diese nicht von Verboten auf E-Commerce-Plattformen betroffen sind. Auf diese Weise k\u00f6nnen Sie Ihren Umsatz und Ihr Einkommen effektiv verdoppeln, ohne Angst haben zu m\u00fcssen, Ihr Gesch\u00e4ft zu verlieren.<\/p>\n<\/div><\/div><\/div><\/div><\/div><\/div><\/section><section class=\"l-section wpb_row height_large color_alternate\"><div class=\"l-section-h i-cf\"><div class=\"g-cols vc_row via_grid cols_1 laptops-cols_inherit tablets-cols_inherit mobiles-cols_1 valign_top type_default stacking_default\"><div class=\"wpb_column vc_column_container\"><div class=\"vc_column-inner\"><h2 class=\"w-text us_custom_44ce96d9\"><span class=\"w-text-h\"><span class=\"w-text-value\">Gobrowser in den Nachrichten<\/span><\/span><\/h2><div class=\"wpb_text_column us_custom_8a9be9ba\"><div class=\"wpb_wrapper\"><p>&#8222;GoBrowser ist eine unglaubliche Plattform. Alles, was Sie brauchen w\u00fcrden, ist hier. Sie haben nette Unterst\u00fctzung, anst\u00e4ndige Preispl\u00e4ne, sie bieten auch eine 7-t\u00e4gige kostenlose Testversion. Die Software ist auch einfach zu bedienen. Also, worauf warten Sie noch? Schnappen Sie sich GoBrowser jetzt.&#8220; &#8211; Partner-Bucht<\/p>\n<\/div><\/div><div class=\"wpb_text_column us_custom_8a9be9ba\"><div class=\"wpb_wrapper\"><p>&#8222;Im Vergleich zu herk\u00f6mmlichen Browsern ist GoBrowser ein klarer Gewinner. Seine erschwinglichen Preise f\u00fcr den Erwerb von Hunderten von Konten sind ein gro\u00dfer Vorteil f\u00fcr die Nutzer. Der Wechsel zwischen den Profilen ist mit wenigen Klicks m\u00f6glich und spart Zeit bei der Online-Arbeit.&#8220; &#8211; VC<\/p>\n<\/div><\/div><div class=\"wpb_text_column us_custom_8a9be9ba\"><div class=\"wpb_wrapper\"><p>&#8222;Der GoBrowser-Dienst hat das Konzept des Multi-Accounting revolutioniert. Diese Software wurde entwickelt, um den \u00dcbergang zwischen verschiedenen Profilen zu vereinfachen. Der Wechsel erfordert weder die Eingabe neuer Daten noch das \u00d6ffnen eines weiteren Browserfensters.&#8220; &#8211; proxys.io<\/p>\n<\/div><\/div><div class=\"w-btn-wrapper align_center\"><a class=\"w-btn us-btn-style_4 us_custom_06416c71\" href=\"https:\/\/app.gobrowser.com\/#\/sign_up\"><span class=\"w-btn-label\">Gobrowser herunterladen<\/span><\/a><\/div><\/div><\/div><\/div><\/div><\/section>\n","protected":false},"excerpt":{"rendered":"\u00dcber GobrowserGobrowser herunterladenWas wir tunGobrowser ist ein ausgekl\u00fcgeltes Tool, das Ihre Online-Identit\u00e4t sch\u00fctzt und verwaltet, indem es Ihren digitalen Fingerabdruck ver\u00e4ndert. Es verschleiert effektiv Ihre Online-Parameter und erm\u00f6glicht es Ihnen, eine echte Internet-Identit\u00e4t zu simulieren. Dies ist besonders n\u00fctzlich f\u00fcr die Umgehung von Betrugsbek\u00e4mpfungsmechanismen. Mit Gobrowser k\u00f6nnen Sie auf effiziente Weise zahlreiche Profile erstellen und...","protected":false},"author":6,"featured_media":0,"parent":0,"menu_order":0,"comment_status":"closed","ping_status":"closed","template":"","meta":{"footnotes":""},"class_list":["post-3950","page","type-page","status-publish","hentry"],"_links":{"self":[{"href":"https:\/\/gobrowser.com\/de\/wp-json\/wp\/v2\/pages\/3950","targetHints":{"allow":["GET"]}}],"collection":[{"href":"https:\/\/gobrowser.com\/de\/wp-json\/wp\/v2\/pages"}],"about":[{"href":"https:\/\/gobrowser.com\/de\/wp-json\/wp\/v2\/types\/page"}],"author":[{"embeddable":true,"href":"https:\/\/gobrowser.com\/de\/wp-json\/wp\/v2\/users\/6"}],"replies":[{"embeddable":true,"href":"https:\/\/gobrowser.com\/de\/wp-json\/wp\/v2\/comments?post=3950"}],"version-history":[{"count":9,"href":"https:\/\/gobrowser.com\/de\/wp-json\/wp\/v2\/pages\/3950\/revisions"}],"predecessor-version":[{"id":5122,"href":"https:\/\/gobrowser.com\/de\/wp-json\/wp\/v2\/pages\/3950\/revisions\/5122"}],"wp:attachment":[{"href":"https:\/\/gobrowser.com\/de\/wp-json\/wp\/v2\/media?parent=3950"}],"curies":[{"name":"wp","href":"https:\/\/api.w.org\/{rel}","templated":true}]}}